{"id":1790,"date":"2021-12-27T10:40:53","date_gmt":"2021-12-27T10:40:53","guid":{"rendered":"http:\/\/scheideninfriesland.nl\/fyn-de-goede-ynformaasje-en-help-by-in-skieding-yn-fryslan\/"},"modified":"2022-02-24T11:11:07","modified_gmt":"2022-02-24T11:11:07","slug":"eks-partners","status":"publish","type":"page","link":"https:\/\/scheideninfriesland.nl\/fy-nl\/eks-partners\/","title":{"rendered":"Fyn de goede ynformaasje \u00e9n help by in skieding yn Frysl\u00e2n"},"content":{"rendered":"\n<div class=\"wp-block-columns is-layout-flex wp-container-core-columns-is-layout-9d6595d7 wp-block-columns-is-layout-flex\">\n<div class=\"wp-block-column is-layout-flow wp-block-column-is-layout-flow\" style=\"flex-basis:25%\"><\/div>\n\n\n\n<div class=\"wp-block-column is-layout-flow wp-block-column-is-layout-flow\" style=\"flex-basis:50%\">\n<h2 class=\"wp-block-heading\">Skiede of relaasjeterapy?<\/h2>\n\n\n\n<p>Miskien bist der noch net wis fan oftst skiede wolst. Tagelyk fielst oan alles dat jim relaasje f\u00east driget te rinnen. Beslissingen meitsje kin dan dreech w\u00eaze. Hoe meitsje je hjiryn karren, by wa kinne je terjochte mei je ferhaal? Wat moatte je regelje by in skieidng? En wat kin relaasjeterapy foar dy of jim dwaan? Meitsje de twivels besprekber. Dat helpt om oplossingen te finen.<\/p>\n\n\n\n \n\n<div id=\"block_6133d70526aa0\" data-block-name=\"buttons\" class=\" align \">\n\n    <div class=\"wrap layout-row align-start\">\n         <a href=\"http:\/\/scheideninfriesland.nl\/fy-nl\/eks-partners\/omgean-mei-twivels-oer-dyn-relaasje\/\" target=\"\" class=\"btn  btn-secondary\">\n        Nei de pagina Skiede of net?        <i class=\"fas fa-arrow-right\" aria-hidden=\"true\"><\/i>    <\/a>\n        <\/div>\n   \n<\/div> \n\n\n<\/div>\n\n\n\n<div class=\"wp-block-column is-layout-flow wp-block-column-is-layout-flow\" style=\"flex-basis:25%\"><\/div>\n<\/div>\n\n\n\n\n \n<div id=\"block_6134d89d26aa2\"  data-block-name=\"kader\" class=\"alignfull blue\">\n\n    \n     \n\n<div class=\"wp-block-columns is-layout-flex wp-container-core-columns-is-layout-9d6595d7 wp-block-columns-is-layout-flex\">\n<div class=\"wp-block-column is-layout-flow wp-block-column-is-layout-flow\" style=\"flex-basis:50%\">\n<h2 class=\"wp-block-heading\">Regelje dyn skieding mei in handige tsjeklist<\/h2>\n\n\n\n<p>Do giest skieden fan dyn partner en wolst dat goed regelje. Dyn holle sit allinne ferskriklik fol. W\u00ear moatst begjinne? Om de goede stappen te setten, kinst gebr\u00fbk meitsje fan \u00fas tsjeklist.<\/p>\n\n\n\n<p>Hjiryn fynst de belangrykste stappen by in skieding. Mei de tsjeklist wist seker datst neat ferjitst en kinst goede \u00f4fspraken meitsje.<\/p>\n\n\n\n \n\n<div id=\"block_6134d8eccc4b4\" data-block-name=\"buttons\" class=\" align \">\n\n    <div class=\"wrap layout-row align-start\">\n         <a href=\"http:\/\/scheideninfriesland.nl\/fy-nl\/eks-partners\/skieding-regeljen\/regelje-dyn-skieding-goed-mei-us-tsjeklist\/\" target=\"\" class=\"btn  btn-secondary\">\n        Oan\u2019e gong mei de tsjeklist        <i class=\"fas fa-arrow-right\" aria-hidden=\"true\"><\/i>    <\/a>\n        <\/div>\n   \n<\/div> \n\n\n<\/div>\n\n\n\n<div class=\"wp-block-column is-layout-flow wp-block-column-is-layout-flow\" style=\"flex-basis:50%\">\n<figure class=\"wp-block-image size-large\"><img decoding=\"async\" src=\"http:\/\/scheideninfriesland.nl\/wp-content\/uploads\/\/2021\/09\/checklist.svg\" alt=\"\" class=\"wp-image-1672\"\/><\/figure>\n<\/div>\n<\/div>\n\n\n\n   \n\n \n\n<\/div>\n\n\n\n\n\n\n<div id=\"block_6134d935cc4b6\" data-block-name=\"doorverwijzingen\" class=\"alignfull \">\n    <div class=\"intro\">\n        <h2> Mear ynformaasje r\u00fbnom ferskeidene tema\u2019s<\/h2>\n        <div class=\"text\">\n            <p>Oer hokker \u00fbnderwerp sikest ynformaasje? Begjin hjir\u00fbnder mei it regeljen fan de nedige saken. De \u00fbnderdielen binne ferdield yn tema\u2019s. Sa fynst makliker watst sikest. <\/p>\n        <\/div>\n    <\/div>\n\n    <div class=\"posts\">\n                <div class=\"post\">\n\n            <svg class=\"circles\" xmlns=\"http:\/\/www.w3.org\/2000\/svg\" viewBox=\"0 0 73.483 66.817\">\n                <g transform=\"translate(-8.569 -6.42)\" fill=\"red\">\n                    <circle r=\"20.58\" cy=\"52.657\" cx=\"29.148\" \/>\n                    <circle r=\"6.949\" cy=\"13.369\" cx=\"48.638\" \/>\n                    <circle r=\"11.76\" cy=\"32.874\" cx=\"70.292\" \/>\n                <\/g>\n            <\/svg>\n\n            <a href=\"http:\/\/scheideninfriesland.nl\/fy-nl\/eks-partners\/skieding-regeljen\/juridyske-saken-by-in-skieding\/\" target=\"\">\n                <div class=\"text\">\n                    <h6 class=\"title\">Juridysk<\/h6>\n                    <div><p>As je skieden gean, moatte je in oantal dingen goed f\u00eastlizze. Dizze \u00f4fspraken leist f\u00east yn in echtskiedingskonvenant. De \u00f4fspraken oer jim bern lizze jim f\u00east yn in \u00e2lderskipsplan.<\/p>\n<\/div>\n                    <span class=\"link\">\n                        <div class=\"inner\">\n                            <div class=\"meer\">L\u00eas mear<\/div>\n                            <i class=\"fa fa-arrow-right\"><\/i>\n                        <\/div>\n                    <\/span>\n                <\/div>\n            <\/a>\n\n        <\/div>\n                <div class=\"post\">\n\n            <svg class=\"circles\" xmlns=\"http:\/\/www.w3.org\/2000\/svg\" viewBox=\"0 0 73.483 66.817\">\n                <g transform=\"translate(-8.569 -6.42)\" fill=\"red\">\n                    <circle r=\"20.58\" cy=\"52.657\" cx=\"29.148\" \/>\n                    <circle r=\"6.949\" cy=\"13.369\" cx=\"48.638\" \/>\n                    <circle r=\"11.76\" cy=\"32.874\" cx=\"70.292\" \/>\n                <\/g>\n            <\/svg>\n\n            <a href=\"http:\/\/scheideninfriesland.nl\/fy-nl\/eks-partners\/skieding-regeljen\/jildsaken\/\" target=\"\">\n                <div class=\"text\">\n                    <h6 class=\"title\">Fin\u00e2nsjes<\/h6>\n                    <div><p>We d\u00fbke yn de fin\u00e2nsjes. Fan alimintaasje oant banksaken en fan taslaggen oant en mei pensjoen.<\/p>\n<\/div>\n                    <span class=\"link\">\n                        <div class=\"inner\">\n                            <div class=\"meer\">L\u00eas mear<\/div>\n                            <i class=\"fa fa-arrow-right\"><\/i>\n                        <\/div>\n                    <\/span>\n                <\/div>\n            <\/a>\n\n        <\/div>\n                <div class=\"post\">\n\n            <svg class=\"circles\" xmlns=\"http:\/\/www.w3.org\/2000\/svg\" viewBox=\"0 0 73.483 66.817\">\n                <g transform=\"translate(-8.569 -6.42)\" fill=\"red\">\n                    <circle r=\"20.58\" cy=\"52.657\" cx=\"29.148\" \/>\n                    <circle r=\"6.949\" cy=\"13.369\" cx=\"48.638\" \/>\n                    <circle r=\"11.76\" cy=\"32.874\" cx=\"70.292\" \/>\n                <\/g>\n            <\/svg>\n\n            <a href=\"http:\/\/scheideninfriesland.nl\/fy-nl\/eks-partners\/skieding-regeljen\/besittingen-ferdiele-by-in-skeiding\/\" target=\"\">\n                <div class=\"text\">\n                    <h6 class=\"title\">Besittingen<\/h6>\n                    <div><p>Hoe ferdielst de ynboel en soargest datst earlik dielst? In tal tips en handige sites.<\/p>\n<\/div>\n                    <span class=\"link\">\n                        <div class=\"inner\">\n                            <div class=\"meer\">L\u00eas mear<\/div>\n                            <i class=\"fa fa-arrow-right\"><\/i>\n                        <\/div>\n                    <\/span>\n                <\/div>\n            <\/a>\n\n        <\/div>\n                <div class=\"post\">\n\n            <svg class=\"circles\" xmlns=\"http:\/\/www.w3.org\/2000\/svg\" viewBox=\"0 0 73.483 66.817\">\n                <g transform=\"translate(-8.569 -6.42)\" fill=\"red\">\n                    <circle r=\"20.58\" cy=\"52.657\" cx=\"29.148\" \/>\n                    <circle r=\"6.949\" cy=\"13.369\" cx=\"48.638\" \/>\n                    <circle r=\"11.76\" cy=\"32.874\" cx=\"70.292\" \/>\n                <\/g>\n            <\/svg>\n\n            <a href=\"http:\/\/scheideninfriesland.nl\/fy-nl\/eks-partners\/skieding-regeljen\/ofspraken-oer-de-wenning-by-in-skieding\/\" target=\"\">\n                <div class=\"text\">\n                    <h6 class=\"title\">Wenning<\/h6>\n                    <div><p>Moatst dyn h\u00fbs \u00fat? Kinst hieren bliuwe, keapje of moat it oars? Fyn mear d\u00fadlikens oer de ferdieling fan jim wenning.<\/p>\n<\/div>\n                    <span class=\"link\">\n                        <div class=\"inner\">\n                            <div class=\"meer\">L\u00eas mear<\/div>\n                            <i class=\"fa fa-arrow-right\"><\/i>\n                        <\/div>\n                    <\/span>\n                <\/div>\n            <\/a>\n\n        <\/div>\n            <\/div>\n\n<\/div>\n\n\n\n \n<div id=\"block_6134db82cc4bd\"  data-block-name=\"kenniszoeker\" class=\"alignfull \">\n\n  <div class=\"intro\">\n    <h2>W\u00ear wolsto mear oer witte?<\/h2>\n    <p>Us kennisbank helpt dy by it finen fan de goede ynformaasje.<\/p>\n\n  <\/div>\n\n\n  <form class=\"search\" >\n        <input class=\"zoeken form-control\"   type=\"text\" name=\"s\" placeholder=\"Sykje\"\/>\n        <button type=\"submit\">\n            <i class=\"fa fa-search\"><\/i>\n        <\/button>\n    <\/form>\n\n    \n    <div class=\"suggesties\">\n          <\/div>\n\n\n<\/div>  \n\n\n\n\n\n \n<div id=\"block_6134db99cc4be\"  data-block-name=\"kader\" class=\"alignfull orange\">\n\n    \n     \n\n<div class=\"wp-block-columns is-layout-flex wp-container-core-columns-is-layout-9d6595d7 wp-block-columns-is-layout-flex\">\n<div class=\"wp-block-column is-layout-flow wp-block-column-is-layout-flow\" style=\"flex-basis:66%\">\n<h2 class=\"wp-block-heading\">Hoe giest om mei emoasjes tidens de skieding?<\/h2>\n\n\n\n<p><br>By in skieding of twivels oer dyn relaasje komt der in soad op dy \u00f4f. Emosjoneel kin dat in soad fan dy freegje. Hoe giest hjirmei om? Hoe soargest datst tidens de skieding gen\u00f4ch omtinken foar dysels en de bern h\u00e2ldst, en hoe giest nei de skieding oan de slach mei de ferwurking? elokkich is der in soad help foar beskikber. Goed foar dysels soargje is wichtich, foaral no.<\/p>\n\n\n\n \n\n<div id=\"block_6134dbcacc4bf\" data-block-name=\"buttons\" class=\" align \">\n\n    <div class=\"wrap layout-row align-start\">\n         <a href=\"http:\/\/scheideninfriesland.nl\/ex-partners\/omgaan-met-scheiding\/\" target=\"\" class=\"btn  btn-secondary\">\n        Omgean mei in skieding        <i class=\"fas fa-arrow-right\" aria-hidden=\"true\"><\/i>    <\/a>\n         <a href=\"http:\/\/scheideninfriesland.nl\/fy-nl\/eks-partners\/sa-kinst-omgean-mei-in-skieding\/help-by-it-ferwurkjen-fan-in-skieding\/\" target=\"\" class=\"btn  btn-outline-secondary\">\n        Help by it ferwurkjen        <i class=\"fas fa-arrow-right\" aria-hidden=\"true\"><\/i>    <\/a>\n        <\/div>\n   \n<\/div> \n\n\n<\/div>\n\n\n\n<div class=\"wp-block-column is-layout-flow wp-block-column-is-layout-flow\" style=\"flex-basis:33%\">\n\n \n<div id=\"block_6134dc1bcc4c2\"  data-block-name=\"quote\" class=\"alignfull orange   \">\n\n  <svg class=\"sideleft\" xmlns=\"http:\/\/www.w3.org\/2000\/svg\"  preserveAspectRatio=\"none\" viewBox=\"0 0 5.468 78.721\" >\n      <path d=\"M5.468 0v78.72S-.252 55.73.008 38.04C.18 26.447 5.469 0 5.469 0z\" fill=\"red\"\/>\n  <\/svg>\n\n\n      <div class=\"wrap\">\n        <div class=\"quote\">\n          <div class=\"mark-top\">\u275d<\/div>\n          It proses fan skieden soarge derfoar dat ik emosjoneel hielendal leechs\u00fbge waard. Uteinlik krige ik nei in petear mei de h\u00fasdokter de help dy\u2019t ik nedich hie. It giet no better mei my.          <div class=\"mark-bottom\">\u275e<\/div>\n        <\/div>\n\n \n        <div class=\"naam\">\n          Corine        <\/div>\n\n        <div class=\"relatie\">\n                  <\/div>\n\n        <svg class=\"circles\" xmlns=\"http:\/\/www.w3.org\/2000\/svg\" viewBox=\"0 0 73.483 66.817\" >\n    <g transform=\"translate(-8.569 -6.42)\" fill=\"red\">\n        <circle r=\"20.58\" cy=\"52.657\" cx=\"29.148\"\/>\n        <circle r=\"6.949\" cy=\"13.369\" cx=\"48.638\"\/>\n        <circle r=\"11.76\" cy=\"32.874\" cx=\"70.292\"\/>\n    <\/g>\n<\/svg>\n\n\n      <\/div>\n\n      <svg class=\"sideright\" preserveAspectRatio=\"none\"  xmlns=\"http:\/\/www.w3.org\/2000\/svg\" viewBox=\"0 0 5.468 78.721\">\n    <path d=\"m-.088.088.176 78.545S5.751 49.269 5.46 34.429C5.232 22.836-.088.09-.088.09z\" fill=\"red\"\/>\n<\/svg>\n\n     \n\n\n<\/div>\n\n\n<\/div>\n<\/div>\n\n\n\n   \n\n \n\n<\/div>\n\n\n","protected":false},"excerpt":{"rendered":"<p>Skiede of relaasjeterapy? Miskien bist der noch net wis fan oftst skiede wolst. Tagelyk fielst oan alles dat jim relaasje f\u00east driget te rinnen. Beslissingen meitsje kin dan dreech w\u00eaze. Hoe meitsje je hjiryn karren, by wa kinne je terjochte mei je ferhaal? Wat moatte je regelje by in skieidng? En wat kin relaasjeterapy foar dy of jim dwaan? Meitsje de twivels besprekber. Dat helpt om oplossingen te<\/p>\n","protected":false},"author":1,"featured_media":1684,"parent":0,"menu_order":0,"comment_status":"closed","ping_status":"closed","template":"","meta":{"_acf_changed":false,"inline_featured_image":false,"footnotes":""},"class_list":["post-1790","page","type-page","status-publish","has-post-thumbnail","hentry"],"acf":[],"yoast_head":"<!-- This site is optimized with the Yoast SEO plugin v27.3 - https:\/\/yoast.com\/product\/yoast-seo-wordpress\/ -->\n<title>Fyn de goede ynformaasje \u00e9n help by in skieding yn Frysl\u00e2n<\/title>\n<meta name=\"description\" content=\"Hoe moat ik in skieding regelje? Wat as ik twifelje? Fyn de goede ynformaasje \u00e9n help by in skieding yn Frysl\u00e2n\" \/>\n<meta name=\"robots\" content=\"index, follow, max-snippet:-1, max-image-preview:large, max-video-preview:-1\" \/>\n<link rel=\"canonical\" href=\"https:\/\/scheideninfriesland.nl\/fy-nl\/eks-partners\/\" \/>\n<meta property=\"og:locale\" content=\"en_US\" \/>\n<meta property=\"og:type\" content=\"article\" \/>\n<meta property=\"og:title\" content=\"Fyn de goede ynformaasje \u00e9n help by in skieding yn Frysl\u00e2n\" \/>\n<meta property=\"og:description\" content=\"Hoe moat ik in skieding regelje? Wat as ik twifelje? Fyn de goede ynformaasje \u00e9n help by in skieding yn Frysl\u00e2n\" \/>\n<meta property=\"og:url\" content=\"https:\/\/scheideninfriesland.nl\/fy-nl\/eks-partners\/\" \/>\n<meta property=\"og:site_name\" content=\"Scheiden in Friesland\" \/>\n<meta property=\"article:modified_time\" content=\"2022-02-24T11:11:07+00:00\" \/>\n<meta name=\"twitter:card\" content=\"summary_large_image\" \/>\n<meta name=\"twitter:label1\" content=\"Est. reading time\" \/>\n\t<meta name=\"twitter:data1\" content=\"2 minutes\" \/>\n<script type=\"application\/ld+json\" class=\"yoast-schema-graph\">{\"@context\":\"https:\\\/\\\/schema.org\",\"@graph\":[{\"@type\":\"WebPage\",\"@id\":\"https:\\\/\\\/scheideninfriesland.nl\\\/fy-nl\\\/eks-partners\\\/\",\"url\":\"https:\\\/\\\/scheideninfriesland.nl\\\/fy-nl\\\/eks-partners\\\/\",\"name\":\"Fyn de goede ynformaasje \u00e9n help by in skieding yn Frysl\u00e2n\",\"isPartOf\":{\"@id\":\"https:\\\/\\\/scheideninfriesland.nl\\\/fy-nl\\\/#website\"},\"primaryImageOfPage\":{\"@id\":\"https:\\\/\\\/scheideninfriesland.nl\\\/fy-nl\\\/eks-partners\\\/#primaryimage\"},\"image\":{\"@id\":\"https:\\\/\\\/scheideninfriesland.nl\\\/fy-nl\\\/eks-partners\\\/#primaryimage\"},\"thumbnailUrl\":\"https:\\\/\\\/scheideninfriesland.nl\\\/wp-content\\\/uploads\\\/2021\\\/09\\\/omgaan_met_emoties.svg\",\"datePublished\":\"2021-12-27T10:40:53+00:00\",\"dateModified\":\"2022-02-24T11:11:07+00:00\",\"description\":\"Hoe moat ik in skieding regelje? Wat as ik twifelje? Fyn de goede ynformaasje \u00e9n help by in skieding yn Frysl\u00e2n\",\"breadcrumb\":{\"@id\":\"https:\\\/\\\/scheideninfriesland.nl\\\/fy-nl\\\/eks-partners\\\/#breadcrumb\"},\"inLanguage\":\"fy\",\"potentialAction\":[{\"@type\":\"ReadAction\",\"target\":[\"https:\\\/\\\/scheideninfriesland.nl\\\/fy-nl\\\/eks-partners\\\/\"]}]},{\"@type\":\"ImageObject\",\"inLanguage\":\"fy\",\"@id\":\"https:\\\/\\\/scheideninfriesland.nl\\\/fy-nl\\\/eks-partners\\\/#primaryimage\",\"url\":\"https:\\\/\\\/scheideninfriesland.nl\\\/wp-content\\\/uploads\\\/2021\\\/09\\\/omgaan_met_emoties.svg\",\"contentUrl\":\"https:\\\/\\\/scheideninfriesland.nl\\\/wp-content\\\/uploads\\\/2021\\\/09\\\/omgaan_met_emoties.svg\",\"caption\":\"eks-partners skieding regelje\"},{\"@type\":\"BreadcrumbList\",\"@id\":\"https:\\\/\\\/scheideninfriesland.nl\\\/fy-nl\\\/eks-partners\\\/#breadcrumb\",\"itemListElement\":[{\"@type\":\"ListItem\",\"position\":1,\"name\":\"Home\",\"item\":\"https:\\\/\\\/scheideninfriesland.nl\\\/fy-nl\\\/\"},{\"@type\":\"ListItem\",\"position\":2,\"name\":\"Fyn de goede ynformaasje \u00e9n help by in skieding yn Frysl\u00e2n\"}]},{\"@type\":\"WebSite\",\"@id\":\"https:\\\/\\\/scheideninfriesland.nl\\\/fy-nl\\\/#website\",\"url\":\"https:\\\/\\\/scheideninfriesland.nl\\\/fy-nl\\\/\",\"name\":\"Scheiden in Friesland\",\"description\":\"\",\"publisher\":{\"@id\":\"https:\\\/\\\/scheideninfriesland.nl\\\/fy-nl\\\/#organization\"},\"potentialAction\":[{\"@type\":\"SearchAction\",\"target\":{\"@type\":\"EntryPoint\",\"urlTemplate\":\"https:\\\/\\\/scheideninfriesland.nl\\\/fy-nl\\\/?s={search_term_string}\"},\"query-input\":{\"@type\":\"PropertyValueSpecification\",\"valueRequired\":true,\"valueName\":\"search_term_string\"}}],\"inLanguage\":\"fy\"},{\"@type\":\"Organization\",\"@id\":\"https:\\\/\\\/scheideninfriesland.nl\\\/fy-nl\\\/#organization\",\"name\":\"scheideninfriesland.nl\",\"url\":\"https:\\\/\\\/scheideninfriesland.nl\\\/fy-nl\\\/\",\"logo\":{\"@type\":\"ImageObject\",\"inLanguage\":\"fy\",\"@id\":\"https:\\\/\\\/scheideninfriesland.nl\\\/fy-nl\\\/#\\\/schema\\\/logo\\\/image\\\/\",\"url\":\"http:\\\/\\\/scheideninfriesland.nl\\\/wp-content\\\/uploads\\\/2021\\\/09\\\/9c86687c-2e5d-bc5b-1e71-48e00398a394-e1632209763466.jpg\",\"contentUrl\":\"http:\\\/\\\/scheideninfriesland.nl\\\/wp-content\\\/uploads\\\/2021\\\/09\\\/9c86687c-2e5d-bc5b-1e71-48e00398a394-e1632209763466.jpg\",\"width\":894,\"height\":381,\"caption\":\"scheideninfriesland.nl\"},\"image\":{\"@id\":\"https:\\\/\\\/scheideninfriesland.nl\\\/fy-nl\\\/#\\\/schema\\\/logo\\\/image\\\/\"}}]}<\/script>\n<!-- \/ Yoast SEO plugin. -->","yoast_head_json":{"title":"Fyn de goede ynformaasje \u00e9n help by in skieding yn Frysl\u00e2n","description":"Hoe moat ik in skieding regelje? Wat as ik twifelje? Fyn de goede ynformaasje \u00e9n help by in skieding yn Frysl\u00e2n","robots":{"index":"index","follow":"follow","max-snippet":"max-snippet:-1","max-image-preview":"max-image-preview:large","max-video-preview":"max-video-preview:-1"},"canonical":"https:\/\/scheideninfriesland.nl\/fy-nl\/eks-partners\/","og_locale":"en_US","og_type":"article","og_title":"Fyn de goede ynformaasje \u00e9n help by in skieding yn Frysl\u00e2n","og_description":"Hoe moat ik in skieding regelje? Wat as ik twifelje? Fyn de goede ynformaasje \u00e9n help by in skieding yn Frysl\u00e2n","og_url":"https:\/\/scheideninfriesland.nl\/fy-nl\/eks-partners\/","og_site_name":"Scheiden in Friesland","article_modified_time":"2022-02-24T11:11:07+00:00","twitter_card":"summary_large_image","twitter_misc":{"Est. reading time":"2 minutes"},"schema":{"@context":"https:\/\/schema.org","@graph":[{"@type":"WebPage","@id":"https:\/\/scheideninfriesland.nl\/fy-nl\/eks-partners\/","url":"https:\/\/scheideninfriesland.nl\/fy-nl\/eks-partners\/","name":"Fyn de goede ynformaasje \u00e9n help by in skieding yn Frysl\u00e2n","isPartOf":{"@id":"https:\/\/scheideninfriesland.nl\/fy-nl\/#website"},"primaryImageOfPage":{"@id":"https:\/\/scheideninfriesland.nl\/fy-nl\/eks-partners\/#primaryimage"},"image":{"@id":"https:\/\/scheideninfriesland.nl\/fy-nl\/eks-partners\/#primaryimage"},"thumbnailUrl":"https:\/\/scheideninfriesland.nl\/wp-content\/uploads\/2021\/09\/omgaan_met_emoties.svg","datePublished":"2021-12-27T10:40:53+00:00","dateModified":"2022-02-24T11:11:07+00:00","description":"Hoe moat ik in skieding regelje? Wat as ik twifelje? Fyn de goede ynformaasje \u00e9n help by in skieding yn Frysl\u00e2n","breadcrumb":{"@id":"https:\/\/scheideninfriesland.nl\/fy-nl\/eks-partners\/#breadcrumb"},"inLanguage":"fy","potentialAction":[{"@type":"ReadAction","target":["https:\/\/scheideninfriesland.nl\/fy-nl\/eks-partners\/"]}]},{"@type":"ImageObject","inLanguage":"fy","@id":"https:\/\/scheideninfriesland.nl\/fy-nl\/eks-partners\/#primaryimage","url":"https:\/\/scheideninfriesland.nl\/wp-content\/uploads\/2021\/09\/omgaan_met_emoties.svg","contentUrl":"https:\/\/scheideninfriesland.nl\/wp-content\/uploads\/2021\/09\/omgaan_met_emoties.svg","caption":"eks-partners skieding regelje"},{"@type":"BreadcrumbList","@id":"https:\/\/scheideninfriesland.nl\/fy-nl\/eks-partners\/#breadcrumb","itemListElement":[{"@type":"ListItem","position":1,"name":"Home","item":"https:\/\/scheideninfriesland.nl\/fy-nl\/"},{"@type":"ListItem","position":2,"name":"Fyn de goede ynformaasje \u00e9n help by in skieding yn Frysl\u00e2n"}]},{"@type":"WebSite","@id":"https:\/\/scheideninfriesland.nl\/fy-nl\/#website","url":"https:\/\/scheideninfriesland.nl\/fy-nl\/","name":"Scheiden in Friesland","description":"","publisher":{"@id":"https:\/\/scheideninfriesland.nl\/fy-nl\/#organization"},"potentialAction":[{"@type":"SearchAction","target":{"@type":"EntryPoint","urlTemplate":"https:\/\/scheideninfriesland.nl\/fy-nl\/?s={search_term_string}"},"query-input":{"@type":"PropertyValueSpecification","valueRequired":true,"valueName":"search_term_string"}}],"inLanguage":"fy"},{"@type":"Organization","@id":"https:\/\/scheideninfriesland.nl\/fy-nl\/#organization","name":"scheideninfriesland.nl","url":"https:\/\/scheideninfriesland.nl\/fy-nl\/","logo":{"@type":"ImageObject","inLanguage":"fy","@id":"https:\/\/scheideninfriesland.nl\/fy-nl\/#\/schema\/logo\/image\/","url":"http:\/\/scheideninfriesland.nl\/wp-content\/uploads\/2021\/09\/9c86687c-2e5d-bc5b-1e71-48e00398a394-e1632209763466.jpg","contentUrl":"http:\/\/scheideninfriesland.nl\/wp-content\/uploads\/2021\/09\/9c86687c-2e5d-bc5b-1e71-48e00398a394-e1632209763466.jpg","width":894,"height":381,"caption":"scheideninfriesland.nl"},"image":{"@id":"https:\/\/scheideninfriesland.nl\/fy-nl\/#\/schema\/logo\/image\/"}}]}},"_links":{"self":[{"href":"https:\/\/scheideninfriesland.nl\/fy-nl\/wp-json\/wp\/v2\/pages\/1790","targetHints":{"allow":["GET"]}}],"collection":[{"href":"https:\/\/scheideninfriesland.nl\/fy-nl\/wp-json\/wp\/v2\/pages"}],"about":[{"href":"https:\/\/scheideninfriesland.nl\/fy-nl\/wp-json\/wp\/v2\/types\/page"}],"author":[{"embeddable":true,"href":"https:\/\/scheideninfriesland.nl\/fy-nl\/wp-json\/wp\/v2\/users\/1"}],"replies":[{"embeddable":true,"href":"https:\/\/scheideninfriesland.nl\/fy-nl\/wp-json\/wp\/v2\/comments?post=1790"}],"version-history":[{"count":12,"href":"https:\/\/scheideninfriesland.nl\/fy-nl\/wp-json\/wp\/v2\/pages\/1790\/revisions"}],"predecessor-version":[{"id":2044,"href":"https:\/\/scheideninfriesland.nl\/fy-nl\/wp-json\/wp\/v2\/pages\/1790\/revisions\/2044"}],"wp:featuredmedia":[{"embeddable":true,"href":"https:\/\/scheideninfriesland.nl\/fy-nl\/wp-json\/wp\/v2\/media\/1684"}],"wp:attachment":[{"href":"https:\/\/scheideninfriesland.nl\/fy-nl\/wp-json\/wp\/v2\/media?parent=1790"}],"curies":[{"name":"wp","href":"https:\/\/api.w.org\/{rel}","templated":true}]}}