{"id":1799,"date":"2021-12-27T12:05:51","date_gmt":"2021-12-27T12:05:51","guid":{"rendered":"http:\/\/scheideninfriesland.nl\/fyn-de-goede-ynformaasje-en-help-by-in-skieding-yn-fryslan\/sa-kinst-omgean-mei-in-skieding\/"},"modified":"2022-02-24T12:21:10","modified_gmt":"2022-02-24T12:21:10","slug":"sa-kinst-omgean-mei-in-skieding","status":"publish","type":"page","link":"https:\/\/scheideninfriesland.nl\/fy-nl\/eks-partners\/sa-kinst-omgean-mei-in-skieding\/","title":{"rendered":"Sa kinst omgean mei in skieding"},"content":{"rendered":"\n<div class=\"wp-block-columns is-layout-flex wp-container-core-columns-is-layout-9d6595d7 wp-block-columns-is-layout-flex\">\n<div class=\"wp-block-column is-layout-flow wp-block-column-is-layout-flow\" style=\"flex-basis:25%\"><\/div>\n\n\n\n<div class=\"wp-block-column is-layout-flow wp-block-column-is-layout-flow\" style=\"flex-basis:50%\">\n<h2 class=\"wp-block-heading\">Bliuw yn petear mei dyn (eks)partner <\/h2>\n\n\n\n<p>Do bist skieden. En dan? It kin dreech w\u00eaze om yn petear te bliuwen mei je (eks)partner. Mar it is wichtich om mei-inoar kommunisearje te bliuwen, sadat der goede \u00f4fspraken makke wurde kinne. Hantfetten foar it oangean fan dizze drege petearen fynst op \u00fas side oer it yn petear bliuwen.<\/p>\n\n\n\n \n\n<div id=\"block_6138650709234\" data-block-name=\"buttons\" class=\" align \">\n\n    <div class=\"wrap layout-row align-start\">\n         <a href=\"http:\/\/scheideninfriesland.nl\/fy-nl\/eks-partners\/sa-kinst-omgean-mei-in-skieding\/it-petear-oangean-bliuwe-mei-dyn-ekspartner\/\" target=\"\" class=\"btn  btn-secondary\">\n        petear        <i class=\"fas fa-arrow-right\" aria-hidden=\"true\"><\/i>    <\/a>\n        <\/div>\n   \n<\/div> \n\n\n<\/div>\n\n\n\n<div class=\"wp-block-column is-layout-flow wp-block-column-is-layout-flow\" style=\"flex-basis:25%\"><\/div>\n<\/div>\n\n\n\n\n \n<div id=\"block_6138652509236\"  data-block-name=\"kader\" class=\"alignfull green\">\n\n    \n     \n\n<div class=\"wp-block-columns is-layout-flex wp-container-core-columns-is-layout-9d6595d7 wp-block-columns-is-layout-flex\">\n<div class=\"wp-block-column is-layout-flow wp-block-column-is-layout-flow\" style=\"flex-basis:66%\">\n<h2 class=\"wp-block-heading\">De impact fan de skieding op de bern <\/h2>\n\n\n\n<p>In skieding is hiel heftich foar de bern. As \u00e2lder wolle je it leafst de impact op de bern sa lyts mooglik h\u00e2lde. Mar hoe dogge je dat? Hoe kinst se helpe om mei har gefoelens om te gean? En hoe soargest derfoar datsto der sels sa goed mooglik mei omgiest, sadat sy der sa min mooglik l\u00east fan hawwe? Hjir l\u00east mear oer op \u00fas side oer de impact op de bern. <\/p>\n\n\n\n \n\n<div id=\"block_6138653309237\" data-block-name=\"buttons\" class=\" align \">\n\n    <div class=\"wrap layout-row align-start\">\n         <a href=\"http:\/\/scheideninfriesland.nl\/fy-nl\/eks-partners\/sa-kinst-omgean-mei-in-skieding\/de-impact-fan-in-skieding-op-bern\/\" target=\"\" class=\"btn  btn-secondary\">\n        De impact fan de skieding op de bern         <i class=\"fas fa-arrow-right\" aria-hidden=\"true\"><\/i>    <\/a>\n        <\/div>\n   \n<\/div> \n\n\n<\/div>\n\n\n\n<div class=\"wp-block-column is-vertically-aligned-center is-layout-flow wp-block-column-is-layout-flow\" style=\"flex-basis:33%\">\n\n \n<div id=\"block_613866600923b\"  data-block-name=\"quote\" class=\"alignfull green recht  afbeelding-rechts\">\n\n  <svg class=\"sideleft\" xmlns=\"http:\/\/www.w3.org\/2000\/svg\"  preserveAspectRatio=\"none\" viewBox=\"0 0 5.468 78.721\" >\n      <path d=\"M5.468 0v78.72S-.252 55.73.008 38.04C.18 26.447 5.469 0 5.469 0z\" fill=\"red\"\/>\n  <\/svg>\n\n\n      <div class=\"wrap\">\n        <div class=\"quote\">\n          <div class=\"mark-top\">\u275d<\/div>\n          Sels woe ik mei gjinien oer de skieding prate, mar myn suske soe d\u00ear krekt in soad stipe oan h\u00e2n hawwe!          <div class=\"mark-bottom\">\u275e<\/div>\n        <\/div>\n\n \n        <div class=\"naam\">\n          Amarins        <\/div>\n\n        <div class=\"relatie\">\n                  <\/div>\n\n        <svg class=\"circles\" xmlns=\"http:\/\/www.w3.org\/2000\/svg\" viewBox=\"0 0 73.483 66.817\" >\n    <g transform=\"translate(-8.569 -6.42)\" fill=\"red\">\n        <circle r=\"20.58\" cy=\"52.657\" cx=\"29.148\"\/>\n        <circle r=\"6.949\" cy=\"13.369\" cx=\"48.638\"\/>\n        <circle r=\"11.76\" cy=\"32.874\" cx=\"70.292\"\/>\n    <\/g>\n<\/svg>\n\n\n      <\/div>\n\n      <svg class=\"sideright\" preserveAspectRatio=\"none\"  xmlns=\"http:\/\/www.w3.org\/2000\/svg\" viewBox=\"0 0 5.468 78.721\">\n    <path d=\"m-.088.088.176 78.545S5.751 49.269 5.46 34.429C5.232 22.836-.088.09-.088.09z\" fill=\"red\"\/>\n<\/svg>\n\n     \n\n\n<\/div>\n\n\n<\/div>\n<\/div>\n\n\n\n   \n\n \n\n<\/div>\n\n\n\n\n\n<div class=\"wp-block-columns is-layout-flex wp-container-core-columns-is-layout-9d6595d7 wp-block-columns-is-layout-flex\">\n<div class=\"wp-block-column is-layout-flow wp-block-column-is-layout-flow\" style=\"flex-basis:25%\"><\/div>\n\n\n\n<div class=\"wp-block-column is-layout-flow wp-block-column-is-layout-flow\" style=\"flex-basis:50%\">\n<h2 class=\"wp-block-heading\">Hjir kinst terjochte foar help by it ferwurkjen <\/h2>\n\n\n\n<p>By in skieding hast mei in soad emoasjes te krijen. It kin dreech w\u00eaze om mei al dizze emoasjes om te gean. Op \u00fas side oer help by it ferwurkjen fan de skieding fynst in oersjoch fan ynst\u00e2nsjes dy&#8217;t dy helpe kinne. <\/p>\n\n\n\n \n\n<div id=\"block_613865e609239\" data-block-name=\"buttons\" class=\" align \">\n\n    <div class=\"wrap layout-row align-start\">\n         <a href=\"http:\/\/scheideninfriesland.nl\/fy-nl\/eks-partners\/sa-kinst-omgean-mei-in-skieding\/help-by-it-ferwurkjen-fan-in-skieding\/\" target=\"\" class=\"btn  btn-secondary\">\n        Help by it ferwurkjen fan in skieding         <i class=\"fas fa-arrow-right\" aria-hidden=\"true\"><\/i>    <\/a>\n        <\/div>\n   \n<\/div> \n\n\n<\/div>\n\n\n\n<div class=\"wp-block-column is-layout-flow wp-block-column-is-layout-flow\" style=\"flex-basis:25%\"><\/div>\n<\/div>\n","protected":false},"excerpt":{"rendered":"<p>Bliuw yn petear mei dyn (eks)partner Do bist skieden. En dan? It kin dreech w\u00eaze om yn petear te bliuwen mei je (eks)partner. Mar it is wichtich om mei-inoar kommunisearje te bliuwen, sadat der goede \u00f4fspraken makke wurde kinne. Hantfetten foar it oangean fan dizze drege petearen fynst op \u00fas side oer it yn petear bliuwen. Hjir kinst terjochte foar help by it ferwurkjen By in skieding hast mei in soad emoasjes te krijen. It kin dreech w\u00eaze om mei al dizze emoasjes om te gean. Op \u00fas side oer help by it ferwurkjen fan de skieding fynst in oersjoch fan ynst\u00e2nsjes dy&#8217;t dy helpe<\/p>\n","protected":false},"author":2,"featured_media":1657,"parent":1790,"menu_order":7,"comment_status":"closed","ping_status":"closed","template":"","meta":{"_acf_changed":false,"inline_featured_image":false,"footnotes":""},"class_list":["post-1799","page","type-page","status-publish","has-post-thumbnail","hentry"],"acf":[],"yoast_head":"<!-- This site is optimized with the Yoast SEO plugin v27.3 - https:\/\/yoast.com\/product\/yoast-seo-wordpress\/ -->\n<title>Gescheiden, en dan? - Scheiden in Friesland<\/title>\n<meta name=\"description\" content=\"Skieden, en dan? Der komme faak in soad emoasjes by sjen. Foar dy. Foar de bern. It is wichtich om hjiroer praten te bliuwen.\" \/>\n<meta name=\"robots\" content=\"index, follow, max-snippet:-1, max-image-preview:large, max-video-preview:-1\" \/>\n<link rel=\"canonical\" href=\"https:\/\/scheideninfriesland.nl\/fy-nl\/eks-partners\/sa-kinst-omgean-mei-in-skieding\/\" \/>\n<meta property=\"og:locale\" content=\"en_US\" \/>\n<meta property=\"og:type\" content=\"article\" \/>\n<meta property=\"og:title\" content=\"Gescheiden, en dan? - Scheiden in Friesland\" \/>\n<meta property=\"og:description\" content=\"Skieden, en dan? Der komme faak in soad emoasjes by sjen. Foar dy. Foar de bern. It is wichtich om hjiroer praten te bliuwen.\" \/>\n<meta property=\"og:url\" content=\"https:\/\/scheideninfriesland.nl\/fy-nl\/eks-partners\/sa-kinst-omgean-mei-in-skieding\/\" \/>\n<meta property=\"og:site_name\" content=\"Scheiden in Friesland\" \/>\n<meta property=\"article:modified_time\" content=\"2022-02-24T12:21:10+00:00\" \/>\n<meta property=\"og:image\" content=\"https:\/\/scheideninfriesland.nl\/wp-content\/uploads\/2021\/08\/illustraties_Omgaan-met-een-scheiding.png\" \/>\n\t<meta property=\"og:image:width\" content=\"820\" \/>\n\t<meta property=\"og:image:height\" content=\"527\" \/>\n\t<meta property=\"og:image:type\" content=\"image\/png\" \/>\n<meta name=\"twitter:card\" content=\"summary_large_image\" \/>\n<meta name=\"twitter:label1\" content=\"Est. reading time\" \/>\n\t<meta name=\"twitter:data1\" content=\"1 minute\" \/>\n<script type=\"application\/ld+json\" class=\"yoast-schema-graph\">{\"@context\":\"https:\\\/\\\/schema.org\",\"@graph\":[{\"@type\":\"WebPage\",\"@id\":\"https:\\\/\\\/scheideninfriesland.nl\\\/fy-nl\\\/eks-partners\\\/sa-kinst-omgean-mei-in-skieding\\\/\",\"url\":\"https:\\\/\\\/scheideninfriesland.nl\\\/fy-nl\\\/eks-partners\\\/sa-kinst-omgean-mei-in-skieding\\\/\",\"name\":\"Gescheiden, en dan? - Scheiden in Friesland\",\"isPartOf\":{\"@id\":\"https:\\\/\\\/scheideninfriesland.nl\\\/fy-nl\\\/#website\"},\"primaryImageOfPage\":{\"@id\":\"https:\\\/\\\/scheideninfriesland.nl\\\/fy-nl\\\/eks-partners\\\/sa-kinst-omgean-mei-in-skieding\\\/#primaryimage\"},\"image\":{\"@id\":\"https:\\\/\\\/scheideninfriesland.nl\\\/fy-nl\\\/eks-partners\\\/sa-kinst-omgean-mei-in-skieding\\\/#primaryimage\"},\"thumbnailUrl\":\"https:\\\/\\\/scheideninfriesland.nl\\\/wp-content\\\/uploads\\\/2021\\\/08\\\/illustraties_Omgaan-met-een-scheiding.png\",\"datePublished\":\"2021-12-27T12:05:51+00:00\",\"dateModified\":\"2022-02-24T12:21:10+00:00\",\"description\":\"Skieden, en dan? Der komme faak in soad emoasjes by sjen. Foar dy. Foar de bern. It is wichtich om hjiroer praten te bliuwen.\",\"breadcrumb\":{\"@id\":\"https:\\\/\\\/scheideninfriesland.nl\\\/fy-nl\\\/eks-partners\\\/sa-kinst-omgean-mei-in-skieding\\\/#breadcrumb\"},\"inLanguage\":\"fy\",\"potentialAction\":[{\"@type\":\"ReadAction\",\"target\":[\"https:\\\/\\\/scheideninfriesland.nl\\\/fy-nl\\\/eks-partners\\\/sa-kinst-omgean-mei-in-skieding\\\/\"]}]},{\"@type\":\"ImageObject\",\"inLanguage\":\"fy\",\"@id\":\"https:\\\/\\\/scheideninfriesland.nl\\\/fy-nl\\\/eks-partners\\\/sa-kinst-omgean-mei-in-skieding\\\/#primaryimage\",\"url\":\"https:\\\/\\\/scheideninfriesland.nl\\\/wp-content\\\/uploads\\\/2021\\\/08\\\/illustraties_Omgaan-met-een-scheiding.png\",\"contentUrl\":\"https:\\\/\\\/scheideninfriesland.nl\\\/wp-content\\\/uploads\\\/2021\\\/08\\\/illustraties_Omgaan-met-een-scheiding.png\",\"width\":820,\"height\":527},{\"@type\":\"BreadcrumbList\",\"@id\":\"https:\\\/\\\/scheideninfriesland.nl\\\/fy-nl\\\/eks-partners\\\/sa-kinst-omgean-mei-in-skieding\\\/#breadcrumb\",\"itemListElement\":[{\"@type\":\"ListItem\",\"position\":1,\"name\":\"Home\",\"item\":\"https:\\\/\\\/scheideninfriesland.nl\\\/fy-nl\\\/\"},{\"@type\":\"ListItem\",\"position\":2,\"name\":\"Fyn de goede ynformaasje \u00e9n help by in skieding yn Frysl\u00e2n\",\"item\":\"https:\\\/\\\/scheideninfriesland.nl\\\/fy-nl\\\/eks-partners\\\/\"},{\"@type\":\"ListItem\",\"position\":3,\"name\":\"Sa kinst omgean mei in skieding\"}]},{\"@type\":\"WebSite\",\"@id\":\"https:\\\/\\\/scheideninfriesland.nl\\\/fy-nl\\\/#website\",\"url\":\"https:\\\/\\\/scheideninfriesland.nl\\\/fy-nl\\\/\",\"name\":\"Scheiden in Friesland\",\"description\":\"\",\"publisher\":{\"@id\":\"https:\\\/\\\/scheideninfriesland.nl\\\/fy-nl\\\/#organization\"},\"potentialAction\":[{\"@type\":\"SearchAction\",\"target\":{\"@type\":\"EntryPoint\",\"urlTemplate\":\"https:\\\/\\\/scheideninfriesland.nl\\\/fy-nl\\\/?s={search_term_string}\"},\"query-input\":{\"@type\":\"PropertyValueSpecification\",\"valueRequired\":true,\"valueName\":\"search_term_string\"}}],\"inLanguage\":\"fy\"},{\"@type\":\"Organization\",\"@id\":\"https:\\\/\\\/scheideninfriesland.nl\\\/fy-nl\\\/#organization\",\"name\":\"scheideninfriesland.nl\",\"url\":\"https:\\\/\\\/scheideninfriesland.nl\\\/fy-nl\\\/\",\"logo\":{\"@type\":\"ImageObject\",\"inLanguage\":\"fy\",\"@id\":\"https:\\\/\\\/scheideninfriesland.nl\\\/fy-nl\\\/#\\\/schema\\\/logo\\\/image\\\/\",\"url\":\"http:\\\/\\\/scheideninfriesland.nl\\\/wp-content\\\/uploads\\\/2021\\\/09\\\/9c86687c-2e5d-bc5b-1e71-48e00398a394-e1632209763466.jpg\",\"contentUrl\":\"http:\\\/\\\/scheideninfriesland.nl\\\/wp-content\\\/uploads\\\/2021\\\/09\\\/9c86687c-2e5d-bc5b-1e71-48e00398a394-e1632209763466.jpg\",\"width\":894,\"height\":381,\"caption\":\"scheideninfriesland.nl\"},\"image\":{\"@id\":\"https:\\\/\\\/scheideninfriesland.nl\\\/fy-nl\\\/#\\\/schema\\\/logo\\\/image\\\/\"}}]}<\/script>\n<!-- \/ Yoast SEO plugin. -->","yoast_head_json":{"title":"Gescheiden, en dan? - Scheiden in Friesland","description":"Skieden, en dan? Der komme faak in soad emoasjes by sjen. Foar dy. Foar de bern. It is wichtich om hjiroer praten te bliuwen.","robots":{"index":"index","follow":"follow","max-snippet":"max-snippet:-1","max-image-preview":"max-image-preview:large","max-video-preview":"max-video-preview:-1"},"canonical":"https:\/\/scheideninfriesland.nl\/fy-nl\/eks-partners\/sa-kinst-omgean-mei-in-skieding\/","og_locale":"en_US","og_type":"article","og_title":"Gescheiden, en dan? - Scheiden in Friesland","og_description":"Skieden, en dan? Der komme faak in soad emoasjes by sjen. Foar dy. Foar de bern. It is wichtich om hjiroer praten te bliuwen.","og_url":"https:\/\/scheideninfriesland.nl\/fy-nl\/eks-partners\/sa-kinst-omgean-mei-in-skieding\/","og_site_name":"Scheiden in Friesland","article_modified_time":"2022-02-24T12:21:10+00:00","og_image":[{"width":820,"height":527,"url":"https:\/\/scheideninfriesland.nl\/wp-content\/uploads\/2021\/08\/illustraties_Omgaan-met-een-scheiding.png","type":"image\/png"}],"twitter_card":"summary_large_image","twitter_misc":{"Est. reading time":"1 minute"},"schema":{"@context":"https:\/\/schema.org","@graph":[{"@type":"WebPage","@id":"https:\/\/scheideninfriesland.nl\/fy-nl\/eks-partners\/sa-kinst-omgean-mei-in-skieding\/","url":"https:\/\/scheideninfriesland.nl\/fy-nl\/eks-partners\/sa-kinst-omgean-mei-in-skieding\/","name":"Gescheiden, en dan? - Scheiden in Friesland","isPartOf":{"@id":"https:\/\/scheideninfriesland.nl\/fy-nl\/#website"},"primaryImageOfPage":{"@id":"https:\/\/scheideninfriesland.nl\/fy-nl\/eks-partners\/sa-kinst-omgean-mei-in-skieding\/#primaryimage"},"image":{"@id":"https:\/\/scheideninfriesland.nl\/fy-nl\/eks-partners\/sa-kinst-omgean-mei-in-skieding\/#primaryimage"},"thumbnailUrl":"https:\/\/scheideninfriesland.nl\/wp-content\/uploads\/2021\/08\/illustraties_Omgaan-met-een-scheiding.png","datePublished":"2021-12-27T12:05:51+00:00","dateModified":"2022-02-24T12:21:10+00:00","description":"Skieden, en dan? Der komme faak in soad emoasjes by sjen. Foar dy. Foar de bern. It is wichtich om hjiroer praten te bliuwen.","breadcrumb":{"@id":"https:\/\/scheideninfriesland.nl\/fy-nl\/eks-partners\/sa-kinst-omgean-mei-in-skieding\/#breadcrumb"},"inLanguage":"fy","potentialAction":[{"@type":"ReadAction","target":["https:\/\/scheideninfriesland.nl\/fy-nl\/eks-partners\/sa-kinst-omgean-mei-in-skieding\/"]}]},{"@type":"ImageObject","inLanguage":"fy","@id":"https:\/\/scheideninfriesland.nl\/fy-nl\/eks-partners\/sa-kinst-omgean-mei-in-skieding\/#primaryimage","url":"https:\/\/scheideninfriesland.nl\/wp-content\/uploads\/2021\/08\/illustraties_Omgaan-met-een-scheiding.png","contentUrl":"https:\/\/scheideninfriesland.nl\/wp-content\/uploads\/2021\/08\/illustraties_Omgaan-met-een-scheiding.png","width":820,"height":527},{"@type":"BreadcrumbList","@id":"https:\/\/scheideninfriesland.nl\/fy-nl\/eks-partners\/sa-kinst-omgean-mei-in-skieding\/#breadcrumb","itemListElement":[{"@type":"ListItem","position":1,"name":"Home","item":"https:\/\/scheideninfriesland.nl\/fy-nl\/"},{"@type":"ListItem","position":2,"name":"Fyn de goede ynformaasje \u00e9n help by in skieding yn Frysl\u00e2n","item":"https:\/\/scheideninfriesland.nl\/fy-nl\/eks-partners\/"},{"@type":"ListItem","position":3,"name":"Sa kinst omgean mei in skieding"}]},{"@type":"WebSite","@id":"https:\/\/scheideninfriesland.nl\/fy-nl\/#website","url":"https:\/\/scheideninfriesland.nl\/fy-nl\/","name":"Scheiden in Friesland","description":"","publisher":{"@id":"https:\/\/scheideninfriesland.nl\/fy-nl\/#organization"},"potentialAction":[{"@type":"SearchAction","target":{"@type":"EntryPoint","urlTemplate":"https:\/\/scheideninfriesland.nl\/fy-nl\/?s={search_term_string}"},"query-input":{"@type":"PropertyValueSpecification","valueRequired":true,"valueName":"search_term_string"}}],"inLanguage":"fy"},{"@type":"Organization","@id":"https:\/\/scheideninfriesland.nl\/fy-nl\/#organization","name":"scheideninfriesland.nl","url":"https:\/\/scheideninfriesland.nl\/fy-nl\/","logo":{"@type":"ImageObject","inLanguage":"fy","@id":"https:\/\/scheideninfriesland.nl\/fy-nl\/#\/schema\/logo\/image\/","url":"http:\/\/scheideninfriesland.nl\/wp-content\/uploads\/2021\/09\/9c86687c-2e5d-bc5b-1e71-48e00398a394-e1632209763466.jpg","contentUrl":"http:\/\/scheideninfriesland.nl\/wp-content\/uploads\/2021\/09\/9c86687c-2e5d-bc5b-1e71-48e00398a394-e1632209763466.jpg","width":894,"height":381,"caption":"scheideninfriesland.nl"},"image":{"@id":"https:\/\/scheideninfriesland.nl\/fy-nl\/#\/schema\/logo\/image\/"}}]}},"_links":{"self":[{"href":"https:\/\/scheideninfriesland.nl\/fy-nl\/wp-json\/wp\/v2\/pages\/1799","targetHints":{"allow":["GET"]}}],"collection":[{"href":"https:\/\/scheideninfriesland.nl\/fy-nl\/wp-json\/wp\/v2\/pages"}],"about":[{"href":"https:\/\/scheideninfriesland.nl\/fy-nl\/wp-json\/wp\/v2\/types\/page"}],"author":[{"embeddable":true,"href":"https:\/\/scheideninfriesland.nl\/fy-nl\/wp-json\/wp\/v2\/users\/2"}],"replies":[{"embeddable":true,"href":"https:\/\/scheideninfriesland.nl\/fy-nl\/wp-json\/wp\/v2\/comments?post=1799"}],"version-history":[{"count":3,"href":"https:\/\/scheideninfriesland.nl\/fy-nl\/wp-json\/wp\/v2\/pages\/1799\/revisions"}],"predecessor-version":[{"id":2076,"href":"https:\/\/scheideninfriesland.nl\/fy-nl\/wp-json\/wp\/v2\/pages\/1799\/revisions\/2076"}],"up":[{"embeddable":true,"href":"https:\/\/scheideninfriesland.nl\/fy-nl\/wp-json\/wp\/v2\/pages\/1790"}],"wp:featuredmedia":[{"embeddable":true,"href":"https:\/\/scheideninfriesland.nl\/fy-nl\/wp-json\/wp\/v2\/media\/1657"}],"wp:attachment":[{"href":"https:\/\/scheideninfriesland.nl\/fy-nl\/wp-json\/wp\/v2\/media?parent=1799"}],"curies":[{"name":"wp","href":"https:\/\/api.w.org\/{rel}","templated":true}]}}