{"id":1801,"date":"2021-12-27T12:12:50","date_gmt":"2021-12-27T12:12:50","guid":{"rendered":"http:\/\/scheideninfriesland.nl\/fyn-de-goede-ynformaasje-en-help-by-in-skieding-yn-fryslan\/sa-kinst-omgean-mei-in-skieding\/it-petear-oangean-bliuwe-mei-dyn-ekspartner\/"},"modified":"2022-02-24T12:21:27","modified_gmt":"2022-02-24T12:21:27","slug":"it-petear-oangean-bliuwe-mei-dyn-ekspartner","status":"publish","type":"page","link":"https:\/\/scheideninfriesland.nl\/fy-nl\/eks-partners\/sa-kinst-omgean-mei-in-skieding\/it-petear-oangean-bliuwe-mei-dyn-ekspartner\/","title":{"rendered":"It petear oangean (bliuwe) mei dyn (eks)partner"},"content":{"rendered":"\n<div class=\"wp-block-columns is-layout-flex wp-container-core-columns-is-layout-9d6595d7 wp-block-columns-is-layout-flex\">\n<div class=\"wp-block-column is-layout-flow wp-block-column-is-layout-flow\" style=\"flex-basis:25%\"><\/div>\n\n\n\n<div class=\"wp-block-column is-layout-flow wp-block-column-is-layout-flow\" style=\"flex-basis:50%\">\n<h2 class=\"wp-block-heading\">Fertelle dast skiede wolst <\/h2>\n\n\n\n<p>It kin dreech w\u00eaze om oan dyn partner oan te jaan datst skiede wolst. Hoe begjinst sa\u2019n petear? Miskien hawwe jim it der alris earder oer h\u00e2n, mar miskien ek net. It is yn alle gefallen wichtich om it r\u00eastich oan te dwaan. Nei it earste petear oer de skieding moat der in soad regele wurde, dus goed prate is wichtich. Mei \u00fbndersteande fiif tips kinst it petear oer de skieding oangean.<\/p>\n\n\n\n<h3 class=\"wp-block-heading\">Fiif tips om it petear mei je (eks)partner oan te gean <\/h3>\n\n\n\n<ul class=\"wp-block-list\"><li>Meitsje gen\u00f4ch tiid foar it petear en jou dat ek by de oar oan. <\/li><li>Praat oer dyn gefoel, net oer wat de oar \u2018 ferkeard \u2019 docht.<\/li><li>W\u00eas earlik. D\u00ear ha jim beide it measte oan. <\/li><li>Harkje nei elkoar, ek ast it net mei elkoar iens bist. <\/li><li>Besykje inoar echt te begripen, stel fragen. <\/li><\/ul>\n<\/div>\n\n\n\n<div class=\"wp-block-column is-layout-flow wp-block-column-is-layout-flow\" style=\"flex-basis:25%\"><\/div>\n<\/div>\n\n\n\n\n \n<div id=\"block_6137d32c917ec\"  data-block-name=\"kader\" class=\"alignfull orange\">\n\n    \n     \n\n<div class=\"wp-block-columns is-layout-flex wp-container-core-columns-is-layout-9d6595d7 wp-block-columns-is-layout-flex\">\n<div class=\"wp-block-column is-layout-flow wp-block-column-is-layout-flow\" style=\"flex-basis:66%\">\n<h2 class=\"wp-block-heading\">Sa leare je om minder \u00fat emoasje te reagearjen <\/h2>\n\n\n\n<p>As je emoasjes \u00fbnderdrukke, komme se ier of let dochs nei boppen. Mar hoe foarkomme je dat je automatysk \u00fat de alderearste emoasje wei reagearje? Datst lilk, bang, bliid of tryst wurdst en de emoasjes te heftich wurde? <\/p>\n\n\n\n<p>Kinst dyn emoasjes yn perspektyf pleatse troch fan in \u00f4fstantsje nei de situaasje te sjen en dysels \u00f4f te freegjen: \u2018hoe soe de b\u00easte ferzje fan mysels reagearje?\u2019. Dan meist noch altyd lilk, bang, tryst of bliid w\u00eaze, mar reagearrest miskien net \u00fat dyn earste ympuls wei. <\/p>\n\n\n\n<p>Der is ek profesjonele help om te learen minder \u00fat emoasje te reagearjen. Sa kin Kognitive gedrachsterapy dy mei oefeningen en opdrachten leare oars te tinken en te hanneljen. Ynformearje by dyn h\u00fasdokter of gebietsteam wa&#8217;t dy d\u00earby helpe kin. <\/p>\n<\/div>\n\n\n\n<div class=\"wp-block-column is-layout-flow wp-block-column-is-layout-flow\" style=\"flex-basis:33%\"><\/div>\n<\/div>\n\n\n\n   \n\n \n\n<\/div>\n\n\n\n\n\n<div class=\"wp-block-columns is-layout-flex wp-container-core-columns-is-layout-9d6595d7 wp-block-columns-is-layout-flex\">\n<div class=\"wp-block-column is-layout-flow wp-block-column-is-layout-flow\" style=\"flex-basis:25%\"><\/div>\n\n\n\n<div class=\"wp-block-column is-layout-flow wp-block-column-is-layout-flow\" style=\"flex-basis:50%\">\n<h2 class=\"wp-block-heading\">Praten bliuwe tidens de skieding <\/h2>\n\n\n\n<p>It earste petear oer de skieding is hiel belangryk. Mar ek d\u00earnei, tidens de skieding, is it nedich om mei inoar yn petear te bliuwen. Der moatte nammentlik in soad saken regele wurde en \u00f4fspraken makke wurde. Mar hoe dogge je dat, goed kommunisearjen bliuwe yn dizze drege perioade? <\/p>\n\n\n\n<h3 class=\"wp-block-heading\">Bliuw elkoar sjen <\/h3>\n\n\n\n<p>Pebjerje wichtige petearen face-to-face te dwaan. Fia WhatsApp of beljen begrypst inoar miskien minder goed of kinne jimme beide in oar idee by in wichtich besl\u00fat hawwe.  <\/p>\n\n\n\n<h3 class=\"wp-block-heading\">Foar in r\u00eastich petear <\/h3>\n\n\n\n<p>Om it petear sa goed mooglik ferrinne te litten, is it ferstannich om r\u00eastich te bliuwen. As jim fernimme dat de emoasjes heech oprinne, lis it petear dan tydlik stil. Besykje ek safolle mooglik om beurten te praten en lit elkoar \u00fatprate. Oerdonderje dyn (eks)partner ek net fuort mei al dyn easken, dat kin \u00f4fskrikke. Besykje d\u00earneist om sa posityf mooglik te bliuwen, hoe dreech dat ek is.  <\/p>\n\n\n\n<h3 class=\"wp-block-heading\">Freegje help fan in mediator <\/h3>\n\n\n\n<p>Het kan zijn dat het praten tussen jullie heel goed gaat, maar dat je bij sommige beslissingen toch wat hulp kunt gebruiken. Je kunt dan een mediator inschakelen. Hij of zij helpt jullie bij het voeren van lastige gesprekken en het maken van afspraken.<br>Meer informatie over mediation vind je op onze pagina over het inschakelen van een advocaat of mediator.<\/p>\n\n\n\n \n\n<div id=\"block_6137d3a6917ed\" data-block-name=\"buttons\" class=\" align \">\n\n    <div class=\"wrap layout-row align-start\">\n         <a href=\"http:\/\/scheideninfriesland.nl\/fy-nl\/eks-partners\/skieding-regeljen\/juridyske-saken-by-in-skieding\/advokaat-of-mediator-ynskeakelje-by-in-skieding\/\" target=\"\" class=\"btn  btn-secondary\">\n        Advokaat of mediator ynskeakelje by in skieding        <i class=\"fas fa-arrow-right\" aria-hidden=\"true\"><\/i>    <\/a>\n        <\/div>\n   \n<\/div> \n\n\n<\/div>\n\n\n\n<div class=\"wp-block-column is-layout-flow wp-block-column-is-layout-flow\" style=\"flex-basis:25%\"><\/div>\n<\/div>\n\n\n\n\n<div id=\"block_6137d3cd917ef\" data-block-name=\"doorverwijzingen\" class=\"alignfull \">\n    <div class=\"intro\">\n        <h2> Fyn mear ynformaasje oer prate oer de skieding <\/h2>\n        <div class=\"text\">\n                    <\/div>\n    <\/div>\n\n    <div class=\"posts\">\n                <div class=\"post\">\n\n            <svg class=\"circles\" xmlns=\"http:\/\/www.w3.org\/2000\/svg\" viewBox=\"0 0 73.483 66.817\">\n                <g transform=\"translate(-8.569 -6.42)\" fill=\"red\">\n                    <circle r=\"20.58\" cy=\"52.657\" cx=\"29.148\" \/>\n                    <circle r=\"6.949\" cy=\"13.369\" cx=\"48.638\" \/>\n                    <circle r=\"11.76\" cy=\"32.874\" cx=\"70.292\" \/>\n                <\/g>\n            <\/svg>\n\n            <a href=\"https:\/\/www.verder-online.nl\/tips\/hoe-vertel-ik-mijn-partner-dat-ik-wil-scheiden\/ \" target=\"_blank\">\n                <div class=\"text\">\n                    <h6 class=\"title\">Hoe fertelst dyn partner datst skiede wolst? <\/h6>\n                    <div><p>Verder-Online jout tips.<\/p>\n<\/div>\n                    <span class=\"link\">\n                        <div class=\"inner\">\n                            <div class=\"meer\">L\u00eas mear<\/div>\n                            <i class=\"fa fa-arrow-right\"><\/i>\n                        <\/div>\n                    <\/span>\n                <\/div>\n            <\/a>\n\n        <\/div>\n                <div class=\"post\">\n\n            <svg class=\"circles\" xmlns=\"http:\/\/www.w3.org\/2000\/svg\" viewBox=\"0 0 73.483 66.817\">\n                <g transform=\"translate(-8.569 -6.42)\" fill=\"red\">\n                    <circle r=\"20.58\" cy=\"52.657\" cx=\"29.148\" \/>\n                    <circle r=\"6.949\" cy=\"13.369\" cx=\"48.638\" \/>\n                    <circle r=\"11.76\" cy=\"32.874\" cx=\"70.292\" \/>\n                <\/g>\n            <\/svg>\n\n            <a href=\"https:\/\/rechtwijzer.nl\/uit-elkaar\/samen-scheiden\/blijven-communiceren-tijdens-scheiding\" target=\"_blank\">\n                <div class=\"text\">\n                    <h6 class=\"title\">Hoe bliuwe je tidens de skieding yn petear? <\/h6>\n                    <div><p>Rechtwijzer jout mear ynformaasje.<\/p>\n<\/div>\n                    <span class=\"link\">\n                        <div class=\"inner\">\n                            <div class=\"meer\">L\u00eas mear<\/div>\n                            <i class=\"fa fa-arrow-right\"><\/i>\n                        <\/div>\n                    <\/span>\n                <\/div>\n            <\/a>\n\n        <\/div>\n                <div class=\"post\">\n\n            <svg class=\"circles\" xmlns=\"http:\/\/www.w3.org\/2000\/svg\" viewBox=\"0 0 73.483 66.817\">\n                <g transform=\"translate(-8.569 -6.42)\" fill=\"red\">\n                    <circle r=\"20.58\" cy=\"52.657\" cx=\"29.148\" \/>\n                    <circle r=\"6.949\" cy=\"13.369\" cx=\"48.638\" \/>\n                    <circle r=\"11.76\" cy=\"32.874\" cx=\"70.292\" \/>\n                <\/g>\n            <\/svg>\n\n            <a href=\"https:\/\/www.ouders-uit-elkaar.nl\/ouders\/ \" target=\"_blank\">\n                <div class=\"text\">\n                    <h6 class=\"title\">Hoe fertelst oaren datst skieden giest? <\/h6>\n                    <div><p> Ouders uit elkaar jout hjir advys oer.<\/p>\n<\/div>\n                    <span class=\"link\">\n                        <div class=\"inner\">\n                            <div class=\"meer\">L\u00eas mear<\/div>\n                            <i class=\"fa fa-arrow-right\"><\/i>\n                        <\/div>\n                    <\/span>\n                <\/div>\n            <\/a>\n\n        <\/div>\n            <\/div>\n\n<\/div>","protected":false},"excerpt":{"rendered":"<p>Fertelle dast skiede wolst It kin dreech w\u00eaze om oan dyn partner oan te jaan datst skiede wolst. Hoe begjinst sa\u2019n petear? Miskien hawwe jim it der alris earder oer h\u00e2n, mar miskien ek net. It is yn alle gefallen wichtich om it r\u00eastich oan te dwaan. Nei it earste petear oer de skieding moat der in soad regele wurde, dus goed prate is wichtich. Mei \u00fbndersteande fiif tips kinst it petear oer de skieding oangean. Fiif tips om it petear mei je (eks)partner oan te gean Meitsje gen\u00f4ch tiid foar it petear en jou dat ek by de oar oan. Praat oer dyn gefoel, net oer wat de oar \u2018 ferkeard \u2019 docht. W\u00eas earlik. D\u00ear ha jim beide it measte oan. Harkje nei elkoar, ek ast it net mei elkoar iens bist. Besykje inoar echt te begripen, stel fragen.<\/p>\n","protected":false},"author":2,"featured_media":1684,"parent":1799,"menu_order":9,"comment_status":"closed","ping_status":"closed","template":"","meta":{"_acf_changed":false,"inline_featured_image":false,"footnotes":""},"class_list":["post-1801","page","type-page","status-publish","has-post-thumbnail","hentry"],"acf":[],"yoast_head":"<!-- This site is optimized with the Yoast SEO plugin v27.3 - https:\/\/yoast.com\/product\/yoast-seo-wordpress\/ -->\n<title>Kommunisearje tidens skieding - Scheiden in Friesland<\/title>\n<meta name=\"description\" content=\"Hoe kommunisearje je tidens in skieding. Wat seist en w\u00earoer fertelst? Scheiden in Friesland jout in oantal wichtige tips.\" \/>\n<meta name=\"robots\" content=\"index, follow, max-snippet:-1, max-image-preview:large, max-video-preview:-1\" \/>\n<link rel=\"canonical\" href=\"https:\/\/scheideninfriesland.nl\/fy-nl\/eks-partners\/sa-kinst-omgean-mei-in-skieding\/it-petear-oangean-bliuwe-mei-dyn-ekspartner\/\" \/>\n<meta property=\"og:locale\" content=\"en_US\" \/>\n<meta property=\"og:type\" content=\"article\" \/>\n<meta property=\"og:title\" content=\"Kommunisearje tidens skieding - Scheiden in Friesland\" \/>\n<meta property=\"og:description\" content=\"Hoe kommunisearje je tidens in skieding. Wat seist en w\u00earoer fertelst? Scheiden in Friesland jout in oantal wichtige tips.\" \/>\n<meta property=\"og:url\" content=\"https:\/\/scheideninfriesland.nl\/fy-nl\/eks-partners\/sa-kinst-omgean-mei-in-skieding\/it-petear-oangean-bliuwe-mei-dyn-ekspartner\/\" \/>\n<meta property=\"og:site_name\" content=\"Scheiden in Friesland\" \/>\n<meta property=\"article:modified_time\" content=\"2022-02-24T12:21:27+00:00\" \/>\n<meta name=\"twitter:card\" content=\"summary_large_image\" \/>\n<meta name=\"twitter:label1\" content=\"Est. reading time\" \/>\n\t<meta name=\"twitter:data1\" content=\"3 minutes\" \/>\n<script type=\"application\/ld+json\" class=\"yoast-schema-graph\">{\"@context\":\"https:\\\/\\\/schema.org\",\"@graph\":[{\"@type\":\"WebPage\",\"@id\":\"https:\\\/\\\/scheideninfriesland.nl\\\/fy-nl\\\/eks-partners\\\/sa-kinst-omgean-mei-in-skieding\\\/it-petear-oangean-bliuwe-mei-dyn-ekspartner\\\/\",\"url\":\"https:\\\/\\\/scheideninfriesland.nl\\\/fy-nl\\\/eks-partners\\\/sa-kinst-omgean-mei-in-skieding\\\/it-petear-oangean-bliuwe-mei-dyn-ekspartner\\\/\",\"name\":\"Kommunisearje tidens skieding - Scheiden in Friesland\",\"isPartOf\":{\"@id\":\"https:\\\/\\\/scheideninfriesland.nl\\\/fy-nl\\\/#website\"},\"primaryImageOfPage\":{\"@id\":\"https:\\\/\\\/scheideninfriesland.nl\\\/fy-nl\\\/eks-partners\\\/sa-kinst-omgean-mei-in-skieding\\\/it-petear-oangean-bliuwe-mei-dyn-ekspartner\\\/#primaryimage\"},\"image\":{\"@id\":\"https:\\\/\\\/scheideninfriesland.nl\\\/fy-nl\\\/eks-partners\\\/sa-kinst-omgean-mei-in-skieding\\\/it-petear-oangean-bliuwe-mei-dyn-ekspartner\\\/#primaryimage\"},\"thumbnailUrl\":\"https:\\\/\\\/scheideninfriesland.nl\\\/wp-content\\\/uploads\\\/2021\\\/09\\\/omgaan_met_emoties.svg\",\"datePublished\":\"2021-12-27T12:12:50+00:00\",\"dateModified\":\"2022-02-24T12:21:27+00:00\",\"description\":\"Hoe kommunisearje je tidens in skieding. Wat seist en w\u00earoer fertelst? Scheiden in Friesland jout in oantal wichtige tips.\",\"breadcrumb\":{\"@id\":\"https:\\\/\\\/scheideninfriesland.nl\\\/fy-nl\\\/eks-partners\\\/sa-kinst-omgean-mei-in-skieding\\\/it-petear-oangean-bliuwe-mei-dyn-ekspartner\\\/#breadcrumb\"},\"inLanguage\":\"fy\",\"potentialAction\":[{\"@type\":\"ReadAction\",\"target\":[\"https:\\\/\\\/scheideninfriesland.nl\\\/fy-nl\\\/eks-partners\\\/sa-kinst-omgean-mei-in-skieding\\\/it-petear-oangean-bliuwe-mei-dyn-ekspartner\\\/\"]}]},{\"@type\":\"ImageObject\",\"inLanguage\":\"fy\",\"@id\":\"https:\\\/\\\/scheideninfriesland.nl\\\/fy-nl\\\/eks-partners\\\/sa-kinst-omgean-mei-in-skieding\\\/it-petear-oangean-bliuwe-mei-dyn-ekspartner\\\/#primaryimage\",\"url\":\"https:\\\/\\\/scheideninfriesland.nl\\\/wp-content\\\/uploads\\\/2021\\\/09\\\/omgaan_met_emoties.svg\",\"contentUrl\":\"https:\\\/\\\/scheideninfriesland.nl\\\/wp-content\\\/uploads\\\/2021\\\/09\\\/omgaan_met_emoties.svg\",\"caption\":\"eks-partners skieding regelje\"},{\"@type\":\"BreadcrumbList\",\"@id\":\"https:\\\/\\\/scheideninfriesland.nl\\\/fy-nl\\\/eks-partners\\\/sa-kinst-omgean-mei-in-skieding\\\/it-petear-oangean-bliuwe-mei-dyn-ekspartner\\\/#breadcrumb\",\"itemListElement\":[{\"@type\":\"ListItem\",\"position\":1,\"name\":\"Home\",\"item\":\"https:\\\/\\\/scheideninfriesland.nl\\\/fy-nl\\\/\"},{\"@type\":\"ListItem\",\"position\":2,\"name\":\"Fyn de goede ynformaasje \u00e9n help by in skieding yn Frysl\u00e2n\",\"item\":\"https:\\\/\\\/scheideninfriesland.nl\\\/fy-nl\\\/eks-partners\\\/\"},{\"@type\":\"ListItem\",\"position\":3,\"name\":\"Sa kinst omgean mei in skieding\",\"item\":\"https:\\\/\\\/scheideninfriesland.nl\\\/fy-nl\\\/eks-partners\\\/sa-kinst-omgean-mei-in-skieding\\\/\"},{\"@type\":\"ListItem\",\"position\":4,\"name\":\"It petear oangean (bliuwe) mei dyn (eks)partner\"}]},{\"@type\":\"WebSite\",\"@id\":\"https:\\\/\\\/scheideninfriesland.nl\\\/fy-nl\\\/#website\",\"url\":\"https:\\\/\\\/scheideninfriesland.nl\\\/fy-nl\\\/\",\"name\":\"Scheiden in Friesland\",\"description\":\"\",\"publisher\":{\"@id\":\"https:\\\/\\\/scheideninfriesland.nl\\\/fy-nl\\\/#organization\"},\"potentialAction\":[{\"@type\":\"SearchAction\",\"target\":{\"@type\":\"EntryPoint\",\"urlTemplate\":\"https:\\\/\\\/scheideninfriesland.nl\\\/fy-nl\\\/?s={search_term_string}\"},\"query-input\":{\"@type\":\"PropertyValueSpecification\",\"valueRequired\":true,\"valueName\":\"search_term_string\"}}],\"inLanguage\":\"fy\"},{\"@type\":\"Organization\",\"@id\":\"https:\\\/\\\/scheideninfriesland.nl\\\/fy-nl\\\/#organization\",\"name\":\"scheideninfriesland.nl\",\"url\":\"https:\\\/\\\/scheideninfriesland.nl\\\/fy-nl\\\/\",\"logo\":{\"@type\":\"ImageObject\",\"inLanguage\":\"fy\",\"@id\":\"https:\\\/\\\/scheideninfriesland.nl\\\/fy-nl\\\/#\\\/schema\\\/logo\\\/image\\\/\",\"url\":\"http:\\\/\\\/scheideninfriesland.nl\\\/wp-content\\\/uploads\\\/2021\\\/09\\\/9c86687c-2e5d-bc5b-1e71-48e00398a394-e1632209763466.jpg\",\"contentUrl\":\"http:\\\/\\\/scheideninfriesland.nl\\\/wp-content\\\/uploads\\\/2021\\\/09\\\/9c86687c-2e5d-bc5b-1e71-48e00398a394-e1632209763466.jpg\",\"width\":894,\"height\":381,\"caption\":\"scheideninfriesland.nl\"},\"image\":{\"@id\":\"https:\\\/\\\/scheideninfriesland.nl\\\/fy-nl\\\/#\\\/schema\\\/logo\\\/image\\\/\"}}]}<\/script>\n<!-- \/ Yoast SEO plugin. -->","yoast_head_json":{"title":"Kommunisearje tidens skieding - Scheiden in Friesland","description":"Hoe kommunisearje je tidens in skieding. Wat seist en w\u00earoer fertelst? Scheiden in Friesland jout in oantal wichtige tips.","robots":{"index":"index","follow":"follow","max-snippet":"max-snippet:-1","max-image-preview":"max-image-preview:large","max-video-preview":"max-video-preview:-1"},"canonical":"https:\/\/scheideninfriesland.nl\/fy-nl\/eks-partners\/sa-kinst-omgean-mei-in-skieding\/it-petear-oangean-bliuwe-mei-dyn-ekspartner\/","og_locale":"en_US","og_type":"article","og_title":"Kommunisearje tidens skieding - Scheiden in Friesland","og_description":"Hoe kommunisearje je tidens in skieding. Wat seist en w\u00earoer fertelst? Scheiden in Friesland jout in oantal wichtige tips.","og_url":"https:\/\/scheideninfriesland.nl\/fy-nl\/eks-partners\/sa-kinst-omgean-mei-in-skieding\/it-petear-oangean-bliuwe-mei-dyn-ekspartner\/","og_site_name":"Scheiden in Friesland","article_modified_time":"2022-02-24T12:21:27+00:00","twitter_card":"summary_large_image","twitter_misc":{"Est. reading time":"3 minutes"},"schema":{"@context":"https:\/\/schema.org","@graph":[{"@type":"WebPage","@id":"https:\/\/scheideninfriesland.nl\/fy-nl\/eks-partners\/sa-kinst-omgean-mei-in-skieding\/it-petear-oangean-bliuwe-mei-dyn-ekspartner\/","url":"https:\/\/scheideninfriesland.nl\/fy-nl\/eks-partners\/sa-kinst-omgean-mei-in-skieding\/it-petear-oangean-bliuwe-mei-dyn-ekspartner\/","name":"Kommunisearje tidens skieding - Scheiden in Friesland","isPartOf":{"@id":"https:\/\/scheideninfriesland.nl\/fy-nl\/#website"},"primaryImageOfPage":{"@id":"https:\/\/scheideninfriesland.nl\/fy-nl\/eks-partners\/sa-kinst-omgean-mei-in-skieding\/it-petear-oangean-bliuwe-mei-dyn-ekspartner\/#primaryimage"},"image":{"@id":"https:\/\/scheideninfriesland.nl\/fy-nl\/eks-partners\/sa-kinst-omgean-mei-in-skieding\/it-petear-oangean-bliuwe-mei-dyn-ekspartner\/#primaryimage"},"thumbnailUrl":"https:\/\/scheideninfriesland.nl\/wp-content\/uploads\/2021\/09\/omgaan_met_emoties.svg","datePublished":"2021-12-27T12:12:50+00:00","dateModified":"2022-02-24T12:21:27+00:00","description":"Hoe kommunisearje je tidens in skieding. Wat seist en w\u00earoer fertelst? Scheiden in Friesland jout in oantal wichtige tips.","breadcrumb":{"@id":"https:\/\/scheideninfriesland.nl\/fy-nl\/eks-partners\/sa-kinst-omgean-mei-in-skieding\/it-petear-oangean-bliuwe-mei-dyn-ekspartner\/#breadcrumb"},"inLanguage":"fy","potentialAction":[{"@type":"ReadAction","target":["https:\/\/scheideninfriesland.nl\/fy-nl\/eks-partners\/sa-kinst-omgean-mei-in-skieding\/it-petear-oangean-bliuwe-mei-dyn-ekspartner\/"]}]},{"@type":"ImageObject","inLanguage":"fy","@id":"https:\/\/scheideninfriesland.nl\/fy-nl\/eks-partners\/sa-kinst-omgean-mei-in-skieding\/it-petear-oangean-bliuwe-mei-dyn-ekspartner\/#primaryimage","url":"https:\/\/scheideninfriesland.nl\/wp-content\/uploads\/2021\/09\/omgaan_met_emoties.svg","contentUrl":"https:\/\/scheideninfriesland.nl\/wp-content\/uploads\/2021\/09\/omgaan_met_emoties.svg","caption":"eks-partners skieding regelje"},{"@type":"BreadcrumbList","@id":"https:\/\/scheideninfriesland.nl\/fy-nl\/eks-partners\/sa-kinst-omgean-mei-in-skieding\/it-petear-oangean-bliuwe-mei-dyn-ekspartner\/#breadcrumb","itemListElement":[{"@type":"ListItem","position":1,"name":"Home","item":"https:\/\/scheideninfriesland.nl\/fy-nl\/"},{"@type":"ListItem","position":2,"name":"Fyn de goede ynformaasje \u00e9n help by in skieding yn Frysl\u00e2n","item":"https:\/\/scheideninfriesland.nl\/fy-nl\/eks-partners\/"},{"@type":"ListItem","position":3,"name":"Sa kinst omgean mei in skieding","item":"https:\/\/scheideninfriesland.nl\/fy-nl\/eks-partners\/sa-kinst-omgean-mei-in-skieding\/"},{"@type":"ListItem","position":4,"name":"It petear oangean (bliuwe) mei dyn (eks)partner"}]},{"@type":"WebSite","@id":"https:\/\/scheideninfriesland.nl\/fy-nl\/#website","url":"https:\/\/scheideninfriesland.nl\/fy-nl\/","name":"Scheiden in Friesland","description":"","publisher":{"@id":"https:\/\/scheideninfriesland.nl\/fy-nl\/#organization"},"potentialAction":[{"@type":"SearchAction","target":{"@type":"EntryPoint","urlTemplate":"https:\/\/scheideninfriesland.nl\/fy-nl\/?s={search_term_string}"},"query-input":{"@type":"PropertyValueSpecification","valueRequired":true,"valueName":"search_term_string"}}],"inLanguage":"fy"},{"@type":"Organization","@id":"https:\/\/scheideninfriesland.nl\/fy-nl\/#organization","name":"scheideninfriesland.nl","url":"https:\/\/scheideninfriesland.nl\/fy-nl\/","logo":{"@type":"ImageObject","inLanguage":"fy","@id":"https:\/\/scheideninfriesland.nl\/fy-nl\/#\/schema\/logo\/image\/","url":"http:\/\/scheideninfriesland.nl\/wp-content\/uploads\/2021\/09\/9c86687c-2e5d-bc5b-1e71-48e00398a394-e1632209763466.jpg","contentUrl":"http:\/\/scheideninfriesland.nl\/wp-content\/uploads\/2021\/09\/9c86687c-2e5d-bc5b-1e71-48e00398a394-e1632209763466.jpg","width":894,"height":381,"caption":"scheideninfriesland.nl"},"image":{"@id":"https:\/\/scheideninfriesland.nl\/fy-nl\/#\/schema\/logo\/image\/"}}]}},"_links":{"self":[{"href":"https:\/\/scheideninfriesland.nl\/fy-nl\/wp-json\/wp\/v2\/pages\/1801","targetHints":{"allow":["GET"]}}],"collection":[{"href":"https:\/\/scheideninfriesland.nl\/fy-nl\/wp-json\/wp\/v2\/pages"}],"about":[{"href":"https:\/\/scheideninfriesland.nl\/fy-nl\/wp-json\/wp\/v2\/types\/page"}],"author":[{"embeddable":true,"href":"https:\/\/scheideninfriesland.nl\/fy-nl\/wp-json\/wp\/v2\/users\/2"}],"replies":[{"embeddable":true,"href":"https:\/\/scheideninfriesland.nl\/fy-nl\/wp-json\/wp\/v2\/comments?post=1801"}],"version-history":[{"count":3,"href":"https:\/\/scheideninfriesland.nl\/fy-nl\/wp-json\/wp\/v2\/pages\/1801\/revisions"}],"predecessor-version":[{"id":2078,"href":"https:\/\/scheideninfriesland.nl\/fy-nl\/wp-json\/wp\/v2\/pages\/1801\/revisions\/2078"}],"up":[{"embeddable":true,"href":"https:\/\/scheideninfriesland.nl\/fy-nl\/wp-json\/wp\/v2\/pages\/1799"}],"wp:featuredmedia":[{"embeddable":true,"href":"https:\/\/scheideninfriesland.nl\/fy-nl\/wp-json\/wp\/v2\/media\/1684"}],"wp:attachment":[{"href":"https:\/\/scheideninfriesland.nl\/fy-nl\/wp-json\/wp\/v2\/media?parent=1801"}],"curies":[{"name":"wp","href":"https:\/\/api.w.org\/{rel}","templated":true}]}}