{"id":1803,"date":"2021-12-27T13:28:04","date_gmt":"2021-12-27T13:28:04","guid":{"rendered":"http:\/\/scheideninfriesland.nl\/banksaken-regelje-by-in-skieding\/"},"modified":"2022-02-24T12:43:10","modified_gmt":"2022-02-24T12:43:10","slug":"banksaken-regelje-by-in-skieding","status":"publish","type":"page","link":"https:\/\/scheideninfriesland.nl\/fy-nl\/eks-partners\/skieding-regeljen\/jildsaken\/banksaken-regelje-by-in-skieding\/","title":{"rendered":"Banksaken regelje by in skieding"},"content":{"rendered":"\n<div class=\"wp-block-columns is-layout-flex wp-container-core-columns-is-layout-9d6595d7 wp-block-columns-is-layout-flex\">\n<div class=\"wp-block-column is-layout-flow wp-block-column-is-layout-flow\" style=\"flex-basis:66.66%\">\n<h3 class=\"wp-block-heading\">Rekkens ferdiele  <\/h3>\n\n\n\n<p>As jim ien of mear mienskiplike rekkens hawwe, is it belangryk om d\u00earby stil te stean by de skieding. Oer it algemien binne der twa opsjes as jimme mei-inoar in betelle -, spar -, of belizzingsrekken hawwe. Jim kinne de rekken(en) oersette nei ien fan jimme, of de rekken(en) opsizze (en eventueel in nije iepenje).  <\/p>\n\n\n\n<p>As ien fan jimme de rekken h\u00e2ldt, is it belangryk datst de automatyske ynkasso&#8217;s delrinst. Eventueel kinst in oantal stopsette of oersette op in oare rekken. It is ek wichtich om de ynlochgegevens fan it ynternetbankierjen te feroarjen, sadat allinnich dejinge fan wa&#8217;t de rekken is, ynlogge kin. <\/p>\n\n\n\n<h3 class=\"wp-block-heading\">Creditcard<\/h3>\n\n\n\n<p>Ha jim tegearre in creditcard? Dan is de maklikste opsje om dy op te sizzen en sels in nije oan te skaffen. Ha jimme tegearre in creditcard, mar stiet der mar ien fan jim nammen derop? Dan kin dejinge w\u00earfan de namme derop stiet de creditcard h\u00e2lde, of it moast w\u00eaze dat der fansels wat oars \u00f4fpraat wurdt. <\/p>\n\n\n\n<h3 class=\"wp-block-heading\">Hypotheek en oare lieningen  <\/h3>\n\n\n\n<p>By in skieding is it ek wichtich om \u00f4fspraken te meitsjen oer lieningen. Sa hawwe jim faaks wol mei-inoar in h\u00fbs kocht mei in hypoteek, of binne der oare mienskiplike lieningen. Ynformaasje oer de hypoteek by in skieding fynst op \u00fas side oer wenjen.<\/p>\n\n\n\n \n\n<div id=\"block_6135381cc2cff\" data-block-name=\"buttons\" class=\" align \">\n\n    <div class=\"wrap layout-row align-start\">\n         <a href=\"http:\/\/scheideninfriesland.nl\/fy-nl\/eks-partners\/skieding-regeljen\/ofspraken-oer-de-wenning-by-in-skieding\/\" target=\"\" class=\"btn  btn-secondary\">\n        Wenning ferdiele by in skieding        <i class=\"fas fa-arrow-right\" aria-hidden=\"true\"><\/i>    <\/a>\n        <\/div>\n   \n<\/div> \n\n\n\n\n\n<div style=\"height:40px\" aria-hidden=\"true\" class=\"wp-block-spacer\"><\/div>\n\n\n\n<p>Neist de hypoteek hawwe jim miskien wol oare lieningen. Tink bygelyks oan in liening foar in ferbouwing, keapje op \u00f4fbetelling fan bygelyks webshops of it leasen fan guod. Mar ek read stean falt \u00fbnder lieningen. Gean de lieningen bydel en sjoch wa&#8217;t w\u00ear ferantwurdlik foar is. <\/p>\n<\/div>\n\n\n\n<div class=\"wp-block-column is-layout-flow wp-block-column-is-layout-flow\" style=\"flex-basis:33.33%\"><\/div>\n<\/div>\n\n\n\n\n<div id=\"block_6135355482a9f\" data-block-name=\"doorverwijzingen\" class=\"alignfull \">\n    <div class=\"intro\">\n        <h2> Besjoch de ynformaasje per bank<\/h2>\n        <div class=\"text\">\n            <p>Om dyn banksaken goed te regeljen, is it handich om op de webside fan dyn bank te sjen. Guon banken hawwe sels in aparte side mei ynformaasje oer de banksaken om de skieding hinne:<\/p>\n        <\/div>\n    <\/div>\n\n    <div class=\"posts\">\n                <div class=\"post\">\n\n            <svg class=\"circles\" xmlns=\"http:\/\/www.w3.org\/2000\/svg\" viewBox=\"0 0 73.483 66.817\">\n                <g transform=\"translate(-8.569 -6.42)\" fill=\"red\">\n                    <circle r=\"20.58\" cy=\"52.657\" cx=\"29.148\" \/>\n                    <circle r=\"6.949\" cy=\"13.369\" cx=\"48.638\" \/>\n                    <circle r=\"11.76\" cy=\"32.874\" cx=\"70.292\" \/>\n                <\/g>\n            <\/svg>\n\n            <a href=\"https:\/\/www.abnamro.nl\/nl\/prive\/themas\/scheiden\/index.html \" target=\"_blank\">\n                <div class=\"text\">\n                    <h6 class=\"title\">ABN AMRO<\/h6>\n                    <div><\/div>\n                    <span class=\"link\">\n                        <div class=\"inner\">\n                            <div class=\"meer\">L\u00eas mear<\/div>\n                            <i class=\"fa fa-arrow-right\"><\/i>\n                        <\/div>\n                    <\/span>\n                <\/div>\n            <\/a>\n\n        <\/div>\n                <div class=\"post\">\n\n            <svg class=\"circles\" xmlns=\"http:\/\/www.w3.org\/2000\/svg\" viewBox=\"0 0 73.483 66.817\">\n                <g transform=\"translate(-8.569 -6.42)\" fill=\"red\">\n                    <circle r=\"20.58\" cy=\"52.657\" cx=\"29.148\" \/>\n                    <circle r=\"6.949\" cy=\"13.369\" cx=\"48.638\" \/>\n                    <circle r=\"11.76\" cy=\"32.874\" cx=\"70.292\" \/>\n                <\/g>\n            <\/svg>\n\n            <a href=\"https:\/\/www.snsbank.nl\/particulier\/service\/scheiden\/checklist.html  \" target=\"_blank\">\n                <div class=\"text\">\n                    <h6 class=\"title\">SNS<\/h6>\n                    <div><\/div>\n                    <span class=\"link\">\n                        <div class=\"inner\">\n                            <div class=\"meer\">L\u00eas mear<\/div>\n                            <i class=\"fa fa-arrow-right\"><\/i>\n                        <\/div>\n                    <\/span>\n                <\/div>\n            <\/a>\n\n        <\/div>\n                <div class=\"post\">\n\n            <svg class=\"circles\" xmlns=\"http:\/\/www.w3.org\/2000\/svg\" viewBox=\"0 0 73.483 66.817\">\n                <g transform=\"translate(-8.569 -6.42)\" fill=\"red\">\n                    <circle r=\"20.58\" cy=\"52.657\" cx=\"29.148\" \/>\n                    <circle r=\"6.949\" cy=\"13.369\" cx=\"48.638\" \/>\n                    <circle r=\"11.76\" cy=\"32.874\" cx=\"70.292\" \/>\n                <\/g>\n            <\/svg>\n\n            <a href=\"https:\/\/www.rabobank.nl\/particulieren\/uit-elkaar-gaan  \" target=\"_blank\">\n                <div class=\"text\">\n                    <h6 class=\"title\">Rabobank<\/h6>\n                    <div><\/div>\n                    <span class=\"link\">\n                        <div class=\"inner\">\n                            <div class=\"meer\">L\u00eas mear<\/div>\n                            <i class=\"fa fa-arrow-right\"><\/i>\n                        <\/div>\n                    <\/span>\n                <\/div>\n            <\/a>\n\n        <\/div>\n                <div class=\"post\">\n\n            <svg class=\"circles\" xmlns=\"http:\/\/www.w3.org\/2000\/svg\" viewBox=\"0 0 73.483 66.817\">\n                <g transform=\"translate(-8.569 -6.42)\" fill=\"red\">\n                    <circle r=\"20.58\" cy=\"52.657\" cx=\"29.148\" \/>\n                    <circle r=\"6.949\" cy=\"13.369\" cx=\"48.638\" \/>\n                    <circle r=\"11.76\" cy=\"32.874\" cx=\"70.292\" \/>\n                <\/g>\n            <\/svg>\n\n            <a href=\"https:\/\/www.ing.nl\/particulier\/klantenservice\/gegevens-wijzigen\/scheiden-of-uit-elkaar-gaan\/wat-komt-er-kijken-bij-een-scheiding\/index.html \" target=\"_blank\">\n                <div class=\"text\">\n                    <h6 class=\"title\">ING<\/h6>\n                    <div><\/div>\n                    <span class=\"link\">\n                        <div class=\"inner\">\n                            <div class=\"meer\">L\u00eas mear<\/div>\n                            <i class=\"fa fa-arrow-right\"><\/i>\n                        <\/div>\n                    <\/span>\n                <\/div>\n            <\/a>\n\n        <\/div>\n            <\/div>\n\n<\/div>\n\n\n<div class=\"wp-block-columns is-layout-flex wp-container-core-columns-is-layout-9d6595d7 wp-block-columns-is-layout-flex\">\n<div class=\"wp-block-column is-layout-flow wp-block-column-is-layout-flow\" style=\"flex-basis:66.66%\">\n<p>Neist boppesteande banksaken binne der ek noch oare finansjele saken dy&#8217;tst regelje kinst (of moatst). In oersjoch fan de belangrykste saken fynst op \u00fas side mei fin\u00e2nsjes. <\/p>\n\n\n\n \n\n<div id=\"block_613538ebc2d01\" data-block-name=\"buttons\" class=\" align \">\n\n    <div class=\"wrap layout-row align-start\">\n         <a href=\"http:\/\/scheideninfriesland.nl\/fy-nl\/eks-partners\/skieding-regeljen\/jildsaken\/\" target=\"\" class=\"btn  btn-secondary\">\n        Fin\u00e2nsjes regelje by in skieding        <i class=\"fas fa-external-link-alt\" aria-hidden=\"true\"><\/i>    <\/a>\n        <\/div>\n   \n<\/div> \n\n\n<\/div>\n\n\n\n<div class=\"wp-block-column is-layout-flow wp-block-column-is-layout-flow\" style=\"flex-basis:33.33%\"><\/div>\n<\/div>\n","protected":false},"excerpt":{"rendered":"<p>Rekkens ferdiele As jim ien of mear mienskiplike rekkens hawwe, is it belangryk om d\u00earby stil te stean by de skieding. Oer it algemien binne der twa opsjes as jimme mei-inoar in betelle -, spar -, of belizzingsrekken hawwe. Jim kinne de rekken(en) oersette nei ien fan jimme, of de rekken(en) opsizze (en eventueel in nije iepenje). As ien fan jimme de rekken h\u00e2ldt, is it belangryk datst de automatyske ynkasso&#8217;s delrinst. Eventueel kinst in oantal stopsette of oersette op in oare rekken. It is ek wichtich om de ynlochgegevens fan it ynternetbankierjen te feroarjen, sadat allinnich dejinge fan wa&#8217;t de rekken is, ynlogge kin. Creditcard Ha jim tegearre in creditcard? Dan is de maklikste opsje om dy op te sizzen en sels in nije oan te skaffen. Ha jimme tegearre in creditcard, mar stiet der mar ien fan jim nammen derop? Dan kin dejinge w\u00earfan de namme derop stiet de creditcard h\u00e2lde, of it moast w\u00eaze dat der fansels wat oars \u00f4fpraat wurdt. Hypotheek en oare lieningen By in skieding is it ek wichtich om \u00f4fspraken te meitsjen oer lieningen. Sa hawwe jim faaks wol mei-inoar in h\u00fbs kocht mei in hypoteek, of binne der oare mienskiplike lieningen.<\/p>\n","protected":false},"author":2,"featured_media":1674,"parent":1957,"menu_order":0,"comment_status":"closed","ping_status":"closed","template":"","meta":{"_acf_changed":false,"inline_featured_image":false,"footnotes":""},"class_list":["post-1803","page","type-page","status-publish","has-post-thumbnail","hentry"],"acf":[],"yoast_head":"<!-- This site is optimized with the Yoast SEO plugin v27.3 - https:\/\/yoast.com\/product\/yoast-seo-wordpress\/ -->\n<title>Banksaken regelje by in skieding - Scheiden in Friesland<\/title>\n<meta name=\"description\" content=\"Banksaken regelje is wichtich by in skieding. Mar w\u00ear moatst krekt rekken mei h\u00e2lde?\" \/>\n<meta name=\"robots\" content=\"index, follow, max-snippet:-1, max-image-preview:large, max-video-preview:-1\" \/>\n<link rel=\"canonical\" href=\"https:\/\/scheideninfriesland.nl\/fy-nl\/eks-partners\/skieding-regeljen\/jildsaken\/banksaken-regelje-by-in-skieding\/\" \/>\n<meta property=\"og:locale\" content=\"en_US\" \/>\n<meta property=\"og:type\" content=\"article\" \/>\n<meta property=\"og:title\" content=\"Banksaken regelje by in skieding - Scheiden in Friesland\" \/>\n<meta property=\"og:description\" content=\"Banksaken regelje is wichtich by in skieding. Mar w\u00ear moatst krekt rekken mei h\u00e2lde?\" \/>\n<meta property=\"og:url\" content=\"https:\/\/scheideninfriesland.nl\/fy-nl\/eks-partners\/skieding-regeljen\/jildsaken\/banksaken-regelje-by-in-skieding\/\" \/>\n<meta property=\"og:site_name\" content=\"Scheiden in Friesland\" \/>\n<meta property=\"article:modified_time\" content=\"2022-02-24T12:43:10+00:00\" \/>\n<meta name=\"twitter:card\" content=\"summary_large_image\" \/>\n<meta name=\"twitter:label1\" content=\"Est. reading time\" \/>\n\t<meta name=\"twitter:data1\" content=\"2 minutes\" \/>\n<script type=\"application\/ld+json\" class=\"yoast-schema-graph\">{\"@context\":\"https:\\\/\\\/schema.org\",\"@graph\":[{\"@type\":\"WebPage\",\"@id\":\"https:\\\/\\\/scheideninfriesland.nl\\\/fy-nl\\\/eks-partners\\\/skieding-regeljen\\\/jildsaken\\\/banksaken-regelje-by-in-skieding\\\/\",\"url\":\"https:\\\/\\\/scheideninfriesland.nl\\\/fy-nl\\\/eks-partners\\\/skieding-regeljen\\\/jildsaken\\\/banksaken-regelje-by-in-skieding\\\/\",\"name\":\"Banksaken regelje by in skieding - Scheiden in Friesland\",\"isPartOf\":{\"@id\":\"https:\\\/\\\/scheideninfriesland.nl\\\/fy-nl\\\/#website\"},\"primaryImageOfPage\":{\"@id\":\"https:\\\/\\\/scheideninfriesland.nl\\\/fy-nl\\\/eks-partners\\\/skieding-regeljen\\\/jildsaken\\\/banksaken-regelje-by-in-skieding\\\/#primaryimage\"},\"image\":{\"@id\":\"https:\\\/\\\/scheideninfriesland.nl\\\/fy-nl\\\/eks-partners\\\/skieding-regeljen\\\/jildsaken\\\/banksaken-regelje-by-in-skieding\\\/#primaryimage\"},\"thumbnailUrl\":\"https:\\\/\\\/scheideninfriesland.nl\\\/wp-content\\\/uploads\\\/2021\\\/09\\\/financien_regelen.svg\",\"datePublished\":\"2021-12-27T13:28:04+00:00\",\"dateModified\":\"2022-02-24T12:43:10+00:00\",\"description\":\"Banksaken regelje is wichtich by in skieding. Mar w\u00ear moatst krekt rekken mei h\u00e2lde?\",\"breadcrumb\":{\"@id\":\"https:\\\/\\\/scheideninfriesland.nl\\\/fy-nl\\\/eks-partners\\\/skieding-regeljen\\\/jildsaken\\\/banksaken-regelje-by-in-skieding\\\/#breadcrumb\"},\"inLanguage\":\"fy\",\"potentialAction\":[{\"@type\":\"ReadAction\",\"target\":[\"https:\\\/\\\/scheideninfriesland.nl\\\/fy-nl\\\/eks-partners\\\/skieding-regeljen\\\/jildsaken\\\/banksaken-regelje-by-in-skieding\\\/\"]}]},{\"@type\":\"ImageObject\",\"inLanguage\":\"fy\",\"@id\":\"https:\\\/\\\/scheideninfriesland.nl\\\/fy-nl\\\/eks-partners\\\/skieding-regeljen\\\/jildsaken\\\/banksaken-regelje-by-in-skieding\\\/#primaryimage\",\"url\":\"https:\\\/\\\/scheideninfriesland.nl\\\/wp-content\\\/uploads\\\/2021\\\/09\\\/financien_regelen.svg\",\"contentUrl\":\"https:\\\/\\\/scheideninfriesland.nl\\\/wp-content\\\/uploads\\\/2021\\\/09\\\/financien_regelen.svg\",\"caption\":\"man regelt financi\u00ebn\"},{\"@type\":\"BreadcrumbList\",\"@id\":\"https:\\\/\\\/scheideninfriesland.nl\\\/fy-nl\\\/eks-partners\\\/skieding-regeljen\\\/jildsaken\\\/banksaken-regelje-by-in-skieding\\\/#breadcrumb\",\"itemListElement\":[{\"@type\":\"ListItem\",\"position\":1,\"name\":\"Home\",\"item\":\"https:\\\/\\\/scheideninfriesland.nl\\\/fy-nl\\\/\"},{\"@type\":\"ListItem\",\"position\":2,\"name\":\"Fyn de goede ynformaasje \u00e9n help by in skieding yn Frysl\u00e2n\",\"item\":\"https:\\\/\\\/scheideninfriesland.nl\\\/fy-nl\\\/eks-partners\\\/\"},{\"@type\":\"ListItem\",\"position\":3,\"name\":\"Begjin mei it regeljen fan dyn skieding\",\"item\":\"https:\\\/\\\/scheideninfriesland.nl\\\/fy-nl\\\/eks-partners\\\/skieding-regeljen\\\/\"},{\"@type\":\"ListItem\",\"position\":4,\"name\":\"Finansjeel regelwurk en kosten by in skieding\",\"item\":\"https:\\\/\\\/scheideninfriesland.nl\\\/fy-nl\\\/eks-partners\\\/skieding-regeljen\\\/jildsaken\\\/\"},{\"@type\":\"ListItem\",\"position\":5,\"name\":\"Banksaken regelje by in skieding\"}]},{\"@type\":\"WebSite\",\"@id\":\"https:\\\/\\\/scheideninfriesland.nl\\\/fy-nl\\\/#website\",\"url\":\"https:\\\/\\\/scheideninfriesland.nl\\\/fy-nl\\\/\",\"name\":\"Scheiden in Friesland\",\"description\":\"\",\"publisher\":{\"@id\":\"https:\\\/\\\/scheideninfriesland.nl\\\/fy-nl\\\/#organization\"},\"potentialAction\":[{\"@type\":\"SearchAction\",\"target\":{\"@type\":\"EntryPoint\",\"urlTemplate\":\"https:\\\/\\\/scheideninfriesland.nl\\\/fy-nl\\\/?s={search_term_string}\"},\"query-input\":{\"@type\":\"PropertyValueSpecification\",\"valueRequired\":true,\"valueName\":\"search_term_string\"}}],\"inLanguage\":\"fy\"},{\"@type\":\"Organization\",\"@id\":\"https:\\\/\\\/scheideninfriesland.nl\\\/fy-nl\\\/#organization\",\"name\":\"scheideninfriesland.nl\",\"url\":\"https:\\\/\\\/scheideninfriesland.nl\\\/fy-nl\\\/\",\"logo\":{\"@type\":\"ImageObject\",\"inLanguage\":\"fy\",\"@id\":\"https:\\\/\\\/scheideninfriesland.nl\\\/fy-nl\\\/#\\\/schema\\\/logo\\\/image\\\/\",\"url\":\"http:\\\/\\\/scheideninfriesland.nl\\\/wp-content\\\/uploads\\\/2021\\\/09\\\/9c86687c-2e5d-bc5b-1e71-48e00398a394-e1632209763466.jpg\",\"contentUrl\":\"http:\\\/\\\/scheideninfriesland.nl\\\/wp-content\\\/uploads\\\/2021\\\/09\\\/9c86687c-2e5d-bc5b-1e71-48e00398a394-e1632209763466.jpg\",\"width\":894,\"height\":381,\"caption\":\"scheideninfriesland.nl\"},\"image\":{\"@id\":\"https:\\\/\\\/scheideninfriesland.nl\\\/fy-nl\\\/#\\\/schema\\\/logo\\\/image\\\/\"}}]}<\/script>\n<!-- \/ Yoast SEO plugin. -->","yoast_head_json":{"title":"Banksaken regelje by in skieding - Scheiden in Friesland","description":"Banksaken regelje is wichtich by in skieding. Mar w\u00ear moatst krekt rekken mei h\u00e2lde?","robots":{"index":"index","follow":"follow","max-snippet":"max-snippet:-1","max-image-preview":"max-image-preview:large","max-video-preview":"max-video-preview:-1"},"canonical":"https:\/\/scheideninfriesland.nl\/fy-nl\/eks-partners\/skieding-regeljen\/jildsaken\/banksaken-regelje-by-in-skieding\/","og_locale":"en_US","og_type":"article","og_title":"Banksaken regelje by in skieding - Scheiden in Friesland","og_description":"Banksaken regelje is wichtich by in skieding. Mar w\u00ear moatst krekt rekken mei h\u00e2lde?","og_url":"https:\/\/scheideninfriesland.nl\/fy-nl\/eks-partners\/skieding-regeljen\/jildsaken\/banksaken-regelje-by-in-skieding\/","og_site_name":"Scheiden in Friesland","article_modified_time":"2022-02-24T12:43:10+00:00","twitter_card":"summary_large_image","twitter_misc":{"Est. reading time":"2 minutes"},"schema":{"@context":"https:\/\/schema.org","@graph":[{"@type":"WebPage","@id":"https:\/\/scheideninfriesland.nl\/fy-nl\/eks-partners\/skieding-regeljen\/jildsaken\/banksaken-regelje-by-in-skieding\/","url":"https:\/\/scheideninfriesland.nl\/fy-nl\/eks-partners\/skieding-regeljen\/jildsaken\/banksaken-regelje-by-in-skieding\/","name":"Banksaken regelje by in skieding - Scheiden in Friesland","isPartOf":{"@id":"https:\/\/scheideninfriesland.nl\/fy-nl\/#website"},"primaryImageOfPage":{"@id":"https:\/\/scheideninfriesland.nl\/fy-nl\/eks-partners\/skieding-regeljen\/jildsaken\/banksaken-regelje-by-in-skieding\/#primaryimage"},"image":{"@id":"https:\/\/scheideninfriesland.nl\/fy-nl\/eks-partners\/skieding-regeljen\/jildsaken\/banksaken-regelje-by-in-skieding\/#primaryimage"},"thumbnailUrl":"https:\/\/scheideninfriesland.nl\/wp-content\/uploads\/2021\/09\/financien_regelen.svg","datePublished":"2021-12-27T13:28:04+00:00","dateModified":"2022-02-24T12:43:10+00:00","description":"Banksaken regelje is wichtich by in skieding. Mar w\u00ear moatst krekt rekken mei h\u00e2lde?","breadcrumb":{"@id":"https:\/\/scheideninfriesland.nl\/fy-nl\/eks-partners\/skieding-regeljen\/jildsaken\/banksaken-regelje-by-in-skieding\/#breadcrumb"},"inLanguage":"fy","potentialAction":[{"@type":"ReadAction","target":["https:\/\/scheideninfriesland.nl\/fy-nl\/eks-partners\/skieding-regeljen\/jildsaken\/banksaken-regelje-by-in-skieding\/"]}]},{"@type":"ImageObject","inLanguage":"fy","@id":"https:\/\/scheideninfriesland.nl\/fy-nl\/eks-partners\/skieding-regeljen\/jildsaken\/banksaken-regelje-by-in-skieding\/#primaryimage","url":"https:\/\/scheideninfriesland.nl\/wp-content\/uploads\/2021\/09\/financien_regelen.svg","contentUrl":"https:\/\/scheideninfriesland.nl\/wp-content\/uploads\/2021\/09\/financien_regelen.svg","caption":"man regelt financi\u00ebn"},{"@type":"BreadcrumbList","@id":"https:\/\/scheideninfriesland.nl\/fy-nl\/eks-partners\/skieding-regeljen\/jildsaken\/banksaken-regelje-by-in-skieding\/#breadcrumb","itemListElement":[{"@type":"ListItem","position":1,"name":"Home","item":"https:\/\/scheideninfriesland.nl\/fy-nl\/"},{"@type":"ListItem","position":2,"name":"Fyn de goede ynformaasje \u00e9n help by in skieding yn Frysl\u00e2n","item":"https:\/\/scheideninfriesland.nl\/fy-nl\/eks-partners\/"},{"@type":"ListItem","position":3,"name":"Begjin mei it regeljen fan dyn skieding","item":"https:\/\/scheideninfriesland.nl\/fy-nl\/eks-partners\/skieding-regeljen\/"},{"@type":"ListItem","position":4,"name":"Finansjeel regelwurk en kosten by in skieding","item":"https:\/\/scheideninfriesland.nl\/fy-nl\/eks-partners\/skieding-regeljen\/jildsaken\/"},{"@type":"ListItem","position":5,"name":"Banksaken regelje by in skieding"}]},{"@type":"WebSite","@id":"https:\/\/scheideninfriesland.nl\/fy-nl\/#website","url":"https:\/\/scheideninfriesland.nl\/fy-nl\/","name":"Scheiden in Friesland","description":"","publisher":{"@id":"https:\/\/scheideninfriesland.nl\/fy-nl\/#organization"},"potentialAction":[{"@type":"SearchAction","target":{"@type":"EntryPoint","urlTemplate":"https:\/\/scheideninfriesland.nl\/fy-nl\/?s={search_term_string}"},"query-input":{"@type":"PropertyValueSpecification","valueRequired":true,"valueName":"search_term_string"}}],"inLanguage":"fy"},{"@type":"Organization","@id":"https:\/\/scheideninfriesland.nl\/fy-nl\/#organization","name":"scheideninfriesland.nl","url":"https:\/\/scheideninfriesland.nl\/fy-nl\/","logo":{"@type":"ImageObject","inLanguage":"fy","@id":"https:\/\/scheideninfriesland.nl\/fy-nl\/#\/schema\/logo\/image\/","url":"http:\/\/scheideninfriesland.nl\/wp-content\/uploads\/2021\/09\/9c86687c-2e5d-bc5b-1e71-48e00398a394-e1632209763466.jpg","contentUrl":"http:\/\/scheideninfriesland.nl\/wp-content\/uploads\/2021\/09\/9c86687c-2e5d-bc5b-1e71-48e00398a394-e1632209763466.jpg","width":894,"height":381,"caption":"scheideninfriesland.nl"},"image":{"@id":"https:\/\/scheideninfriesland.nl\/fy-nl\/#\/schema\/logo\/image\/"}}]}},"_links":{"self":[{"href":"https:\/\/scheideninfriesland.nl\/fy-nl\/wp-json\/wp\/v2\/pages\/1803","targetHints":{"allow":["GET"]}}],"collection":[{"href":"https:\/\/scheideninfriesland.nl\/fy-nl\/wp-json\/wp\/v2\/pages"}],"about":[{"href":"https:\/\/scheideninfriesland.nl\/fy-nl\/wp-json\/wp\/v2\/types\/page"}],"author":[{"embeddable":true,"href":"https:\/\/scheideninfriesland.nl\/fy-nl\/wp-json\/wp\/v2\/users\/2"}],"replies":[{"embeddable":true,"href":"https:\/\/scheideninfriesland.nl\/fy-nl\/wp-json\/wp\/v2\/comments?post=1803"}],"version-history":[{"count":6,"href":"https:\/\/scheideninfriesland.nl\/fy-nl\/wp-json\/wp\/v2\/pages\/1803\/revisions"}],"predecessor-version":[{"id":2109,"href":"https:\/\/scheideninfriesland.nl\/fy-nl\/wp-json\/wp\/v2\/pages\/1803\/revisions\/2109"}],"up":[{"embeddable":true,"href":"https:\/\/scheideninfriesland.nl\/fy-nl\/wp-json\/wp\/v2\/pages\/1957"}],"wp:featuredmedia":[{"embeddable":true,"href":"https:\/\/scheideninfriesland.nl\/fy-nl\/wp-json\/wp\/v2\/media\/1674"}],"wp:attachment":[{"href":"https:\/\/scheideninfriesland.nl\/fy-nl\/wp-json\/wp\/v2\/media?parent=1803"}],"curies":[{"name":"wp","href":"https:\/\/api.w.org\/{rel}","templated":true}]}}