{"id":1805,"date":"2021-12-27T13:40:34","date_gmt":"2021-12-27T13:40:34","guid":{"rendered":"http:\/\/scheideninfriesland.nl\/belestingen-regelje-by-in-skieding\/"},"modified":"2022-02-24T12:43:18","modified_gmt":"2022-02-24T12:43:18","slug":"belestingen-regelje-by-in-skieding","status":"publish","type":"page","link":"https:\/\/scheideninfriesland.nl\/fy-nl\/eks-partners\/skieding-regeljen\/jildsaken\/belestingen-regelje-by-in-skieding\/","title":{"rendered":"Belestingen regelje by in skieding"},"content":{"rendered":"\n\n \n<div id=\"block_61351a061f159\"  data-block-name=\"kader\" class=\"alignfull blue\">\n\n    \n     \n\n<div class=\"wp-block-columns is-layout-flex wp-container-core-columns-is-layout-9d6595d7 wp-block-columns-is-layout-flex\">\n<div class=\"wp-block-column is-layout-flow wp-block-column-is-layout-flow\" style=\"flex-basis:100%\">\n<h2 class=\"wp-block-heading\">Wat moat ik regelje mei de belestingtsjinst  <\/h2>\n\n\n\n<p>Foar it regeljen fan dyn belestingen by skieden is it wichtich om saken op in rige te setten. De site fan de Belestingtsjinst kin hjirby helpe. Hja sette tema\u2019s lykas bernealimintaasje, partneralimintaasje en freegje oer belestingweromjefte oersichtlik op in rige. Se jouwe antwurd op fragen as:  <\/p>\n\n\n\n<ul class=\"wp-block-list\"><li>Kin ik aanst taslach krije?<\/li><li>Hoe regelje ik ko-\u00e2lderskip?<\/li><li>Wa betellet of krijt belesting werom? <\/li><\/ul>\n\n\n\n<p>Gean nei de webside fan de belestingtsjinst foar it antwurd op dy en alle oare fragen oangeande belestingen en skieden.<\/p>\n\n\n\n \n\n<div id=\"block_61351abf1f15b\" data-block-name=\"buttons\" class=\" align \">\n\n    <div class=\"wrap layout-row align-start\">\n         <a href=\"https:\/\/www.belastingdienst.nl\/wps\/wcm\/connect\/nl\/scheiden\/scheiden\" target=\"_blank\" class=\"btn  btn-secondary\">\n        L\u00eas de help fan de belestingtsjinst        <i class=\"fas fa-external-link-alt\" aria-hidden=\"true\"><\/i>    <\/a>\n        <\/div>\n   \n<\/div> \n\n\n<\/div>\n<\/div>\n\n\n\n   \n\n \n\n<\/div>\n\n\n\n\n\n<div class=\"wp-block-columns is-layout-flex wp-container-core-columns-is-layout-9d6595d7 wp-block-columns-is-layout-flex\">\n<div class=\"wp-block-column is-layout-flow wp-block-column-is-layout-flow\" style=\"flex-basis:66.66%\">\n<h2 class=\"wp-block-heading\">Tips foar belestingoanjefte<\/h2>\n\n\n\n<p>Skiede hat ek ynfloed op dyn belestingoanjefte. Omdat dat noch faak mis giet, is de belestingtsjinst spesjaal hjirfoar in kampanje beg\u00fbn oangeande it tema \u2018de belestingoanjefte nei de skieding \u2019. Yn dizze kampanje fan de belestingtsjinst fynst \u00fbnder oare dizze trije tips om belestingflaters nei de skieding foar te kommen:  <\/p>\n\n\n\n<h3 class=\"wp-block-heading\">Tip 1. Ofspraken oer hypoteekrinte meitsje <\/h3>\n\n\n\n<p>Betelle hypoteekrinte wurdt faak troch ien fan de eks-partners as alimintaasje yn \u00f4ftrek brocht, s\u00fbnder dat d\u00ear skriftlike \u00f4fspraken oer makke binne. It is goed om dit mei te nimmen by it opstellen fan it echtskiedingskonvenant.<\/p>\n\n\n\n \n\n<div id=\"block_613520dd297c4\" data-block-name=\"buttons\" class=\" align \">\n\n    <div class=\"wrap layout-row align-start\">\n         <a href=\"http:\/\/scheideninfriesland.nl\/fy-nl\/eks-partners\/skieding-regeljen\/juridyske-saken-by-in-skieding\/it-opstellen-fan-it-echtskiedingskonvenant\/\" target=\"\" class=\"btn  btn-secondary\">\n        It opstellen fan it echtskiedingskonvenant        <i class=\"fas fa-arrow-right\" aria-hidden=\"true\"><\/i>    <\/a>\n        <\/div>\n   \n<\/div> \n\n\n\n\n\n<h3 class=\"wp-block-heading\">Tip 2. Doch tegearre oanjefte<\/h3>\n\n\n\n<p>Troch yn it jier fan de skieding noch mei-inoar oanjefte te dwaan, \u00fbntsteane der neffens de belestingtsjinst minder flaters. It is dan ferstannich om fiskaal partner te bliuwen. Foar in soad minsken is it lykwols faak \u00fbnd\u00fadlik wannear &#8216;t fiskaal partnerskip no krekt oph\u00e2ldt. Mear ynformaasje oer fiskaal partnerskip fynst op de website fan&#8217;e Belestingtsjinst.<\/p>\n\n\n\n \n\n<div id=\"block_613522bd788f3\" data-block-name=\"buttons\" class=\" align \">\n\n    <div class=\"wrap layout-row align-start\">\n         <a href=\"https:\/\/www.belastingdienst.nl\/wps\/wcm\/connect\/nl\/scheiden\/content\/zijn-we-nog-fiscale-partners\" target=\"_blank\" class=\"btn  btn-secondary\">\n        Mear ynformaasje oer fiskaal partnerskip        <i class=\"fas fa-external-link-alt\" aria-hidden=\"true\"><\/i>    <\/a>\n        <\/div>\n   \n<\/div> \n\n\n\n\n\n<h3 class=\"wp-block-heading\">Tip 3. Bern b\u00fbn budzjet feroarje <\/h3>\n\n\n\n<p>Nei de skieding kriget ien fan beide \u00e2lden de bernetaslach. Dyselde \u00e2lder kriget ek it oan bern b\u00fbn budzjet. Hjirfoar moatte je sels in tal wizigingen trochjaan. Dizze wizigingen kinst trochjaan fia de Belestingtsjinst. Mear ynformaasje oer it oan it bern b\u00fbn budzjet fynst op \u00fas side oer taslaggen. <\/p>\n\n\n\n \n\n<div id=\"block_613521a5297c6\" data-block-name=\"buttons\" class=\" align \">\n\n    <div class=\"wrap layout-row align-start\">\n         <a href=\"https:\/\/www.belastingdienst.nl\/wps\/wcm\/connect\/nl\/toeslagen\/content\/scheiden-wijzigen-kindgebonden-budget\" target=\"_blank\" class=\"btn  btn-secondary\">\n        Mear oer bern b\u00fbn budzjet        <i class=\"fas fa-external-link-alt\" aria-hidden=\"true\"><\/i>    <\/a>\n         <a href=\"http:\/\/scheideninfriesland.nl\/fy-nl\/eks-partners\/skieding-regeljen\/jildsaken\/taslaggen-regelje-by-de-skieding\/\" target=\"\" class=\"btn  btn-outline-secondary\">\n        Mear oer taslagen        <i class=\"fas fa-arrow-right\" aria-hidden=\"true\"><\/i>    <\/a>\n        <\/div>\n   \n<\/div> \n\n\n<\/div>\n\n\n\n<div class=\"wp-block-column is-layout-flow wp-block-column-is-layout-flow\" style=\"flex-basis:33.33%\"><\/div>\n<\/div>\n","protected":false},"excerpt":{"rendered":"<p>Tips foar belestingoanjefte Skiede hat ek ynfloed op dyn belestingoanjefte. Omdat dat noch faak mis giet, is de belestingtsjinst spesjaal hjirfoar in kampanje beg\u00fbn oangeande it tema \u2018de belestingoanjefte nei de skieding \u2019. Yn dizze kampanje fan de belestingtsjinst fynst \u00fbnder oare dizze trije tips om belestingflaters nei de skieding foar te kommen: Tip 1. Ofspraken oer hypoteekrinte meitsje Betelle hypoteekrinte wurdt faak troch ien fan de eks-partners as alimintaasje yn \u00f4ftrek brocht, s\u00fbnder dat d\u00ear skriftlike \u00f4fspraken oer makke binne. It is goed om dit mei te nimmen by it opstellen fan it echtskiedingskonvenant. Tip 2. Doch tegearre oanjefte Troch yn it jier fan de skieding noch mei-inoar oanjefte te dwaan, \u00fbntsteane der neffens de belestingtsjinst minder flaters. It is dan ferstannich om fiskaal partner te bliuwen. Foar in soad minsken is it lykwols faak \u00fbnd\u00fadlik wannear &#8216;t fiskaal partnerskip no krekt oph\u00e2ldt. Mear ynformaasje oer fiskaal partnerskip fynst op de website fan&#8217;e Belestingtsjinst. Tip 3. Bern b\u00fbn budzjet feroarje Nei de skieding kriget ien fan beide \u00e2lden de bernetaslach.<\/p>\n","protected":false},"author":2,"featured_media":1674,"parent":1957,"menu_order":0,"comment_status":"closed","ping_status":"closed","template":"","meta":{"_acf_changed":false,"inline_featured_image":false,"footnotes":""},"class_list":["post-1805","page","type-page","status-publish","has-post-thumbnail","hentry"],"acf":[],"yoast_head":"<!-- This site is optimized with the Yoast SEO plugin v27.3 - https:\/\/yoast.com\/product\/yoast-seo-wordpress\/ -->\n<title>Belestingen regelje by in skieding - Scheiden in Friesland<\/title>\n<meta name=\"description\" content=\"Ast skieden giest moatst soms wat feroarje by de belestingtsjinst. Bygelyks foar de oede taslagen. Fyn mear ynformaasje.\" \/>\n<meta name=\"robots\" content=\"index, follow, max-snippet:-1, max-image-preview:large, max-video-preview:-1\" \/>\n<link rel=\"canonical\" href=\"https:\/\/scheideninfriesland.nl\/fy-nl\/eks-partners\/skieding-regeljen\/jildsaken\/belestingen-regelje-by-in-skieding\/\" \/>\n<meta property=\"og:locale\" content=\"en_US\" \/>\n<meta property=\"og:type\" content=\"article\" \/>\n<meta property=\"og:title\" content=\"Belestingen regelje by in skieding - Scheiden in Friesland\" \/>\n<meta property=\"og:description\" content=\"Ast skieden giest moatst soms wat feroarje by de belestingtsjinst. Bygelyks foar de oede taslagen. Fyn mear ynformaasje.\" \/>\n<meta property=\"og:url\" content=\"https:\/\/scheideninfriesland.nl\/fy-nl\/eks-partners\/skieding-regeljen\/jildsaken\/belestingen-regelje-by-in-skieding\/\" \/>\n<meta property=\"og:site_name\" content=\"Scheiden in Friesland\" \/>\n<meta property=\"article:modified_time\" content=\"2022-02-24T12:43:18+00:00\" \/>\n<meta name=\"twitter:card\" content=\"summary_large_image\" \/>\n<meta name=\"twitter:label1\" content=\"Est. reading time\" \/>\n\t<meta name=\"twitter:data1\" content=\"2 minutes\" \/>\n<script type=\"application\/ld+json\" class=\"yoast-schema-graph\">{\"@context\":\"https:\\\/\\\/schema.org\",\"@graph\":[{\"@type\":\"WebPage\",\"@id\":\"https:\\\/\\\/scheideninfriesland.nl\\\/fy-nl\\\/eks-partners\\\/skieding-regeljen\\\/jildsaken\\\/belestingen-regelje-by-in-skieding\\\/\",\"url\":\"https:\\\/\\\/scheideninfriesland.nl\\\/fy-nl\\\/eks-partners\\\/skieding-regeljen\\\/jildsaken\\\/belestingen-regelje-by-in-skieding\\\/\",\"name\":\"Belestingen regelje by in skieding - Scheiden in Friesland\",\"isPartOf\":{\"@id\":\"https:\\\/\\\/scheideninfriesland.nl\\\/fy-nl\\\/#website\"},\"primaryImageOfPage\":{\"@id\":\"https:\\\/\\\/scheideninfriesland.nl\\\/fy-nl\\\/eks-partners\\\/skieding-regeljen\\\/jildsaken\\\/belestingen-regelje-by-in-skieding\\\/#primaryimage\"},\"image\":{\"@id\":\"https:\\\/\\\/scheideninfriesland.nl\\\/fy-nl\\\/eks-partners\\\/skieding-regeljen\\\/jildsaken\\\/belestingen-regelje-by-in-skieding\\\/#primaryimage\"},\"thumbnailUrl\":\"https:\\\/\\\/scheideninfriesland.nl\\\/wp-content\\\/uploads\\\/2021\\\/09\\\/financien_regelen.svg\",\"datePublished\":\"2021-12-27T13:40:34+00:00\",\"dateModified\":\"2022-02-24T12:43:18+00:00\",\"description\":\"Ast skieden giest moatst soms wat feroarje by de belestingtsjinst. Bygelyks foar de oede taslagen. Fyn mear ynformaasje.\",\"breadcrumb\":{\"@id\":\"https:\\\/\\\/scheideninfriesland.nl\\\/fy-nl\\\/eks-partners\\\/skieding-regeljen\\\/jildsaken\\\/belestingen-regelje-by-in-skieding\\\/#breadcrumb\"},\"inLanguage\":\"fy\",\"potentialAction\":[{\"@type\":\"ReadAction\",\"target\":[\"https:\\\/\\\/scheideninfriesland.nl\\\/fy-nl\\\/eks-partners\\\/skieding-regeljen\\\/jildsaken\\\/belestingen-regelje-by-in-skieding\\\/\"]}]},{\"@type\":\"ImageObject\",\"inLanguage\":\"fy\",\"@id\":\"https:\\\/\\\/scheideninfriesland.nl\\\/fy-nl\\\/eks-partners\\\/skieding-regeljen\\\/jildsaken\\\/belestingen-regelje-by-in-skieding\\\/#primaryimage\",\"url\":\"https:\\\/\\\/scheideninfriesland.nl\\\/wp-content\\\/uploads\\\/2021\\\/09\\\/financien_regelen.svg\",\"contentUrl\":\"https:\\\/\\\/scheideninfriesland.nl\\\/wp-content\\\/uploads\\\/2021\\\/09\\\/financien_regelen.svg\",\"caption\":\"man regelt financi\u00ebn\"},{\"@type\":\"BreadcrumbList\",\"@id\":\"https:\\\/\\\/scheideninfriesland.nl\\\/fy-nl\\\/eks-partners\\\/skieding-regeljen\\\/jildsaken\\\/belestingen-regelje-by-in-skieding\\\/#breadcrumb\",\"itemListElement\":[{\"@type\":\"ListItem\",\"position\":1,\"name\":\"Home\",\"item\":\"https:\\\/\\\/scheideninfriesland.nl\\\/fy-nl\\\/\"},{\"@type\":\"ListItem\",\"position\":2,\"name\":\"Fyn de goede ynformaasje \u00e9n help by in skieding yn Frysl\u00e2n\",\"item\":\"https:\\\/\\\/scheideninfriesland.nl\\\/fy-nl\\\/eks-partners\\\/\"},{\"@type\":\"ListItem\",\"position\":3,\"name\":\"Begjin mei it regeljen fan dyn skieding\",\"item\":\"https:\\\/\\\/scheideninfriesland.nl\\\/fy-nl\\\/eks-partners\\\/skieding-regeljen\\\/\"},{\"@type\":\"ListItem\",\"position\":4,\"name\":\"Finansjeel regelwurk en kosten by in skieding\",\"item\":\"https:\\\/\\\/scheideninfriesland.nl\\\/fy-nl\\\/eks-partners\\\/skieding-regeljen\\\/jildsaken\\\/\"},{\"@type\":\"ListItem\",\"position\":5,\"name\":\"Belestingen regelje by in skieding\"}]},{\"@type\":\"WebSite\",\"@id\":\"https:\\\/\\\/scheideninfriesland.nl\\\/fy-nl\\\/#website\",\"url\":\"https:\\\/\\\/scheideninfriesland.nl\\\/fy-nl\\\/\",\"name\":\"Scheiden in Friesland\",\"description\":\"\",\"publisher\":{\"@id\":\"https:\\\/\\\/scheideninfriesland.nl\\\/fy-nl\\\/#organization\"},\"potentialAction\":[{\"@type\":\"SearchAction\",\"target\":{\"@type\":\"EntryPoint\",\"urlTemplate\":\"https:\\\/\\\/scheideninfriesland.nl\\\/fy-nl\\\/?s={search_term_string}\"},\"query-input\":{\"@type\":\"PropertyValueSpecification\",\"valueRequired\":true,\"valueName\":\"search_term_string\"}}],\"inLanguage\":\"fy\"},{\"@type\":\"Organization\",\"@id\":\"https:\\\/\\\/scheideninfriesland.nl\\\/fy-nl\\\/#organization\",\"name\":\"scheideninfriesland.nl\",\"url\":\"https:\\\/\\\/scheideninfriesland.nl\\\/fy-nl\\\/\",\"logo\":{\"@type\":\"ImageObject\",\"inLanguage\":\"fy\",\"@id\":\"https:\\\/\\\/scheideninfriesland.nl\\\/fy-nl\\\/#\\\/schema\\\/logo\\\/image\\\/\",\"url\":\"http:\\\/\\\/scheideninfriesland.nl\\\/wp-content\\\/uploads\\\/2021\\\/09\\\/9c86687c-2e5d-bc5b-1e71-48e00398a394-e1632209763466.jpg\",\"contentUrl\":\"http:\\\/\\\/scheideninfriesland.nl\\\/wp-content\\\/uploads\\\/2021\\\/09\\\/9c86687c-2e5d-bc5b-1e71-48e00398a394-e1632209763466.jpg\",\"width\":894,\"height\":381,\"caption\":\"scheideninfriesland.nl\"},\"image\":{\"@id\":\"https:\\\/\\\/scheideninfriesland.nl\\\/fy-nl\\\/#\\\/schema\\\/logo\\\/image\\\/\"}}]}<\/script>\n<!-- \/ Yoast SEO plugin. -->","yoast_head_json":{"title":"Belestingen regelje by in skieding - Scheiden in Friesland","description":"Ast skieden giest moatst soms wat feroarje by de belestingtsjinst. Bygelyks foar de oede taslagen. Fyn mear ynformaasje.","robots":{"index":"index","follow":"follow","max-snippet":"max-snippet:-1","max-image-preview":"max-image-preview:large","max-video-preview":"max-video-preview:-1"},"canonical":"https:\/\/scheideninfriesland.nl\/fy-nl\/eks-partners\/skieding-regeljen\/jildsaken\/belestingen-regelje-by-in-skieding\/","og_locale":"en_US","og_type":"article","og_title":"Belestingen regelje by in skieding - Scheiden in Friesland","og_description":"Ast skieden giest moatst soms wat feroarje by de belestingtsjinst. Bygelyks foar de oede taslagen. Fyn mear ynformaasje.","og_url":"https:\/\/scheideninfriesland.nl\/fy-nl\/eks-partners\/skieding-regeljen\/jildsaken\/belestingen-regelje-by-in-skieding\/","og_site_name":"Scheiden in Friesland","article_modified_time":"2022-02-24T12:43:18+00:00","twitter_card":"summary_large_image","twitter_misc":{"Est. reading time":"2 minutes"},"schema":{"@context":"https:\/\/schema.org","@graph":[{"@type":"WebPage","@id":"https:\/\/scheideninfriesland.nl\/fy-nl\/eks-partners\/skieding-regeljen\/jildsaken\/belestingen-regelje-by-in-skieding\/","url":"https:\/\/scheideninfriesland.nl\/fy-nl\/eks-partners\/skieding-regeljen\/jildsaken\/belestingen-regelje-by-in-skieding\/","name":"Belestingen regelje by in skieding - Scheiden in Friesland","isPartOf":{"@id":"https:\/\/scheideninfriesland.nl\/fy-nl\/#website"},"primaryImageOfPage":{"@id":"https:\/\/scheideninfriesland.nl\/fy-nl\/eks-partners\/skieding-regeljen\/jildsaken\/belestingen-regelje-by-in-skieding\/#primaryimage"},"image":{"@id":"https:\/\/scheideninfriesland.nl\/fy-nl\/eks-partners\/skieding-regeljen\/jildsaken\/belestingen-regelje-by-in-skieding\/#primaryimage"},"thumbnailUrl":"https:\/\/scheideninfriesland.nl\/wp-content\/uploads\/2021\/09\/financien_regelen.svg","datePublished":"2021-12-27T13:40:34+00:00","dateModified":"2022-02-24T12:43:18+00:00","description":"Ast skieden giest moatst soms wat feroarje by de belestingtsjinst. Bygelyks foar de oede taslagen. Fyn mear ynformaasje.","breadcrumb":{"@id":"https:\/\/scheideninfriesland.nl\/fy-nl\/eks-partners\/skieding-regeljen\/jildsaken\/belestingen-regelje-by-in-skieding\/#breadcrumb"},"inLanguage":"fy","potentialAction":[{"@type":"ReadAction","target":["https:\/\/scheideninfriesland.nl\/fy-nl\/eks-partners\/skieding-regeljen\/jildsaken\/belestingen-regelje-by-in-skieding\/"]}]},{"@type":"ImageObject","inLanguage":"fy","@id":"https:\/\/scheideninfriesland.nl\/fy-nl\/eks-partners\/skieding-regeljen\/jildsaken\/belestingen-regelje-by-in-skieding\/#primaryimage","url":"https:\/\/scheideninfriesland.nl\/wp-content\/uploads\/2021\/09\/financien_regelen.svg","contentUrl":"https:\/\/scheideninfriesland.nl\/wp-content\/uploads\/2021\/09\/financien_regelen.svg","caption":"man regelt financi\u00ebn"},{"@type":"BreadcrumbList","@id":"https:\/\/scheideninfriesland.nl\/fy-nl\/eks-partners\/skieding-regeljen\/jildsaken\/belestingen-regelje-by-in-skieding\/#breadcrumb","itemListElement":[{"@type":"ListItem","position":1,"name":"Home","item":"https:\/\/scheideninfriesland.nl\/fy-nl\/"},{"@type":"ListItem","position":2,"name":"Fyn de goede ynformaasje \u00e9n help by in skieding yn Frysl\u00e2n","item":"https:\/\/scheideninfriesland.nl\/fy-nl\/eks-partners\/"},{"@type":"ListItem","position":3,"name":"Begjin mei it regeljen fan dyn skieding","item":"https:\/\/scheideninfriesland.nl\/fy-nl\/eks-partners\/skieding-regeljen\/"},{"@type":"ListItem","position":4,"name":"Finansjeel regelwurk en kosten by in skieding","item":"https:\/\/scheideninfriesland.nl\/fy-nl\/eks-partners\/skieding-regeljen\/jildsaken\/"},{"@type":"ListItem","position":5,"name":"Belestingen regelje by in skieding"}]},{"@type":"WebSite","@id":"https:\/\/scheideninfriesland.nl\/fy-nl\/#website","url":"https:\/\/scheideninfriesland.nl\/fy-nl\/","name":"Scheiden in Friesland","description":"","publisher":{"@id":"https:\/\/scheideninfriesland.nl\/fy-nl\/#organization"},"potentialAction":[{"@type":"SearchAction","target":{"@type":"EntryPoint","urlTemplate":"https:\/\/scheideninfriesland.nl\/fy-nl\/?s={search_term_string}"},"query-input":{"@type":"PropertyValueSpecification","valueRequired":true,"valueName":"search_term_string"}}],"inLanguage":"fy"},{"@type":"Organization","@id":"https:\/\/scheideninfriesland.nl\/fy-nl\/#organization","name":"scheideninfriesland.nl","url":"https:\/\/scheideninfriesland.nl\/fy-nl\/","logo":{"@type":"ImageObject","inLanguage":"fy","@id":"https:\/\/scheideninfriesland.nl\/fy-nl\/#\/schema\/logo\/image\/","url":"http:\/\/scheideninfriesland.nl\/wp-content\/uploads\/2021\/09\/9c86687c-2e5d-bc5b-1e71-48e00398a394-e1632209763466.jpg","contentUrl":"http:\/\/scheideninfriesland.nl\/wp-content\/uploads\/2021\/09\/9c86687c-2e5d-bc5b-1e71-48e00398a394-e1632209763466.jpg","width":894,"height":381,"caption":"scheideninfriesland.nl"},"image":{"@id":"https:\/\/scheideninfriesland.nl\/fy-nl\/#\/schema\/logo\/image\/"}}]}},"_links":{"self":[{"href":"https:\/\/scheideninfriesland.nl\/fy-nl\/wp-json\/wp\/v2\/pages\/1805","targetHints":{"allow":["GET"]}}],"collection":[{"href":"https:\/\/scheideninfriesland.nl\/fy-nl\/wp-json\/wp\/v2\/pages"}],"about":[{"href":"https:\/\/scheideninfriesland.nl\/fy-nl\/wp-json\/wp\/v2\/types\/page"}],"author":[{"embeddable":true,"href":"https:\/\/scheideninfriesland.nl\/fy-nl\/wp-json\/wp\/v2\/users\/2"}],"replies":[{"embeddable":true,"href":"https:\/\/scheideninfriesland.nl\/fy-nl\/wp-json\/wp\/v2\/comments?post=1805"}],"version-history":[{"count":8,"href":"https:\/\/scheideninfriesland.nl\/fy-nl\/wp-json\/wp\/v2\/pages\/1805\/revisions"}],"predecessor-version":[{"id":2110,"href":"https:\/\/scheideninfriesland.nl\/fy-nl\/wp-json\/wp\/v2\/pages\/1805\/revisions\/2110"}],"up":[{"embeddable":true,"href":"https:\/\/scheideninfriesland.nl\/fy-nl\/wp-json\/wp\/v2\/pages\/1957"}],"wp:featuredmedia":[{"embeddable":true,"href":"https:\/\/scheideninfriesland.nl\/fy-nl\/wp-json\/wp\/v2\/media\/1674"}],"wp:attachment":[{"href":"https:\/\/scheideninfriesland.nl\/fy-nl\/wp-json\/wp\/v2\/media?parent=1805"}],"curies":[{"name":"wp","href":"https:\/\/api.w.org\/{rel}","templated":true}]}}