{"id":1807,"date":"2021-12-27T13:44:09","date_gmt":"2021-12-27T13:44:09","guid":{"rendered":"http:\/\/scheideninfriesland.nl\/de-finansjes-fan-de-bern-regelje-by-in-skieding\/"},"modified":"2022-05-10T07:34:15","modified_gmt":"2022-05-10T07:34:15","slug":"de-finansjes-fan-de-bern-regelje-by-in-skieding","status":"publish","type":"page","link":"https:\/\/scheideninfriesland.nl\/fy-nl\/eks-partners\/skieding-regeljen\/jildsaken\/de-finansjes-fan-de-bern-regelje-by-in-skieding\/","title":{"rendered":"De fin\u00e2nsjes fan de bern regelje by in skieding"},"content":{"rendered":"\n\n \n<div id=\"block_61351a061f159\"  data-block-name=\"kader\" class=\"alignfull blue\">\n\n    \n     \n\n<div class=\"wp-block-columns is-layout-flex wp-container-core-columns-is-layout-9d6595d7 wp-block-columns-is-layout-flex\">\n<div class=\"wp-block-column is-layout-flow wp-block-column-is-layout-flow\" style=\"flex-basis:100%\">\n<h2 class=\"wp-block-heading\">It bepalen fan bernealimintaasje <\/h2>\n\n\n\n<p>Op de side \u2018Alimintaasje\u2019 jouwe wy mear ynformaasje oer berne-alimintaasje en oare foarmen fan alimintaasje. <\/p>\n\n\n\n \n\n<div id=\"block_61435abb5f7b6\" data-block-name=\"buttons\" class=\" align \">\n\n    <div class=\"wrap layout-row align-start\">\n         <a href=\"http:\/\/scheideninfriesland.nl\/fy-nl\/eks-partners\/skieding-regeljen\/jildsaken\/alimintaasje-regelje-by-in-skieding\/\" target=\"_blank\" class=\"btn  btn-secondary\">\n        Mear ynformaasje oer alimintaasje         <i class=\"fas fa-arrow-alt-circle-right\" aria-hidden=\"true\"><\/i>    <\/a>\n        <\/div>\n   \n<\/div> \n\n\n<\/div>\n<\/div>\n\n\n\n   \n\n \n\n<\/div>\n\n\n\n\n\n<div class=\"wp-block-columns is-layout-flex wp-container-core-columns-is-layout-9d6595d7 wp-block-columns-is-layout-flex\">\n<div class=\"wp-block-column is-layout-flow wp-block-column-is-layout-flow\" style=\"flex-basis:66.66%\">\n<h2 class=\"wp-block-heading\">Banksaken foar dyn bern<\/h2>\n\n\n\n<p>In soad \u00e2lden meitsje by in skieding in rekken oan foar de bern. In bernerekken wurdt br\u00fbkt om de moanlikse kosten foar it bern mei te beteljen. Hjirmei betellest bygelyks de nije klean, skoalreiskes of it lidmaatskip fan de sportklup. <\/p>\n\n\n\n<p>In sparrekken foar dyn bern hat in oar doel. Op in sparrekken foar dyn bern stoart men faak jild foar as it bern bygelyks 18 is en studearje wol, of foar bygelyks in rydbewiis. <\/p>\n\n\n\n \n\n<div id=\"block_61351abf1f15b\" data-block-name=\"buttons\" class=\" align \">\n\n    <div class=\"wrap layout-row align-start\">\n         <a href=\"https:\/\/nieuwestap.nl\/wat-doe-je-met-de-spaarrekeningen-voor-kinderen-bij-scheiding\/\" target=\"_blank\" class=\"btn  btn-secondary\">\n        Mear oer sparrekkens foar bern         <i class=\"fas fa-external-link-alt\" aria-hidden=\"true\"><\/i>    <\/a>\n        <\/div>\n   \n<\/div> \n\n\n<\/div>\n\n\n\n<div class=\"wp-block-column is-layout-flow wp-block-column-is-layout-flow\" style=\"flex-basis:33.33%\"><\/div>\n<\/div>\n\n\n\n\n<div id=\"block_61351a461f15a\" data-block-name=\"doorverwijzingen\" class=\"alignfull \">\n    <div class=\"intro\">\n        <h2> Ynformaasje per bank <\/h2>\n        <div class=\"text\">\n            <p>In soad banken hawwe in spesjale side oer de fin\u00e2nsjes fan it bern. Stiet de goede bank der net tusken, nim dan kontakt op mei dyn eigen bank foar mear ynformaasje. <\/p>\n        <\/div>\n    <\/div>\n\n    <div class=\"posts\">\n                <div class=\"post\">\n\n            <svg class=\"circles\" xmlns=\"http:\/\/www.w3.org\/2000\/svg\" viewBox=\"0 0 73.483 66.817\">\n                <g transform=\"translate(-8.569 -6.42)\" fill=\"red\">\n                    <circle r=\"20.58\" cy=\"52.657\" cx=\"29.148\" \/>\n                    <circle r=\"6.949\" cy=\"13.369\" cx=\"48.638\" \/>\n                    <circle r=\"11.76\" cy=\"32.874\" cx=\"70.292\" \/>\n                <\/g>\n            <\/svg>\n\n            <a href=\"https:\/\/www.abnamro.nl\/nl\/prive\/speciaal-voor\/kinderen-en-geld\/artikelen\/index.html\" target=\"_blank\">\n                <div class=\"text\">\n                    <h6 class=\"title\">ABN AMRO<\/h6>\n                    <div><\/div>\n                    <span class=\"link\">\n                        <div class=\"inner\">\n                            <div class=\"meer\">L\u00eas mear<\/div>\n                            <i class=\"fa fa-arrow-right\"><\/i>\n                        <\/div>\n                    <\/span>\n                <\/div>\n            <\/a>\n\n        <\/div>\n                <div class=\"post\">\n\n            <svg class=\"circles\" xmlns=\"http:\/\/www.w3.org\/2000\/svg\" viewBox=\"0 0 73.483 66.817\">\n                <g transform=\"translate(-8.569 -6.42)\" fill=\"red\">\n                    <circle r=\"20.58\" cy=\"52.657\" cx=\"29.148\" \/>\n                    <circle r=\"6.949\" cy=\"13.369\" cx=\"48.638\" \/>\n                    <circle r=\"11.76\" cy=\"32.874\" cx=\"70.292\" \/>\n                <\/g>\n            <\/svg>\n\n            <a href=\"https:\/\/www.snsbank.nl\/particulier\/service\/scheiden\/kinderen-ouderschapsplan.html\" target=\"_blank\">\n                <div class=\"text\">\n                    <h6 class=\"title\">SNS Bank<\/h6>\n                    <div><\/div>\n                    <span class=\"link\">\n                        <div class=\"inner\">\n                            <div class=\"meer\">L\u00eas mear<\/div>\n                            <i class=\"fa fa-arrow-right\"><\/i>\n                        <\/div>\n                    <\/span>\n                <\/div>\n            <\/a>\n\n        <\/div>\n                <div class=\"post\">\n\n            <svg class=\"circles\" xmlns=\"http:\/\/www.w3.org\/2000\/svg\" viewBox=\"0 0 73.483 66.817\">\n                <g transform=\"translate(-8.569 -6.42)\" fill=\"red\">\n                    <circle r=\"20.58\" cy=\"52.657\" cx=\"29.148\" \/>\n                    <circle r=\"6.949\" cy=\"13.369\" cx=\"48.638\" \/>\n                    <circle r=\"11.76\" cy=\"32.874\" cx=\"70.292\" \/>\n                <\/g>\n            <\/svg>\n\n            <a href=\"https:\/\/www.rabobank.nl\/particulieren\/uit-elkaar-gaan\/kinderen\" target=\"_blank\">\n                <div class=\"text\">\n                    <h6 class=\"title\">Rabobank<\/h6>\n                    <div><\/div>\n                    <span class=\"link\">\n                        <div class=\"inner\">\n                            <div class=\"meer\">L\u00eas mear<\/div>\n                            <i class=\"fa fa-arrow-right\"><\/i>\n                        <\/div>\n                    <\/span>\n                <\/div>\n            <\/a>\n\n        <\/div>\n                <div class=\"post\">\n\n            <svg class=\"circles\" xmlns=\"http:\/\/www.w3.org\/2000\/svg\" viewBox=\"0 0 73.483 66.817\">\n                <g transform=\"translate(-8.569 -6.42)\" fill=\"red\">\n                    <circle r=\"20.58\" cy=\"52.657\" cx=\"29.148\" \/>\n                    <circle r=\"6.949\" cy=\"13.369\" cx=\"48.638\" \/>\n                    <circle r=\"11.76\" cy=\"32.874\" cx=\"70.292\" \/>\n                <\/g>\n            <\/svg>\n\n            <a href=\"https:\/\/www.ing.nl\/particulier\/klantenservice\/gegevens-wijzigen\/scheiden-of-uit-elkaar-gaan\/uit-elkaar-gaan-en-uw-financiele-situatie\/index.html\" target=\"_blank\">\n                <div class=\"text\">\n                    <h6 class=\"title\">ING<\/h6>\n                    <div><\/div>\n                    <span class=\"link\">\n                        <div class=\"inner\">\n                            <div class=\"meer\">L\u00eas mear<\/div>\n                            <i class=\"fa fa-arrow-right\"><\/i>\n                        <\/div>\n                    <\/span>\n                <\/div>\n            <\/a>\n\n        <\/div>\n                <div class=\"post\">\n\n            <svg class=\"circles\" xmlns=\"http:\/\/www.w3.org\/2000\/svg\" viewBox=\"0 0 73.483 66.817\">\n                <g transform=\"translate(-8.569 -6.42)\" fill=\"red\">\n                    <circle r=\"20.58\" cy=\"52.657\" cx=\"29.148\" \/>\n                    <circle r=\"6.949\" cy=\"13.369\" cx=\"48.638\" \/>\n                    <circle r=\"11.76\" cy=\"32.874\" cx=\"70.292\" \/>\n                <\/g>\n            <\/svg>\n\n            <a href=\"https:\/\/www.regiobank.nl\/hypotheken\/gebeurtenissen\/scheiden.html\" target=\"_blank\">\n                <div class=\"text\">\n                    <h6 class=\"title\">Regiobank<\/h6>\n                    <div><\/div>\n                    <span class=\"link\">\n                        <div class=\"inner\">\n                            <div class=\"meer\">L\u00eas mear<\/div>\n                            <i class=\"fa fa-arrow-right\"><\/i>\n                        <\/div>\n                    <\/span>\n                <\/div>\n            <\/a>\n\n        <\/div>\n            <\/div>\n\n<\/div>\n\n\n\n \n<div id=\"block_613517b7fd902\"  data-block-name=\"kader\" class=\"alignfull blue\">\n\n    \n     \n\n<div class=\"wp-block-columns is-layout-flex wp-container-core-columns-is-layout-9d6595d7 wp-block-columns-is-layout-flex\">\n<div class=\"wp-block-column is-layout-flow wp-block-column-is-layout-flow\" style=\"flex-basis:100%\">\n<h2 class=\"wp-block-heading\">Erfenis en testamint <\/h2>\n\n\n\n<p>It is oan te rieden om foar minderjierrige bern in bew\u00e2ldfierder oan te wizen. De bew\u00e2ldfierder beheart dan de fin\u00e2nsjes fan it bern. Op it stuit dat de erfenis en testamint noch net feroare binne, rinst oars it risiko dat dyn eks-partner it behear krijt oer de erfenis. <\/p>\n<\/div>\n<\/div>\n\n\n\n   \n\n \n\n<\/div>\n\n\n\n\n\n<div class=\"wp-block-columns is-layout-flex wp-container-core-columns-is-layout-9d6595d7 wp-block-columns-is-layout-flex\">\n<div class=\"wp-block-column is-layout-flow wp-block-column-is-layout-flow\" style=\"flex-basis:66.66%\">\n<h2 class=\"wp-block-heading\">Besittingen en skulden fan bern nei en skieding<\/h2>\n\n\n\n<p>Nei in skieding wurde besittingen en skulden faak ferdield. Op de webside fan de belestingtsjinst fynst hjir mear ynformaasje oer. <\/p>\n\n\n\n \n\n<div id=\"block_61351be11f162\" data-block-name=\"buttons\" class=\" align \">\n\n    <div class=\"wrap layout-row align-start\">\n         <a href=\"https:\/\/www.belastingdienst.nl\/wps\/wcm\/connect\/bldcontentnl\/belastingdienst\/prive\/vermogen_en_aanmerkelijk_belang\/vermogen\/wat_is_uw_vermogen\/van_wie_berekent_u_de_bezittingen_en_schulden\/bezittingen_en_schulden_minderjarige_kinderen\" target=\"_blank\" class=\"btn  btn-secondary\">\n        Sjoch de webside fan de belestingtsjinst        <i class=\"fas fa-external-link-alt\" aria-hidden=\"true\"><\/i>    <\/a>\n        <\/div>\n   \n<\/div> \n\n\n<\/div>\n\n\n\n<div class=\"wp-block-column is-layout-flow wp-block-column-is-layout-flow\" style=\"flex-basis:33.33%\"><\/div>\n<\/div>\n","protected":false},"excerpt":{"rendered":"<p>Banksaken foar dyn bern In soad \u00e2lden meitsje by in skieding in rekken oan foar de bern. In bernerekken wurdt br\u00fbkt om de moanlikse kosten foar it bern mei te beteljen. Hjirmei betellest bygelyks de nije klean, skoalreiskes of it lidmaatskip fan de sportklup. In sparrekken foar dyn bern hat in oar doel. Op in sparrekken foar dyn bern stoart men faak jild foar as it bern bygelyks 18 is en studearje wol, of foar bygelyks in rydbewiis. Besittingen en skulden fan bern nei en skieding Nei in skieding wurde besittingen en skulden faak ferdield. Op de webside fan de belestingtsjinst fynst hjir mear ynformaasje<\/p>\n","protected":false},"author":2,"featured_media":1674,"parent":1957,"menu_order":0,"comment_status":"closed","ping_status":"closed","template":"","meta":{"_acf_changed":false,"inline_featured_image":false,"footnotes":""},"class_list":["post-1807","page","type-page","status-publish","has-post-thumbnail","hentry"],"acf":[],"yoast_head":"<!-- This site is optimized with the Yoast SEO plugin v27.3 - https:\/\/yoast.com\/product\/yoast-seo-wordpress\/ -->\n<title>De fin\u00e2nsjes fan de bern regelje by in skieding - Scheiden in Friesland<\/title>\n<meta name=\"robots\" content=\"index, follow, max-snippet:-1, max-image-preview:large, max-video-preview:-1\" \/>\n<link rel=\"canonical\" href=\"https:\/\/scheideninfriesland.nl\/fy-nl\/eks-partners\/skieding-regeljen\/jildsaken\/de-finansjes-fan-de-bern-regelje-by-in-skieding\/\" \/>\n<meta property=\"og:locale\" content=\"en_US\" \/>\n<meta property=\"og:type\" content=\"article\" \/>\n<meta property=\"og:title\" content=\"De fin\u00e2nsjes fan de bern regelje by in skieding - Scheiden in Friesland\" \/>\n<meta property=\"og:description\" content=\"Banksaken foar dyn bern In soad \u00e2lden meitsje by in skieding in rekken oan foar de bern. In bernerekken wurdt br\u00fbkt om de moanlikse kosten foar it bern mei te beteljen. Hjirmei betellest bygelyks de nije klean, skoalreiskes of it lidmaatskip fan de sportklup. In sparrekken foar dyn bern hat in oar doel. Op in sparrekken foar dyn bern stoart men faak jild foar as it bern bygelyks 18 is en studearje wol, of foar bygelyks in rydbewiis. Besittingen en skulden fan bern nei en skieding Nei in skieding wurde besittingen en skulden faak ferdield. Op de webside fan de belestingtsjinst fynst hjir mear ynformaasje\" \/>\n<meta property=\"og:url\" content=\"https:\/\/scheideninfriesland.nl\/fy-nl\/eks-partners\/skieding-regeljen\/jildsaken\/de-finansjes-fan-de-bern-regelje-by-in-skieding\/\" \/>\n<meta property=\"og:site_name\" content=\"Scheiden in Friesland\" \/>\n<meta property=\"article:modified_time\" content=\"2022-05-10T07:34:15+00:00\" \/>\n<meta name=\"twitter:card\" content=\"summary_large_image\" \/>\n<meta name=\"twitter:label1\" content=\"Est. reading time\" \/>\n\t<meta name=\"twitter:data1\" content=\"1 minute\" \/>\n<script type=\"application\/ld+json\" class=\"yoast-schema-graph\">{\"@context\":\"https:\\\/\\\/schema.org\",\"@graph\":[{\"@type\":\"WebPage\",\"@id\":\"https:\\\/\\\/scheideninfriesland.nl\\\/fy-nl\\\/eks-partners\\\/skieding-regeljen\\\/jildsaken\\\/de-finansjes-fan-de-bern-regelje-by-in-skieding\\\/\",\"url\":\"https:\\\/\\\/scheideninfriesland.nl\\\/fy-nl\\\/eks-partners\\\/skieding-regeljen\\\/jildsaken\\\/de-finansjes-fan-de-bern-regelje-by-in-skieding\\\/\",\"name\":\"De fin\u00e2nsjes fan de bern regelje by in skieding - Scheiden in Friesland\",\"isPartOf\":{\"@id\":\"https:\\\/\\\/scheideninfriesland.nl\\\/fy-nl\\\/#website\"},\"primaryImageOfPage\":{\"@id\":\"https:\\\/\\\/scheideninfriesland.nl\\\/fy-nl\\\/eks-partners\\\/skieding-regeljen\\\/jildsaken\\\/de-finansjes-fan-de-bern-regelje-by-in-skieding\\\/#primaryimage\"},\"image\":{\"@id\":\"https:\\\/\\\/scheideninfriesland.nl\\\/fy-nl\\\/eks-partners\\\/skieding-regeljen\\\/jildsaken\\\/de-finansjes-fan-de-bern-regelje-by-in-skieding\\\/#primaryimage\"},\"thumbnailUrl\":\"https:\\\/\\\/scheideninfriesland.nl\\\/wp-content\\\/uploads\\\/2021\\\/09\\\/financien_regelen.svg\",\"datePublished\":\"2021-12-27T13:44:09+00:00\",\"dateModified\":\"2022-05-10T07:34:15+00:00\",\"breadcrumb\":{\"@id\":\"https:\\\/\\\/scheideninfriesland.nl\\\/fy-nl\\\/eks-partners\\\/skieding-regeljen\\\/jildsaken\\\/de-finansjes-fan-de-bern-regelje-by-in-skieding\\\/#breadcrumb\"},\"inLanguage\":\"fy\",\"potentialAction\":[{\"@type\":\"ReadAction\",\"target\":[\"https:\\\/\\\/scheideninfriesland.nl\\\/fy-nl\\\/eks-partners\\\/skieding-regeljen\\\/jildsaken\\\/de-finansjes-fan-de-bern-regelje-by-in-skieding\\\/\"]}]},{\"@type\":\"ImageObject\",\"inLanguage\":\"fy\",\"@id\":\"https:\\\/\\\/scheideninfriesland.nl\\\/fy-nl\\\/eks-partners\\\/skieding-regeljen\\\/jildsaken\\\/de-finansjes-fan-de-bern-regelje-by-in-skieding\\\/#primaryimage\",\"url\":\"https:\\\/\\\/scheideninfriesland.nl\\\/wp-content\\\/uploads\\\/2021\\\/09\\\/financien_regelen.svg\",\"contentUrl\":\"https:\\\/\\\/scheideninfriesland.nl\\\/wp-content\\\/uploads\\\/2021\\\/09\\\/financien_regelen.svg\",\"caption\":\"man regelt financi\u00ebn\"},{\"@type\":\"BreadcrumbList\",\"@id\":\"https:\\\/\\\/scheideninfriesland.nl\\\/fy-nl\\\/eks-partners\\\/skieding-regeljen\\\/jildsaken\\\/de-finansjes-fan-de-bern-regelje-by-in-skieding\\\/#breadcrumb\",\"itemListElement\":[{\"@type\":\"ListItem\",\"position\":1,\"name\":\"Home\",\"item\":\"https:\\\/\\\/scheideninfriesland.nl\\\/fy-nl\\\/\"},{\"@type\":\"ListItem\",\"position\":2,\"name\":\"Fyn de goede ynformaasje \u00e9n help by in skieding yn Frysl\u00e2n\",\"item\":\"https:\\\/\\\/scheideninfriesland.nl\\\/fy-nl\\\/eks-partners\\\/\"},{\"@type\":\"ListItem\",\"position\":3,\"name\":\"Begjin mei it regeljen fan dyn skieding\",\"item\":\"https:\\\/\\\/scheideninfriesland.nl\\\/fy-nl\\\/eks-partners\\\/skieding-regeljen\\\/\"},{\"@type\":\"ListItem\",\"position\":4,\"name\":\"Finansjeel regelwurk en kosten by in skieding\",\"item\":\"https:\\\/\\\/scheideninfriesland.nl\\\/fy-nl\\\/eks-partners\\\/skieding-regeljen\\\/jildsaken\\\/\"},{\"@type\":\"ListItem\",\"position\":5,\"name\":\"De fin\u00e2nsjes fan de bern regelje by in skieding\"}]},{\"@type\":\"WebSite\",\"@id\":\"https:\\\/\\\/scheideninfriesland.nl\\\/fy-nl\\\/#website\",\"url\":\"https:\\\/\\\/scheideninfriesland.nl\\\/fy-nl\\\/\",\"name\":\"Scheiden in Friesland\",\"description\":\"\",\"publisher\":{\"@id\":\"https:\\\/\\\/scheideninfriesland.nl\\\/fy-nl\\\/#organization\"},\"potentialAction\":[{\"@type\":\"SearchAction\",\"target\":{\"@type\":\"EntryPoint\",\"urlTemplate\":\"https:\\\/\\\/scheideninfriesland.nl\\\/fy-nl\\\/?s={search_term_string}\"},\"query-input\":{\"@type\":\"PropertyValueSpecification\",\"valueRequired\":true,\"valueName\":\"search_term_string\"}}],\"inLanguage\":\"fy\"},{\"@type\":\"Organization\",\"@id\":\"https:\\\/\\\/scheideninfriesland.nl\\\/fy-nl\\\/#organization\",\"name\":\"scheideninfriesland.nl\",\"url\":\"https:\\\/\\\/scheideninfriesland.nl\\\/fy-nl\\\/\",\"logo\":{\"@type\":\"ImageObject\",\"inLanguage\":\"fy\",\"@id\":\"https:\\\/\\\/scheideninfriesland.nl\\\/fy-nl\\\/#\\\/schema\\\/logo\\\/image\\\/\",\"url\":\"http:\\\/\\\/scheideninfriesland.nl\\\/wp-content\\\/uploads\\\/2021\\\/09\\\/9c86687c-2e5d-bc5b-1e71-48e00398a394-e1632209763466.jpg\",\"contentUrl\":\"http:\\\/\\\/scheideninfriesland.nl\\\/wp-content\\\/uploads\\\/2021\\\/09\\\/9c86687c-2e5d-bc5b-1e71-48e00398a394-e1632209763466.jpg\",\"width\":894,\"height\":381,\"caption\":\"scheideninfriesland.nl\"},\"image\":{\"@id\":\"https:\\\/\\\/scheideninfriesland.nl\\\/fy-nl\\\/#\\\/schema\\\/logo\\\/image\\\/\"}}]}<\/script>\n<!-- \/ Yoast SEO plugin. -->","yoast_head_json":{"title":"De fin\u00e2nsjes fan de bern regelje by in skieding - Scheiden in Friesland","robots":{"index":"index","follow":"follow","max-snippet":"max-snippet:-1","max-image-preview":"max-image-preview:large","max-video-preview":"max-video-preview:-1"},"canonical":"https:\/\/scheideninfriesland.nl\/fy-nl\/eks-partners\/skieding-regeljen\/jildsaken\/de-finansjes-fan-de-bern-regelje-by-in-skieding\/","og_locale":"en_US","og_type":"article","og_title":"De fin\u00e2nsjes fan de bern regelje by in skieding - Scheiden in Friesland","og_description":"Banksaken foar dyn bern In soad \u00e2lden meitsje by in skieding in rekken oan foar de bern. In bernerekken wurdt br\u00fbkt om de moanlikse kosten foar it bern mei te beteljen. Hjirmei betellest bygelyks de nije klean, skoalreiskes of it lidmaatskip fan de sportklup. In sparrekken foar dyn bern hat in oar doel. Op in sparrekken foar dyn bern stoart men faak jild foar as it bern bygelyks 18 is en studearje wol, of foar bygelyks in rydbewiis. Besittingen en skulden fan bern nei en skieding Nei in skieding wurde besittingen en skulden faak ferdield. Op de webside fan de belestingtsjinst fynst hjir mear ynformaasje","og_url":"https:\/\/scheideninfriesland.nl\/fy-nl\/eks-partners\/skieding-regeljen\/jildsaken\/de-finansjes-fan-de-bern-regelje-by-in-skieding\/","og_site_name":"Scheiden in Friesland","article_modified_time":"2022-05-10T07:34:15+00:00","twitter_card":"summary_large_image","twitter_misc":{"Est. reading time":"1 minute"},"schema":{"@context":"https:\/\/schema.org","@graph":[{"@type":"WebPage","@id":"https:\/\/scheideninfriesland.nl\/fy-nl\/eks-partners\/skieding-regeljen\/jildsaken\/de-finansjes-fan-de-bern-regelje-by-in-skieding\/","url":"https:\/\/scheideninfriesland.nl\/fy-nl\/eks-partners\/skieding-regeljen\/jildsaken\/de-finansjes-fan-de-bern-regelje-by-in-skieding\/","name":"De fin\u00e2nsjes fan de bern regelje by in skieding - Scheiden in Friesland","isPartOf":{"@id":"https:\/\/scheideninfriesland.nl\/fy-nl\/#website"},"primaryImageOfPage":{"@id":"https:\/\/scheideninfriesland.nl\/fy-nl\/eks-partners\/skieding-regeljen\/jildsaken\/de-finansjes-fan-de-bern-regelje-by-in-skieding\/#primaryimage"},"image":{"@id":"https:\/\/scheideninfriesland.nl\/fy-nl\/eks-partners\/skieding-regeljen\/jildsaken\/de-finansjes-fan-de-bern-regelje-by-in-skieding\/#primaryimage"},"thumbnailUrl":"https:\/\/scheideninfriesland.nl\/wp-content\/uploads\/2021\/09\/financien_regelen.svg","datePublished":"2021-12-27T13:44:09+00:00","dateModified":"2022-05-10T07:34:15+00:00","breadcrumb":{"@id":"https:\/\/scheideninfriesland.nl\/fy-nl\/eks-partners\/skieding-regeljen\/jildsaken\/de-finansjes-fan-de-bern-regelje-by-in-skieding\/#breadcrumb"},"inLanguage":"fy","potentialAction":[{"@type":"ReadAction","target":["https:\/\/scheideninfriesland.nl\/fy-nl\/eks-partners\/skieding-regeljen\/jildsaken\/de-finansjes-fan-de-bern-regelje-by-in-skieding\/"]}]},{"@type":"ImageObject","inLanguage":"fy","@id":"https:\/\/scheideninfriesland.nl\/fy-nl\/eks-partners\/skieding-regeljen\/jildsaken\/de-finansjes-fan-de-bern-regelje-by-in-skieding\/#primaryimage","url":"https:\/\/scheideninfriesland.nl\/wp-content\/uploads\/2021\/09\/financien_regelen.svg","contentUrl":"https:\/\/scheideninfriesland.nl\/wp-content\/uploads\/2021\/09\/financien_regelen.svg","caption":"man regelt financi\u00ebn"},{"@type":"BreadcrumbList","@id":"https:\/\/scheideninfriesland.nl\/fy-nl\/eks-partners\/skieding-regeljen\/jildsaken\/de-finansjes-fan-de-bern-regelje-by-in-skieding\/#breadcrumb","itemListElement":[{"@type":"ListItem","position":1,"name":"Home","item":"https:\/\/scheideninfriesland.nl\/fy-nl\/"},{"@type":"ListItem","position":2,"name":"Fyn de goede ynformaasje \u00e9n help by in skieding yn Frysl\u00e2n","item":"https:\/\/scheideninfriesland.nl\/fy-nl\/eks-partners\/"},{"@type":"ListItem","position":3,"name":"Begjin mei it regeljen fan dyn skieding","item":"https:\/\/scheideninfriesland.nl\/fy-nl\/eks-partners\/skieding-regeljen\/"},{"@type":"ListItem","position":4,"name":"Finansjeel regelwurk en kosten by in skieding","item":"https:\/\/scheideninfriesland.nl\/fy-nl\/eks-partners\/skieding-regeljen\/jildsaken\/"},{"@type":"ListItem","position":5,"name":"De fin\u00e2nsjes fan de bern regelje by in skieding"}]},{"@type":"WebSite","@id":"https:\/\/scheideninfriesland.nl\/fy-nl\/#website","url":"https:\/\/scheideninfriesland.nl\/fy-nl\/","name":"Scheiden in Friesland","description":"","publisher":{"@id":"https:\/\/scheideninfriesland.nl\/fy-nl\/#organization"},"potentialAction":[{"@type":"SearchAction","target":{"@type":"EntryPoint","urlTemplate":"https:\/\/scheideninfriesland.nl\/fy-nl\/?s={search_term_string}"},"query-input":{"@type":"PropertyValueSpecification","valueRequired":true,"valueName":"search_term_string"}}],"inLanguage":"fy"},{"@type":"Organization","@id":"https:\/\/scheideninfriesland.nl\/fy-nl\/#organization","name":"scheideninfriesland.nl","url":"https:\/\/scheideninfriesland.nl\/fy-nl\/","logo":{"@type":"ImageObject","inLanguage":"fy","@id":"https:\/\/scheideninfriesland.nl\/fy-nl\/#\/schema\/logo\/image\/","url":"http:\/\/scheideninfriesland.nl\/wp-content\/uploads\/2021\/09\/9c86687c-2e5d-bc5b-1e71-48e00398a394-e1632209763466.jpg","contentUrl":"http:\/\/scheideninfriesland.nl\/wp-content\/uploads\/2021\/09\/9c86687c-2e5d-bc5b-1e71-48e00398a394-e1632209763466.jpg","width":894,"height":381,"caption":"scheideninfriesland.nl"},"image":{"@id":"https:\/\/scheideninfriesland.nl\/fy-nl\/#\/schema\/logo\/image\/"}}]}},"_links":{"self":[{"href":"https:\/\/scheideninfriesland.nl\/fy-nl\/wp-json\/wp\/v2\/pages\/1807","targetHints":{"allow":["GET"]}}],"collection":[{"href":"https:\/\/scheideninfriesland.nl\/fy-nl\/wp-json\/wp\/v2\/pages"}],"about":[{"href":"https:\/\/scheideninfriesland.nl\/fy-nl\/wp-json\/wp\/v2\/types\/page"}],"author":[{"embeddable":true,"href":"https:\/\/scheideninfriesland.nl\/fy-nl\/wp-json\/wp\/v2\/users\/2"}],"replies":[{"embeddable":true,"href":"https:\/\/scheideninfriesland.nl\/fy-nl\/wp-json\/wp\/v2\/comments?post=1807"}],"version-history":[{"count":10,"href":"https:\/\/scheideninfriesland.nl\/fy-nl\/wp-json\/wp\/v2\/pages\/1807\/revisions"}],"predecessor-version":[{"id":2147,"href":"https:\/\/scheideninfriesland.nl\/fy-nl\/wp-json\/wp\/v2\/pages\/1807\/revisions\/2147"}],"up":[{"embeddable":true,"href":"https:\/\/scheideninfriesland.nl\/fy-nl\/wp-json\/wp\/v2\/pages\/1957"}],"wp:featuredmedia":[{"embeddable":true,"href":"https:\/\/scheideninfriesland.nl\/fy-nl\/wp-json\/wp\/v2\/media\/1674"}],"wp:attachment":[{"href":"https:\/\/scheideninfriesland.nl\/fy-nl\/wp-json\/wp\/v2\/media?parent=1807"}],"curies":[{"name":"wp","href":"https:\/\/api.w.org\/{rel}","templated":true}]}}