{"id":1811,"date":"2021-12-27T14:07:30","date_gmt":"2021-12-27T14:07:30","guid":{"rendered":"http:\/\/scheideninfriesland.nl\/taslaggen-regelje-by-de-skieding\/"},"modified":"2022-02-24T12:43:56","modified_gmt":"2022-02-24T12:43:56","slug":"taslaggen-regelje-by-de-skieding","status":"publish","type":"page","link":"https:\/\/scheideninfriesland.nl\/fy-nl\/eks-partners\/skieding-regeljen\/jildsaken\/taslaggen-regelje-by-de-skieding\/","title":{"rendered":"Taslaggen regelje by de skieding"},"content":{"rendered":"\n<div class=\"wp-block-columns is-layout-flex wp-container-core-columns-is-layout-9d6595d7 wp-block-columns-is-layout-flex\">\n<div class=\"wp-block-column is-layout-flow wp-block-column-is-layout-flow\" style=\"flex-basis:66.66%\">\n<h2 class=\"wp-block-heading\">Handige tsjeklist Belestingtsjinst  <\/h2>\n\n\n\n<p>Hasto rjocht op taslaggen nei de skieding? Moatst in soad feroarje? De Belestingtsjinst hat in handige tool \u00fbntwikkele d\u00ear&#8217;tst maklik mei \u00fbntdekst watst noch regelje moatst mei de Belestingtsjinst op it stuit datst skieden giest. Troch earst in pear fragen yn te foljen wurdt de tsjeklist op dyn situaasje basearre. <\/p>\n\n\n\n \n\n<div id=\"block_613526e450b6d\" data-block-name=\"buttons\" class=\" align \">\n\n    <div class=\"wrap layout-row align-start\">\n         <a href=\"https:\/\/www.belastingdienst.nl\/wps\/wcm\/connect\/nl\/scheiden\/content\/checklist-scheiden\" target=\"_blank\" class=\"btn  btn-secondary\">\n        Tsjeklist Belestingtsjinst ynfolje         <i class=\"fas fa-external-link-alt\" aria-hidden=\"true\"><\/i>    <\/a>\n        <\/div>\n   \n<\/div> \n\n\n\n\n\n<div style=\"height:40px\" aria-hidden=\"true\" class=\"wp-block-spacer\"><\/div>\n\n\n\n<p>Op de site fan de Belestingtsjinst fynst mear ynformaasje oer taslaggen. Sa fine je der antwurden op fragen as:  <\/p>\n\n\n\n<ul class=\"wp-block-list\"><li>Hoe sit it mei partneralimintaasje?  <\/li><li>Is myn eks noch myn fiskale partner? <\/li><li>Wa betellet of krijt belesting werom? <\/li><li>Krij ik heffingskoarting foar myn bern?<\/li><li>Wat as it ynkommen fan myn eks noch meitelt?<\/li><li>Wy ferkeapje \u00fas h\u00fbs mei-inoar \u2013 w\u00ear moatte wy om tinke?<\/li><\/ul>\n\n\n\n \n\n<div id=\"block_6135272950b6f\" data-block-name=\"buttons\" class=\" align \">\n\n    <div class=\"wrap layout-row align-start\">\n         <a href=\"https:\/\/www.belastingdienst.nl\/wps\/wcm\/connect\/nl\/toeslagen\/content\/wij-gaan-uit-elkaar\" target=\"_blank\" class=\"btn  btn-secondary\">\n        Belestingtsjinst oer taslaggen         <i class=\"fas fa-external-link-alt\" aria-hidden=\"true\"><\/i>    <\/a>\n        <\/div>\n   \n<\/div> \n\n\n<\/div>\n\n\n\n<div class=\"wp-block-column is-layout-flow wp-block-column-is-layout-flow\" style=\"flex-basis:33.33%\"><\/div>\n<\/div>\n\n\n\n\n \n<div id=\"block_61351a061f159\"  data-block-name=\"kader\" class=\"alignfull blue\">\n\n    \n     \n\n<div class=\"wp-block-columns is-layout-flex wp-container-core-columns-is-layout-9d6595d7 wp-block-columns-is-layout-flex\">\n<div class=\"wp-block-column is-layout-flow wp-block-column-is-layout-flow\" style=\"flex-basis:100%\">\n<h2 class=\"wp-block-heading\">Berekkenje de taslaggen d\u00ear&#8217;tst rjocht op hast by<\/h2>\n\n\n\n<p>Op guon taslaggen hast pas rjocht as dyn skieding yntsjinne is \u00e9n as jim op dat stuit skieden fan inoar libje. Soks jildt bygelyks foar soarchtaslach, berne-opfangtaslach en ferheging fan it budzjet dat foar bern b\u00fbn is. Om wizigingen troch te fieren yn dyn taslaggen, kinst ynlogge by de Belestingtsjinst. Der binne ek tools om te berekkenjen op hokker taslaggen oftsto rjocht hast, lykas by de Belestingtsjinst.<\/p>\n\n\n\n \n\n<div id=\"block_61351abf1f15b\" data-block-name=\"buttons\" class=\" align \">\n\n    <div class=\"wrap layout-row align-start\">\n         <a href=\"http:\/\/belastingdienst.nl\/wps\/wcm\/connect\/nl\/toeslagen\/content\/hulpmiddel-proefberekening-toeslagen\" target=\"_blank\" class=\"btn  btn-secondary\">\n        Taslaggen berekkenje        <i class=\"fas fa-external-link-alt\" aria-hidden=\"true\"><\/i>    <\/a>\n        <\/div>\n   \n<\/div> \n\n\n<\/div>\n<\/div>\n\n\n\n   \n\n \n\n<\/div>\n\n\n\n\n\n<div class=\"wp-block-columns is-layout-flex wp-container-core-columns-is-layout-9d6595d7 wp-block-columns-is-layout-flex\">\n<div class=\"wp-block-column is-layout-flow wp-block-column-is-layout-flow\" style=\"flex-basis:66.66%\">\n<h2 class=\"wp-block-heading\">Bern b\u00fbn budzjet al by de skieding oanpasse<\/h2>\n\n\n\n<p>Bern b\u00fbn budzjet neamden wy eartiids bernetaslach. Bern b\u00fbn budzjet (kindgebondenbudget) is in taslach dy&#8217;tst krije kinst foar de kosten fan dyn bern \u00fbnder de 18 jier. Hiest foar de skieding gjin rjocht op it bern b\u00fbn budzjet? Miskien krigest nei de skieding hjir wol rjocht op. Dit kin al foardat de skieding \u00fatsprutsen is, nammentlik sagau&#8217;tsto en dyn (eks)partner net mear op itselde adres ynskreaun steane. As je troud binne, is der in ekstra eask. Dan moat der ek in fersykskrift by de rjochtbank yntsjinne w\u00eaze. Mear ynformaasje oer it bern b\u00fbn budzjet fynst op de webside fan de Ryksoerheid.<\/p>\n\n\n\n \n\n<div id=\"block_61351be11f162\" data-block-name=\"buttons\" class=\" align \">\n\n    <div class=\"wrap layout-row align-start\">\n         <a href=\"https:\/\/www.rijksoverheid.nl\/onderwerpen\/kindgebonden-budget\/vraag-en-antwoord\/wanneer-heb-ik-recht-op-kindgebonden-budget\" target=\"_blank\" class=\"btn  btn-secondary\">\n        Mear oer it rjocht op bern b\u00fbn budzjet        <i class=\"fas fa-external-link-alt\" aria-hidden=\"true\"><\/i>    <\/a>\n        <\/div>\n   \n<\/div> \n\n\n<\/div>\n\n\n\n<div class=\"wp-block-column is-layout-flow wp-block-column-is-layout-flow\" style=\"flex-basis:33.33%\"><\/div>\n<\/div>\n","protected":false},"excerpt":{"rendered":"<p>Handige tsjeklist Belestingtsjinst Hasto rjocht op taslaggen nei de skieding? Moatst in soad feroarje? De Belestingtsjinst hat in handige tool \u00fbntwikkele d\u00ear&#8217;tst maklik mei \u00fbntdekst watst noch regelje moatst mei de Belestingtsjinst op it stuit datst skieden giest. Troch earst in pear fragen yn te foljen wurdt de tsjeklist op dyn situaasje basearre. Op de site fan de Belestingtsjinst fynst mear ynformaasje oer taslaggen. Sa fine je der antwurden op fragen as: Hoe sit it mei partneralimintaasje? Is myn eks noch myn fiskale partner? Wa betellet of krijt belesting werom? Krij ik heffingskoarting foar myn bern? Wat as it ynkommen fan myn eks noch meitelt? Wy ferkeapje \u00fas h\u00fbs mei-inoar \u2013 w\u00ear moatte wy om tinke? Bern b\u00fbn budzjet al by de skieding oanpasse Bern b\u00fbn budzjet neamden wy eartiids bernetaslach.<\/p>\n","protected":false},"author":2,"featured_media":1674,"parent":1957,"menu_order":0,"comment_status":"closed","ping_status":"closed","template":"","meta":{"_acf_changed":false,"inline_featured_image":false,"footnotes":""},"class_list":["post-1811","page","type-page","status-publish","has-post-thumbnail","hentry"],"acf":[],"yoast_head":"<!-- This site is optimized with the Yoast SEO plugin v27.3 - https:\/\/yoast.com\/product\/yoast-seo-wordpress\/ -->\n<title>Taslaggen regelje by de skieding - Scheiden in Friesland<\/title>\n<meta name=\"description\" content=\"Hokker taslaggen by in skieding? Besjoch de gefolgen fan de skieding foar dyn taslaggen. Mear ynformaasje fia Scheiden in Friesland.\" \/>\n<meta name=\"robots\" content=\"index, follow, max-snippet:-1, max-image-preview:large, max-video-preview:-1\" \/>\n<link rel=\"canonical\" href=\"https:\/\/scheideninfriesland.nl\/fy-nl\/eks-partners\/skieding-regeljen\/jildsaken\/taslaggen-regelje-by-de-skieding\/\" \/>\n<meta property=\"og:locale\" content=\"en_US\" \/>\n<meta property=\"og:type\" content=\"article\" \/>\n<meta property=\"og:title\" content=\"Taslaggen regelje by de skieding - Scheiden in Friesland\" \/>\n<meta property=\"og:description\" content=\"Hokker taslaggen by in skieding? Besjoch de gefolgen fan de skieding foar dyn taslaggen. Mear ynformaasje fia Scheiden in Friesland.\" \/>\n<meta property=\"og:url\" content=\"https:\/\/scheideninfriesland.nl\/fy-nl\/eks-partners\/skieding-regeljen\/jildsaken\/taslaggen-regelje-by-de-skieding\/\" \/>\n<meta property=\"og:site_name\" content=\"Scheiden in Friesland\" \/>\n<meta property=\"article:modified_time\" content=\"2022-02-24T12:43:56+00:00\" \/>\n<meta name=\"twitter:card\" content=\"summary_large_image\" \/>\n<meta name=\"twitter:label1\" content=\"Est. reading time\" \/>\n\t<meta name=\"twitter:data1\" content=\"2 minutes\" \/>\n<script type=\"application\/ld+json\" class=\"yoast-schema-graph\">{\"@context\":\"https:\\\/\\\/schema.org\",\"@graph\":[{\"@type\":\"WebPage\",\"@id\":\"https:\\\/\\\/scheideninfriesland.nl\\\/fy-nl\\\/eks-partners\\\/skieding-regeljen\\\/jildsaken\\\/taslaggen-regelje-by-de-skieding\\\/\",\"url\":\"https:\\\/\\\/scheideninfriesland.nl\\\/fy-nl\\\/eks-partners\\\/skieding-regeljen\\\/jildsaken\\\/taslaggen-regelje-by-de-skieding\\\/\",\"name\":\"Taslaggen regelje by de skieding - Scheiden in Friesland\",\"isPartOf\":{\"@id\":\"https:\\\/\\\/scheideninfriesland.nl\\\/fy-nl\\\/#website\"},\"primaryImageOfPage\":{\"@id\":\"https:\\\/\\\/scheideninfriesland.nl\\\/fy-nl\\\/eks-partners\\\/skieding-regeljen\\\/jildsaken\\\/taslaggen-regelje-by-de-skieding\\\/#primaryimage\"},\"image\":{\"@id\":\"https:\\\/\\\/scheideninfriesland.nl\\\/fy-nl\\\/eks-partners\\\/skieding-regeljen\\\/jildsaken\\\/taslaggen-regelje-by-de-skieding\\\/#primaryimage\"},\"thumbnailUrl\":\"https:\\\/\\\/scheideninfriesland.nl\\\/wp-content\\\/uploads\\\/2021\\\/09\\\/financien_regelen.svg\",\"datePublished\":\"2021-12-27T14:07:30+00:00\",\"dateModified\":\"2022-02-24T12:43:56+00:00\",\"description\":\"Hokker taslaggen by in skieding? Besjoch de gefolgen fan de skieding foar dyn taslaggen. Mear ynformaasje fia Scheiden in Friesland.\",\"breadcrumb\":{\"@id\":\"https:\\\/\\\/scheideninfriesland.nl\\\/fy-nl\\\/eks-partners\\\/skieding-regeljen\\\/jildsaken\\\/taslaggen-regelje-by-de-skieding\\\/#breadcrumb\"},\"inLanguage\":\"fy\",\"potentialAction\":[{\"@type\":\"ReadAction\",\"target\":[\"https:\\\/\\\/scheideninfriesland.nl\\\/fy-nl\\\/eks-partners\\\/skieding-regeljen\\\/jildsaken\\\/taslaggen-regelje-by-de-skieding\\\/\"]}]},{\"@type\":\"ImageObject\",\"inLanguage\":\"fy\",\"@id\":\"https:\\\/\\\/scheideninfriesland.nl\\\/fy-nl\\\/eks-partners\\\/skieding-regeljen\\\/jildsaken\\\/taslaggen-regelje-by-de-skieding\\\/#primaryimage\",\"url\":\"https:\\\/\\\/scheideninfriesland.nl\\\/wp-content\\\/uploads\\\/2021\\\/09\\\/financien_regelen.svg\",\"contentUrl\":\"https:\\\/\\\/scheideninfriesland.nl\\\/wp-content\\\/uploads\\\/2021\\\/09\\\/financien_regelen.svg\",\"caption\":\"man regelt financi\u00ebn\"},{\"@type\":\"BreadcrumbList\",\"@id\":\"https:\\\/\\\/scheideninfriesland.nl\\\/fy-nl\\\/eks-partners\\\/skieding-regeljen\\\/jildsaken\\\/taslaggen-regelje-by-de-skieding\\\/#breadcrumb\",\"itemListElement\":[{\"@type\":\"ListItem\",\"position\":1,\"name\":\"Home\",\"item\":\"https:\\\/\\\/scheideninfriesland.nl\\\/fy-nl\\\/\"},{\"@type\":\"ListItem\",\"position\":2,\"name\":\"Fyn de goede ynformaasje \u00e9n help by in skieding yn Frysl\u00e2n\",\"item\":\"https:\\\/\\\/scheideninfriesland.nl\\\/fy-nl\\\/eks-partners\\\/\"},{\"@type\":\"ListItem\",\"position\":3,\"name\":\"Begjin mei it regeljen fan dyn skieding\",\"item\":\"https:\\\/\\\/scheideninfriesland.nl\\\/fy-nl\\\/eks-partners\\\/skieding-regeljen\\\/\"},{\"@type\":\"ListItem\",\"position\":4,\"name\":\"Finansjeel regelwurk en kosten by in skieding\",\"item\":\"https:\\\/\\\/scheideninfriesland.nl\\\/fy-nl\\\/eks-partners\\\/skieding-regeljen\\\/jildsaken\\\/\"},{\"@type\":\"ListItem\",\"position\":5,\"name\":\"Taslaggen regelje by de skieding\"}]},{\"@type\":\"WebSite\",\"@id\":\"https:\\\/\\\/scheideninfriesland.nl\\\/fy-nl\\\/#website\",\"url\":\"https:\\\/\\\/scheideninfriesland.nl\\\/fy-nl\\\/\",\"name\":\"Scheiden in Friesland\",\"description\":\"\",\"publisher\":{\"@id\":\"https:\\\/\\\/scheideninfriesland.nl\\\/fy-nl\\\/#organization\"},\"potentialAction\":[{\"@type\":\"SearchAction\",\"target\":{\"@type\":\"EntryPoint\",\"urlTemplate\":\"https:\\\/\\\/scheideninfriesland.nl\\\/fy-nl\\\/?s={search_term_string}\"},\"query-input\":{\"@type\":\"PropertyValueSpecification\",\"valueRequired\":true,\"valueName\":\"search_term_string\"}}],\"inLanguage\":\"fy\"},{\"@type\":\"Organization\",\"@id\":\"https:\\\/\\\/scheideninfriesland.nl\\\/fy-nl\\\/#organization\",\"name\":\"scheideninfriesland.nl\",\"url\":\"https:\\\/\\\/scheideninfriesland.nl\\\/fy-nl\\\/\",\"logo\":{\"@type\":\"ImageObject\",\"inLanguage\":\"fy\",\"@id\":\"https:\\\/\\\/scheideninfriesland.nl\\\/fy-nl\\\/#\\\/schema\\\/logo\\\/image\\\/\",\"url\":\"http:\\\/\\\/scheideninfriesland.nl\\\/wp-content\\\/uploads\\\/2021\\\/09\\\/9c86687c-2e5d-bc5b-1e71-48e00398a394-e1632209763466.jpg\",\"contentUrl\":\"http:\\\/\\\/scheideninfriesland.nl\\\/wp-content\\\/uploads\\\/2021\\\/09\\\/9c86687c-2e5d-bc5b-1e71-48e00398a394-e1632209763466.jpg\",\"width\":894,\"height\":381,\"caption\":\"scheideninfriesland.nl\"},\"image\":{\"@id\":\"https:\\\/\\\/scheideninfriesland.nl\\\/fy-nl\\\/#\\\/schema\\\/logo\\\/image\\\/\"}}]}<\/script>\n<!-- \/ Yoast SEO plugin. -->","yoast_head_json":{"title":"Taslaggen regelje by de skieding - Scheiden in Friesland","description":"Hokker taslaggen by in skieding? Besjoch de gefolgen fan de skieding foar dyn taslaggen. Mear ynformaasje fia Scheiden in Friesland.","robots":{"index":"index","follow":"follow","max-snippet":"max-snippet:-1","max-image-preview":"max-image-preview:large","max-video-preview":"max-video-preview:-1"},"canonical":"https:\/\/scheideninfriesland.nl\/fy-nl\/eks-partners\/skieding-regeljen\/jildsaken\/taslaggen-regelje-by-de-skieding\/","og_locale":"en_US","og_type":"article","og_title":"Taslaggen regelje by de skieding - Scheiden in Friesland","og_description":"Hokker taslaggen by in skieding? Besjoch de gefolgen fan de skieding foar dyn taslaggen. Mear ynformaasje fia Scheiden in Friesland.","og_url":"https:\/\/scheideninfriesland.nl\/fy-nl\/eks-partners\/skieding-regeljen\/jildsaken\/taslaggen-regelje-by-de-skieding\/","og_site_name":"Scheiden in Friesland","article_modified_time":"2022-02-24T12:43:56+00:00","twitter_card":"summary_large_image","twitter_misc":{"Est. reading time":"2 minutes"},"schema":{"@context":"https:\/\/schema.org","@graph":[{"@type":"WebPage","@id":"https:\/\/scheideninfriesland.nl\/fy-nl\/eks-partners\/skieding-regeljen\/jildsaken\/taslaggen-regelje-by-de-skieding\/","url":"https:\/\/scheideninfriesland.nl\/fy-nl\/eks-partners\/skieding-regeljen\/jildsaken\/taslaggen-regelje-by-de-skieding\/","name":"Taslaggen regelje by de skieding - Scheiden in Friesland","isPartOf":{"@id":"https:\/\/scheideninfriesland.nl\/fy-nl\/#website"},"primaryImageOfPage":{"@id":"https:\/\/scheideninfriesland.nl\/fy-nl\/eks-partners\/skieding-regeljen\/jildsaken\/taslaggen-regelje-by-de-skieding\/#primaryimage"},"image":{"@id":"https:\/\/scheideninfriesland.nl\/fy-nl\/eks-partners\/skieding-regeljen\/jildsaken\/taslaggen-regelje-by-de-skieding\/#primaryimage"},"thumbnailUrl":"https:\/\/scheideninfriesland.nl\/wp-content\/uploads\/2021\/09\/financien_regelen.svg","datePublished":"2021-12-27T14:07:30+00:00","dateModified":"2022-02-24T12:43:56+00:00","description":"Hokker taslaggen by in skieding? Besjoch de gefolgen fan de skieding foar dyn taslaggen. Mear ynformaasje fia Scheiden in Friesland.","breadcrumb":{"@id":"https:\/\/scheideninfriesland.nl\/fy-nl\/eks-partners\/skieding-regeljen\/jildsaken\/taslaggen-regelje-by-de-skieding\/#breadcrumb"},"inLanguage":"fy","potentialAction":[{"@type":"ReadAction","target":["https:\/\/scheideninfriesland.nl\/fy-nl\/eks-partners\/skieding-regeljen\/jildsaken\/taslaggen-regelje-by-de-skieding\/"]}]},{"@type":"ImageObject","inLanguage":"fy","@id":"https:\/\/scheideninfriesland.nl\/fy-nl\/eks-partners\/skieding-regeljen\/jildsaken\/taslaggen-regelje-by-de-skieding\/#primaryimage","url":"https:\/\/scheideninfriesland.nl\/wp-content\/uploads\/2021\/09\/financien_regelen.svg","contentUrl":"https:\/\/scheideninfriesland.nl\/wp-content\/uploads\/2021\/09\/financien_regelen.svg","caption":"man regelt financi\u00ebn"},{"@type":"BreadcrumbList","@id":"https:\/\/scheideninfriesland.nl\/fy-nl\/eks-partners\/skieding-regeljen\/jildsaken\/taslaggen-regelje-by-de-skieding\/#breadcrumb","itemListElement":[{"@type":"ListItem","position":1,"name":"Home","item":"https:\/\/scheideninfriesland.nl\/fy-nl\/"},{"@type":"ListItem","position":2,"name":"Fyn de goede ynformaasje \u00e9n help by in skieding yn Frysl\u00e2n","item":"https:\/\/scheideninfriesland.nl\/fy-nl\/eks-partners\/"},{"@type":"ListItem","position":3,"name":"Begjin mei it regeljen fan dyn skieding","item":"https:\/\/scheideninfriesland.nl\/fy-nl\/eks-partners\/skieding-regeljen\/"},{"@type":"ListItem","position":4,"name":"Finansjeel regelwurk en kosten by in skieding","item":"https:\/\/scheideninfriesland.nl\/fy-nl\/eks-partners\/skieding-regeljen\/jildsaken\/"},{"@type":"ListItem","position":5,"name":"Taslaggen regelje by de skieding"}]},{"@type":"WebSite","@id":"https:\/\/scheideninfriesland.nl\/fy-nl\/#website","url":"https:\/\/scheideninfriesland.nl\/fy-nl\/","name":"Scheiden in Friesland","description":"","publisher":{"@id":"https:\/\/scheideninfriesland.nl\/fy-nl\/#organization"},"potentialAction":[{"@type":"SearchAction","target":{"@type":"EntryPoint","urlTemplate":"https:\/\/scheideninfriesland.nl\/fy-nl\/?s={search_term_string}"},"query-input":{"@type":"PropertyValueSpecification","valueRequired":true,"valueName":"search_term_string"}}],"inLanguage":"fy"},{"@type":"Organization","@id":"https:\/\/scheideninfriesland.nl\/fy-nl\/#organization","name":"scheideninfriesland.nl","url":"https:\/\/scheideninfriesland.nl\/fy-nl\/","logo":{"@type":"ImageObject","inLanguage":"fy","@id":"https:\/\/scheideninfriesland.nl\/fy-nl\/#\/schema\/logo\/image\/","url":"http:\/\/scheideninfriesland.nl\/wp-content\/uploads\/2021\/09\/9c86687c-2e5d-bc5b-1e71-48e00398a394-e1632209763466.jpg","contentUrl":"http:\/\/scheideninfriesland.nl\/wp-content\/uploads\/2021\/09\/9c86687c-2e5d-bc5b-1e71-48e00398a394-e1632209763466.jpg","width":894,"height":381,"caption":"scheideninfriesland.nl"},"image":{"@id":"https:\/\/scheideninfriesland.nl\/fy-nl\/#\/schema\/logo\/image\/"}}]}},"_links":{"self":[{"href":"https:\/\/scheideninfriesland.nl\/fy-nl\/wp-json\/wp\/v2\/pages\/1811","targetHints":{"allow":["GET"]}}],"collection":[{"href":"https:\/\/scheideninfriesland.nl\/fy-nl\/wp-json\/wp\/v2\/pages"}],"about":[{"href":"https:\/\/scheideninfriesland.nl\/fy-nl\/wp-json\/wp\/v2\/types\/page"}],"author":[{"embeddable":true,"href":"https:\/\/scheideninfriesland.nl\/fy-nl\/wp-json\/wp\/v2\/users\/2"}],"replies":[{"embeddable":true,"href":"https:\/\/scheideninfriesland.nl\/fy-nl\/wp-json\/wp\/v2\/comments?post=1811"}],"version-history":[{"count":5,"href":"https:\/\/scheideninfriesland.nl\/fy-nl\/wp-json\/wp\/v2\/pages\/1811\/revisions"}],"predecessor-version":[{"id":2119,"href":"https:\/\/scheideninfriesland.nl\/fy-nl\/wp-json\/wp\/v2\/pages\/1811\/revisions\/2119"}],"up":[{"embeddable":true,"href":"https:\/\/scheideninfriesland.nl\/fy-nl\/wp-json\/wp\/v2\/pages\/1957"}],"wp:featuredmedia":[{"embeddable":true,"href":"https:\/\/scheideninfriesland.nl\/fy-nl\/wp-json\/wp\/v2\/media\/1674"}],"wp:attachment":[{"href":"https:\/\/scheideninfriesland.nl\/fy-nl\/wp-json\/wp\/v2\/media?parent=1811"}],"curies":[{"name":"wp","href":"https:\/\/api.w.org\/{rel}","templated":true}]}}