{"id":1813,"date":"2021-12-27T14:11:39","date_gmt":"2021-12-27T14:11:39","guid":{"rendered":"http:\/\/scheideninfriesland.nl\/fersekeringen-regelje-by-in-skieding\/"},"modified":"2022-02-24T12:43:33","modified_gmt":"2022-02-24T12:43:33","slug":"fersekeringen-regelje-by-in-skieding","status":"publish","type":"page","link":"https:\/\/scheideninfriesland.nl\/fy-nl\/eks-partners\/skieding-regeljen\/jildsaken\/fersekeringen-regelje-by-in-skieding\/","title":{"rendered":"Fersekeringen regelje by in skieding"},"content":{"rendered":"\n<div class=\"wp-block-columns is-layout-flex wp-container-core-columns-is-layout-9d6595d7 wp-block-columns-is-layout-flex\">\n<div class=\"wp-block-column is-layout-flow wp-block-column-is-layout-flow\" style=\"flex-basis:66.66%\">\n<h2 class=\"wp-block-heading\">W\u00ear begjin ik?<\/h2>\n\n\n\n<p>Om te begjinnen mei it regeljen fan je fersekeringen is it handich om in oersjoch te meitsjen fan hokker fersekeringen ast allegear hast. Bepaal d\u00earnei per fersekering wat der barre moat. Moat bygelyks de namme wizige wurde of it adres, of wolst de fersekering stopsette of oanpasse. Sjoch by de fersekeringen nei dizze punten: op wa syn namme de fersekering stiet, fan hokker rekken de fersekering betelle wurdt en oft de fersekering nei de skieding noch by dyn situaasje past.<\/p>\n\n\n\n<h3 class=\"wp-block-heading\">Libbensfersekeringen <\/h3>\n\n\n\n<p>Faak hawwe (eks)partners ferskate libbensfersekeringen. Foar libbensfersekeringen jilde aparte regels, omdat soks faak te krijen hat mei de hypoteek, it pensjoen en oare saken. Soms kieze minsken der nei in skieding foar om it jild fan in libbensfersekering \u00fatbetelje te litten, of wurdt de fersekering yn twaen splitst as jim de preemje tegearre betellen. Sjoch op de webside fan dyn fersekerder foar de ynformaasje oer dyn libbensfersekering. <\/p>\n\n\n\n<h3 class=\"wp-block-heading\">Skeafersekeringen  <\/h3>\n\n\n\n<p>Skeafersekeringen foar dyn h\u00fbs of auto binne meastal makliker oan te passen as in libbensfersekering. By in fersekering foar skea oan h\u00fbs of auto hoege je soms sels allinnich in namme te feroarjen. De punten d\u00ear&#8217;t je goed om tinke moatte binne: <\/p>\n\n\n\n<ul class=\"wp-block-list\"><li>It bedrach, bygelyks fan je ynboedelfersekering. Ast nei de skieding allinnich wennest, is de k\u00e2ns grut dat de wearde fan dyn guod minder is.<\/li><li>Fersekeringen dy&#8217;tst foar de hiele h\u00fash\u00e2lding \u00f4fsletten hast, lykas in rjochtsbyst\u00e2nsfersekering of oanspraaklikheidsfersekering. Ast nei de skieding allinnich wennest, dan hoechst dy net mear foar dyn hiele h\u00fash\u00e2lding te beteljen.  <\/li><li>De autofersekering. Dy moat oanpast wurde as je situaasje feroarje, bygelyks as je de auto h\u00e2lde, wylst de fersekering op de namme fan je (eks) partner stiet. Of ast (eks) partner de auto h\u00e2ldst, mar de fersekering fan de mienskiplike rekken waard betelle. <\/li><\/ul>\n\n\n\n<h3 class=\"wp-block-heading\">Soarchfersekering <\/h3>\n\n\n\n<p>As je skiede, moatte je ek in aparte soarchfersekering hawwe. It is d\u00earom wichtich datst de skieding trochjoust oan dyn soarchfersekerder. Hast bern dy&#8217;t meifersekere binne? Dan bliuwe de bern meifersekere op de poalis fan dejinge d\u00ear&#8217;t de bern it measte wenje. <\/p>\n<\/div>\n\n\n\n<div class=\"wp-block-column is-layout-flow wp-block-column-is-layout-flow\" style=\"flex-basis:33.33%\"><\/div>\n<\/div>\n\n\n\n\n<div id=\"block_6135355482a9f\" data-block-name=\"doorverwijzingen\" class=\"alignfull \">\n    <div class=\"intro\">\n        <h2> Fersekerders op in rige  <\/h2>\n        <div class=\"text\">\n            <p>Faak hawwe fersekerders eigen ynformaasje oer feroaringen nei in skieding. Sjoch oft dyn fersekeringsmaatskippij derby sit en besykje de webside foar mear ynformaasje.<\/p>\n        <\/div>\n    <\/div>\n\n    <div class=\"posts\">\n                <div class=\"post\">\n\n            <svg class=\"circles\" xmlns=\"http:\/\/www.w3.org\/2000\/svg\" viewBox=\"0 0 73.483 66.817\">\n                <g transform=\"translate(-8.569 -6.42)\" fill=\"red\">\n                    <circle r=\"20.58\" cy=\"52.657\" cx=\"29.148\" \/>\n                    <circle r=\"6.949\" cy=\"13.369\" cx=\"48.638\" \/>\n                    <circle r=\"11.76\" cy=\"32.874\" cx=\"70.292\" \/>\n                <\/g>\n            <\/svg>\n\n            <a href=\"https:\/\/www.interpolis.nl\/uw-situatie\/scheiden-of-uit-elkaar-gaan\/scheiden-en-verzekeringen\" target=\"_blank\">\n                <div class=\"text\">\n                    <h6 class=\"title\">Interpolis<\/h6>\n                    <div><\/div>\n                    <span class=\"link\">\n                        <div class=\"inner\">\n                            <div class=\"meer\">L\u00eas mear<\/div>\n                            <i class=\"fa fa-arrow-right\"><\/i>\n                        <\/div>\n                    <\/span>\n                <\/div>\n            <\/a>\n\n        <\/div>\n                <div class=\"post\">\n\n            <svg class=\"circles\" xmlns=\"http:\/\/www.w3.org\/2000\/svg\" viewBox=\"0 0 73.483 66.817\">\n                <g transform=\"translate(-8.569 -6.42)\" fill=\"red\">\n                    <circle r=\"20.58\" cy=\"52.657\" cx=\"29.148\" \/>\n                    <circle r=\"6.949\" cy=\"13.369\" cx=\"48.638\" \/>\n                    <circle r=\"11.76\" cy=\"32.874\" cx=\"70.292\" \/>\n                <\/g>\n            <\/svg>\n\n            <a href=\"https:\/\/www.centraalbeheer.nl\/financiele-diensten\/scheiden\/overige-verzekeringen \" target=\"_blank\">\n                <div class=\"text\">\n                    <h6 class=\"title\">Centraal Beheer<\/h6>\n                    <div><\/div>\n                    <span class=\"link\">\n                        <div class=\"inner\">\n                            <div class=\"meer\">L\u00eas mear<\/div>\n                            <i class=\"fa fa-arrow-right\"><\/i>\n                        <\/div>\n                    <\/span>\n                <\/div>\n            <\/a>\n\n        <\/div>\n                <div class=\"post\">\n\n            <svg class=\"circles\" xmlns=\"http:\/\/www.w3.org\/2000\/svg\" viewBox=\"0 0 73.483 66.817\">\n                <g transform=\"translate(-8.569 -6.42)\" fill=\"red\">\n                    <circle r=\"20.58\" cy=\"52.657\" cx=\"29.148\" \/>\n                    <circle r=\"6.949\" cy=\"13.369\" cx=\"48.638\" \/>\n                    <circle r=\"11.76\" cy=\"32.874\" cx=\"70.292\" \/>\n                <\/g>\n            <\/svg>\n\n            <a href=\"https:\/\/www.independer.nl\/rechtsbijstandverzekering\/info\/scheiding.aspx \" target=\"_blank\">\n                <div class=\"text\">\n                    <h6 class=\"title\">Independer<\/h6>\n                    <div><\/div>\n                    <span class=\"link\">\n                        <div class=\"inner\">\n                            <div class=\"meer\">L\u00eas mear<\/div>\n                            <i class=\"fa fa-arrow-right\"><\/i>\n                        <\/div>\n                    <\/span>\n                <\/div>\n            <\/a>\n\n        <\/div>\n                <div class=\"post\">\n\n            <svg class=\"circles\" xmlns=\"http:\/\/www.w3.org\/2000\/svg\" viewBox=\"0 0 73.483 66.817\">\n                <g transform=\"translate(-8.569 -6.42)\" fill=\"red\">\n                    <circle r=\"20.58\" cy=\"52.657\" cx=\"29.148\" \/>\n                    <circle r=\"6.949\" cy=\"13.369\" cx=\"48.638\" \/>\n                    <circle r=\"11.76\" cy=\"32.874\" cx=\"70.292\" \/>\n                <\/g>\n            <\/svg>\n\n            <a href=\"https:\/\/www.averoachmea.nl\/particulier\/pensioen\/scheiden \" target=\"_blank\">\n                <div class=\"text\">\n                    <h6 class=\"title\">Av\u00e9ro Achmea<\/h6>\n                    <div><\/div>\n                    <span class=\"link\">\n                        <div class=\"inner\">\n                            <div class=\"meer\">L\u00eas mear<\/div>\n                            <i class=\"fa fa-arrow-right\"><\/i>\n                        <\/div>\n                    <\/span>\n                <\/div>\n            <\/a>\n\n        <\/div>\n                <div class=\"post\">\n\n            <svg class=\"circles\" xmlns=\"http:\/\/www.w3.org\/2000\/svg\" viewBox=\"0 0 73.483 66.817\">\n                <g transform=\"translate(-8.569 -6.42)\" fill=\"red\">\n                    <circle r=\"20.58\" cy=\"52.657\" cx=\"29.148\" \/>\n                    <circle r=\"6.949\" cy=\"13.369\" cx=\"48.638\" \/>\n                    <circle r=\"11.76\" cy=\"32.874\" cx=\"70.292\" \/>\n                <\/g>\n            <\/svg>\n\n            <a href=\"https:\/\/www.vgz.nl\/service-en-contact\/wijzigen\/scheiden-of-uit-elkaar \" target=\"_blank\">\n                <div class=\"text\">\n                    <h6 class=\"title\">VGZ<\/h6>\n                    <div><\/div>\n                    <span class=\"link\">\n                        <div class=\"inner\">\n                            <div class=\"meer\">L\u00eas mear<\/div>\n                            <i class=\"fa fa-arrow-right\"><\/i>\n                        <\/div>\n                    <\/span>\n                <\/div>\n            <\/a>\n\n        <\/div>\n                <div class=\"post\">\n\n            <svg class=\"circles\" xmlns=\"http:\/\/www.w3.org\/2000\/svg\" viewBox=\"0 0 73.483 66.817\">\n                <g transform=\"translate(-8.569 -6.42)\" fill=\"red\">\n                    <circle r=\"20.58\" cy=\"52.657\" cx=\"29.148\" \/>\n                    <circle r=\"6.949\" cy=\"13.369\" cx=\"48.638\" \/>\n                    <circle r=\"11.76\" cy=\"32.874\" cx=\"70.292\" \/>\n                <\/g>\n            <\/svg>\n\n            <a href=\"https:\/\/www.cz.nl\/service-en-contact\/gevolgen-scheiden-of-uit-elkaar-gaan \" target=\"_blank\">\n                <div class=\"text\">\n                    <h6 class=\"title\">CZ<\/h6>\n                    <div><\/div>\n                    <span class=\"link\">\n                        <div class=\"inner\">\n                            <div class=\"meer\">L\u00eas mear<\/div>\n                            <i class=\"fa fa-arrow-right\"><\/i>\n                        <\/div>\n                    <\/span>\n                <\/div>\n            <\/a>\n\n        <\/div>\n                <div class=\"post\">\n\n            <svg class=\"circles\" xmlns=\"http:\/\/www.w3.org\/2000\/svg\" viewBox=\"0 0 73.483 66.817\">\n                <g transform=\"translate(-8.569 -6.42)\" fill=\"red\">\n                    <circle r=\"20.58\" cy=\"52.657\" cx=\"29.148\" \/>\n                    <circle r=\"6.949\" cy=\"13.369\" cx=\"48.638\" \/>\n                    <circle r=\"11.76\" cy=\"32.874\" cx=\"70.292\" \/>\n                <\/g>\n            <\/svg>\n\n            <a href=\"https:\/\/www.menzis.nl\/klantenservice\/wijziging-doorgeven\/echtscheiding-of-einde-samenwonen \" target=\"_blank\">\n                <div class=\"text\">\n                    <h6 class=\"title\">Menzis<\/h6>\n                    <div><\/div>\n                    <span class=\"link\">\n                        <div class=\"inner\">\n                            <div class=\"meer\">L\u00eas mear<\/div>\n                            <i class=\"fa fa-arrow-right\"><\/i>\n                        <\/div>\n                    <\/span>\n                <\/div>\n            <\/a>\n\n        <\/div>\n            <\/div>\n\n<\/div>\n\n\n<div class=\"wp-block-columns is-layout-flex wp-container-core-columns-is-layout-9d6595d7 wp-block-columns-is-layout-flex\">\n<div class=\"wp-block-column is-layout-flow wp-block-column-is-layout-flow\" style=\"flex-basis:66.66%\">\n<p>Tip: dit is in goed momint om al dyn fersekeringen ris goed te besjen. Miskien kinne guon fersekeringen wol in stik goedkeaper of kinst gebr\u00fbk meitsje fan pakketkoarting troch dyn fersekeringen te bondeljen by ien maatskippij. <\/p>\n<\/div>\n\n\n\n<div class=\"wp-block-column is-layout-flow wp-block-column-is-layout-flow\" style=\"flex-basis:33.33%\"><\/div>\n<\/div>\n","protected":false},"excerpt":{"rendered":"<p>W\u00ear begjin ik? Om te begjinnen mei it regeljen fan je fersekeringen is it handich om in oersjoch te meitsjen fan hokker fersekeringen ast allegear hast. Bepaal d\u00earnei per fersekering wat der barre moat. Moat bygelyks de namme wizige wurde of it adres, of wolst de fersekering stopsette of oanpasse. Sjoch by de fersekeringen nei dizze punten: op wa syn namme de fersekering stiet, fan hokker rekken de fersekering betelle wurdt en oft de fersekering nei de skieding noch by dyn situaasje past. Libbensfersekeringen Faak hawwe (eks)partners ferskate libbensfersekeringen. Foar libbensfersekeringen jilde aparte regels, omdat soks faak te krijen hat mei de hypoteek, it pensjoen en oare saken. Soms kieze minsken der nei in skieding foar om it jild fan in libbensfersekering \u00fatbetelje te litten, of wurdt de fersekering yn twaen splitst as jim de preemje tegearre betellen. Sjoch op de webside fan dyn fersekerder foar de ynformaasje oer dyn libbensfersekering. Skeafersekeringen Skeafersekeringen foar dyn h\u00fbs of auto binne meastal makliker oan te passen as in libbensfersekering. By in fersekering foar skea oan h\u00fbs of auto hoege je soms sels allinnich in namme te feroarjen. De punten d\u00ear&#8217;t je goed om tinke moatte binne: It bedrach, bygelyks fan je ynboedelfersekering.<\/p>\n","protected":false},"author":2,"featured_media":1674,"parent":1957,"menu_order":0,"comment_status":"closed","ping_status":"closed","template":"","meta":{"_acf_changed":false,"inline_featured_image":false,"footnotes":""},"class_list":["post-1813","page","type-page","status-publish","has-post-thumbnail","hentry"],"acf":[],"yoast_head":"<!-- This site is optimized with the Yoast SEO plugin v27.3 - https:\/\/yoast.com\/product\/yoast-seo-wordpress\/ -->\n<title>Fersekeringen regelje by in skieding - Scheiden in Friesland<\/title>\n<meta name=\"description\" content=\"Fersekeringen regelje by in skieding is wichtich. In oersjoch fan rinnende fersekeringen kin in goed begjinpunt w\u00eaze.\" \/>\n<meta name=\"robots\" content=\"index, follow, max-snippet:-1, max-image-preview:large, max-video-preview:-1\" \/>\n<link rel=\"canonical\" href=\"https:\/\/scheideninfriesland.nl\/fy-nl\/eks-partners\/skieding-regeljen\/jildsaken\/fersekeringen-regelje-by-in-skieding\/\" \/>\n<meta property=\"og:locale\" content=\"en_US\" \/>\n<meta property=\"og:type\" content=\"article\" \/>\n<meta property=\"og:title\" content=\"Fersekeringen regelje by in skieding - Scheiden in Friesland\" \/>\n<meta property=\"og:description\" content=\"Fersekeringen regelje by in skieding is wichtich. In oersjoch fan rinnende fersekeringen kin in goed begjinpunt w\u00eaze.\" \/>\n<meta property=\"og:url\" content=\"https:\/\/scheideninfriesland.nl\/fy-nl\/eks-partners\/skieding-regeljen\/jildsaken\/fersekeringen-regelje-by-in-skieding\/\" \/>\n<meta property=\"og:site_name\" content=\"Scheiden in Friesland\" \/>\n<meta property=\"article:modified_time\" content=\"2022-02-24T12:43:33+00:00\" \/>\n<meta name=\"twitter:card\" content=\"summary_large_image\" \/>\n<meta name=\"twitter:label1\" content=\"Est. reading time\" \/>\n\t<meta name=\"twitter:data1\" content=\"2 minutes\" \/>\n<script type=\"application\/ld+json\" class=\"yoast-schema-graph\">{\"@context\":\"https:\\\/\\\/schema.org\",\"@graph\":[{\"@type\":\"WebPage\",\"@id\":\"https:\\\/\\\/scheideninfriesland.nl\\\/fy-nl\\\/eks-partners\\\/skieding-regeljen\\\/jildsaken\\\/fersekeringen-regelje-by-in-skieding\\\/\",\"url\":\"https:\\\/\\\/scheideninfriesland.nl\\\/fy-nl\\\/eks-partners\\\/skieding-regeljen\\\/jildsaken\\\/fersekeringen-regelje-by-in-skieding\\\/\",\"name\":\"Fersekeringen regelje by in skieding - Scheiden in Friesland\",\"isPartOf\":{\"@id\":\"https:\\\/\\\/scheideninfriesland.nl\\\/fy-nl\\\/#website\"},\"primaryImageOfPage\":{\"@id\":\"https:\\\/\\\/scheideninfriesland.nl\\\/fy-nl\\\/eks-partners\\\/skieding-regeljen\\\/jildsaken\\\/fersekeringen-regelje-by-in-skieding\\\/#primaryimage\"},\"image\":{\"@id\":\"https:\\\/\\\/scheideninfriesland.nl\\\/fy-nl\\\/eks-partners\\\/skieding-regeljen\\\/jildsaken\\\/fersekeringen-regelje-by-in-skieding\\\/#primaryimage\"},\"thumbnailUrl\":\"https:\\\/\\\/scheideninfriesland.nl\\\/wp-content\\\/uploads\\\/2021\\\/09\\\/financien_regelen.svg\",\"datePublished\":\"2021-12-27T14:11:39+00:00\",\"dateModified\":\"2022-02-24T12:43:33+00:00\",\"description\":\"Fersekeringen regelje by in skieding is wichtich. In oersjoch fan rinnende fersekeringen kin in goed begjinpunt w\u00eaze.\",\"breadcrumb\":{\"@id\":\"https:\\\/\\\/scheideninfriesland.nl\\\/fy-nl\\\/eks-partners\\\/skieding-regeljen\\\/jildsaken\\\/fersekeringen-regelje-by-in-skieding\\\/#breadcrumb\"},\"inLanguage\":\"fy\",\"potentialAction\":[{\"@type\":\"ReadAction\",\"target\":[\"https:\\\/\\\/scheideninfriesland.nl\\\/fy-nl\\\/eks-partners\\\/skieding-regeljen\\\/jildsaken\\\/fersekeringen-regelje-by-in-skieding\\\/\"]}]},{\"@type\":\"ImageObject\",\"inLanguage\":\"fy\",\"@id\":\"https:\\\/\\\/scheideninfriesland.nl\\\/fy-nl\\\/eks-partners\\\/skieding-regeljen\\\/jildsaken\\\/fersekeringen-regelje-by-in-skieding\\\/#primaryimage\",\"url\":\"https:\\\/\\\/scheideninfriesland.nl\\\/wp-content\\\/uploads\\\/2021\\\/09\\\/financien_regelen.svg\",\"contentUrl\":\"https:\\\/\\\/scheideninfriesland.nl\\\/wp-content\\\/uploads\\\/2021\\\/09\\\/financien_regelen.svg\",\"caption\":\"man regelt financi\u00ebn\"},{\"@type\":\"BreadcrumbList\",\"@id\":\"https:\\\/\\\/scheideninfriesland.nl\\\/fy-nl\\\/eks-partners\\\/skieding-regeljen\\\/jildsaken\\\/fersekeringen-regelje-by-in-skieding\\\/#breadcrumb\",\"itemListElement\":[{\"@type\":\"ListItem\",\"position\":1,\"name\":\"Home\",\"item\":\"https:\\\/\\\/scheideninfriesland.nl\\\/fy-nl\\\/\"},{\"@type\":\"ListItem\",\"position\":2,\"name\":\"Fyn de goede ynformaasje \u00e9n help by in skieding yn Frysl\u00e2n\",\"item\":\"https:\\\/\\\/scheideninfriesland.nl\\\/fy-nl\\\/eks-partners\\\/\"},{\"@type\":\"ListItem\",\"position\":3,\"name\":\"Begjin mei it regeljen fan dyn skieding\",\"item\":\"https:\\\/\\\/scheideninfriesland.nl\\\/fy-nl\\\/eks-partners\\\/skieding-regeljen\\\/\"},{\"@type\":\"ListItem\",\"position\":4,\"name\":\"Finansjeel regelwurk en kosten by in skieding\",\"item\":\"https:\\\/\\\/scheideninfriesland.nl\\\/fy-nl\\\/eks-partners\\\/skieding-regeljen\\\/jildsaken\\\/\"},{\"@type\":\"ListItem\",\"position\":5,\"name\":\"Fersekeringen regelje by in skieding\"}]},{\"@type\":\"WebSite\",\"@id\":\"https:\\\/\\\/scheideninfriesland.nl\\\/fy-nl\\\/#website\",\"url\":\"https:\\\/\\\/scheideninfriesland.nl\\\/fy-nl\\\/\",\"name\":\"Scheiden in Friesland\",\"description\":\"\",\"publisher\":{\"@id\":\"https:\\\/\\\/scheideninfriesland.nl\\\/fy-nl\\\/#organization\"},\"potentialAction\":[{\"@type\":\"SearchAction\",\"target\":{\"@type\":\"EntryPoint\",\"urlTemplate\":\"https:\\\/\\\/scheideninfriesland.nl\\\/fy-nl\\\/?s={search_term_string}\"},\"query-input\":{\"@type\":\"PropertyValueSpecification\",\"valueRequired\":true,\"valueName\":\"search_term_string\"}}],\"inLanguage\":\"fy\"},{\"@type\":\"Organization\",\"@id\":\"https:\\\/\\\/scheideninfriesland.nl\\\/fy-nl\\\/#organization\",\"name\":\"scheideninfriesland.nl\",\"url\":\"https:\\\/\\\/scheideninfriesland.nl\\\/fy-nl\\\/\",\"logo\":{\"@type\":\"ImageObject\",\"inLanguage\":\"fy\",\"@id\":\"https:\\\/\\\/scheideninfriesland.nl\\\/fy-nl\\\/#\\\/schema\\\/logo\\\/image\\\/\",\"url\":\"http:\\\/\\\/scheideninfriesland.nl\\\/wp-content\\\/uploads\\\/2021\\\/09\\\/9c86687c-2e5d-bc5b-1e71-48e00398a394-e1632209763466.jpg\",\"contentUrl\":\"http:\\\/\\\/scheideninfriesland.nl\\\/wp-content\\\/uploads\\\/2021\\\/09\\\/9c86687c-2e5d-bc5b-1e71-48e00398a394-e1632209763466.jpg\",\"width\":894,\"height\":381,\"caption\":\"scheideninfriesland.nl\"},\"image\":{\"@id\":\"https:\\\/\\\/scheideninfriesland.nl\\\/fy-nl\\\/#\\\/schema\\\/logo\\\/image\\\/\"}}]}<\/script>\n<!-- \/ Yoast SEO plugin. -->","yoast_head_json":{"title":"Fersekeringen regelje by in skieding - Scheiden in Friesland","description":"Fersekeringen regelje by in skieding is wichtich. In oersjoch fan rinnende fersekeringen kin in goed begjinpunt w\u00eaze.","robots":{"index":"index","follow":"follow","max-snippet":"max-snippet:-1","max-image-preview":"max-image-preview:large","max-video-preview":"max-video-preview:-1"},"canonical":"https:\/\/scheideninfriesland.nl\/fy-nl\/eks-partners\/skieding-regeljen\/jildsaken\/fersekeringen-regelje-by-in-skieding\/","og_locale":"en_US","og_type":"article","og_title":"Fersekeringen regelje by in skieding - Scheiden in Friesland","og_description":"Fersekeringen regelje by in skieding is wichtich. In oersjoch fan rinnende fersekeringen kin in goed begjinpunt w\u00eaze.","og_url":"https:\/\/scheideninfriesland.nl\/fy-nl\/eks-partners\/skieding-regeljen\/jildsaken\/fersekeringen-regelje-by-in-skieding\/","og_site_name":"Scheiden in Friesland","article_modified_time":"2022-02-24T12:43:33+00:00","twitter_card":"summary_large_image","twitter_misc":{"Est. reading time":"2 minutes"},"schema":{"@context":"https:\/\/schema.org","@graph":[{"@type":"WebPage","@id":"https:\/\/scheideninfriesland.nl\/fy-nl\/eks-partners\/skieding-regeljen\/jildsaken\/fersekeringen-regelje-by-in-skieding\/","url":"https:\/\/scheideninfriesland.nl\/fy-nl\/eks-partners\/skieding-regeljen\/jildsaken\/fersekeringen-regelje-by-in-skieding\/","name":"Fersekeringen regelje by in skieding - Scheiden in Friesland","isPartOf":{"@id":"https:\/\/scheideninfriesland.nl\/fy-nl\/#website"},"primaryImageOfPage":{"@id":"https:\/\/scheideninfriesland.nl\/fy-nl\/eks-partners\/skieding-regeljen\/jildsaken\/fersekeringen-regelje-by-in-skieding\/#primaryimage"},"image":{"@id":"https:\/\/scheideninfriesland.nl\/fy-nl\/eks-partners\/skieding-regeljen\/jildsaken\/fersekeringen-regelje-by-in-skieding\/#primaryimage"},"thumbnailUrl":"https:\/\/scheideninfriesland.nl\/wp-content\/uploads\/2021\/09\/financien_regelen.svg","datePublished":"2021-12-27T14:11:39+00:00","dateModified":"2022-02-24T12:43:33+00:00","description":"Fersekeringen regelje by in skieding is wichtich. In oersjoch fan rinnende fersekeringen kin in goed begjinpunt w\u00eaze.","breadcrumb":{"@id":"https:\/\/scheideninfriesland.nl\/fy-nl\/eks-partners\/skieding-regeljen\/jildsaken\/fersekeringen-regelje-by-in-skieding\/#breadcrumb"},"inLanguage":"fy","potentialAction":[{"@type":"ReadAction","target":["https:\/\/scheideninfriesland.nl\/fy-nl\/eks-partners\/skieding-regeljen\/jildsaken\/fersekeringen-regelje-by-in-skieding\/"]}]},{"@type":"ImageObject","inLanguage":"fy","@id":"https:\/\/scheideninfriesland.nl\/fy-nl\/eks-partners\/skieding-regeljen\/jildsaken\/fersekeringen-regelje-by-in-skieding\/#primaryimage","url":"https:\/\/scheideninfriesland.nl\/wp-content\/uploads\/2021\/09\/financien_regelen.svg","contentUrl":"https:\/\/scheideninfriesland.nl\/wp-content\/uploads\/2021\/09\/financien_regelen.svg","caption":"man regelt financi\u00ebn"},{"@type":"BreadcrumbList","@id":"https:\/\/scheideninfriesland.nl\/fy-nl\/eks-partners\/skieding-regeljen\/jildsaken\/fersekeringen-regelje-by-in-skieding\/#breadcrumb","itemListElement":[{"@type":"ListItem","position":1,"name":"Home","item":"https:\/\/scheideninfriesland.nl\/fy-nl\/"},{"@type":"ListItem","position":2,"name":"Fyn de goede ynformaasje \u00e9n help by in skieding yn Frysl\u00e2n","item":"https:\/\/scheideninfriesland.nl\/fy-nl\/eks-partners\/"},{"@type":"ListItem","position":3,"name":"Begjin mei it regeljen fan dyn skieding","item":"https:\/\/scheideninfriesland.nl\/fy-nl\/eks-partners\/skieding-regeljen\/"},{"@type":"ListItem","position":4,"name":"Finansjeel regelwurk en kosten by in skieding","item":"https:\/\/scheideninfriesland.nl\/fy-nl\/eks-partners\/skieding-regeljen\/jildsaken\/"},{"@type":"ListItem","position":5,"name":"Fersekeringen regelje by in skieding"}]},{"@type":"WebSite","@id":"https:\/\/scheideninfriesland.nl\/fy-nl\/#website","url":"https:\/\/scheideninfriesland.nl\/fy-nl\/","name":"Scheiden in Friesland","description":"","publisher":{"@id":"https:\/\/scheideninfriesland.nl\/fy-nl\/#organization"},"potentialAction":[{"@type":"SearchAction","target":{"@type":"EntryPoint","urlTemplate":"https:\/\/scheideninfriesland.nl\/fy-nl\/?s={search_term_string}"},"query-input":{"@type":"PropertyValueSpecification","valueRequired":true,"valueName":"search_term_string"}}],"inLanguage":"fy"},{"@type":"Organization","@id":"https:\/\/scheideninfriesland.nl\/fy-nl\/#organization","name":"scheideninfriesland.nl","url":"https:\/\/scheideninfriesland.nl\/fy-nl\/","logo":{"@type":"ImageObject","inLanguage":"fy","@id":"https:\/\/scheideninfriesland.nl\/fy-nl\/#\/schema\/logo\/image\/","url":"http:\/\/scheideninfriesland.nl\/wp-content\/uploads\/2021\/09\/9c86687c-2e5d-bc5b-1e71-48e00398a394-e1632209763466.jpg","contentUrl":"http:\/\/scheideninfriesland.nl\/wp-content\/uploads\/2021\/09\/9c86687c-2e5d-bc5b-1e71-48e00398a394-e1632209763466.jpg","width":894,"height":381,"caption":"scheideninfriesland.nl"},"image":{"@id":"https:\/\/scheideninfriesland.nl\/fy-nl\/#\/schema\/logo\/image\/"}}]}},"_links":{"self":[{"href":"https:\/\/scheideninfriesland.nl\/fy-nl\/wp-json\/wp\/v2\/pages\/1813","targetHints":{"allow":["GET"]}}],"collection":[{"href":"https:\/\/scheideninfriesland.nl\/fy-nl\/wp-json\/wp\/v2\/pages"}],"about":[{"href":"https:\/\/scheideninfriesland.nl\/fy-nl\/wp-json\/wp\/v2\/types\/page"}],"author":[{"embeddable":true,"href":"https:\/\/scheideninfriesland.nl\/fy-nl\/wp-json\/wp\/v2\/users\/2"}],"replies":[{"embeddable":true,"href":"https:\/\/scheideninfriesland.nl\/fy-nl\/wp-json\/wp\/v2\/comments?post=1813"}],"version-history":[{"count":5,"href":"https:\/\/scheideninfriesland.nl\/fy-nl\/wp-json\/wp\/v2\/pages\/1813\/revisions"}],"predecessor-version":[{"id":2113,"href":"https:\/\/scheideninfriesland.nl\/fy-nl\/wp-json\/wp\/v2\/pages\/1813\/revisions\/2113"}],"up":[{"embeddable":true,"href":"https:\/\/scheideninfriesland.nl\/fy-nl\/wp-json\/wp\/v2\/pages\/1957"}],"wp:featuredmedia":[{"embeddable":true,"href":"https:\/\/scheideninfriesland.nl\/fy-nl\/wp-json\/wp\/v2\/media\/1674"}],"wp:attachment":[{"href":"https:\/\/scheideninfriesland.nl\/fy-nl\/wp-json\/wp\/v2\/media?parent=1813"}],"curies":[{"name":"wp","href":"https:\/\/api.w.org\/{rel}","templated":true}]}}