{"id":1815,"date":"2021-12-27T14:20:57","date_gmt":"2021-12-27T14:20:57","guid":{"rendered":"http:\/\/scheideninfriesland.nl\/ofspraken-oer-de-wenning-by-in-skieding\/"},"modified":"2022-02-24T12:44:12","modified_gmt":"2022-02-24T12:44:12","slug":"ofspraken-oer-de-wenning-by-in-skieding","status":"publish","type":"page","link":"https:\/\/scheideninfriesland.nl\/fy-nl\/eks-partners\/skieding-regeljen\/ofspraken-oer-de-wenning-by-in-skieding\/","title":{"rendered":"Ofspraken oer de wenning by in skieding"},"content":{"rendered":"\n<div class=\"wp-block-columns is-layout-flex wp-container-core-columns-is-layout-9d6595d7 wp-block-columns-is-layout-flex\">\n<div class=\"wp-block-column is-layout-flow wp-block-column-is-layout-flow\" style=\"flex-basis:66.66%\">\n<h2 class=\"wp-block-heading\">Meitsje \u00f4fspraken oer de keapwenning  <\/h2>\n\n\n\n<p>As jim tegearre in keaph\u00fbs hawwe, moatte d\u00ear tidens de skieding \u00f4fspraken oer makke wurde. Jim kinne der bygelyks foar kieze om it h\u00fbs te ferkeapjen, of ien fan jim bliuwt der wenjen en keapet de oar \u00fat. Beide opsjes hawwe foar &#8211; en neidielen. Alles oer dizze karren om it keaph\u00fbs hinne fynst op \u00fas side oer keapwenten. <\/p>\n\n\n\n \n\n<div id=\"block_6135d8497f142\" data-block-name=\"buttons\" class=\" align \">\n\n    <div class=\"wrap layout-row align-start\">\n         <a href=\"http:\/\/scheideninfriesland.nl\/fy-nl\/eks-partners\/skieding-regeljen\/ofspraken-oer-de-wenning-by-in-skieding\/in-keapwenning-ferdiele-by-in-skieding\/\" target=\"\" class=\"btn  btn-secondary\">\n        In keapwenning ferdiele by in skieding         <i class=\"fas fa-arrow-right\" aria-hidden=\"true\"><\/i>    <\/a>\n        <\/div>\n   \n<\/div> \n\n\n<\/div>\n\n\n\n<div class=\"wp-block-column is-layout-flow wp-block-column-is-layout-flow\" style=\"flex-basis:33.33%\"><\/div>\n<\/div>\n\n\n\n\n \n<div id=\"block_6135d7297f13b\"  data-block-name=\"kader\" class=\"alignfull green\">\n\n    \n     \n\n<div class=\"wp-block-columns is-layout-flex wp-container-core-columns-is-layout-9d6595d7 wp-block-columns-is-layout-flex\">\n<div class=\"wp-block-column is-layout-flow wp-block-column-is-layout-flow\" style=\"flex-basis:100%\">\n<h2 class=\"wp-block-heading\">Sa kinne je de hierwenning ferdiele  <\/h2>\n\n\n\n<p>It ferdielen fan de hierwenning is meastentiids minder yngewikkeld as it ferdielen fan in keapwenning. Mar ynformaasje oer hieren by in skieding is net allinnich fan belang as jimme mei-inoar al yn in hierwente wenje. Miskien wennen jimme foar de skieding wol tegearre yn in keaph\u00fbs, mar is ien fan jim no op syk nei in hierwenning. Alle ynformaasje oer it ferdielen fan in hierwenning \u00e9n it finen fan in nije hierwente fynst op \u00fas side oer hierwenningen. <\/p>\n\n\n\n \n\n<div id=\"block_6135d7427f13c\" data-block-name=\"buttons\" class=\" align \">\n\n    <div class=\"wrap layout-row align-start\">\n         <a href=\"http:\/\/scheideninfriesland.nl\/fy-nl\/eks-partners\/skieding-regeljen\/ofspraken-oer-de-wenning-by-in-skieding\/in-hierwenning-ferdiele-by-in-skieding\/\" target=\"\" class=\"btn  btn-secondary\">\n        In hierwenning ferdiele by in skieding         <i class=\"fas fa-arrow-right\" aria-hidden=\"true\"><\/i>    <\/a>\n        <\/div>\n   \n<\/div> \n\n\n<\/div>\n<\/div>\n\n\n\n   \n\n \n\n<\/div>\n\n\n\n\n\n<div class=\"wp-block-columns is-layout-flex wp-container-core-columns-is-layout-9d6595d7 wp-block-columns-is-layout-flex\">\n<div class=\"wp-block-column is-layout-flow wp-block-column-is-layout-flow\" style=\"flex-basis:66.66%\">\n<h2 class=\"wp-block-heading\">Ofspraken meitsje oer it wenplak fan de bern <\/h2>\n\n\n\n<p>W\u00ear&#8217;t de bern nei de skieding wenje, hinget \u00f4f fan de \u00f4fspraken dy &#8216;t jim meitsje en f\u00eastlizze yn it \u00e2lderskipsplan. Mei ko-\u00e2lderskip wenje de bern sawat likefolle by beide \u00e2lden, mar it kin fansels sa w\u00eaze dat jim d\u00ear oare \u00f4fspraken oer makke hawwe. Yn alle gefallen is it wichtich om nei te tinken oer op hokker adres de bern ynskreaun steane. Dit kin nammentlik gefolgen hawwe foar taslaggen en bernetaslach. Mear ynformaasje oer de ynfloed fan it saneamde haadferbliuw fan de bern op de fin\u00e2nsjes fynst op de webside fan de Belestingtsjinst. <\/p>\n\n\n\n \n\n<div id=\"block_6135d7c17f13e\" data-block-name=\"buttons\" class=\" align \">\n\n    <div class=\"wrap layout-row align-start\">\n         <a href=\"https:\/\/www.belastingdienst.nl\/wps\/wcm\/connect\/bldcontentnl\/belastingdienst\/prive\/inkomstenbelasting\/heffingskortingen_boxen_tarieven\/heffingskortingen\/inkomensafhankelijke_combikorting\/inkomensafhankelijke_combinatiekorting\" target=\"_blank\" class=\"btn  btn-secondary\">\n        Belestingtsjinst oer it wenplak fan de bern         <i class=\"fas fa-external-link-alt\" aria-hidden=\"true\"><\/i>    <\/a>\n        <\/div>\n   \n<\/div> \n\n\n\n\n\n<h3 class=\"wp-block-heading\"><br>Wolst dyn bern net ferh\u00fazje litte? <\/h3>\n\n\n\n<p>Dan kinst tinke oan birdnesting. Dan bliuwe de bern yn it \u00e2lderlik h\u00fbs en wikselje de \u00e2lden inoar \u00f4f. L\u00eas der mear oer op de webside fan De Nationale Adviesbalie. <\/p>\n\n\n\n \n\n<div id=\"block_6135d7f17f140\" data-block-name=\"buttons\" class=\" align \">\n\n    <div class=\"wrap layout-row align-start\">\n         <a href=\"https:\/\/www.echtscheiding-wijzer.nl\/birdnesting.html\" target=\"_blank\" class=\"btn  btn-secondary\">\n        Mear ynformaasje oer birdnesting         <i class=\"fas fa-external-link-alt\" aria-hidden=\"true\"><\/i>    <\/a>\n        <\/div>\n   \n<\/div> \n\n\n<\/div>\n\n\n\n<div class=\"wp-block-column is-layout-flow wp-block-column-is-layout-flow\" style=\"flex-basis:33.33%\"><\/div>\n<\/div>\n","protected":false},"excerpt":{"rendered":"<p>Meitsje \u00f4fspraken oer de keapwenning As jim tegearre in keaph\u00fbs hawwe, moatte d\u00ear tidens de skieding \u00f4fspraken oer makke wurde. Jim kinne der bygelyks foar kieze om it h\u00fbs te ferkeapjen, of ien fan jim bliuwt der wenjen en keapet de oar \u00fat. Beide opsjes hawwe foar &#8211; en neidielen. Alles oer dizze karren om it keaph\u00fbs hinne fynst op \u00fas side oer keapwenten. Ofspraken meitsje oer it wenplak fan de bern W\u00ear&#8217;t de bern nei de skieding wenje, hinget \u00f4f fan de \u00f4fspraken dy &#8216;t jim meitsje en f\u00eastlizze yn it \u00e2lderskipsplan. Mei ko-\u00e2lderskip wenje de bern sawat likefolle by beide \u00e2lden, mar it kin fansels sa w\u00eaze dat jim d\u00ear oare \u00f4fspraken oer makke hawwe. Yn alle gefallen is it wichtich om nei te tinken oer op hokker adres de bern ynskreaun steane. Dit kin nammentlik gefolgen hawwe foar taslaggen en bernetaslach. Mear ynformaasje oer de ynfloed fan it saneamde haadferbliuw fan de bern op de fin\u00e2nsjes fynst op de webside fan de Belestingtsjinst. Wolst dyn bern net ferh\u00fazje litte? Dan kinst tinke oan birdnesting. Dan bliuwe de bern yn it \u00e2lderlik h\u00fbs en wikselje de \u00e2lden inoar \u00f4f.<\/p>\n","protected":false},"author":2,"featured_media":1695,"parent":1947,"menu_order":3,"comment_status":"closed","ping_status":"closed","template":"","meta":{"_acf_changed":false,"inline_featured_image":false,"footnotes":""},"class_list":["post-1815","page","type-page","status-publish","has-post-thumbnail","hentry"],"acf":[],"yoast_head":"<!-- This site is optimized with the Yoast SEO plugin v27.3 - https:\/\/yoast.com\/product\/yoast-seo-wordpress\/ -->\n<title>Ofspraken oer de wenning by in skieding - Scheiden in Friesland<\/title>\n<meta name=\"description\" content=\"Hoe ferdiele je in wenning nei in skieding? Goede \u00f4fspraken binne wichtich. By in hierwenning en by in keapwenning.\" \/>\n<meta name=\"robots\" content=\"index, follow, max-snippet:-1, max-image-preview:large, max-video-preview:-1\" \/>\n<link rel=\"canonical\" href=\"https:\/\/scheideninfriesland.nl\/fy-nl\/eks-partners\/skieding-regeljen\/ofspraken-oer-de-wenning-by-in-skieding\/\" \/>\n<meta property=\"og:locale\" content=\"en_US\" \/>\n<meta property=\"og:type\" content=\"article\" \/>\n<meta property=\"og:title\" content=\"Ofspraken oer de wenning by in skieding - Scheiden in Friesland\" \/>\n<meta property=\"og:description\" content=\"Hoe ferdiele je in wenning nei in skieding? Goede \u00f4fspraken binne wichtich. By in hierwenning en by in keapwenning.\" \/>\n<meta property=\"og:url\" content=\"https:\/\/scheideninfriesland.nl\/fy-nl\/eks-partners\/skieding-regeljen\/ofspraken-oer-de-wenning-by-in-skieding\/\" \/>\n<meta property=\"og:site_name\" content=\"Scheiden in Friesland\" \/>\n<meta property=\"article:modified_time\" content=\"2022-02-24T12:44:12+00:00\" \/>\n<meta name=\"twitter:card\" content=\"summary_large_image\" \/>\n<meta name=\"twitter:label1\" content=\"Est. reading time\" \/>\n\t<meta name=\"twitter:data1\" content=\"2 minutes\" \/>\n<script type=\"application\/ld+json\" class=\"yoast-schema-graph\">{\"@context\":\"https:\\\/\\\/schema.org\",\"@graph\":[{\"@type\":\"WebPage\",\"@id\":\"https:\\\/\\\/scheideninfriesland.nl\\\/fy-nl\\\/eks-partners\\\/skieding-regeljen\\\/ofspraken-oer-de-wenning-by-in-skieding\\\/\",\"url\":\"https:\\\/\\\/scheideninfriesland.nl\\\/fy-nl\\\/eks-partners\\\/skieding-regeljen\\\/ofspraken-oer-de-wenning-by-in-skieding\\\/\",\"name\":\"Ofspraken oer de wenning by in skieding - Scheiden in Friesland\",\"isPartOf\":{\"@id\":\"https:\\\/\\\/scheideninfriesland.nl\\\/fy-nl\\\/#website\"},\"primaryImageOfPage\":{\"@id\":\"https:\\\/\\\/scheideninfriesland.nl\\\/fy-nl\\\/eks-partners\\\/skieding-regeljen\\\/ofspraken-oer-de-wenning-by-in-skieding\\\/#primaryimage\"},\"image\":{\"@id\":\"https:\\\/\\\/scheideninfriesland.nl\\\/fy-nl\\\/eks-partners\\\/skieding-regeljen\\\/ofspraken-oer-de-wenning-by-in-skieding\\\/#primaryimage\"},\"thumbnailUrl\":\"https:\\\/\\\/scheideninfriesland.nl\\\/wp-content\\\/uploads\\\/2021\\\/09\\\/woning_verdelen.svg\",\"datePublished\":\"2021-12-27T14:20:57+00:00\",\"dateModified\":\"2022-02-24T12:44:12+00:00\",\"description\":\"Hoe ferdiele je in wenning nei in skieding? Goede \u00f4fspraken binne wichtich. By in hierwenning en by in keapwenning.\",\"breadcrumb\":{\"@id\":\"https:\\\/\\\/scheideninfriesland.nl\\\/fy-nl\\\/eks-partners\\\/skieding-regeljen\\\/ofspraken-oer-de-wenning-by-in-skieding\\\/#breadcrumb\"},\"inLanguage\":\"fy\",\"potentialAction\":[{\"@type\":\"ReadAction\",\"target\":[\"https:\\\/\\\/scheideninfriesland.nl\\\/fy-nl\\\/eks-partners\\\/skieding-regeljen\\\/ofspraken-oer-de-wenning-by-in-skieding\\\/\"]}]},{\"@type\":\"ImageObject\",\"inLanguage\":\"fy\",\"@id\":\"https:\\\/\\\/scheideninfriesland.nl\\\/fy-nl\\\/eks-partners\\\/skieding-regeljen\\\/ofspraken-oer-de-wenning-by-in-skieding\\\/#primaryimage\",\"url\":\"https:\\\/\\\/scheideninfriesland.nl\\\/wp-content\\\/uploads\\\/2021\\\/09\\\/woning_verdelen.svg\",\"contentUrl\":\"https:\\\/\\\/scheideninfriesland.nl\\\/wp-content\\\/uploads\\\/2021\\\/09\\\/woning_verdelen.svg\",\"caption\":\"woning verdelen\"},{\"@type\":\"BreadcrumbList\",\"@id\":\"https:\\\/\\\/scheideninfriesland.nl\\\/fy-nl\\\/eks-partners\\\/skieding-regeljen\\\/ofspraken-oer-de-wenning-by-in-skieding\\\/#breadcrumb\",\"itemListElement\":[{\"@type\":\"ListItem\",\"position\":1,\"name\":\"Home\",\"item\":\"https:\\\/\\\/scheideninfriesland.nl\\\/fy-nl\\\/\"},{\"@type\":\"ListItem\",\"position\":2,\"name\":\"Fyn de goede ynformaasje \u00e9n help by in skieding yn Frysl\u00e2n\",\"item\":\"https:\\\/\\\/scheideninfriesland.nl\\\/fy-nl\\\/eks-partners\\\/\"},{\"@type\":\"ListItem\",\"position\":3,\"name\":\"Begjin mei it regeljen fan dyn skieding\",\"item\":\"https:\\\/\\\/scheideninfriesland.nl\\\/fy-nl\\\/eks-partners\\\/skieding-regeljen\\\/\"},{\"@type\":\"ListItem\",\"position\":4,\"name\":\"Ofspraken oer de wenning by in skieding\"}]},{\"@type\":\"WebSite\",\"@id\":\"https:\\\/\\\/scheideninfriesland.nl\\\/fy-nl\\\/#website\",\"url\":\"https:\\\/\\\/scheideninfriesland.nl\\\/fy-nl\\\/\",\"name\":\"Scheiden in Friesland\",\"description\":\"\",\"publisher\":{\"@id\":\"https:\\\/\\\/scheideninfriesland.nl\\\/fy-nl\\\/#organization\"},\"potentialAction\":[{\"@type\":\"SearchAction\",\"target\":{\"@type\":\"EntryPoint\",\"urlTemplate\":\"https:\\\/\\\/scheideninfriesland.nl\\\/fy-nl\\\/?s={search_term_string}\"},\"query-input\":{\"@type\":\"PropertyValueSpecification\",\"valueRequired\":true,\"valueName\":\"search_term_string\"}}],\"inLanguage\":\"fy\"},{\"@type\":\"Organization\",\"@id\":\"https:\\\/\\\/scheideninfriesland.nl\\\/fy-nl\\\/#organization\",\"name\":\"scheideninfriesland.nl\",\"url\":\"https:\\\/\\\/scheideninfriesland.nl\\\/fy-nl\\\/\",\"logo\":{\"@type\":\"ImageObject\",\"inLanguage\":\"fy\",\"@id\":\"https:\\\/\\\/scheideninfriesland.nl\\\/fy-nl\\\/#\\\/schema\\\/logo\\\/image\\\/\",\"url\":\"http:\\\/\\\/scheideninfriesland.nl\\\/wp-content\\\/uploads\\\/2021\\\/09\\\/9c86687c-2e5d-bc5b-1e71-48e00398a394-e1632209763466.jpg\",\"contentUrl\":\"http:\\\/\\\/scheideninfriesland.nl\\\/wp-content\\\/uploads\\\/2021\\\/09\\\/9c86687c-2e5d-bc5b-1e71-48e00398a394-e1632209763466.jpg\",\"width\":894,\"height\":381,\"caption\":\"scheideninfriesland.nl\"},\"image\":{\"@id\":\"https:\\\/\\\/scheideninfriesland.nl\\\/fy-nl\\\/#\\\/schema\\\/logo\\\/image\\\/\"}}]}<\/script>\n<!-- \/ Yoast SEO plugin. -->","yoast_head_json":{"title":"Ofspraken oer de wenning by in skieding - Scheiden in Friesland","description":"Hoe ferdiele je in wenning nei in skieding? Goede \u00f4fspraken binne wichtich. By in hierwenning en by in keapwenning.","robots":{"index":"index","follow":"follow","max-snippet":"max-snippet:-1","max-image-preview":"max-image-preview:large","max-video-preview":"max-video-preview:-1"},"canonical":"https:\/\/scheideninfriesland.nl\/fy-nl\/eks-partners\/skieding-regeljen\/ofspraken-oer-de-wenning-by-in-skieding\/","og_locale":"en_US","og_type":"article","og_title":"Ofspraken oer de wenning by in skieding - Scheiden in Friesland","og_description":"Hoe ferdiele je in wenning nei in skieding? Goede \u00f4fspraken binne wichtich. By in hierwenning en by in keapwenning.","og_url":"https:\/\/scheideninfriesland.nl\/fy-nl\/eks-partners\/skieding-regeljen\/ofspraken-oer-de-wenning-by-in-skieding\/","og_site_name":"Scheiden in Friesland","article_modified_time":"2022-02-24T12:44:12+00:00","twitter_card":"summary_large_image","twitter_misc":{"Est. reading time":"2 minutes"},"schema":{"@context":"https:\/\/schema.org","@graph":[{"@type":"WebPage","@id":"https:\/\/scheideninfriesland.nl\/fy-nl\/eks-partners\/skieding-regeljen\/ofspraken-oer-de-wenning-by-in-skieding\/","url":"https:\/\/scheideninfriesland.nl\/fy-nl\/eks-partners\/skieding-regeljen\/ofspraken-oer-de-wenning-by-in-skieding\/","name":"Ofspraken oer de wenning by in skieding - Scheiden in Friesland","isPartOf":{"@id":"https:\/\/scheideninfriesland.nl\/fy-nl\/#website"},"primaryImageOfPage":{"@id":"https:\/\/scheideninfriesland.nl\/fy-nl\/eks-partners\/skieding-regeljen\/ofspraken-oer-de-wenning-by-in-skieding\/#primaryimage"},"image":{"@id":"https:\/\/scheideninfriesland.nl\/fy-nl\/eks-partners\/skieding-regeljen\/ofspraken-oer-de-wenning-by-in-skieding\/#primaryimage"},"thumbnailUrl":"https:\/\/scheideninfriesland.nl\/wp-content\/uploads\/2021\/09\/woning_verdelen.svg","datePublished":"2021-12-27T14:20:57+00:00","dateModified":"2022-02-24T12:44:12+00:00","description":"Hoe ferdiele je in wenning nei in skieding? Goede \u00f4fspraken binne wichtich. By in hierwenning en by in keapwenning.","breadcrumb":{"@id":"https:\/\/scheideninfriesland.nl\/fy-nl\/eks-partners\/skieding-regeljen\/ofspraken-oer-de-wenning-by-in-skieding\/#breadcrumb"},"inLanguage":"fy","potentialAction":[{"@type":"ReadAction","target":["https:\/\/scheideninfriesland.nl\/fy-nl\/eks-partners\/skieding-regeljen\/ofspraken-oer-de-wenning-by-in-skieding\/"]}]},{"@type":"ImageObject","inLanguage":"fy","@id":"https:\/\/scheideninfriesland.nl\/fy-nl\/eks-partners\/skieding-regeljen\/ofspraken-oer-de-wenning-by-in-skieding\/#primaryimage","url":"https:\/\/scheideninfriesland.nl\/wp-content\/uploads\/2021\/09\/woning_verdelen.svg","contentUrl":"https:\/\/scheideninfriesland.nl\/wp-content\/uploads\/2021\/09\/woning_verdelen.svg","caption":"woning verdelen"},{"@type":"BreadcrumbList","@id":"https:\/\/scheideninfriesland.nl\/fy-nl\/eks-partners\/skieding-regeljen\/ofspraken-oer-de-wenning-by-in-skieding\/#breadcrumb","itemListElement":[{"@type":"ListItem","position":1,"name":"Home","item":"https:\/\/scheideninfriesland.nl\/fy-nl\/"},{"@type":"ListItem","position":2,"name":"Fyn de goede ynformaasje \u00e9n help by in skieding yn Frysl\u00e2n","item":"https:\/\/scheideninfriesland.nl\/fy-nl\/eks-partners\/"},{"@type":"ListItem","position":3,"name":"Begjin mei it regeljen fan dyn skieding","item":"https:\/\/scheideninfriesland.nl\/fy-nl\/eks-partners\/skieding-regeljen\/"},{"@type":"ListItem","position":4,"name":"Ofspraken oer de wenning by in skieding"}]},{"@type":"WebSite","@id":"https:\/\/scheideninfriesland.nl\/fy-nl\/#website","url":"https:\/\/scheideninfriesland.nl\/fy-nl\/","name":"Scheiden in Friesland","description":"","publisher":{"@id":"https:\/\/scheideninfriesland.nl\/fy-nl\/#organization"},"potentialAction":[{"@type":"SearchAction","target":{"@type":"EntryPoint","urlTemplate":"https:\/\/scheideninfriesland.nl\/fy-nl\/?s={search_term_string}"},"query-input":{"@type":"PropertyValueSpecification","valueRequired":true,"valueName":"search_term_string"}}],"inLanguage":"fy"},{"@type":"Organization","@id":"https:\/\/scheideninfriesland.nl\/fy-nl\/#organization","name":"scheideninfriesland.nl","url":"https:\/\/scheideninfriesland.nl\/fy-nl\/","logo":{"@type":"ImageObject","inLanguage":"fy","@id":"https:\/\/scheideninfriesland.nl\/fy-nl\/#\/schema\/logo\/image\/","url":"http:\/\/scheideninfriesland.nl\/wp-content\/uploads\/2021\/09\/9c86687c-2e5d-bc5b-1e71-48e00398a394-e1632209763466.jpg","contentUrl":"http:\/\/scheideninfriesland.nl\/wp-content\/uploads\/2021\/09\/9c86687c-2e5d-bc5b-1e71-48e00398a394-e1632209763466.jpg","width":894,"height":381,"caption":"scheideninfriesland.nl"},"image":{"@id":"https:\/\/scheideninfriesland.nl\/fy-nl\/#\/schema\/logo\/image\/"}}]}},"_links":{"self":[{"href":"https:\/\/scheideninfriesland.nl\/fy-nl\/wp-json\/wp\/v2\/pages\/1815","targetHints":{"allow":["GET"]}}],"collection":[{"href":"https:\/\/scheideninfriesland.nl\/fy-nl\/wp-json\/wp\/v2\/pages"}],"about":[{"href":"https:\/\/scheideninfriesland.nl\/fy-nl\/wp-json\/wp\/v2\/types\/page"}],"author":[{"embeddable":true,"href":"https:\/\/scheideninfriesland.nl\/fy-nl\/wp-json\/wp\/v2\/users\/2"}],"replies":[{"embeddable":true,"href":"https:\/\/scheideninfriesland.nl\/fy-nl\/wp-json\/wp\/v2\/comments?post=1815"}],"version-history":[{"count":8,"href":"https:\/\/scheideninfriesland.nl\/fy-nl\/wp-json\/wp\/v2\/pages\/1815\/revisions"}],"predecessor-version":[{"id":2120,"href":"https:\/\/scheideninfriesland.nl\/fy-nl\/wp-json\/wp\/v2\/pages\/1815\/revisions\/2120"}],"up":[{"embeddable":true,"href":"https:\/\/scheideninfriesland.nl\/fy-nl\/wp-json\/wp\/v2\/pages\/1947"}],"wp:featuredmedia":[{"embeddable":true,"href":"https:\/\/scheideninfriesland.nl\/fy-nl\/wp-json\/wp\/v2\/media\/1695"}],"wp:attachment":[{"href":"https:\/\/scheideninfriesland.nl\/fy-nl\/wp-json\/wp\/v2\/media?parent=1815"}],"curies":[{"name":"wp","href":"https:\/\/api.w.org\/{rel}","templated":true}]}}