{"id":1819,"date":"2021-12-27T14:38:48","date_gmt":"2021-12-27T14:38:48","guid":{"rendered":"http:\/\/scheideninfriesland.nl\/juridyske-saken-by-in-skieding\/"},"modified":"2022-02-24T12:44:45","modified_gmt":"2022-02-24T12:44:45","slug":"juridyske-saken-by-in-skieding","status":"publish","type":"page","link":"https:\/\/scheideninfriesland.nl\/fy-nl\/eks-partners\/skieding-regeljen\/juridyske-saken-by-in-skieding\/","title":{"rendered":"Juridyske saken by in skieding"},"content":{"rendered":"\n<div class=\"wp-block-columns is-layout-flex wp-container-core-columns-is-layout-9d6595d7 wp-block-columns-is-layout-flex\">\n<div class=\"wp-block-column is-layout-flow wp-block-column-is-layout-flow\" style=\"flex-basis:66.66%\">\n<h2 class=\"wp-block-heading\">In advokaat of mediator?  <\/h2>\n\n\n\n<p>Skiede dochst mei help fan in advokaat of mediator as der minderjierrige bern belutsen binne. Om de skieding oan te freegjen by de rjochtbank hawwe je in advokaat nedich, mar as je mei in mediator wurkje kin hy of sy dat ek foar je regelje. <\/p>\n\n\n\n \n\n<div id=\"block_6134f670661d5\" data-block-name=\"buttons\" class=\" align \">\n\n    <div class=\"wrap layout-row align-start\">\n         <a href=\"http:\/\/scheideninfriesland.nl\/fy-nl\/eks-partners\/skieding-regeljen\/juridyske-saken-by-in-skieding\/advokaat-of-mediator-ynskeakelje-by-in-skieding\/\" target=\"\" class=\"btn  btn-secondary\">\n        Advokaat of mediator ynskeakelje by in skieding        <i class=\"fas fa-arrow-right\" aria-hidden=\"true\"><\/i>    <\/a>\n        <\/div>\n   \n<\/div> \n\n\n<\/div>\n\n\n\n<div class=\"wp-block-column is-layout-flow wp-block-column-is-layout-flow\" style=\"flex-basis:33.33%\"><\/div>\n<\/div>\n\n\n\n\n \n<div id=\"block_6134f6ba661d7\"  data-block-name=\"kader\" class=\"alignfull green\">\n\n    \n     \n\n<div class=\"wp-block-columns is-layout-flex wp-container-core-columns-is-layout-9d6595d7 wp-block-columns-is-layout-flex\">\n<div class=\"wp-block-column is-layout-flow wp-block-column-is-layout-flow\" style=\"flex-basis:100%\">\n<h2 class=\"wp-block-heading\">Ofspraken meitsje yn it echtskiedingskonvenant <\/h2>\n\n\n\n<p>As je skiede, lizze je de \u00f4fspraken tusken jesels en je (eks)partner f\u00east op papier. Dit dogge je by foarkar yn in echtskiedingskonvenant. Om te skieden tsjinnet dyn advokaat dat yn by de rjochter. Jim stelle it sels op, of tegearre mei in advokaat of mediator. Yn it konvenant makkest \u00f4fspraken oer de skieding. As de rjochter it goedkard hat (f\u00eaststelt), dan stean de \u00f4fspraken f\u00east. Ofspraken dy&#8217;tst f\u00eastleist yn it konvenant geane bygelyks oer pensjoen, fersekeringen, alimintaasje en wenjen. <\/p>\n\n\n\n \n\n<div id=\"block_6134f6d6661d8\" data-block-name=\"buttons\" class=\" align \">\n\n    <div class=\"wrap layout-row align-start\">\n         <a href=\"http:\/\/scheideninfriesland.nl\/fy-nl\/eks-partners\/skieding-regeljen\/juridyske-saken-by-in-skieding\/it-opstellen-fan-it-echtskiedingskonvenant\/\" target=\"\" class=\"btn  btn-secondary\">\n        It opstellen fan it echtskiedingskonvenant        <i class=\"fas fa-arrow-right\" aria-hidden=\"true\"><\/i>    <\/a>\n        <\/div>\n   \n<\/div> \n\n\n<\/div>\n<\/div>\n\n\n\n   \n\n \n\n<\/div>\n\n\n\n\n\n<div class=\"wp-block-columns is-layout-flex wp-container-core-columns-is-layout-9d6595d7 wp-block-columns-is-layout-flex\">\n<div class=\"wp-block-column is-layout-flow wp-block-column-is-layout-flow\" style=\"flex-basis:10%\"><\/div>\n\n\n\n<div class=\"wp-block-column is-layout-flow wp-block-column-is-layout-flow\" style=\"flex-basis:80%\">\n<h2 class=\"wp-block-heading\">It opstellen fan in \u00e2lderskipsplan<\/h2>\n\n\n\n<p>It is foar jimme en seker ek foar de bern wichtich om goede \u00f4fspraken oer it \u00e2lderskip te meitsjen. De \u00f4fspraken dy&#8217;tst makkest oer de bern, komme yn in \u00e2lderskipsplan. Yn dit plan lizze je bygelyks f\u00east hoe &#8216;t it kontakt oer de bern ferrint, hoe &#8216;t de soarch en de kosten ferdield wurde. <\/p>\n\n\n\n \n\n<div id=\"block_6134f7a106acb\" data-block-name=\"buttons\" class=\" align \">\n\n    <div class=\"wrap layout-row align-start\">\n         <a href=\"http:\/\/scheideninfriesland.nl\/fy-nl\/eks-partners\/skieding-regeljen\/juridyske-saken-by-in-skieding\/it-opstellen-fan-in-alderskipsplan\/\" target=\"\" class=\"btn  btn-secondary\">\n        It opstellen fan in \u00e2lderskipsplan        <i class=\"fas fa-arrow-right\" aria-hidden=\"true\"><\/i>    <\/a>\n        <\/div>\n   \n<\/div> \n\n\n<\/div>\n\n\n\n<div class=\"wp-block-column is-layout-flow wp-block-column-is-layout-flow\" style=\"flex-basis:10%\"><\/div>\n<\/div>\n\n\n\n\n \n<div id=\"block_6134f5e9661d3\"  data-block-name=\"kader\" class=\"alignfull blue\">\n\n    \n     \n\n<div class=\"wp-block-columns is-layout-flex wp-container-core-columns-is-layout-9d6595d7 wp-block-columns-is-layout-flex\">\n<div class=\"wp-block-column is-layout-flow wp-block-column-is-layout-flow\" style=\"flex-basis:66%\">\n<h2 class=\"wp-block-heading\">Betroubere \u00fbn\u00f4fhinklike ynformaasje fia Judex  <\/h2>\n\n\n\n<p>Foar fergees advys kinst terjochte op de site fan Judex. Der fynst h\u00fbnderten artikels, praktykfoarbylden en tsientallen juridyske dokuminten \u00fatwurke troch in tal spesjalisearre mediators, in notaris en in gerjochtsdoarwarder. De site fan Judex ferwiist ek troch nei oansletten juridyske professionals dy &#8216;t je fierder helpe kinne. <\/p>\n\n\n\n \n\n<div id=\"block_6134f5ea661d4\" data-block-name=\"buttons\" class=\" align \">\n\n    <div class=\"wrap layout-row align-start\">\n         <a href=\"https:\/\/www.judex.nl\/\" target=\"_blank\" class=\"btn  btn-secondary\">\n        Besjoch de advyzen fan Judex         <i class=\"fas fa-external-link-alt\" aria-hidden=\"true\"><\/i>    <\/a>\n        <\/div>\n   \n<\/div> \n\n\n<\/div>\n\n\n\n<div class=\"wp-block-column is-vertically-aligned-center is-layout-flow wp-block-column-is-layout-flow\" style=\"flex-basis:33%\">\n<figure class=\"wp-block-image size-large is-resized\"><img decoding=\"async\" src=\"http:\/\/scheideninfriesland.nl\/wp-content\/uploads\/\/2021\/09\/logo-judex-dark.svg\" alt=\"\" class=\"wp-image-1701\" width=\"360\" height=\"72\"\/><\/figure>\n<\/div>\n<\/div>\n\n\n\n   \n\n \n\n<\/div>\n\n\n\n\n\n\n \n<div id=\"block_6134e56828138\"  data-block-name=\"kader\" class=\"alignfull blue\">\n\n    \n     \n\n<div class=\"wp-block-columns is-layout-flex wp-container-core-columns-is-layout-9d6595d7 wp-block-columns-is-layout-flex\">\n<div class=\"wp-block-column is-vertically-aligned-center is-layout-flow wp-block-column-is-layout-flow\" style=\"flex-basis:33%\">\n<figure class=\"wp-block-image size-large is-resized\"><img decoding=\"async\" src=\"http:\/\/scheideninfriesland.nl\/wp-content\/uploads\/2021\/09\/juridisch-loket-ontslag.8889e0b3-1024x686.png\" alt=\"\" class=\"wp-image-1700\" width=\"302\" height=\"202\" srcset=\"https:\/\/scheideninfriesland.nl\/wp-content\/uploads\/2021\/09\/juridisch-loket-ontslag.8889e0b3-1024x686.png 1024w, https:\/\/scheideninfriesland.nl\/wp-content\/uploads\/2021\/09\/juridisch-loket-ontslag.8889e0b3-300x201.png 300w, https:\/\/scheideninfriesland.nl\/wp-content\/uploads\/2021\/09\/juridisch-loket-ontslag.8889e0b3-768x515.png 768w, https:\/\/scheideninfriesland.nl\/wp-content\/uploads\/2021\/09\/juridisch-loket-ontslag.8889e0b3-1343x900.png 1343w, https:\/\/scheideninfriesland.nl\/wp-content\/uploads\/2021\/09\/juridisch-loket-ontslag.8889e0b3-672x450.png 672w, https:\/\/scheideninfriesland.nl\/wp-content\/uploads\/2021\/09\/juridisch-loket-ontslag.8889e0b3-200x134.png 200w, https:\/\/scheideninfriesland.nl\/wp-content\/uploads\/2021\/09\/juridisch-loket-ontslag.8889e0b3-896x600.png 896w, https:\/\/scheideninfriesland.nl\/wp-content\/uploads\/2021\/09\/juridisch-loket-ontslag.8889e0b3.png 1400w\" sizes=\"(max-width: 302px) 100vw, 302px\" \/><\/figure>\n<\/div>\n\n\n\n<div class=\"wp-block-column is-layout-flow wp-block-column-is-layout-flow\" style=\"flex-basis:66%\">\n<h2 class=\"wp-block-heading\">Fergees juridysk advys fan it Juridysk Loket <\/h2>\n\n\n\n<p>Mei fragen oer skieden kinst \u00fbnder oare terjochte by it juridysk loket. Sy helpe mei juridyske fraachstikken. Se biede fergees rjochtshelp by skiedingen ast yn&#8217;e beneaming komst foar rjochtsbyst\u00e2n. Op it YouTube-kanaal fan it Juridysk loket fynst handige fideo\u2019s mei de antwurden op faak stelde fragen. <\/p>\n\n\n\n \n\n<div id=\"block_6134e58328139\" data-block-name=\"buttons\" class=\" align \">\n\n    <div class=\"wrap layout-row align-start\">\n         <a href=\"https:\/\/www.youtube.com\/playlist?list=PLpTdirA-TKB8vIEhV4B-XPhz7_tcDqXRg\" target=\"_blank\" class=\"btn  btn-secondary\">\n        Nei it YouTube-kanaal         <i class=\"fas fa-external-link-alt\" aria-hidden=\"true\"><\/i>    <\/a>\n         <a href=\"https:\/\/www.juridischloket.nl\/familie-en-relatie\/echtscheiding\/\" target=\"_blank\" class=\"btn  btn-secondary\">\n        Nei de webside         <i class=\"fas fa-external-link-alt\" aria-hidden=\"true\"><\/i>    <\/a>\n        <\/div>\n   \n<\/div> \n\n\n<\/div>\n<\/div>\n\n\n\n   \n\n \n\n<\/div>\n\n\n","protected":false},"excerpt":{"rendered":"<p><!-- wp:paragraph --><\/p>\n<p>As je skiede, is it nedich om alles goed op papier te setten. Ofspraken oangeande de skieding lizze jim leafst f\u00east yn in echtskiedingskonvenant en \u00f4fspraken oer de bern lizze jim f\u00east yn in \u00e2lderskipsplan. Dit kinst sels dwaan, of mei help fan in advokaat of mediator.<\/p>\n<p><!-- \/wp:paragraph --><\/p>\n<p><!-- wp:paragraph --><\/p>\n<p>Op dizze side fynst mear ynformaasje oer: <\/p>\n<p><!-- \/wp:paragraph --><\/p>\n<p><!-- wp:list --><\/p>\n<ul>\n<li>Kieze je foar in advokaat of mediator?<\/li>\n<li>Hoe stelst in echtskiedingskonvenant op?<\/li>\n<li>Wat heart der yn in \u00e2lderskipsplan? <\/li>\n<\/ul>\n<p><!\n<\/p>\n","protected":false},"author":2,"featured_media":1680,"parent":1947,"menu_order":5,"comment_status":"closed","ping_status":"closed","template":"","meta":{"_acf_changed":false,"inline_featured_image":false,"footnotes":""},"class_list":["post-1819","page","type-page","status-publish","has-post-thumbnail","hentry"],"acf":[],"yoast_head":"<!-- This site is optimized with the Yoast SEO plugin v27.3 - https:\/\/yoast.com\/product\/yoast-seo-wordpress\/ -->\n<title>Juridyske saken by in skieding - Scheiden in Friesland<\/title>\n<meta name=\"description\" content=\"Hokker juridyske saken moatst regelje by in skieding? Scheiden in Friesland set in tal foar dy op in rige.\" \/>\n<meta name=\"robots\" content=\"index, follow, max-snippet:-1, max-image-preview:large, max-video-preview:-1\" \/>\n<link rel=\"canonical\" href=\"https:\/\/scheideninfriesland.nl\/fy-nl\/eks-partners\/skieding-regeljen\/juridyske-saken-by-in-skieding\/\" \/>\n<meta property=\"og:locale\" content=\"en_US\" \/>\n<meta property=\"og:type\" content=\"article\" \/>\n<meta property=\"og:title\" content=\"Juridyske saken by in skieding - Scheiden in Friesland\" \/>\n<meta property=\"og:description\" content=\"Hokker juridyske saken moatst regelje by in skieding? Scheiden in Friesland set in tal foar dy op in rige.\" \/>\n<meta property=\"og:url\" content=\"https:\/\/scheideninfriesland.nl\/fy-nl\/eks-partners\/skieding-regeljen\/juridyske-saken-by-in-skieding\/\" \/>\n<meta property=\"og:site_name\" content=\"Scheiden in Friesland\" \/>\n<meta property=\"article:modified_time\" content=\"2022-02-24T12:44:45+00:00\" \/>\n<meta name=\"twitter:card\" content=\"summary_large_image\" \/>\n<meta name=\"twitter:label1\" content=\"Est. reading time\" \/>\n\t<meta name=\"twitter:data1\" content=\"2 minutes\" \/>\n<script type=\"application\/ld+json\" class=\"yoast-schema-graph\">{\"@context\":\"https:\\\/\\\/schema.org\",\"@graph\":[{\"@type\":\"WebPage\",\"@id\":\"https:\\\/\\\/scheideninfriesland.nl\\\/fy-nl\\\/eks-partners\\\/skieding-regeljen\\\/juridyske-saken-by-in-skieding\\\/\",\"url\":\"https:\\\/\\\/scheideninfriesland.nl\\\/fy-nl\\\/eks-partners\\\/skieding-regeljen\\\/juridyske-saken-by-in-skieding\\\/\",\"name\":\"Juridyske saken by in skieding - Scheiden in Friesland\",\"isPartOf\":{\"@id\":\"https:\\\/\\\/scheideninfriesland.nl\\\/fy-nl\\\/#website\"},\"primaryImageOfPage\":{\"@id\":\"https:\\\/\\\/scheideninfriesland.nl\\\/fy-nl\\\/eks-partners\\\/skieding-regeljen\\\/juridyske-saken-by-in-skieding\\\/#primaryimage\"},\"image\":{\"@id\":\"https:\\\/\\\/scheideninfriesland.nl\\\/fy-nl\\\/eks-partners\\\/skieding-regeljen\\\/juridyske-saken-by-in-skieding\\\/#primaryimage\"},\"thumbnailUrl\":\"https:\\\/\\\/scheideninfriesland.nl\\\/wp-content\\\/uploads\\\/2021\\\/09\\\/juridisch_regelen.svg\",\"datePublished\":\"2021-12-27T14:38:48+00:00\",\"dateModified\":\"2022-02-24T12:44:45+00:00\",\"description\":\"Hokker juridyske saken moatst regelje by in skieding? Scheiden in Friesland set in tal foar dy op in rige.\",\"breadcrumb\":{\"@id\":\"https:\\\/\\\/scheideninfriesland.nl\\\/fy-nl\\\/eks-partners\\\/skieding-regeljen\\\/juridyske-saken-by-in-skieding\\\/#breadcrumb\"},\"inLanguage\":\"fy\",\"potentialAction\":[{\"@type\":\"ReadAction\",\"target\":[\"https:\\\/\\\/scheideninfriesland.nl\\\/fy-nl\\\/eks-partners\\\/skieding-regeljen\\\/juridyske-saken-by-in-skieding\\\/\"]}]},{\"@type\":\"ImageObject\",\"inLanguage\":\"fy\",\"@id\":\"https:\\\/\\\/scheideninfriesland.nl\\\/fy-nl\\\/eks-partners\\\/skieding-regeljen\\\/juridyske-saken-by-in-skieding\\\/#primaryimage\",\"url\":\"https:\\\/\\\/scheideninfriesland.nl\\\/wp-content\\\/uploads\\\/2021\\\/09\\\/juridisch_regelen.svg\",\"contentUrl\":\"https:\\\/\\\/scheideninfriesland.nl\\\/wp-content\\\/uploads\\\/2021\\\/09\\\/juridisch_regelen.svg\",\"caption\":\"man en vrouw nadenkend over juridische afwegingen\"},{\"@type\":\"BreadcrumbList\",\"@id\":\"https:\\\/\\\/scheideninfriesland.nl\\\/fy-nl\\\/eks-partners\\\/skieding-regeljen\\\/juridyske-saken-by-in-skieding\\\/#breadcrumb\",\"itemListElement\":[{\"@type\":\"ListItem\",\"position\":1,\"name\":\"Home\",\"item\":\"https:\\\/\\\/scheideninfriesland.nl\\\/fy-nl\\\/\"},{\"@type\":\"ListItem\",\"position\":2,\"name\":\"Fyn de goede ynformaasje \u00e9n help by in skieding yn Frysl\u00e2n\",\"item\":\"https:\\\/\\\/scheideninfriesland.nl\\\/fy-nl\\\/eks-partners\\\/\"},{\"@type\":\"ListItem\",\"position\":3,\"name\":\"Begjin mei it regeljen fan dyn skieding\",\"item\":\"https:\\\/\\\/scheideninfriesland.nl\\\/fy-nl\\\/eks-partners\\\/skieding-regeljen\\\/\"},{\"@type\":\"ListItem\",\"position\":4,\"name\":\"Juridyske saken by in skieding\"}]},{\"@type\":\"WebSite\",\"@id\":\"https:\\\/\\\/scheideninfriesland.nl\\\/fy-nl\\\/#website\",\"url\":\"https:\\\/\\\/scheideninfriesland.nl\\\/fy-nl\\\/\",\"name\":\"Scheiden in Friesland\",\"description\":\"\",\"publisher\":{\"@id\":\"https:\\\/\\\/scheideninfriesland.nl\\\/fy-nl\\\/#organization\"},\"potentialAction\":[{\"@type\":\"SearchAction\",\"target\":{\"@type\":\"EntryPoint\",\"urlTemplate\":\"https:\\\/\\\/scheideninfriesland.nl\\\/fy-nl\\\/?s={search_term_string}\"},\"query-input\":{\"@type\":\"PropertyValueSpecification\",\"valueRequired\":true,\"valueName\":\"search_term_string\"}}],\"inLanguage\":\"fy\"},{\"@type\":\"Organization\",\"@id\":\"https:\\\/\\\/scheideninfriesland.nl\\\/fy-nl\\\/#organization\",\"name\":\"scheideninfriesland.nl\",\"url\":\"https:\\\/\\\/scheideninfriesland.nl\\\/fy-nl\\\/\",\"logo\":{\"@type\":\"ImageObject\",\"inLanguage\":\"fy\",\"@id\":\"https:\\\/\\\/scheideninfriesland.nl\\\/fy-nl\\\/#\\\/schema\\\/logo\\\/image\\\/\",\"url\":\"http:\\\/\\\/scheideninfriesland.nl\\\/wp-content\\\/uploads\\\/2021\\\/09\\\/9c86687c-2e5d-bc5b-1e71-48e00398a394-e1632209763466.jpg\",\"contentUrl\":\"http:\\\/\\\/scheideninfriesland.nl\\\/wp-content\\\/uploads\\\/2021\\\/09\\\/9c86687c-2e5d-bc5b-1e71-48e00398a394-e1632209763466.jpg\",\"width\":894,\"height\":381,\"caption\":\"scheideninfriesland.nl\"},\"image\":{\"@id\":\"https:\\\/\\\/scheideninfriesland.nl\\\/fy-nl\\\/#\\\/schema\\\/logo\\\/image\\\/\"}}]}<\/script>\n<!-- \/ Yoast SEO plugin. -->","yoast_head_json":{"title":"Juridyske saken by in skieding - Scheiden in Friesland","description":"Hokker juridyske saken moatst regelje by in skieding? Scheiden in Friesland set in tal foar dy op in rige.","robots":{"index":"index","follow":"follow","max-snippet":"max-snippet:-1","max-image-preview":"max-image-preview:large","max-video-preview":"max-video-preview:-1"},"canonical":"https:\/\/scheideninfriesland.nl\/fy-nl\/eks-partners\/skieding-regeljen\/juridyske-saken-by-in-skieding\/","og_locale":"en_US","og_type":"article","og_title":"Juridyske saken by in skieding - Scheiden in Friesland","og_description":"Hokker juridyske saken moatst regelje by in skieding? Scheiden in Friesland set in tal foar dy op in rige.","og_url":"https:\/\/scheideninfriesland.nl\/fy-nl\/eks-partners\/skieding-regeljen\/juridyske-saken-by-in-skieding\/","og_site_name":"Scheiden in Friesland","article_modified_time":"2022-02-24T12:44:45+00:00","twitter_card":"summary_large_image","twitter_misc":{"Est. reading time":"2 minutes"},"schema":{"@context":"https:\/\/schema.org","@graph":[{"@type":"WebPage","@id":"https:\/\/scheideninfriesland.nl\/fy-nl\/eks-partners\/skieding-regeljen\/juridyske-saken-by-in-skieding\/","url":"https:\/\/scheideninfriesland.nl\/fy-nl\/eks-partners\/skieding-regeljen\/juridyske-saken-by-in-skieding\/","name":"Juridyske saken by in skieding - Scheiden in Friesland","isPartOf":{"@id":"https:\/\/scheideninfriesland.nl\/fy-nl\/#website"},"primaryImageOfPage":{"@id":"https:\/\/scheideninfriesland.nl\/fy-nl\/eks-partners\/skieding-regeljen\/juridyske-saken-by-in-skieding\/#primaryimage"},"image":{"@id":"https:\/\/scheideninfriesland.nl\/fy-nl\/eks-partners\/skieding-regeljen\/juridyske-saken-by-in-skieding\/#primaryimage"},"thumbnailUrl":"https:\/\/scheideninfriesland.nl\/wp-content\/uploads\/2021\/09\/juridisch_regelen.svg","datePublished":"2021-12-27T14:38:48+00:00","dateModified":"2022-02-24T12:44:45+00:00","description":"Hokker juridyske saken moatst regelje by in skieding? Scheiden in Friesland set in tal foar dy op in rige.","breadcrumb":{"@id":"https:\/\/scheideninfriesland.nl\/fy-nl\/eks-partners\/skieding-regeljen\/juridyske-saken-by-in-skieding\/#breadcrumb"},"inLanguage":"fy","potentialAction":[{"@type":"ReadAction","target":["https:\/\/scheideninfriesland.nl\/fy-nl\/eks-partners\/skieding-regeljen\/juridyske-saken-by-in-skieding\/"]}]},{"@type":"ImageObject","inLanguage":"fy","@id":"https:\/\/scheideninfriesland.nl\/fy-nl\/eks-partners\/skieding-regeljen\/juridyske-saken-by-in-skieding\/#primaryimage","url":"https:\/\/scheideninfriesland.nl\/wp-content\/uploads\/2021\/09\/juridisch_regelen.svg","contentUrl":"https:\/\/scheideninfriesland.nl\/wp-content\/uploads\/2021\/09\/juridisch_regelen.svg","caption":"man en vrouw nadenkend over juridische afwegingen"},{"@type":"BreadcrumbList","@id":"https:\/\/scheideninfriesland.nl\/fy-nl\/eks-partners\/skieding-regeljen\/juridyske-saken-by-in-skieding\/#breadcrumb","itemListElement":[{"@type":"ListItem","position":1,"name":"Home","item":"https:\/\/scheideninfriesland.nl\/fy-nl\/"},{"@type":"ListItem","position":2,"name":"Fyn de goede ynformaasje \u00e9n help by in skieding yn Frysl\u00e2n","item":"https:\/\/scheideninfriesland.nl\/fy-nl\/eks-partners\/"},{"@type":"ListItem","position":3,"name":"Begjin mei it regeljen fan dyn skieding","item":"https:\/\/scheideninfriesland.nl\/fy-nl\/eks-partners\/skieding-regeljen\/"},{"@type":"ListItem","position":4,"name":"Juridyske saken by in skieding"}]},{"@type":"WebSite","@id":"https:\/\/scheideninfriesland.nl\/fy-nl\/#website","url":"https:\/\/scheideninfriesland.nl\/fy-nl\/","name":"Scheiden in Friesland","description":"","publisher":{"@id":"https:\/\/scheideninfriesland.nl\/fy-nl\/#organization"},"potentialAction":[{"@type":"SearchAction","target":{"@type":"EntryPoint","urlTemplate":"https:\/\/scheideninfriesland.nl\/fy-nl\/?s={search_term_string}"},"query-input":{"@type":"PropertyValueSpecification","valueRequired":true,"valueName":"search_term_string"}}],"inLanguage":"fy"},{"@type":"Organization","@id":"https:\/\/scheideninfriesland.nl\/fy-nl\/#organization","name":"scheideninfriesland.nl","url":"https:\/\/scheideninfriesland.nl\/fy-nl\/","logo":{"@type":"ImageObject","inLanguage":"fy","@id":"https:\/\/scheideninfriesland.nl\/fy-nl\/#\/schema\/logo\/image\/","url":"http:\/\/scheideninfriesland.nl\/wp-content\/uploads\/2021\/09\/9c86687c-2e5d-bc5b-1e71-48e00398a394-e1632209763466.jpg","contentUrl":"http:\/\/scheideninfriesland.nl\/wp-content\/uploads\/2021\/09\/9c86687c-2e5d-bc5b-1e71-48e00398a394-e1632209763466.jpg","width":894,"height":381,"caption":"scheideninfriesland.nl"},"image":{"@id":"https:\/\/scheideninfriesland.nl\/fy-nl\/#\/schema\/logo\/image\/"}}]}},"_links":{"self":[{"href":"https:\/\/scheideninfriesland.nl\/fy-nl\/wp-json\/wp\/v2\/pages\/1819","targetHints":{"allow":["GET"]}}],"collection":[{"href":"https:\/\/scheideninfriesland.nl\/fy-nl\/wp-json\/wp\/v2\/pages"}],"about":[{"href":"https:\/\/scheideninfriesland.nl\/fy-nl\/wp-json\/wp\/v2\/types\/page"}],"author":[{"embeddable":true,"href":"https:\/\/scheideninfriesland.nl\/fy-nl\/wp-json\/wp\/v2\/users\/2"}],"replies":[{"embeddable":true,"href":"https:\/\/scheideninfriesland.nl\/fy-nl\/wp-json\/wp\/v2\/comments?post=1819"}],"version-history":[{"count":9,"href":"https:\/\/scheideninfriesland.nl\/fy-nl\/wp-json\/wp\/v2\/pages\/1819\/revisions"}],"predecessor-version":[{"id":2125,"href":"https:\/\/scheideninfriesland.nl\/fy-nl\/wp-json\/wp\/v2\/pages\/1819\/revisions\/2125"}],"up":[{"embeddable":true,"href":"https:\/\/scheideninfriesland.nl\/fy-nl\/wp-json\/wp\/v2\/pages\/1947"}],"wp:featuredmedia":[{"embeddable":true,"href":"https:\/\/scheideninfriesland.nl\/fy-nl\/wp-json\/wp\/v2\/media\/1680"}],"wp:attachment":[{"href":"https:\/\/scheideninfriesland.nl\/fy-nl\/wp-json\/wp\/v2\/media?parent=1819"}],"curies":[{"name":"wp","href":"https:\/\/api.w.org\/{rel}","templated":true}]}}