{"id":1821,"date":"2021-12-27T14:49:28","date_gmt":"2021-12-27T14:49:28","guid":{"rendered":"http:\/\/scheideninfriesland.nl\/juridyske-saken-by-in-skieding\/it-opstellen-fan-it-echtskiedingskonvenant\/"},"modified":"2022-02-24T12:45:09","modified_gmt":"2022-02-24T12:45:09","slug":"it-opstellen-fan-it-echtskiedingskonvenant","status":"publish","type":"page","link":"https:\/\/scheideninfriesland.nl\/fy-nl\/eks-partners\/skieding-regeljen\/juridyske-saken-by-in-skieding\/it-opstellen-fan-it-echtskiedingskonvenant\/","title":{"rendered":"It opstellen fan it echtskiedingskonvenant"},"content":{"rendered":"\n<div class=\"wp-block-columns is-layout-flex wp-container-core-columns-is-layout-9d6595d7 wp-block-columns-is-layout-flex\">\n<div class=\"wp-block-column is-layout-flow wp-block-column-is-layout-flow\" style=\"flex-basis:66%\">\n<h2 class=\"wp-block-heading\">Echtskiedingskonvenant opstelle<\/h2>\n\n\n\n<p>Yn in echtskiedingskonvenant beneamst alles d\u00ear &#8216;t jimme tegearre \u00f4fspraken oer meitsje moatte. Jim stelle it sels op, of tegearre mei in advokaat of mediator. Yn it konvenant makkest \u00f4fspraken oer de skieding. As it klear is, leverje jim dat yn by de rjochter. As de rjochter it goedkard hat (f\u00eaststelt), dan stean de \u00f4fspraken f\u00east. Dit soarget derfoar dat der letter gjin misferstannen \u00fbntstean oer saken dy&#8217;t jim bepraat hawwe by it skieden. <\/p>\n\n\n\n<p>Tink by it opstellen fan in echtskiedingskonvenant oan \u00fbnderwerpen lykas:  <\/p>\n\n\n\n<ul class=\"wp-block-list\"><li>Wenje<\/li><li>Ynboel<\/li><li>Fersekeringen<\/li><li>Pensjoen<\/li><li>Besittingen en skulden<\/li><\/ul>\n<\/div>\n\n\n\n<div class=\"wp-block-column is-layout-flow wp-block-column-is-layout-flow\" style=\"flex-basis:33%\"><\/div>\n<\/div>\n\n\n\n\n \n<div id=\"block_6134f40300ccb\"  data-block-name=\"kader\" class=\"alignfull green\">\n\n    \n     \n\n<div class=\"wp-block-columns is-layout-flex wp-container-core-columns-is-layout-9d6595d7 wp-block-columns-is-layout-flex\">\n<div class=\"wp-block-column is-layout-flow wp-block-column-is-layout-flow\" style=\"flex-basis:100%\">\n<h2 class=\"wp-block-heading\">Download in foarbyld echtskiedingskonvenant <\/h2>\n\n\n\n<p>Hoewol &#8216;t elke skiedingssituaasje ferskillend is, wurde der oer in oantal standert tema\u2019s \u00f4fspraken makke. Download in foarbyld echtskiedingskonvenant by belastingtips.nl en br\u00fbk dy as paadwizer. It binne \u00fateinlik jimme \u00f4fspraken, pas it dokumint d\u00earom oan w\u00ear nedich. <\/p>\n\n\n\n \n\n<div id=\"block_614749642ed0c\" data-block-name=\"buttons\" class=\" align \">\n\n    <div class=\"wrap layout-row align-start\">\n         <a href=\"https:\/\/www.belastingtips.nl\/kennisbank\/modellen\/overeenkomsten\/modelovereenkomsten_prive\/voorbeeld_echtscheidingsconvenant_met_ouderschapsplan\/\" target=\"_blank\" class=\"btn  btn-secondary\">\n        Foarbyld echtskiedingskonvenant downloade         <i class=\"fas fa-external-link-alt\" aria-hidden=\"true\"><\/i>    <\/a>\n        <\/div>\n   \n<\/div> \n\n\n<\/div>\n<\/div>\n\n\n\n   \n\n \n\n<\/div>\n\n\n\n\n\n<div class=\"wp-block-columns is-layout-flex wp-container-core-columns-is-layout-9d6595d7 wp-block-columns-is-layout-flex\">\n<div class=\"wp-block-column is-layout-flow wp-block-column-is-layout-flow\" style=\"flex-basis:66.66%\">\n<h2 class=\"wp-block-heading\">Ofspraken oer jimme bern komme yn in \u00e2lderskipsplan  <\/h2>\n\n\n\n<p>Ha jim bern? Dan is it ferplicht om in \u00e2lderskipsplan op te stellen. Hjiryn meitsje jim, leafst yn oerlis mei de bern, \u00f4fspraken oer de bern. Bygelyks oer w\u00ear&#8217;t se wenje sille, hoe&#8217;t jim omgean mei b\u00fbsjild en oare praktyske saken en hoe&#8217;t de kosten foar de bern ferdield wurde. Belangrike karren dy&#8217;t in soad ynfloed hawwe kinne op it libben fan jim bern. Besykje harren d\u00earom om d\u00earby sintraal te setten en d\u00ear &#8216;t it kin te bel\u00fbken yn de karren. <\/p>\n\n\n\n \n\n<div id=\"block_6134f45500ccc\" data-block-name=\"buttons\" class=\" align \">\n\n    <div class=\"wrap layout-row align-start\">\n         <a href=\"http:\/\/scheideninfriesland.nl\/fy-nl\/eks-partners\/skieding-regeljen\/juridyske-saken-by-in-skieding\/it-opstellen-fan-in-alderskipsplan\/\" target=\"\" class=\"btn  btn-secondary\">\n        It opstellen fan in \u00e2lderskipsplan        <i class=\"fas fa-arrow-right\" aria-hidden=\"true\"><\/i>    <\/a>\n        <\/div>\n   \n<\/div> \n\n\n\n\n\n<div style=\"height:50px\" aria-hidden=\"true\" class=\"wp-block-spacer\"><\/div>\n\n\n\n<h2 class=\"wp-block-heading\">Advys nedich by it opstellen fan in echtskiedingskonvenant?  <\/h2>\n\n\n\n<p>In advokaat of mediator kin dy d\u00earby helpe. <\/p>\n\n\n\n \n\n<div id=\"block_6134f48c00cce\" data-block-name=\"buttons\" class=\" align \">\n\n    <div class=\"wrap layout-row align-start\">\n         <a href=\"http:\/\/scheideninfriesland.nl\/fy-nl\/eks-partners\/skieding-regeljen\/juridyske-saken-by-in-skieding\/advokaat-of-mediator-ynskeakelje-by-in-skieding\/\" target=\"\" class=\"btn  btn-secondary\">\n        Advokaat of mediator ynskeakelje by in skieding        <i class=\"fas fa-arrow-right\" aria-hidden=\"true\"><\/i>    <\/a>\n        <\/div>\n   \n<\/div> \n\n\n<\/div>\n\n\n\n<div class=\"wp-block-column is-layout-flow wp-block-column-is-layout-flow\" style=\"flex-basis:33.33%\"><\/div>\n<\/div>\n","protected":false},"excerpt":{"rendered":"<p>Echtskiedingskonvenant opstelle Yn in echtskiedingskonvenant beneamst alles d\u00ear &#8216;t jimme tegearre \u00f4fspraken oer meitsje moatte. Jim stelle it sels op, of tegearre mei in advokaat of mediator. Yn it konvenant makkest \u00f4fspraken oer de skieding. As it klear is, leverje jim dat yn by de rjochter. As de rjochter it goedkard hat (f\u00eaststelt), dan stean de \u00f4fspraken f\u00east. Dit soarget derfoar dat der letter gjin misferstannen \u00fbntstean oer saken dy&#8217;t jim bepraat hawwe by it skieden. Tink by it opstellen fan in echtskiedingskonvenant oan \u00fbnderwerpen lykas: Wenje Ynboel Fersekeringen Pensjoen Besittingen en skulden Ofspraken oer jimme bern komme yn in \u00e2lderskipsplan Ha jim bern? Dan is it ferplicht om in \u00e2lderskipsplan op te stellen. Hjiryn meitsje jim, leafst yn oerlis mei de bern, \u00f4fspraken oer de bern. Bygelyks oer w\u00ear&#8217;t se wenje sille, hoe&#8217;t jim omgean mei b\u00fbsjild en oare praktyske saken en hoe&#8217;t de kosten foar de bern ferdield wurde. Belangrike karren dy&#8217;t in soad ynfloed hawwe kinne op it libben fan jim bern. Besykje harren d\u00earom om d\u00earby sintraal te setten en d\u00ear &#8216;t it kin te bel\u00fbken yn de karren.<\/p>\n","protected":false},"author":1,"featured_media":1690,"parent":1819,"menu_order":0,"comment_status":"closed","ping_status":"closed","template":"","meta":{"_acf_changed":false,"inline_featured_image":false,"footnotes":""},"class_list":["post-1821","page","type-page","status-publish","has-post-thumbnail","hentry"],"acf":[],"yoast_head":"<!-- This site is optimized with the Yoast SEO plugin v27.3 - https:\/\/yoast.com\/product\/yoast-seo-wordpress\/ -->\n<title>It opstellen fan it echtskiedingskonvenant - Scheiden in Friesland<\/title>\n<meta name=\"description\" content=\"It opstellen fan in echtskiedingskonvenant heard by in skieding. Je beneame alles w\u00ear&#039;t je \u00f4fspraken oer meitsje. Dat lizze jimme op papier f\u00east.\" \/>\n<meta name=\"robots\" content=\"index, follow, max-snippet:-1, max-image-preview:large, max-video-preview:-1\" \/>\n<link rel=\"canonical\" href=\"https:\/\/scheideninfriesland.nl\/fy-nl\/eks-partners\/skieding-regeljen\/juridyske-saken-by-in-skieding\/it-opstellen-fan-it-echtskiedingskonvenant\/\" \/>\n<meta property=\"og:locale\" content=\"en_US\" \/>\n<meta property=\"og:type\" content=\"article\" \/>\n<meta property=\"og:title\" content=\"It opstellen fan it echtskiedingskonvenant - Scheiden in Friesland\" \/>\n<meta property=\"og:description\" content=\"It opstellen fan in echtskiedingskonvenant heard by in skieding. Je beneame alles w\u00ear&#039;t je \u00f4fspraken oer meitsje. Dat lizze jimme op papier f\u00east.\" \/>\n<meta property=\"og:url\" content=\"https:\/\/scheideninfriesland.nl\/fy-nl\/eks-partners\/skieding-regeljen\/juridyske-saken-by-in-skieding\/it-opstellen-fan-it-echtskiedingskonvenant\/\" \/>\n<meta property=\"og:site_name\" content=\"Scheiden in Friesland\" \/>\n<meta property=\"article:modified_time\" content=\"2022-02-24T12:45:09+00:00\" \/>\n<meta name=\"twitter:card\" content=\"summary_large_image\" \/>\n<meta name=\"twitter:label1\" content=\"Est. reading time\" \/>\n\t<meta name=\"twitter:data1\" content=\"2 minutes\" \/>\n<script type=\"application\/ld+json\" class=\"yoast-schema-graph\">{\"@context\":\"https:\\\/\\\/schema.org\",\"@graph\":[{\"@type\":\"WebPage\",\"@id\":\"https:\\\/\\\/scheideninfriesland.nl\\\/fy-nl\\\/eks-partners\\\/skieding-regeljen\\\/juridyske-saken-by-in-skieding\\\/it-opstellen-fan-it-echtskiedingskonvenant\\\/\",\"url\":\"https:\\\/\\\/scheideninfriesland.nl\\\/fy-nl\\\/eks-partners\\\/skieding-regeljen\\\/juridyske-saken-by-in-skieding\\\/it-opstellen-fan-it-echtskiedingskonvenant\\\/\",\"name\":\"It opstellen fan it echtskiedingskonvenant - Scheiden in Friesland\",\"isPartOf\":{\"@id\":\"https:\\\/\\\/scheideninfriesland.nl\\\/fy-nl\\\/#website\"},\"primaryImageOfPage\":{\"@id\":\"https:\\\/\\\/scheideninfriesland.nl\\\/fy-nl\\\/eks-partners\\\/skieding-regeljen\\\/juridyske-saken-by-in-skieding\\\/it-opstellen-fan-it-echtskiedingskonvenant\\\/#primaryimage\"},\"image\":{\"@id\":\"https:\\\/\\\/scheideninfriesland.nl\\\/fy-nl\\\/eks-partners\\\/skieding-regeljen\\\/juridyske-saken-by-in-skieding\\\/it-opstellen-fan-it-echtskiedingskonvenant\\\/#primaryimage\"},\"thumbnailUrl\":\"https:\\\/\\\/scheideninfriesland.nl\\\/wp-content\\\/uploads\\\/2021\\\/09\\\/scheiding_regelen-1.svg\",\"datePublished\":\"2021-12-27T14:49:28+00:00\",\"dateModified\":\"2022-02-24T12:45:09+00:00\",\"description\":\"It opstellen fan in echtskiedingskonvenant heard by in skieding. Je beneame alles w\u00ear't je \u00f4fspraken oer meitsje. Dat lizze jimme op papier f\u00east.\",\"breadcrumb\":{\"@id\":\"https:\\\/\\\/scheideninfriesland.nl\\\/fy-nl\\\/eks-partners\\\/skieding-regeljen\\\/juridyske-saken-by-in-skieding\\\/it-opstellen-fan-it-echtskiedingskonvenant\\\/#breadcrumb\"},\"inLanguage\":\"fy\",\"potentialAction\":[{\"@type\":\"ReadAction\",\"target\":[\"https:\\\/\\\/scheideninfriesland.nl\\\/fy-nl\\\/eks-partners\\\/skieding-regeljen\\\/juridyske-saken-by-in-skieding\\\/it-opstellen-fan-it-echtskiedingskonvenant\\\/\"]}]},{\"@type\":\"ImageObject\",\"inLanguage\":\"fy\",\"@id\":\"https:\\\/\\\/scheideninfriesland.nl\\\/fy-nl\\\/eks-partners\\\/skieding-regeljen\\\/juridyske-saken-by-in-skieding\\\/it-opstellen-fan-it-echtskiedingskonvenant\\\/#primaryimage\",\"url\":\"https:\\\/\\\/scheideninfriesland.nl\\\/wp-content\\\/uploads\\\/2021\\\/09\\\/scheiding_regelen-1.svg\",\"contentUrl\":\"https:\\\/\\\/scheideninfriesland.nl\\\/wp-content\\\/uploads\\\/2021\\\/09\\\/scheiding_regelen-1.svg\",\"caption\":\"man die scheiding regelt op de bank\"},{\"@type\":\"BreadcrumbList\",\"@id\":\"https:\\\/\\\/scheideninfriesland.nl\\\/fy-nl\\\/eks-partners\\\/skieding-regeljen\\\/juridyske-saken-by-in-skieding\\\/it-opstellen-fan-it-echtskiedingskonvenant\\\/#breadcrumb\",\"itemListElement\":[{\"@type\":\"ListItem\",\"position\":1,\"name\":\"Home\",\"item\":\"https:\\\/\\\/scheideninfriesland.nl\\\/fy-nl\\\/\"},{\"@type\":\"ListItem\",\"position\":2,\"name\":\"Fyn de goede ynformaasje \u00e9n help by in skieding yn Frysl\u00e2n\",\"item\":\"https:\\\/\\\/scheideninfriesland.nl\\\/fy-nl\\\/eks-partners\\\/\"},{\"@type\":\"ListItem\",\"position\":3,\"name\":\"Begjin mei it regeljen fan dyn skieding\",\"item\":\"https:\\\/\\\/scheideninfriesland.nl\\\/fy-nl\\\/eks-partners\\\/skieding-regeljen\\\/\"},{\"@type\":\"ListItem\",\"position\":4,\"name\":\"Juridyske saken by in skieding\",\"item\":\"https:\\\/\\\/scheideninfriesland.nl\\\/fy-nl\\\/eks-partners\\\/skieding-regeljen\\\/juridyske-saken-by-in-skieding\\\/\"},{\"@type\":\"ListItem\",\"position\":5,\"name\":\"It opstellen fan it echtskiedingskonvenant\"}]},{\"@type\":\"WebSite\",\"@id\":\"https:\\\/\\\/scheideninfriesland.nl\\\/fy-nl\\\/#website\",\"url\":\"https:\\\/\\\/scheideninfriesland.nl\\\/fy-nl\\\/\",\"name\":\"Scheiden in Friesland\",\"description\":\"\",\"publisher\":{\"@id\":\"https:\\\/\\\/scheideninfriesland.nl\\\/fy-nl\\\/#organization\"},\"potentialAction\":[{\"@type\":\"SearchAction\",\"target\":{\"@type\":\"EntryPoint\",\"urlTemplate\":\"https:\\\/\\\/scheideninfriesland.nl\\\/fy-nl\\\/?s={search_term_string}\"},\"query-input\":{\"@type\":\"PropertyValueSpecification\",\"valueRequired\":true,\"valueName\":\"search_term_string\"}}],\"inLanguage\":\"fy\"},{\"@type\":\"Organization\",\"@id\":\"https:\\\/\\\/scheideninfriesland.nl\\\/fy-nl\\\/#organization\",\"name\":\"scheideninfriesland.nl\",\"url\":\"https:\\\/\\\/scheideninfriesland.nl\\\/fy-nl\\\/\",\"logo\":{\"@type\":\"ImageObject\",\"inLanguage\":\"fy\",\"@id\":\"https:\\\/\\\/scheideninfriesland.nl\\\/fy-nl\\\/#\\\/schema\\\/logo\\\/image\\\/\",\"url\":\"http:\\\/\\\/scheideninfriesland.nl\\\/wp-content\\\/uploads\\\/2021\\\/09\\\/9c86687c-2e5d-bc5b-1e71-48e00398a394-e1632209763466.jpg\",\"contentUrl\":\"http:\\\/\\\/scheideninfriesland.nl\\\/wp-content\\\/uploads\\\/2021\\\/09\\\/9c86687c-2e5d-bc5b-1e71-48e00398a394-e1632209763466.jpg\",\"width\":894,\"height\":381,\"caption\":\"scheideninfriesland.nl\"},\"image\":{\"@id\":\"https:\\\/\\\/scheideninfriesland.nl\\\/fy-nl\\\/#\\\/schema\\\/logo\\\/image\\\/\"}}]}<\/script>\n<!-- \/ Yoast SEO plugin. -->","yoast_head_json":{"title":"It opstellen fan it echtskiedingskonvenant - Scheiden in Friesland","description":"It opstellen fan in echtskiedingskonvenant heard by in skieding. Je beneame alles w\u00ear't je \u00f4fspraken oer meitsje. Dat lizze jimme op papier f\u00east.","robots":{"index":"index","follow":"follow","max-snippet":"max-snippet:-1","max-image-preview":"max-image-preview:large","max-video-preview":"max-video-preview:-1"},"canonical":"https:\/\/scheideninfriesland.nl\/fy-nl\/eks-partners\/skieding-regeljen\/juridyske-saken-by-in-skieding\/it-opstellen-fan-it-echtskiedingskonvenant\/","og_locale":"en_US","og_type":"article","og_title":"It opstellen fan it echtskiedingskonvenant - Scheiden in Friesland","og_description":"It opstellen fan in echtskiedingskonvenant heard by in skieding. Je beneame alles w\u00ear't je \u00f4fspraken oer meitsje. Dat lizze jimme op papier f\u00east.","og_url":"https:\/\/scheideninfriesland.nl\/fy-nl\/eks-partners\/skieding-regeljen\/juridyske-saken-by-in-skieding\/it-opstellen-fan-it-echtskiedingskonvenant\/","og_site_name":"Scheiden in Friesland","article_modified_time":"2022-02-24T12:45:09+00:00","twitter_card":"summary_large_image","twitter_misc":{"Est. reading time":"2 minutes"},"schema":{"@context":"https:\/\/schema.org","@graph":[{"@type":"WebPage","@id":"https:\/\/scheideninfriesland.nl\/fy-nl\/eks-partners\/skieding-regeljen\/juridyske-saken-by-in-skieding\/it-opstellen-fan-it-echtskiedingskonvenant\/","url":"https:\/\/scheideninfriesland.nl\/fy-nl\/eks-partners\/skieding-regeljen\/juridyske-saken-by-in-skieding\/it-opstellen-fan-it-echtskiedingskonvenant\/","name":"It opstellen fan it echtskiedingskonvenant - Scheiden in Friesland","isPartOf":{"@id":"https:\/\/scheideninfriesland.nl\/fy-nl\/#website"},"primaryImageOfPage":{"@id":"https:\/\/scheideninfriesland.nl\/fy-nl\/eks-partners\/skieding-regeljen\/juridyske-saken-by-in-skieding\/it-opstellen-fan-it-echtskiedingskonvenant\/#primaryimage"},"image":{"@id":"https:\/\/scheideninfriesland.nl\/fy-nl\/eks-partners\/skieding-regeljen\/juridyske-saken-by-in-skieding\/it-opstellen-fan-it-echtskiedingskonvenant\/#primaryimage"},"thumbnailUrl":"https:\/\/scheideninfriesland.nl\/wp-content\/uploads\/2021\/09\/scheiding_regelen-1.svg","datePublished":"2021-12-27T14:49:28+00:00","dateModified":"2022-02-24T12:45:09+00:00","description":"It opstellen fan in echtskiedingskonvenant heard by in skieding. Je beneame alles w\u00ear't je \u00f4fspraken oer meitsje. Dat lizze jimme op papier f\u00east.","breadcrumb":{"@id":"https:\/\/scheideninfriesland.nl\/fy-nl\/eks-partners\/skieding-regeljen\/juridyske-saken-by-in-skieding\/it-opstellen-fan-it-echtskiedingskonvenant\/#breadcrumb"},"inLanguage":"fy","potentialAction":[{"@type":"ReadAction","target":["https:\/\/scheideninfriesland.nl\/fy-nl\/eks-partners\/skieding-regeljen\/juridyske-saken-by-in-skieding\/it-opstellen-fan-it-echtskiedingskonvenant\/"]}]},{"@type":"ImageObject","inLanguage":"fy","@id":"https:\/\/scheideninfriesland.nl\/fy-nl\/eks-partners\/skieding-regeljen\/juridyske-saken-by-in-skieding\/it-opstellen-fan-it-echtskiedingskonvenant\/#primaryimage","url":"https:\/\/scheideninfriesland.nl\/wp-content\/uploads\/2021\/09\/scheiding_regelen-1.svg","contentUrl":"https:\/\/scheideninfriesland.nl\/wp-content\/uploads\/2021\/09\/scheiding_regelen-1.svg","caption":"man die scheiding regelt op de bank"},{"@type":"BreadcrumbList","@id":"https:\/\/scheideninfriesland.nl\/fy-nl\/eks-partners\/skieding-regeljen\/juridyske-saken-by-in-skieding\/it-opstellen-fan-it-echtskiedingskonvenant\/#breadcrumb","itemListElement":[{"@type":"ListItem","position":1,"name":"Home","item":"https:\/\/scheideninfriesland.nl\/fy-nl\/"},{"@type":"ListItem","position":2,"name":"Fyn de goede ynformaasje \u00e9n help by in skieding yn Frysl\u00e2n","item":"https:\/\/scheideninfriesland.nl\/fy-nl\/eks-partners\/"},{"@type":"ListItem","position":3,"name":"Begjin mei it regeljen fan dyn skieding","item":"https:\/\/scheideninfriesland.nl\/fy-nl\/eks-partners\/skieding-regeljen\/"},{"@type":"ListItem","position":4,"name":"Juridyske saken by in skieding","item":"https:\/\/scheideninfriesland.nl\/fy-nl\/eks-partners\/skieding-regeljen\/juridyske-saken-by-in-skieding\/"},{"@type":"ListItem","position":5,"name":"It opstellen fan it echtskiedingskonvenant"}]},{"@type":"WebSite","@id":"https:\/\/scheideninfriesland.nl\/fy-nl\/#website","url":"https:\/\/scheideninfriesland.nl\/fy-nl\/","name":"Scheiden in Friesland","description":"","publisher":{"@id":"https:\/\/scheideninfriesland.nl\/fy-nl\/#organization"},"potentialAction":[{"@type":"SearchAction","target":{"@type":"EntryPoint","urlTemplate":"https:\/\/scheideninfriesland.nl\/fy-nl\/?s={search_term_string}"},"query-input":{"@type":"PropertyValueSpecification","valueRequired":true,"valueName":"search_term_string"}}],"inLanguage":"fy"},{"@type":"Organization","@id":"https:\/\/scheideninfriesland.nl\/fy-nl\/#organization","name":"scheideninfriesland.nl","url":"https:\/\/scheideninfriesland.nl\/fy-nl\/","logo":{"@type":"ImageObject","inLanguage":"fy","@id":"https:\/\/scheideninfriesland.nl\/fy-nl\/#\/schema\/logo\/image\/","url":"http:\/\/scheideninfriesland.nl\/wp-content\/uploads\/2021\/09\/9c86687c-2e5d-bc5b-1e71-48e00398a394-e1632209763466.jpg","contentUrl":"http:\/\/scheideninfriesland.nl\/wp-content\/uploads\/2021\/09\/9c86687c-2e5d-bc5b-1e71-48e00398a394-e1632209763466.jpg","width":894,"height":381,"caption":"scheideninfriesland.nl"},"image":{"@id":"https:\/\/scheideninfriesland.nl\/fy-nl\/#\/schema\/logo\/image\/"}}]}},"_links":{"self":[{"href":"https:\/\/scheideninfriesland.nl\/fy-nl\/wp-json\/wp\/v2\/pages\/1821","targetHints":{"allow":["GET"]}}],"collection":[{"href":"https:\/\/scheideninfriesland.nl\/fy-nl\/wp-json\/wp\/v2\/pages"}],"about":[{"href":"https:\/\/scheideninfriesland.nl\/fy-nl\/wp-json\/wp\/v2\/types\/page"}],"author":[{"embeddable":true,"href":"https:\/\/scheideninfriesland.nl\/fy-nl\/wp-json\/wp\/v2\/users\/1"}],"replies":[{"embeddable":true,"href":"https:\/\/scheideninfriesland.nl\/fy-nl\/wp-json\/wp\/v2\/comments?post=1821"}],"version-history":[{"count":8,"href":"https:\/\/scheideninfriesland.nl\/fy-nl\/wp-json\/wp\/v2\/pages\/1821\/revisions"}],"predecessor-version":[{"id":2130,"href":"https:\/\/scheideninfriesland.nl\/fy-nl\/wp-json\/wp\/v2\/pages\/1821\/revisions\/2130"}],"up":[{"embeddable":true,"href":"https:\/\/scheideninfriesland.nl\/fy-nl\/wp-json\/wp\/v2\/pages\/1819"}],"wp:featuredmedia":[{"embeddable":true,"href":"https:\/\/scheideninfriesland.nl\/fy-nl\/wp-json\/wp\/v2\/media\/1690"}],"wp:attachment":[{"href":"https:\/\/scheideninfriesland.nl\/fy-nl\/wp-json\/wp\/v2\/media?parent=1821"}],"curies":[{"name":"wp","href":"https:\/\/api.w.org\/{rel}","templated":true}]}}