{"id":1859,"date":"2021-12-29T09:57:35","date_gmt":"2021-12-29T09:57:35","guid":{"rendered":"http:\/\/scheideninfriesland.nl\/as-freonen-kunde-of-famylje-omgean-mei-in-skieding\/"},"modified":"2022-02-24T12:23:30","modified_gmt":"2022-02-24T12:23:30","slug":"as-freonen-kunde-of-famylje-omgean-mei-in-skieding","status":"publish","type":"page","link":"https:\/\/scheideninfriesland.nl\/fy-nl\/as-freonen-kunde-of-famylje-omgean-mei-in-skieding\/","title":{"rendered":"As freonen, kunde of famylje omgean mei in skieding"},"content":{"rendered":"\n<div class=\"wp-block-columns is-layout-flex wp-container-core-columns-is-layout-9d6595d7 wp-block-columns-is-layout-flex\">\n<div class=\"wp-block-column is-layout-flow wp-block-column-is-layout-flow\" style=\"flex-basis:25%\"><\/div>\n\n\n\n<div class=\"wp-block-column is-layout-flow wp-block-column-is-layout-flow\" style=\"flex-basis:50%\">\n<h2 class=\"wp-block-heading\">Tips om ien te stypjen<\/h2>\n\n\n\n<p>Ien dy&#8217;t skieden is, fielt him somtiden allinnich en net heard. Hoe kinne je ien yn je omjouwing stypje? De neikommende punten kinne dy miskien helpe: <\/p>\n\n\n\n<ul class=\"wp-block-list\"><li>H\u00e2ld yn tinzen dat elk ferhaal twa kanten hat.  <\/li><li>Wit datst net it hiele ferhaal kenst. <\/li><li>Jou oan dat ien net hoecht te dwaan wat in oar dwaan soe.  <\/li><li>It is wichtich om emoasjes uterje te kinnen, ek as dat fertriet of lilkens is. En it is moai asto as persoan l\u00fasterjen bliuwst, s\u00fbnder antwurden of advizen paraat te hawwen.  <\/li><li>Besef dat ien dy&#8217;t in skieding meimakket troch ferskillende fazen fan rou giet. L\u00eas mear oer de fiif fazen fan rou neffens Elisabeth K\u00fcbler-Ross yn it artikel <a href=\"https:\/\/www.toolshero.nl\/verandermanagement\/vijf-fasen-van-rouw-kubler-ross\/\">Vijf fasen van rouw fan Elisabeth K\u00fcbler-Ross.<\/a><\/li><li>Bliuw immen \u00fatn\u00fbgjen en bel\u00fbke by sosjale oangelegenheden, ek al wegerje se. H\u00e2ld kontakt en jou se d\u00earmei it gefoel dat se ferb\u00fbn bliuwe en har winske te fielen.<\/li><li>Kinst as oanbelangjende bepaalde &#8216;partnertaken&#8217; oernimme. Lykas op &#8216;e bern passe, de h\u00fbn \u00fatlitte of boadskipje. Sa litst sjen der yn dizze drege perioade foar se te w\u00eazen. <\/li><\/ul>\n<\/div>\n\n\n\n<div class=\"wp-block-column is-layout-flow wp-block-column-is-layout-flow\" style=\"flex-basis:25%\"><\/div>\n<\/div>\n\n\n\n\n \n<div id=\"block_613544afb32de\"  data-block-name=\"kader\" class=\"alignfull green\">\n\n    \n     \n\n<div class=\"wp-block-columns is-layout-flex wp-container-core-columns-is-layout-9d6595d7 wp-block-columns-is-layout-flex\">\n<div class=\"wp-block-column is-layout-flow wp-block-column-is-layout-flow\" style=\"flex-basis:66%\">\n<h3 class=\"wp-block-heading\">Lear fan \u00fbnderfiningen fan oaren<\/h3>\n\n\n\n<p>Mear l\u00eaze oer it meimeitsjen fan in skieding yn dyn omjouwing? L\u00eas dan it ferhaal fan Susan Stijnen. <\/p>\n\n\n\n<p><a href=\"https:\/\/susanstijnen.nl\/scheiden-en-je-omgeving\/\">Gean nei it ferhaal fan Susan Stijnen <\/a><\/p>\n\n\n\n<p>Kinst de goede wurden net fine? L\u00eas dan it blog &#8216;<a href=\"https:\/\/nieuwestap.nl\/steunende-woorden-in-moeilijke-echtscheidingstijden\/\">Steunende woorden in moeilijke echtscheidingstijden<\/a>\u2019 foar tips.<\/p>\n<\/div>\n\n\n\n<div class=\"wp-block-column is-layout-flow wp-block-column-is-layout-flow\" style=\"flex-basis:33%\">\n\n \n<div id=\"block_613544f3b32e1\"  data-block-name=\"quote\" class=\"alignfull green   \">\n\n  <svg class=\"sideleft\" xmlns=\"http:\/\/www.w3.org\/2000\/svg\"  preserveAspectRatio=\"none\" viewBox=\"0 0 5.468 78.721\" >\n      <path d=\"M5.468 0v78.72S-.252 55.73.008 38.04C.18 26.447 5.469 0 5.469 0z\" fill=\"red\"\/>\n  <\/svg>\n\n\n      <div class=\"wrap\">\n        <div class=\"quote\">\n          <div class=\"mark-top\">\u275d<\/div>\n          It is wichtich om as freonen praten te bliuwen mei dejinge yn de skieding, ek ast sels net efter bepaalde karren stiest.           <div class=\"mark-bottom\">\u275e<\/div>\n        <\/div>\n\n \n        <div class=\"naam\">\n          Zayn        <\/div>\n\n        <div class=\"relatie\">\n                  <\/div>\n\n        <svg class=\"circles\" xmlns=\"http:\/\/www.w3.org\/2000\/svg\" viewBox=\"0 0 73.483 66.817\" >\n    <g transform=\"translate(-8.569 -6.42)\" fill=\"red\">\n        <circle r=\"20.58\" cy=\"52.657\" cx=\"29.148\"\/>\n        <circle r=\"6.949\" cy=\"13.369\" cx=\"48.638\"\/>\n        <circle r=\"11.76\" cy=\"32.874\" cx=\"70.292\"\/>\n    <\/g>\n<\/svg>\n\n\n      <\/div>\n\n      <svg class=\"sideright\" preserveAspectRatio=\"none\"  xmlns=\"http:\/\/www.w3.org\/2000\/svg\" viewBox=\"0 0 5.468 78.721\">\n    <path d=\"m-.088.088.176 78.545S5.751 49.269 5.46 34.429C5.232 22.836-.088.09-.088.09z\" fill=\"red\"\/>\n<\/svg>\n\n     \n\n\n<\/div>\n\n\n<\/div>\n<\/div>\n\n\n\n   \n\n \n\n<\/div>\n\n\n\n\n\n<div class=\"wp-block-columns is-layout-flex wp-container-core-columns-is-layout-9d6595d7 wp-block-columns-is-layout-flex\">\n<div class=\"wp-block-column is-layout-flow wp-block-column-is-layout-flow\" style=\"flex-basis:25%\"><\/div>\n\n\n\n<div class=\"wp-block-column is-layout-flow wp-block-column-is-layout-flow\" style=\"flex-basis:50%\">\n<h2 class=\"wp-block-heading\">Foar (takomstige) styf\u00e2lden dy&#8217;t te krijen hawwe mei in skieding<\/h2>\n\n\n\n<p>Elk gesin hat in eigen dynamyk en in gearstald h\u00fash\u00e2lding soms wer in hiele oare. Wy wize dy graach op in tal profesjonele organisaasjes en \u00fbnderfiningsferhalen oer it styf\u00e2lderskip.<\/p>\n\n\n\n \n\n<div id=\"block_61362710dd524\" data-block-name=\"buttons\" class=\" align \">\n\n    <div class=\"wrap layout-row align-start\">\n         <a href=\"http:\/\/scheideninfriesland.nl\/fy-nl\/as-freonen-kunde-of-famylje-omgean-mei-in-skieding\/styfalder-yn-in-skieden-hushalding\/\" target=\"\" class=\"btn  btn-secondary\">\n        As styf\u00e2lder omgean mei in skieden gesin         <i class=\"fas fa-arrow-right\" aria-hidden=\"true\"><\/i>    <\/a>\n        <\/div>\n   \n<\/div> \n\n\n<\/div>\n\n\n\n<div class=\"wp-block-column is-layout-flow wp-block-column-is-layout-flow\" style=\"flex-basis:25%\"><\/div>\n<\/div>\n\n\n\n<div class=\"wp-block-columns is-layout-flex wp-container-core-columns-is-layout-9d6595d7 wp-block-columns-is-layout-flex\">\n<div class=\"wp-block-column is-layout-flow wp-block-column-is-layout-flow\" style=\"flex-basis:25%\"><\/div>\n\n\n\n<div class=\"wp-block-column is-layout-flow wp-block-column-is-layout-flow\" style=\"flex-basis:50%\">\n<h2 class=\"wp-block-heading\">Foar (takomstige) pakes en beppes dy&#8217;t in skieding yn har omjouwing hawwe<\/h2>\n\n\n\n<p>Dyn bern giet skieden, dat bringt hiel wat tewei. As grut\u00e2lder nimst d\u00earby foar dyn bern likegoed as foar dyn bernsbern in wichtich plak yn. In oantal tips oer hoe&#8217;t je omgean kinne mei dizze situaasje.<\/p>\n\n\n\n<p>In tal fan tips om om te gean mei dizze situaasje<\/p>\n\n\n\n \n\n<div id=\"block_613648ce2a723\" data-block-name=\"buttons\" class=\" align \">\n\n    <div class=\"wrap layout-row align-start\">\n         <a href=\"http:\/\/scheideninfriesland.nl\/fy-nl\/as-freonen-kunde-of-famylje-omgean-mei-in-skieding\/as-grutalder-omgean-mei-in-skieding\/\" target=\"\" class=\"btn  btn-secondary\">\n        As grut\u00e2lder omgean mei in skieding        <i class=\"fas fa-arrow-right\" aria-hidden=\"true\"><\/i>    <\/a>\n        <\/div>\n   \n<\/div> \n\n\n<\/div>\n\n\n\n<div class=\"wp-block-column is-layout-flow wp-block-column-is-layout-flow\" style=\"flex-basis:25%\"><\/div>\n<\/div>\n","protected":false},"excerpt":{"rendered":"<p>Tips om ien te stypjen Ien dy&#8217;t skieden is, fielt him somtiden allinnich en net heard. Hoe kinne je ien yn je omjouwing stypje? De neikommende punten kinne dy miskien helpe: H\u00e2ld yn tinzen dat elk ferhaal twa kanten hat. Wit datst net it hiele ferhaal kenst. Jou oan dat ien net hoecht te dwaan wat in oar dwaan soe. It is wichtich om emoasjes uterje te kinnen, ek as dat fertriet of lilkens is. En it is moai asto as persoan l\u00fasterjen bliuwst, s\u00fbnder antwurden of advizen paraat te hawwen. Besef dat ien dy&#8217;t in skieding meimakket troch ferskillende fazen fan rou giet. L\u00eas mear oer de fiif fazen fan rou neffens Elisabeth K\u00fcbler-Ross yn it artikel Vijf fasen van rouw fan Elisabeth K\u00fcbler-Ross. Bliuw immen \u00fatn\u00fbgjen en bel\u00fbke by sosjale oangelegenheden, ek al wegerje se. H\u00e2ld kontakt en jou se d\u00earmei it gefoel dat se ferb\u00fbn bliuwe en har winske te fielen. Kinst as oanbelangjende bepaalde &#8216;partnertaken&#8217; oernimme.<\/p>\n","protected":false},"author":2,"featured_media":1677,"parent":0,"menu_order":12,"comment_status":"closed","ping_status":"closed","template":"","meta":{"_acf_changed":false,"inline_featured_image":false,"footnotes":""},"class_list":["post-1859","page","type-page","status-publish","has-post-thumbnail","hentry"],"acf":[],"yoast_head":"<!-- This site is optimized with the Yoast SEO plugin v27.3 - https:\/\/yoast.com\/product\/yoast-seo-wordpress\/ -->\n<title>Omgean mei skieding yn omjouwing - Scheiden in Friesland<\/title>\n<meta name=\"description\" content=\"Lear omgean mei in skieding yn dyn omjouwing. Sjoch hoe&#039;t je as belutsene immen stypje kinne dy&#039;t in skieding meimakket.\" \/>\n<meta name=\"robots\" content=\"index, follow, max-snippet:-1, max-image-preview:large, max-video-preview:-1\" \/>\n<link rel=\"canonical\" href=\"https:\/\/scheideninfriesland.nl\/fy-nl\/as-freonen-kunde-of-famylje-omgean-mei-in-skieding\/\" \/>\n<meta property=\"og:locale\" content=\"en_US\" \/>\n<meta property=\"og:type\" content=\"article\" \/>\n<meta property=\"og:title\" content=\"Omgean mei skieding yn omjouwing - Scheiden in Friesland\" \/>\n<meta property=\"og:description\" content=\"Lear omgean mei in skieding yn dyn omjouwing. Sjoch hoe&#039;t je as belutsene immen stypje kinne dy&#039;t in skieding meimakket.\" \/>\n<meta property=\"og:url\" content=\"https:\/\/scheideninfriesland.nl\/fy-nl\/as-freonen-kunde-of-famylje-omgean-mei-in-skieding\/\" \/>\n<meta property=\"og:site_name\" content=\"Scheiden in Friesland\" \/>\n<meta property=\"article:modified_time\" content=\"2022-02-24T12:23:30+00:00\" \/>\n<meta name=\"twitter:card\" content=\"summary_large_image\" \/>\n<meta name=\"twitter:label1\" content=\"Est. reading time\" \/>\n\t<meta name=\"twitter:data1\" content=\"2 minutes\" \/>\n<script type=\"application\/ld+json\" class=\"yoast-schema-graph\">{\"@context\":\"https:\\\/\\\/schema.org\",\"@graph\":[{\"@type\":\"WebPage\",\"@id\":\"https:\\\/\\\/scheideninfriesland.nl\\\/fy-nl\\\/as-freonen-kunde-of-famylje-omgean-mei-in-skieding\\\/\",\"url\":\"https:\\\/\\\/scheideninfriesland.nl\\\/fy-nl\\\/as-freonen-kunde-of-famylje-omgean-mei-in-skieding\\\/\",\"name\":\"Omgean mei skieding yn omjouwing - Scheiden in Friesland\",\"isPartOf\":{\"@id\":\"https:\\\/\\\/scheideninfriesland.nl\\\/fy-nl\\\/#website\"},\"primaryImageOfPage\":{\"@id\":\"https:\\\/\\\/scheideninfriesland.nl\\\/fy-nl\\\/as-freonen-kunde-of-famylje-omgean-mei-in-skieding\\\/#primaryimage\"},\"image\":{\"@id\":\"https:\\\/\\\/scheideninfriesland.nl\\\/fy-nl\\\/as-freonen-kunde-of-famylje-omgean-mei-in-skieding\\\/#primaryimage\"},\"thumbnailUrl\":\"https:\\\/\\\/scheideninfriesland.nl\\\/wp-content\\\/uploads\\\/2021\\\/09\\\/hulp_bij_emotionele_verwerking.svg\",\"datePublished\":\"2021-12-29T09:57:35+00:00\",\"dateModified\":\"2022-02-24T12:23:30+00:00\",\"description\":\"Lear omgean mei in skieding yn dyn omjouwing. Sjoch hoe't je as belutsene immen stypje kinne dy't in skieding meimakket.\",\"breadcrumb\":{\"@id\":\"https:\\\/\\\/scheideninfriesland.nl\\\/fy-nl\\\/as-freonen-kunde-of-famylje-omgean-mei-in-skieding\\\/#breadcrumb\"},\"inLanguage\":\"fy\",\"potentialAction\":[{\"@type\":\"ReadAction\",\"target\":[\"https:\\\/\\\/scheideninfriesland.nl\\\/fy-nl\\\/as-freonen-kunde-of-famylje-omgean-mei-in-skieding\\\/\"]}]},{\"@type\":\"ImageObject\",\"inLanguage\":\"fy\",\"@id\":\"https:\\\/\\\/scheideninfriesland.nl\\\/fy-nl\\\/as-freonen-kunde-of-famylje-omgean-mei-in-skieding\\\/#primaryimage\",\"url\":\"https:\\\/\\\/scheideninfriesland.nl\\\/wp-content\\\/uploads\\\/2021\\\/09\\\/hulp_bij_emotionele_verwerking.svg\",\"contentUrl\":\"https:\\\/\\\/scheideninfriesland.nl\\\/wp-content\\\/uploads\\\/2021\\\/09\\\/hulp_bij_emotionele_verwerking.svg\",\"caption\":\"man en kind knuffelend ter emotionele verwerking\"},{\"@type\":\"BreadcrumbList\",\"@id\":\"https:\\\/\\\/scheideninfriesland.nl\\\/fy-nl\\\/as-freonen-kunde-of-famylje-omgean-mei-in-skieding\\\/#breadcrumb\",\"itemListElement\":[{\"@type\":\"ListItem\",\"position\":1,\"name\":\"Home\",\"item\":\"https:\\\/\\\/scheideninfriesland.nl\\\/fy-nl\\\/\"},{\"@type\":\"ListItem\",\"position\":2,\"name\":\"As freonen, kunde of famylje omgean mei in skieding\"}]},{\"@type\":\"WebSite\",\"@id\":\"https:\\\/\\\/scheideninfriesland.nl\\\/fy-nl\\\/#website\",\"url\":\"https:\\\/\\\/scheideninfriesland.nl\\\/fy-nl\\\/\",\"name\":\"Scheiden in Friesland\",\"description\":\"\",\"publisher\":{\"@id\":\"https:\\\/\\\/scheideninfriesland.nl\\\/fy-nl\\\/#organization\"},\"potentialAction\":[{\"@type\":\"SearchAction\",\"target\":{\"@type\":\"EntryPoint\",\"urlTemplate\":\"https:\\\/\\\/scheideninfriesland.nl\\\/fy-nl\\\/?s={search_term_string}\"},\"query-input\":{\"@type\":\"PropertyValueSpecification\",\"valueRequired\":true,\"valueName\":\"search_term_string\"}}],\"inLanguage\":\"fy\"},{\"@type\":\"Organization\",\"@id\":\"https:\\\/\\\/scheideninfriesland.nl\\\/fy-nl\\\/#organization\",\"name\":\"scheideninfriesland.nl\",\"url\":\"https:\\\/\\\/scheideninfriesland.nl\\\/fy-nl\\\/\",\"logo\":{\"@type\":\"ImageObject\",\"inLanguage\":\"fy\",\"@id\":\"https:\\\/\\\/scheideninfriesland.nl\\\/fy-nl\\\/#\\\/schema\\\/logo\\\/image\\\/\",\"url\":\"http:\\\/\\\/scheideninfriesland.nl\\\/wp-content\\\/uploads\\\/2021\\\/09\\\/9c86687c-2e5d-bc5b-1e71-48e00398a394-e1632209763466.jpg\",\"contentUrl\":\"http:\\\/\\\/scheideninfriesland.nl\\\/wp-content\\\/uploads\\\/2021\\\/09\\\/9c86687c-2e5d-bc5b-1e71-48e00398a394-e1632209763466.jpg\",\"width\":894,\"height\":381,\"caption\":\"scheideninfriesland.nl\"},\"image\":{\"@id\":\"https:\\\/\\\/scheideninfriesland.nl\\\/fy-nl\\\/#\\\/schema\\\/logo\\\/image\\\/\"}}]}<\/script>\n<!-- \/ Yoast SEO plugin. -->","yoast_head_json":{"title":"Omgean mei skieding yn omjouwing - Scheiden in Friesland","description":"Lear omgean mei in skieding yn dyn omjouwing. Sjoch hoe't je as belutsene immen stypje kinne dy't in skieding meimakket.","robots":{"index":"index","follow":"follow","max-snippet":"max-snippet:-1","max-image-preview":"max-image-preview:large","max-video-preview":"max-video-preview:-1"},"canonical":"https:\/\/scheideninfriesland.nl\/fy-nl\/as-freonen-kunde-of-famylje-omgean-mei-in-skieding\/","og_locale":"en_US","og_type":"article","og_title":"Omgean mei skieding yn omjouwing - Scheiden in Friesland","og_description":"Lear omgean mei in skieding yn dyn omjouwing. Sjoch hoe't je as belutsene immen stypje kinne dy't in skieding meimakket.","og_url":"https:\/\/scheideninfriesland.nl\/fy-nl\/as-freonen-kunde-of-famylje-omgean-mei-in-skieding\/","og_site_name":"Scheiden in Friesland","article_modified_time":"2022-02-24T12:23:30+00:00","twitter_card":"summary_large_image","twitter_misc":{"Est. reading time":"2 minutes"},"schema":{"@context":"https:\/\/schema.org","@graph":[{"@type":"WebPage","@id":"https:\/\/scheideninfriesland.nl\/fy-nl\/as-freonen-kunde-of-famylje-omgean-mei-in-skieding\/","url":"https:\/\/scheideninfriesland.nl\/fy-nl\/as-freonen-kunde-of-famylje-omgean-mei-in-skieding\/","name":"Omgean mei skieding yn omjouwing - Scheiden in Friesland","isPartOf":{"@id":"https:\/\/scheideninfriesland.nl\/fy-nl\/#website"},"primaryImageOfPage":{"@id":"https:\/\/scheideninfriesland.nl\/fy-nl\/as-freonen-kunde-of-famylje-omgean-mei-in-skieding\/#primaryimage"},"image":{"@id":"https:\/\/scheideninfriesland.nl\/fy-nl\/as-freonen-kunde-of-famylje-omgean-mei-in-skieding\/#primaryimage"},"thumbnailUrl":"https:\/\/scheideninfriesland.nl\/wp-content\/uploads\/2021\/09\/hulp_bij_emotionele_verwerking.svg","datePublished":"2021-12-29T09:57:35+00:00","dateModified":"2022-02-24T12:23:30+00:00","description":"Lear omgean mei in skieding yn dyn omjouwing. Sjoch hoe't je as belutsene immen stypje kinne dy't in skieding meimakket.","breadcrumb":{"@id":"https:\/\/scheideninfriesland.nl\/fy-nl\/as-freonen-kunde-of-famylje-omgean-mei-in-skieding\/#breadcrumb"},"inLanguage":"fy","potentialAction":[{"@type":"ReadAction","target":["https:\/\/scheideninfriesland.nl\/fy-nl\/as-freonen-kunde-of-famylje-omgean-mei-in-skieding\/"]}]},{"@type":"ImageObject","inLanguage":"fy","@id":"https:\/\/scheideninfriesland.nl\/fy-nl\/as-freonen-kunde-of-famylje-omgean-mei-in-skieding\/#primaryimage","url":"https:\/\/scheideninfriesland.nl\/wp-content\/uploads\/2021\/09\/hulp_bij_emotionele_verwerking.svg","contentUrl":"https:\/\/scheideninfriesland.nl\/wp-content\/uploads\/2021\/09\/hulp_bij_emotionele_verwerking.svg","caption":"man en kind knuffelend ter emotionele verwerking"},{"@type":"BreadcrumbList","@id":"https:\/\/scheideninfriesland.nl\/fy-nl\/as-freonen-kunde-of-famylje-omgean-mei-in-skieding\/#breadcrumb","itemListElement":[{"@type":"ListItem","position":1,"name":"Home","item":"https:\/\/scheideninfriesland.nl\/fy-nl\/"},{"@type":"ListItem","position":2,"name":"As freonen, kunde of famylje omgean mei in skieding"}]},{"@type":"WebSite","@id":"https:\/\/scheideninfriesland.nl\/fy-nl\/#website","url":"https:\/\/scheideninfriesland.nl\/fy-nl\/","name":"Scheiden in Friesland","description":"","publisher":{"@id":"https:\/\/scheideninfriesland.nl\/fy-nl\/#organization"},"potentialAction":[{"@type":"SearchAction","target":{"@type":"EntryPoint","urlTemplate":"https:\/\/scheideninfriesland.nl\/fy-nl\/?s={search_term_string}"},"query-input":{"@type":"PropertyValueSpecification","valueRequired":true,"valueName":"search_term_string"}}],"inLanguage":"fy"},{"@type":"Organization","@id":"https:\/\/scheideninfriesland.nl\/fy-nl\/#organization","name":"scheideninfriesland.nl","url":"https:\/\/scheideninfriesland.nl\/fy-nl\/","logo":{"@type":"ImageObject","inLanguage":"fy","@id":"https:\/\/scheideninfriesland.nl\/fy-nl\/#\/schema\/logo\/image\/","url":"http:\/\/scheideninfriesland.nl\/wp-content\/uploads\/2021\/09\/9c86687c-2e5d-bc5b-1e71-48e00398a394-e1632209763466.jpg","contentUrl":"http:\/\/scheideninfriesland.nl\/wp-content\/uploads\/2021\/09\/9c86687c-2e5d-bc5b-1e71-48e00398a394-e1632209763466.jpg","width":894,"height":381,"caption":"scheideninfriesland.nl"},"image":{"@id":"https:\/\/scheideninfriesland.nl\/fy-nl\/#\/schema\/logo\/image\/"}}]}},"_links":{"self":[{"href":"https:\/\/scheideninfriesland.nl\/fy-nl\/wp-json\/wp\/v2\/pages\/1859","targetHints":{"allow":["GET"]}}],"collection":[{"href":"https:\/\/scheideninfriesland.nl\/fy-nl\/wp-json\/wp\/v2\/pages"}],"about":[{"href":"https:\/\/scheideninfriesland.nl\/fy-nl\/wp-json\/wp\/v2\/types\/page"}],"author":[{"embeddable":true,"href":"https:\/\/scheideninfriesland.nl\/fy-nl\/wp-json\/wp\/v2\/users\/2"}],"replies":[{"embeddable":true,"href":"https:\/\/scheideninfriesland.nl\/fy-nl\/wp-json\/wp\/v2\/comments?post=1859"}],"version-history":[{"count":5,"href":"https:\/\/scheideninfriesland.nl\/fy-nl\/wp-json\/wp\/v2\/pages\/1859\/revisions"}],"predecessor-version":[{"id":2084,"href":"https:\/\/scheideninfriesland.nl\/fy-nl\/wp-json\/wp\/v2\/pages\/1859\/revisions\/2084"}],"wp:featuredmedia":[{"embeddable":true,"href":"https:\/\/scheideninfriesland.nl\/fy-nl\/wp-json\/wp\/v2\/media\/1677"}],"wp:attachment":[{"href":"https:\/\/scheideninfriesland.nl\/fy-nl\/wp-json\/wp\/v2\/media?parent=1859"}],"curies":[{"name":"wp","href":"https:\/\/api.w.org\/{rel}","templated":true}]}}