{"id":1861,"date":"2021-12-29T10:03:02","date_gmt":"2021-12-29T10:03:02","guid":{"rendered":"http:\/\/scheideninfriesland.nl\/as-freonen-kunde-of-famylje-omgean-mei-in-skieding\/as-grutalder-omgean-mei-in-skieding\/"},"modified":"2021-12-30T15:29:03","modified_gmt":"2021-12-30T15:29:03","slug":"as-grutalder-omgean-mei-in-skieding","status":"publish","type":"page","link":"https:\/\/scheideninfriesland.nl\/fy-nl\/as-freonen-kunde-of-famylje-omgean-mei-in-skieding\/as-grutalder-omgean-mei-in-skieding\/","title":{"rendered":"As grut\u00e2lder omgean mei in skieding"},"content":{"rendered":"\n<div class=\"wp-block-columns is-layout-flex wp-container-core-columns-is-layout-9d6595d7 wp-block-columns-is-layout-flex\">\n<div class=\"wp-block-column is-layout-flow wp-block-column-is-layout-flow\" style=\"flex-basis:25%\"><\/div>\n\n\n\n<div class=\"wp-block-column is-layout-flow wp-block-column-is-layout-flow\" style=\"flex-basis:50%\">\n<h2 class=\"wp-block-heading\">Hoe giest as pake en beppe om mei in skieding?<\/h2>\n\n\n\n<p>In skieding jout faak in soad feroaringen. It is in emosjonele faze w\u00earyn&#8217;t ek fan dy as pake of beppe in soad frege wurdt. Hoe bepale je hjiryn je eigen posysje, hokker rol meie je hjiryn oannimme? En wat as it kontakt mei dyn bernsbern of skoanfamylje hjirtroch \u00f4fnimt?<\/p>\n\n\n\n<p>It kin helpe om hjiroer mei in neutraal persoan te praten en advys te krijen. It besef dat in skieding nei in skoft yn r\u00eastiger farwetter komt, kin somtiden ek stipe biede. <\/p>\n<\/div>\n\n\n\n<div class=\"wp-block-column is-layout-flow wp-block-column-is-layout-flow\" style=\"flex-basis:25%\"><\/div>\n<\/div>\n\n\n \n<div id=\"block_613544afb32de\"  data-block-name=\"kader\" class=\"alignfull green\">\n\n    \n     \n\n<div class=\"wp-block-columns is-layout-flex wp-container-core-columns-is-layout-9d6595d7 wp-block-columns-is-layout-flex\">\n<div class=\"wp-block-column is-layout-flow wp-block-column-is-layout-flow\" style=\"flex-basis:66%\">\n<h3 class=\"wp-block-heading\">Sa kinst pake- of beppesizzers stypje  <\/h3>\n\n\n\n<p>Foar dyn bernsbern is de skieding in drege perioade mei in soad \u00fbnr\u00east. It is d\u00earom geweldich moai asto hjiryn in stabile faktor w\u00eaze kinst. In plak fan r\u00east, d\u00ear&#8217;t it bern gewoan noch bern w\u00eaze kin. Dit kinsto d\u00earfoar dwaan: <\/p>\n\n\n\n<ul class=\"wp-block-list\"><li>Bied in harkjend ear <\/li><li>Gean net tusken de partijen stean <\/li><li>Soargje foar stabiliteit <\/li><li>Soargje \u00fat en troch foar \u00f4flieding <\/li><\/ul>\n\n\n\n<p>Foar dyn bern feroaret der in soad, mar asto boppe it konflikt stiest, bist in wichtige stipepylder yn it libben fan dyn pake- of beppesizzers.<\/p>\n<\/div>\n\n\n\n<div class=\"wp-block-column is-layout-flow wp-block-column-is-layout-flow\" style=\"flex-basis:33%\">\n\n \n<div id=\"block_613544f3b32e1\"  data-block-name=\"quote\" class=\"alignfull green   \">\n\n  <svg class=\"sideleft\" xmlns=\"http:\/\/www.w3.org\/2000\/svg\"  preserveAspectRatio=\"none\" viewBox=\"0 0 5.468 78.721\" >\n      <path d=\"M5.468 0v78.72S-.252 55.73.008 38.04C.18 26.447 5.469 0 5.469 0z\" fill=\"red\"\/>\n  <\/svg>\n\n\n      <div class=\"wrap\">\n        <div class=\"quote\">\n          <div class=\"mark-top\">\u275d<\/div>\n          Th\u00fas wie der faak r\u00fbzje. Gelokkich koe ik altyd by pake en beppe delgean. It wie moai om in plak te hawwen d\u00ear&#8217;t de skieding net sa d\u00fadlik oanw\u00eazich wie.           <div class=\"mark-bottom\">\u275e<\/div>\n        <\/div>\n\n \n        <div class=\"naam\">\n          Alex        <\/div>\n\n        <div class=\"relatie\">\n                  <\/div>\n\n        <svg class=\"circles\" xmlns=\"http:\/\/www.w3.org\/2000\/svg\" viewBox=\"0 0 73.483 66.817\" >\n    <g transform=\"translate(-8.569 -6.42)\" fill=\"red\">\n        <circle r=\"20.58\" cy=\"52.657\" cx=\"29.148\"\/>\n        <circle r=\"6.949\" cy=\"13.369\" cx=\"48.638\"\/>\n        <circle r=\"11.76\" cy=\"32.874\" cx=\"70.292\"\/>\n    <\/g>\n<\/svg>\n\n\n      <\/div>\n\n      <svg class=\"sideright\" preserveAspectRatio=\"none\"  xmlns=\"http:\/\/www.w3.org\/2000\/svg\" viewBox=\"0 0 5.468 78.721\">\n    <path d=\"m-.088.088.176 78.545S5.751 49.269 5.46 34.429C5.232 22.836-.088.09-.088.09z\" fill=\"red\"\/>\n<\/svg>\n\n     \n\n\n<\/div>\n\n\n<\/div>\n<\/div>\n\n\n\n   \n\n \n\n<\/div>\n\n\n\n<div class=\"wp-block-columns is-layout-flex wp-container-core-columns-is-layout-9d6595d7 wp-block-columns-is-layout-flex\">\n<div class=\"wp-block-column is-layout-flow wp-block-column-is-layout-flow\" style=\"flex-basis:25%\"><\/div>\n\n\n\n<div class=\"wp-block-column is-layout-flow wp-block-column-is-layout-flow\" style=\"flex-basis:50%\">\n<h2 class=\"wp-block-heading\">Omgean mei minder kontakt mei de pake- en beppesizzers  <\/h2>\n\n\n\n<p>Nei in skieding wurdt it kontakt somtiden minder tusken pakes en beppes en bernsbern. Yn guon gefallen is der in skoftke net folle of gjin kontakt. Soms wurdt it kontakt folslein ferbrutsen. Dit kin in behoarlike ympakt hawwe. Gefolgen foar pake en beppe \u00e9n de bernsbern. <\/p>\n\n\n\n<p>Mocht it kontakt kompleet ferbrutsen w\u00eaze, dan soene je besykje kinne kontakt te krijen. Sjoch bygelyks oftst online profilen fan dyn bernsbern fine kinst, stjoer se op wichtige mominten lykas diplomearringen in kaartsje en bliuw besykjen it kontakt te werstellen.  <\/p>\n\n\n\n<blockquote class=\"wp-block-quote is-layout-flow wp-block-quote-is-layout-flow\"><p>Ik mocht beppe net sjen, de kadootsjes dy&#8217;t se stjoerde waarden weromstjoerd, mar se tocht wol oan my. <\/p><cite>Thom <\/cite><\/blockquote>\n\n\n\n<p>Der binne meardere redenen w\u00earom&#8217;t grut\u00e2lden harren bern net mear sjogge. In skieding is hjir ien fan. Yn de \u00fatstjoering \u2018Je kleinkind nooit meer zien\u2019 fan it telefyzjeprogramma Hollandse zaken, sjogge je hoe\u2019t oare pakes en beppes omgean mei dit gemis. <\/p>\n\n\n\n \n\n<div id=\"block_61362710dd524\" data-block-name=\"buttons\" class=\" align \">\n\n    <div class=\"wrap layout-row align-start\">\n         <a href=\"https:\/\/www.maxvandaag.nl\/programmas\/tv\/hollandse-zaken\/je-kleinkind-nooit-meer-zien\/POW_04981970\/\" target=\"_blank\" class=\"btn  btn-secondary\">\n        Sjoch de \u00fatstjoering \u2018Je kleinkind nooit meer zien\u2019          <i class=\"fas fa-external-link-alt\" aria-hidden=\"true\"><\/i>    <\/a>\n        <\/div>\n   \n<\/div> \n\n\n<\/div>\n\n\n\n<div class=\"wp-block-column is-layout-flow wp-block-column-is-layout-flow\" style=\"flex-basis:25%\"><\/div>\n<\/div>\n\n\n \n<div id=\"block_612f938f13c9e\"  data-block-name=\"kader\" class=\"alignfull blue\">\n\n    \n     \n\n<div class=\"wp-block-columns is-layout-flex wp-container-core-columns-is-layout-9d6595d7 wp-block-columns-is-layout-flex\">\n<div class=\"wp-block-column is-layout-flow wp-block-column-is-layout-flow\" style=\"flex-basis:66%\">\n<h2 class=\"wp-block-heading\">Omgongsregeling foar pakes en beppes<\/h2>\n\n\n\n<p>As grut\u00e2lder hast net automatysk of wetlik rjocht op kontakt mei dyn bernsbern. Wol kinne je as \u00e2lden de omgong mei pake en beppe f\u00eastlizze yn in \u00e2lderskipsplan. D\u00earyn wurdt beskreaun hoe&#8217;t de relaasje mei de oare famyljeleden der tidens of nei de skieding \u00fatsjen sil.  <\/p>\n\n\n\n<p>Kinst as pake en\/of beppe nei de rjochter gean om te freegjen om in omgongsregeling mei de bernsbern ,en dy der hurd foar meitsje. De praktyk wiist lykwols \u00fat dat dit frijwat selden tawiisd wurdt. In rjochter soe dit oplizze kinne, mar d\u00earfoar moatte je wol oan bepaalde betingsten foldwaan.  <\/p>\n\n\n\n<p>Mochtst nei de rjochter gean wolle, dan kin in skiedingsadvokaat of in skiedingsmediator dy d\u00earby stypje. <\/p>\n<\/div>\n<\/div>\n\n\n\n   \n\n \n\n<\/div>\n\n\n","protected":false},"excerpt":{"rendered":"<p>Hoe giest as pake en beppe om mei in skieding? In skieding jout faak in soad feroaringen. It is in emosjonele faze w\u00earyn&#8217;t ek fan dy as pake of beppe in soad frege wurdt. Hoe bepale je hjiryn je eigen posysje, hokker rol meie je hjiryn oannimme? En wat as it kontakt mei dyn bernsbern of skoanfamylje hjirtroch \u00f4fnimt? It kin helpe om hjiroer mei in neutraal persoan te praten en advys te krijen. It besef dat in skieding nei in skoft yn r\u00eastiger farwetter komt, kin somtiden ek stipe biede. Omgean mei minder kontakt mei de pake- en beppesizzers Nei in skieding wurdt it kontakt somtiden minder tusken pakes en beppes en bernsbern. Yn guon gefallen is der in skoftke net folle of gjin kontakt. Soms wurdt it kontakt folslein ferbrutsen. Dit kin in behoarlike ympakt hawwe. Gefolgen foar pake en beppe \u00e9n de bernsbern.<\/p>\n","protected":false},"author":2,"featured_media":1676,"parent":1859,"menu_order":12,"comment_status":"closed","ping_status":"closed","template":"","meta":{"_acf_changed":false,"inline_featured_image":false,"footnotes":""},"class_list":["post-1861","page","type-page","status-publish","has-post-thumbnail","hentry"],"acf":[],"yoast_head":"<!-- This site is optimized with the Yoast SEO plugin v27.3 - https:\/\/yoast.com\/product\/yoast-seo-wordpress\/ -->\n<title>As grut\u00e2lder omgean mei in skieding - Scheiden in Friesland<\/title>\n<meta name=\"description\" content=\"Hoe kinst as grut\u00e2lder omgean mei in skieding? In skieding jout in soad feroaringen. Scheiden in Friesland set in tal fan tips op in rige.\" \/>\n<meta name=\"robots\" content=\"index, follow, max-snippet:-1, max-image-preview:large, max-video-preview:-1\" \/>\n<link rel=\"canonical\" href=\"https:\/\/scheideninfriesland.nl\/fy-nl\/as-freonen-kunde-of-famylje-omgean-mei-in-skieding\/as-grutalder-omgean-mei-in-skieding\/\" \/>\n<meta property=\"og:locale\" content=\"en_US\" \/>\n<meta property=\"og:type\" content=\"article\" \/>\n<meta property=\"og:title\" content=\"As grut\u00e2lder omgean mei in skieding - Scheiden in Friesland\" \/>\n<meta property=\"og:description\" content=\"Hoe kinst as grut\u00e2lder omgean mei in skieding? In skieding jout in soad feroaringen. Scheiden in Friesland set in tal fan tips op in rige.\" \/>\n<meta property=\"og:url\" content=\"https:\/\/scheideninfriesland.nl\/fy-nl\/as-freonen-kunde-of-famylje-omgean-mei-in-skieding\/as-grutalder-omgean-mei-in-skieding\/\" \/>\n<meta property=\"og:site_name\" content=\"Scheiden in Friesland\" \/>\n<meta property=\"article:modified_time\" content=\"2021-12-30T15:29:03+00:00\" \/>\n<meta name=\"twitter:card\" content=\"summary_large_image\" \/>\n<meta name=\"twitter:label1\" content=\"Est. reading time\" \/>\n\t<meta name=\"twitter:data1\" content=\"2 minutes\" \/>\n<script type=\"application\/ld+json\" class=\"yoast-schema-graph\">{\"@context\":\"https:\\\/\\\/schema.org\",\"@graph\":[{\"@type\":\"WebPage\",\"@id\":\"https:\\\/\\\/scheideninfriesland.nl\\\/fy-nl\\\/as-freonen-kunde-of-famylje-omgean-mei-in-skieding\\\/as-grutalder-omgean-mei-in-skieding\\\/\",\"url\":\"https:\\\/\\\/scheideninfriesland.nl\\\/fy-nl\\\/as-freonen-kunde-of-famylje-omgean-mei-in-skieding\\\/as-grutalder-omgean-mei-in-skieding\\\/\",\"name\":\"As grut\u00e2lder omgean mei in skieding - Scheiden in Friesland\",\"isPartOf\":{\"@id\":\"https:\\\/\\\/scheideninfriesland.nl\\\/fy-nl\\\/#website\"},\"primaryImageOfPage\":{\"@id\":\"https:\\\/\\\/scheideninfriesland.nl\\\/fy-nl\\\/as-freonen-kunde-of-famylje-omgean-mei-in-skieding\\\/as-grutalder-omgean-mei-in-skieding\\\/#primaryimage\"},\"image\":{\"@id\":\"https:\\\/\\\/scheideninfriesland.nl\\\/fy-nl\\\/as-freonen-kunde-of-famylje-omgean-mei-in-skieding\\\/as-grutalder-omgean-mei-in-skieding\\\/#primaryimage\"},\"thumbnailUrl\":\"https:\\\/\\\/scheideninfriesland.nl\\\/wp-content\\\/uploads\\\/2021\\\/09\\\/grootouders.svg\",\"datePublished\":\"2021-12-29T10:03:02+00:00\",\"dateModified\":\"2021-12-30T15:29:03+00:00\",\"description\":\"Hoe kinst as grut\u00e2lder omgean mei in skieding? In skieding jout in soad feroaringen. Scheiden in Friesland set in tal fan tips op in rige.\",\"breadcrumb\":{\"@id\":\"https:\\\/\\\/scheideninfriesland.nl\\\/fy-nl\\\/as-freonen-kunde-of-famylje-omgean-mei-in-skieding\\\/as-grutalder-omgean-mei-in-skieding\\\/#breadcrumb\"},\"inLanguage\":\"fy\",\"potentialAction\":[{\"@type\":\"ReadAction\",\"target\":[\"https:\\\/\\\/scheideninfriesland.nl\\\/fy-nl\\\/as-freonen-kunde-of-famylje-omgean-mei-in-skieding\\\/as-grutalder-omgean-mei-in-skieding\\\/\"]}]},{\"@type\":\"ImageObject\",\"inLanguage\":\"fy\",\"@id\":\"https:\\\/\\\/scheideninfriesland.nl\\\/fy-nl\\\/as-freonen-kunde-of-famylje-omgean-mei-in-skieding\\\/as-grutalder-omgean-mei-in-skieding\\\/#primaryimage\",\"url\":\"https:\\\/\\\/scheideninfriesland.nl\\\/wp-content\\\/uploads\\\/2021\\\/09\\\/grootouders.svg\",\"contentUrl\":\"https:\\\/\\\/scheideninfriesland.nl\\\/wp-content\\\/uploads\\\/2021\\\/09\\\/grootouders.svg\",\"caption\":\"grootouders spelend met kinderen\"},{\"@type\":\"BreadcrumbList\",\"@id\":\"https:\\\/\\\/scheideninfriesland.nl\\\/fy-nl\\\/as-freonen-kunde-of-famylje-omgean-mei-in-skieding\\\/as-grutalder-omgean-mei-in-skieding\\\/#breadcrumb\",\"itemListElement\":[{\"@type\":\"ListItem\",\"position\":1,\"name\":\"Home\",\"item\":\"https:\\\/\\\/scheideninfriesland.nl\\\/fy-nl\\\/\"},{\"@type\":\"ListItem\",\"position\":2,\"name\":\"As freonen, kunde of famylje omgean mei in skieding\",\"item\":\"https:\\\/\\\/scheideninfriesland.nl\\\/fy-nl\\\/as-freonen-kunde-of-famylje-omgean-mei-in-skieding\\\/\"},{\"@type\":\"ListItem\",\"position\":3,\"name\":\"As grut\u00e2lder omgean mei in skieding\"}]},{\"@type\":\"WebSite\",\"@id\":\"https:\\\/\\\/scheideninfriesland.nl\\\/fy-nl\\\/#website\",\"url\":\"https:\\\/\\\/scheideninfriesland.nl\\\/fy-nl\\\/\",\"name\":\"Scheiden in Friesland\",\"description\":\"\",\"publisher\":{\"@id\":\"https:\\\/\\\/scheideninfriesland.nl\\\/fy-nl\\\/#organization\"},\"potentialAction\":[{\"@type\":\"SearchAction\",\"target\":{\"@type\":\"EntryPoint\",\"urlTemplate\":\"https:\\\/\\\/scheideninfriesland.nl\\\/fy-nl\\\/?s={search_term_string}\"},\"query-input\":{\"@type\":\"PropertyValueSpecification\",\"valueRequired\":true,\"valueName\":\"search_term_string\"}}],\"inLanguage\":\"fy\"},{\"@type\":\"Organization\",\"@id\":\"https:\\\/\\\/scheideninfriesland.nl\\\/fy-nl\\\/#organization\",\"name\":\"scheideninfriesland.nl\",\"url\":\"https:\\\/\\\/scheideninfriesland.nl\\\/fy-nl\\\/\",\"logo\":{\"@type\":\"ImageObject\",\"inLanguage\":\"fy\",\"@id\":\"https:\\\/\\\/scheideninfriesland.nl\\\/fy-nl\\\/#\\\/schema\\\/logo\\\/image\\\/\",\"url\":\"http:\\\/\\\/scheideninfriesland.nl\\\/wp-content\\\/uploads\\\/2021\\\/09\\\/9c86687c-2e5d-bc5b-1e71-48e00398a394-e1632209763466.jpg\",\"contentUrl\":\"http:\\\/\\\/scheideninfriesland.nl\\\/wp-content\\\/uploads\\\/2021\\\/09\\\/9c86687c-2e5d-bc5b-1e71-48e00398a394-e1632209763466.jpg\",\"width\":894,\"height\":381,\"caption\":\"scheideninfriesland.nl\"},\"image\":{\"@id\":\"https:\\\/\\\/scheideninfriesland.nl\\\/fy-nl\\\/#\\\/schema\\\/logo\\\/image\\\/\"}}]}<\/script>\n<!-- \/ Yoast SEO plugin. -->","yoast_head_json":{"title":"As grut\u00e2lder omgean mei in skieding - Scheiden in Friesland","description":"Hoe kinst as grut\u00e2lder omgean mei in skieding? In skieding jout in soad feroaringen. Scheiden in Friesland set in tal fan tips op in rige.","robots":{"index":"index","follow":"follow","max-snippet":"max-snippet:-1","max-image-preview":"max-image-preview:large","max-video-preview":"max-video-preview:-1"},"canonical":"https:\/\/scheideninfriesland.nl\/fy-nl\/as-freonen-kunde-of-famylje-omgean-mei-in-skieding\/as-grutalder-omgean-mei-in-skieding\/","og_locale":"en_US","og_type":"article","og_title":"As grut\u00e2lder omgean mei in skieding - Scheiden in Friesland","og_description":"Hoe kinst as grut\u00e2lder omgean mei in skieding? In skieding jout in soad feroaringen. Scheiden in Friesland set in tal fan tips op in rige.","og_url":"https:\/\/scheideninfriesland.nl\/fy-nl\/as-freonen-kunde-of-famylje-omgean-mei-in-skieding\/as-grutalder-omgean-mei-in-skieding\/","og_site_name":"Scheiden in Friesland","article_modified_time":"2021-12-30T15:29:03+00:00","twitter_card":"summary_large_image","twitter_misc":{"Est. reading time":"2 minutes"},"schema":{"@context":"https:\/\/schema.org","@graph":[{"@type":"WebPage","@id":"https:\/\/scheideninfriesland.nl\/fy-nl\/as-freonen-kunde-of-famylje-omgean-mei-in-skieding\/as-grutalder-omgean-mei-in-skieding\/","url":"https:\/\/scheideninfriesland.nl\/fy-nl\/as-freonen-kunde-of-famylje-omgean-mei-in-skieding\/as-grutalder-omgean-mei-in-skieding\/","name":"As grut\u00e2lder omgean mei in skieding - Scheiden in Friesland","isPartOf":{"@id":"https:\/\/scheideninfriesland.nl\/fy-nl\/#website"},"primaryImageOfPage":{"@id":"https:\/\/scheideninfriesland.nl\/fy-nl\/as-freonen-kunde-of-famylje-omgean-mei-in-skieding\/as-grutalder-omgean-mei-in-skieding\/#primaryimage"},"image":{"@id":"https:\/\/scheideninfriesland.nl\/fy-nl\/as-freonen-kunde-of-famylje-omgean-mei-in-skieding\/as-grutalder-omgean-mei-in-skieding\/#primaryimage"},"thumbnailUrl":"https:\/\/scheideninfriesland.nl\/wp-content\/uploads\/2021\/09\/grootouders.svg","datePublished":"2021-12-29T10:03:02+00:00","dateModified":"2021-12-30T15:29:03+00:00","description":"Hoe kinst as grut\u00e2lder omgean mei in skieding? In skieding jout in soad feroaringen. Scheiden in Friesland set in tal fan tips op in rige.","breadcrumb":{"@id":"https:\/\/scheideninfriesland.nl\/fy-nl\/as-freonen-kunde-of-famylje-omgean-mei-in-skieding\/as-grutalder-omgean-mei-in-skieding\/#breadcrumb"},"inLanguage":"fy","potentialAction":[{"@type":"ReadAction","target":["https:\/\/scheideninfriesland.nl\/fy-nl\/as-freonen-kunde-of-famylje-omgean-mei-in-skieding\/as-grutalder-omgean-mei-in-skieding\/"]}]},{"@type":"ImageObject","inLanguage":"fy","@id":"https:\/\/scheideninfriesland.nl\/fy-nl\/as-freonen-kunde-of-famylje-omgean-mei-in-skieding\/as-grutalder-omgean-mei-in-skieding\/#primaryimage","url":"https:\/\/scheideninfriesland.nl\/wp-content\/uploads\/2021\/09\/grootouders.svg","contentUrl":"https:\/\/scheideninfriesland.nl\/wp-content\/uploads\/2021\/09\/grootouders.svg","caption":"grootouders spelend met kinderen"},{"@type":"BreadcrumbList","@id":"https:\/\/scheideninfriesland.nl\/fy-nl\/as-freonen-kunde-of-famylje-omgean-mei-in-skieding\/as-grutalder-omgean-mei-in-skieding\/#breadcrumb","itemListElement":[{"@type":"ListItem","position":1,"name":"Home","item":"https:\/\/scheideninfriesland.nl\/fy-nl\/"},{"@type":"ListItem","position":2,"name":"As freonen, kunde of famylje omgean mei in skieding","item":"https:\/\/scheideninfriesland.nl\/fy-nl\/as-freonen-kunde-of-famylje-omgean-mei-in-skieding\/"},{"@type":"ListItem","position":3,"name":"As grut\u00e2lder omgean mei in skieding"}]},{"@type":"WebSite","@id":"https:\/\/scheideninfriesland.nl\/fy-nl\/#website","url":"https:\/\/scheideninfriesland.nl\/fy-nl\/","name":"Scheiden in Friesland","description":"","publisher":{"@id":"https:\/\/scheideninfriesland.nl\/fy-nl\/#organization"},"potentialAction":[{"@type":"SearchAction","target":{"@type":"EntryPoint","urlTemplate":"https:\/\/scheideninfriesland.nl\/fy-nl\/?s={search_term_string}"},"query-input":{"@type":"PropertyValueSpecification","valueRequired":true,"valueName":"search_term_string"}}],"inLanguage":"fy"},{"@type":"Organization","@id":"https:\/\/scheideninfriesland.nl\/fy-nl\/#organization","name":"scheideninfriesland.nl","url":"https:\/\/scheideninfriesland.nl\/fy-nl\/","logo":{"@type":"ImageObject","inLanguage":"fy","@id":"https:\/\/scheideninfriesland.nl\/fy-nl\/#\/schema\/logo\/image\/","url":"http:\/\/scheideninfriesland.nl\/wp-content\/uploads\/2021\/09\/9c86687c-2e5d-bc5b-1e71-48e00398a394-e1632209763466.jpg","contentUrl":"http:\/\/scheideninfriesland.nl\/wp-content\/uploads\/2021\/09\/9c86687c-2e5d-bc5b-1e71-48e00398a394-e1632209763466.jpg","width":894,"height":381,"caption":"scheideninfriesland.nl"},"image":{"@id":"https:\/\/scheideninfriesland.nl\/fy-nl\/#\/schema\/logo\/image\/"}}]}},"_links":{"self":[{"href":"https:\/\/scheideninfriesland.nl\/fy-nl\/wp-json\/wp\/v2\/pages\/1861","targetHints":{"allow":["GET"]}}],"collection":[{"href":"https:\/\/scheideninfriesland.nl\/fy-nl\/wp-json\/wp\/v2\/pages"}],"about":[{"href":"https:\/\/scheideninfriesland.nl\/fy-nl\/wp-json\/wp\/v2\/types\/page"}],"author":[{"embeddable":true,"href":"https:\/\/scheideninfriesland.nl\/fy-nl\/wp-json\/wp\/v2\/users\/2"}],"replies":[{"embeddable":true,"href":"https:\/\/scheideninfriesland.nl\/fy-nl\/wp-json\/wp\/v2\/comments?post=1861"}],"version-history":[{"count":3,"href":"https:\/\/scheideninfriesland.nl\/fy-nl\/wp-json\/wp\/v2\/pages\/1861\/revisions"}],"predecessor-version":[{"id":1916,"href":"https:\/\/scheideninfriesland.nl\/fy-nl\/wp-json\/wp\/v2\/pages\/1861\/revisions\/1916"}],"up":[{"embeddable":true,"href":"https:\/\/scheideninfriesland.nl\/fy-nl\/wp-json\/wp\/v2\/pages\/1859"}],"wp:featuredmedia":[{"embeddable":true,"href":"https:\/\/scheideninfriesland.nl\/fy-nl\/wp-json\/wp\/v2\/media\/1676"}],"wp:attachment":[{"href":"https:\/\/scheideninfriesland.nl\/fy-nl\/wp-json\/wp\/v2\/media?parent=1861"}],"curies":[{"name":"wp","href":"https:\/\/api.w.org\/{rel}","templated":true}]}}