{"id":1865,"date":"2021-12-29T10:48:18","date_gmt":"2021-12-29T10:48:18","guid":{"rendered":"http:\/\/scheideninfriesland.nl\/as-professional-stypje-by-in-skieding\/"},"modified":"2022-02-24T11:00:32","modified_gmt":"2022-02-24T11:00:32","slug":"as-professional-stypje-by-in-skieding","status":"publish","type":"page","link":"https:\/\/scheideninfriesland.nl\/fy-nl\/as-professional-stypje-by-in-skieding\/","title":{"rendered":"As professional stypje by in skieding"},"content":{"rendered":"\n<div class=\"wp-block-columns is-layout-flex wp-container-core-columns-is-layout-9d6595d7 wp-block-columns-is-layout-flex\">\n<div class=\"wp-block-column is-layout-flow wp-block-column-is-layout-flow\" style=\"flex-basis:25%\"><\/div>\n\n\n\n<div class=\"wp-block-column is-layout-flow wp-block-column-is-layout-flow\" style=\"flex-basis:50%\">\n<h2 class=\"wp-block-heading\">Trainingen en kursussen oer help biede by skiedingen<\/h2>\n\n\n\n<p>Skiedings binne dreech, ek foar dy as stiper. Soms kinst as professional d\u00earom sels wol wat advys, tips of h\u00e2nfetten br\u00fbke. Der binne in soad trainingen en kursussen om dy te helpen om te gean mei situaasjes r\u00fbnom skiedingen. Men fynt it oanbod op \u00fas side mei trainingen en kursussen.<\/p>\n\n\n\n \n\n<div id=\"block_613a7a7526271\" data-block-name=\"buttons\" class=\" align \">\n\n    <div class=\"wrap layout-row align-start\">\n         <a href=\"http:\/\/scheideninfriesland.nl\/fy-nl\/as-professional-stypje-by-in-skieding\/trainings-en-kursussen-runom-skiedingen\/\" target=\"\" class=\"btn  btn-secondary\">\n        Trainingen en kursussen oer skieden        <i class=\"fas fa-arrow-right\" aria-hidden=\"true\"><\/i>    <\/a>\n        <\/div>\n   \n<\/div> \n\n\n<\/div>\n\n\n\n<div class=\"wp-block-column is-layout-flow wp-block-column-is-layout-flow\" style=\"flex-basis:25%\"><\/div>\n<\/div>\n\n\n\n\n \n<div id=\"block_613a7a8b26273\"  data-block-name=\"kader\" class=\"alignfull blue\">\n\n    \n     \n\n<div class=\"wp-block-columns is-layout-flex wp-container-core-columns-is-layout-9d6595d7 wp-block-columns-is-layout-flex\">\n<div class=\"wp-block-column is-layout-flow wp-block-column-is-layout-flow\" style=\"flex-basis:66%\">\n<h2 class=\"wp-block-heading\">Handige tools foar stipe by skiedingen<\/h2>\n\n\n\n<p>Njonken trainingen en kursussen binne der ek in soad tools dy&#8217;t je ynsette kinne. Bygelyks om as praktykstiper in petear te begjinnen oer de skieding, om as h\u00fasdokter sinjalen te werkennen, of om yn de klasse omtinken te jaan oan skiedingen. Sa binne der ynstruminten as boeken, r\u00fbtekaarten en sprekbeurtpakketten. Dizze tools en mear fynst op \u00fas side mei tools foar professionals.<\/p>\n\n\n\n \n\n<div id=\"block_613a7a9826274\" data-block-name=\"buttons\" class=\" align \">\n\n    <div class=\"wrap layout-row align-start\">\n         <a href=\"http:\/\/scheideninfriesland.nl\/fy-nl\/as-professional-stypje-by-in-skieding\/handige-tools-foar-professionals\/\" target=\"\" class=\"btn  btn-secondary\">\n        Handige tools foar professionals        <i class=\"fas fa-arrow-right\" aria-hidden=\"true\"><\/i>    <\/a>\n        <\/div>\n   \n<\/div> \n\n\n<\/div>\n\n\n\n<div class=\"wp-block-column is-vertically-aligned-center is-layout-flow wp-block-column-is-layout-flow\" style=\"flex-basis:33%\">\n<figure class=\"wp-block-image size-large is-resized\"><img decoding=\"async\" src=\"http:\/\/scheideninfriesland.nl\/wp-content\/uploads\/\/2021\/09\/scheiding_regelen.svg\" alt=\"\" class=\"wp-image-1668\" width=\"431\" height=\"272\"\/><\/figure>\n<\/div>\n<\/div>\n\n\n\n   \n\n \n\n<\/div>\n\n\n\n\n\n<div class=\"wp-block-columns is-layout-flex wp-container-core-columns-is-layout-9d6595d7 wp-block-columns-is-layout-flex\">\n<div class=\"wp-block-column is-layout-flow wp-block-column-is-layout-flow\" style=\"flex-basis:25%\"><\/div>\n\n\n\n<div class=\"wp-block-column is-layout-flow wp-block-column-is-layout-flow\" style=\"flex-basis:50%\">\n<p>Help it platfoarm oanfoljen<\/p>\n\n\n\n<p>Der is in soad ynformaasje te finen oer skieden. Dochs kin it sa w\u00eaze dat wy noch net alle ynformaasje f\u00fbn hawwe. Om it platfoarm sa folslein mooglik te meitsjen, hearre we it graach asto ynformaasje mist. Hast oanfollingen op \u00fas ynformaasje? Wy hearre it graach!<\/p>\n\n\n\n \n\n<div id=\"block_613a7af226276\" data-block-name=\"buttons\" class=\" align \">\n\n    <div class=\"wrap layout-row align-start\">\n         <a href=\"http:\/\/scheideninfriesland.nl\/fy-nl\/help-it-platfoarm-oanfoljen\/\" target=\"\" class=\"btn  btn-secondary\">\n        Help it platfoarm oanfoljen        <i class=\"fas fa-arrow-right\" aria-hidden=\"true\"><\/i>    <\/a>\n        <\/div>\n   \n<\/div> \n\n\n<\/div>\n\n\n\n<div class=\"wp-block-column is-layout-flow wp-block-column-is-layout-flow\" style=\"flex-basis:25%\"><\/div>\n<\/div>\n","protected":false},"excerpt":{"rendered":"<p>Trainingen en kursussen oer help biede by skiedingen Skiedings binne dreech, ek foar dy as stiper. Soms kinst as professional d\u00earom sels wol wat advys, tips of h\u00e2nfetten br\u00fbke. Der binne in soad trainingen en kursussen om dy te helpen om te gean mei situaasjes r\u00fbnom skiedingen. Men fynt it oanbod op \u00fas side mei trainingen en kursussen. Help it platfoarm oanfoljen Der is in soad ynformaasje te finen oer skieden. Dochs kin it sa w\u00eaze dat wy noch net alle ynformaasje f\u00fbn hawwe. Om it platfoarm sa folslein mooglik te meitsjen, hearre we it graach asto ynformaasje mist. Hast oanfollingen op \u00fas ynformaasje? Wy hearre it<\/p>\n","protected":false},"author":1,"featured_media":1686,"parent":0,"menu_order":0,"comment_status":"closed","ping_status":"closed","template":"","meta":{"_acf_changed":false,"inline_featured_image":false,"footnotes":""},"class_list":["post-1865","page","type-page","status-publish","has-post-thumbnail","hentry"],"acf":[],"yoast_head":"<!-- This site is optimized with the Yoast SEO plugin v27.3 - https:\/\/yoast.com\/product\/yoast-seo-wordpress\/ -->\n<title>As professional stypje by in skieding<\/title>\n<meta name=\"description\" content=\"Stipe biede by in skieding kin op ferskate wizen. Fyn op Scheiden in Friesland in tal fan tools en trainingen.\" \/>\n<meta name=\"robots\" content=\"index, follow, max-snippet:-1, max-image-preview:large, max-video-preview:-1\" \/>\n<link rel=\"canonical\" href=\"https:\/\/scheideninfriesland.nl\/fy-nl\/as-professional-stypje-by-in-skieding\/\" \/>\n<meta property=\"og:locale\" content=\"en_US\" \/>\n<meta property=\"og:type\" content=\"article\" \/>\n<meta property=\"og:title\" content=\"As professional stypje by in skieding\" \/>\n<meta property=\"og:description\" content=\"Stipe biede by in skieding kin op ferskate wizen. Fyn op Scheiden in Friesland in tal fan tools en trainingen.\" \/>\n<meta property=\"og:url\" content=\"https:\/\/scheideninfriesland.nl\/fy-nl\/as-professional-stypje-by-in-skieding\/\" \/>\n<meta property=\"og:site_name\" content=\"Scheiden in Friesland\" \/>\n<meta property=\"article:modified_time\" content=\"2022-02-24T11:00:32+00:00\" \/>\n<meta name=\"twitter:card\" content=\"summary_large_image\" \/>\n<meta name=\"twitter:label1\" content=\"Est. reading time\" \/>\n\t<meta name=\"twitter:data1\" content=\"2 minutes\" \/>\n<script type=\"application\/ld+json\" class=\"yoast-schema-graph\">{\"@context\":\"https:\\\/\\\/schema.org\",\"@graph\":[{\"@type\":\"WebPage\",\"@id\":\"https:\\\/\\\/scheideninfriesland.nl\\\/fy-nl\\\/as-professional-stypje-by-in-skieding\\\/\",\"url\":\"https:\\\/\\\/scheideninfriesland.nl\\\/fy-nl\\\/as-professional-stypje-by-in-skieding\\\/\",\"name\":\"As professional stypje by in skieding\",\"isPartOf\":{\"@id\":\"https:\\\/\\\/scheideninfriesland.nl\\\/fy-nl\\\/#website\"},\"primaryImageOfPage\":{\"@id\":\"https:\\\/\\\/scheideninfriesland.nl\\\/fy-nl\\\/as-professional-stypje-by-in-skieding\\\/#primaryimage\"},\"image\":{\"@id\":\"https:\\\/\\\/scheideninfriesland.nl\\\/fy-nl\\\/as-professional-stypje-by-in-skieding\\\/#primaryimage\"},\"thumbnailUrl\":\"https:\\\/\\\/scheideninfriesland.nl\\\/wp-content\\\/uploads\\\/2021\\\/09\\\/professionals.svg\",\"datePublished\":\"2021-12-29T10:48:18+00:00\",\"dateModified\":\"2022-02-24T11:00:32+00:00\",\"description\":\"Stipe biede by in skieding kin op ferskate wizen. Fyn op Scheiden in Friesland in tal fan tools en trainingen.\",\"breadcrumb\":{\"@id\":\"https:\\\/\\\/scheideninfriesland.nl\\\/fy-nl\\\/as-professional-stypje-by-in-skieding\\\/#breadcrumb\"},\"inLanguage\":\"fy\",\"potentialAction\":[{\"@type\":\"ReadAction\",\"target\":[\"https:\\\/\\\/scheideninfriesland.nl\\\/fy-nl\\\/as-professional-stypje-by-in-skieding\\\/\"]}]},{\"@type\":\"ImageObject\",\"inLanguage\":\"fy\",\"@id\":\"https:\\\/\\\/scheideninfriesland.nl\\\/fy-nl\\\/as-professional-stypje-by-in-skieding\\\/#primaryimage\",\"url\":\"https:\\\/\\\/scheideninfriesland.nl\\\/wp-content\\\/uploads\\\/2021\\\/09\\\/professionals.svg\",\"contentUrl\":\"https:\\\/\\\/scheideninfriesland.nl\\\/wp-content\\\/uploads\\\/2021\\\/09\\\/professionals.svg\",\"caption\":\"superheld professional\"},{\"@type\":\"BreadcrumbList\",\"@id\":\"https:\\\/\\\/scheideninfriesland.nl\\\/fy-nl\\\/as-professional-stypje-by-in-skieding\\\/#breadcrumb\",\"itemListElement\":[{\"@type\":\"ListItem\",\"position\":1,\"name\":\"Home\",\"item\":\"https:\\\/\\\/scheideninfriesland.nl\\\/fy-nl\\\/\"},{\"@type\":\"ListItem\",\"position\":2,\"name\":\"As professional stypje by in skieding\"}]},{\"@type\":\"WebSite\",\"@id\":\"https:\\\/\\\/scheideninfriesland.nl\\\/fy-nl\\\/#website\",\"url\":\"https:\\\/\\\/scheideninfriesland.nl\\\/fy-nl\\\/\",\"name\":\"Scheiden in Friesland\",\"description\":\"\",\"publisher\":{\"@id\":\"https:\\\/\\\/scheideninfriesland.nl\\\/fy-nl\\\/#organization\"},\"potentialAction\":[{\"@type\":\"SearchAction\",\"target\":{\"@type\":\"EntryPoint\",\"urlTemplate\":\"https:\\\/\\\/scheideninfriesland.nl\\\/fy-nl\\\/?s={search_term_string}\"},\"query-input\":{\"@type\":\"PropertyValueSpecification\",\"valueRequired\":true,\"valueName\":\"search_term_string\"}}],\"inLanguage\":\"fy\"},{\"@type\":\"Organization\",\"@id\":\"https:\\\/\\\/scheideninfriesland.nl\\\/fy-nl\\\/#organization\",\"name\":\"scheideninfriesland.nl\",\"url\":\"https:\\\/\\\/scheideninfriesland.nl\\\/fy-nl\\\/\",\"logo\":{\"@type\":\"ImageObject\",\"inLanguage\":\"fy\",\"@id\":\"https:\\\/\\\/scheideninfriesland.nl\\\/fy-nl\\\/#\\\/schema\\\/logo\\\/image\\\/\",\"url\":\"http:\\\/\\\/scheideninfriesland.nl\\\/wp-content\\\/uploads\\\/2021\\\/09\\\/9c86687c-2e5d-bc5b-1e71-48e00398a394-e1632209763466.jpg\",\"contentUrl\":\"http:\\\/\\\/scheideninfriesland.nl\\\/wp-content\\\/uploads\\\/2021\\\/09\\\/9c86687c-2e5d-bc5b-1e71-48e00398a394-e1632209763466.jpg\",\"width\":894,\"height\":381,\"caption\":\"scheideninfriesland.nl\"},\"image\":{\"@id\":\"https:\\\/\\\/scheideninfriesland.nl\\\/fy-nl\\\/#\\\/schema\\\/logo\\\/image\\\/\"}}]}<\/script>\n<!-- \/ Yoast SEO plugin. -->","yoast_head_json":{"title":"As professional stypje by in skieding","description":"Stipe biede by in skieding kin op ferskate wizen. Fyn op Scheiden in Friesland in tal fan tools en trainingen.","robots":{"index":"index","follow":"follow","max-snippet":"max-snippet:-1","max-image-preview":"max-image-preview:large","max-video-preview":"max-video-preview:-1"},"canonical":"https:\/\/scheideninfriesland.nl\/fy-nl\/as-professional-stypje-by-in-skieding\/","og_locale":"en_US","og_type":"article","og_title":"As professional stypje by in skieding","og_description":"Stipe biede by in skieding kin op ferskate wizen. Fyn op Scheiden in Friesland in tal fan tools en trainingen.","og_url":"https:\/\/scheideninfriesland.nl\/fy-nl\/as-professional-stypje-by-in-skieding\/","og_site_name":"Scheiden in Friesland","article_modified_time":"2022-02-24T11:00:32+00:00","twitter_card":"summary_large_image","twitter_misc":{"Est. reading time":"2 minutes"},"schema":{"@context":"https:\/\/schema.org","@graph":[{"@type":"WebPage","@id":"https:\/\/scheideninfriesland.nl\/fy-nl\/as-professional-stypje-by-in-skieding\/","url":"https:\/\/scheideninfriesland.nl\/fy-nl\/as-professional-stypje-by-in-skieding\/","name":"As professional stypje by in skieding","isPartOf":{"@id":"https:\/\/scheideninfriesland.nl\/fy-nl\/#website"},"primaryImageOfPage":{"@id":"https:\/\/scheideninfriesland.nl\/fy-nl\/as-professional-stypje-by-in-skieding\/#primaryimage"},"image":{"@id":"https:\/\/scheideninfriesland.nl\/fy-nl\/as-professional-stypje-by-in-skieding\/#primaryimage"},"thumbnailUrl":"https:\/\/scheideninfriesland.nl\/wp-content\/uploads\/2021\/09\/professionals.svg","datePublished":"2021-12-29T10:48:18+00:00","dateModified":"2022-02-24T11:00:32+00:00","description":"Stipe biede by in skieding kin op ferskate wizen. Fyn op Scheiden in Friesland in tal fan tools en trainingen.","breadcrumb":{"@id":"https:\/\/scheideninfriesland.nl\/fy-nl\/as-professional-stypje-by-in-skieding\/#breadcrumb"},"inLanguage":"fy","potentialAction":[{"@type":"ReadAction","target":["https:\/\/scheideninfriesland.nl\/fy-nl\/as-professional-stypje-by-in-skieding\/"]}]},{"@type":"ImageObject","inLanguage":"fy","@id":"https:\/\/scheideninfriesland.nl\/fy-nl\/as-professional-stypje-by-in-skieding\/#primaryimage","url":"https:\/\/scheideninfriesland.nl\/wp-content\/uploads\/2021\/09\/professionals.svg","contentUrl":"https:\/\/scheideninfriesland.nl\/wp-content\/uploads\/2021\/09\/professionals.svg","caption":"superheld professional"},{"@type":"BreadcrumbList","@id":"https:\/\/scheideninfriesland.nl\/fy-nl\/as-professional-stypje-by-in-skieding\/#breadcrumb","itemListElement":[{"@type":"ListItem","position":1,"name":"Home","item":"https:\/\/scheideninfriesland.nl\/fy-nl\/"},{"@type":"ListItem","position":2,"name":"As professional stypje by in skieding"}]},{"@type":"WebSite","@id":"https:\/\/scheideninfriesland.nl\/fy-nl\/#website","url":"https:\/\/scheideninfriesland.nl\/fy-nl\/","name":"Scheiden in Friesland","description":"","publisher":{"@id":"https:\/\/scheideninfriesland.nl\/fy-nl\/#organization"},"potentialAction":[{"@type":"SearchAction","target":{"@type":"EntryPoint","urlTemplate":"https:\/\/scheideninfriesland.nl\/fy-nl\/?s={search_term_string}"},"query-input":{"@type":"PropertyValueSpecification","valueRequired":true,"valueName":"search_term_string"}}],"inLanguage":"fy"},{"@type":"Organization","@id":"https:\/\/scheideninfriesland.nl\/fy-nl\/#organization","name":"scheideninfriesland.nl","url":"https:\/\/scheideninfriesland.nl\/fy-nl\/","logo":{"@type":"ImageObject","inLanguage":"fy","@id":"https:\/\/scheideninfriesland.nl\/fy-nl\/#\/schema\/logo\/image\/","url":"http:\/\/scheideninfriesland.nl\/wp-content\/uploads\/2021\/09\/9c86687c-2e5d-bc5b-1e71-48e00398a394-e1632209763466.jpg","contentUrl":"http:\/\/scheideninfriesland.nl\/wp-content\/uploads\/2021\/09\/9c86687c-2e5d-bc5b-1e71-48e00398a394-e1632209763466.jpg","width":894,"height":381,"caption":"scheideninfriesland.nl"},"image":{"@id":"https:\/\/scheideninfriesland.nl\/fy-nl\/#\/schema\/logo\/image\/"}}]}},"_links":{"self":[{"href":"https:\/\/scheideninfriesland.nl\/fy-nl\/wp-json\/wp\/v2\/pages\/1865","targetHints":{"allow":["GET"]}}],"collection":[{"href":"https:\/\/scheideninfriesland.nl\/fy-nl\/wp-json\/wp\/v2\/pages"}],"about":[{"href":"https:\/\/scheideninfriesland.nl\/fy-nl\/wp-json\/wp\/v2\/types\/page"}],"author":[{"embeddable":true,"href":"https:\/\/scheideninfriesland.nl\/fy-nl\/wp-json\/wp\/v2\/users\/1"}],"replies":[{"embeddable":true,"href":"https:\/\/scheideninfriesland.nl\/fy-nl\/wp-json\/wp\/v2\/comments?post=1865"}],"version-history":[{"count":6,"href":"https:\/\/scheideninfriesland.nl\/fy-nl\/wp-json\/wp\/v2\/pages\/1865\/revisions"}],"predecessor-version":[{"id":2033,"href":"https:\/\/scheideninfriesland.nl\/fy-nl\/wp-json\/wp\/v2\/pages\/1865\/revisions\/2033"}],"wp:featuredmedia":[{"embeddable":true,"href":"https:\/\/scheideninfriesland.nl\/fy-nl\/wp-json\/wp\/v2\/media\/1686"}],"wp:attachment":[{"href":"https:\/\/scheideninfriesland.nl\/fy-nl\/wp-json\/wp\/v2\/media?parent=1865"}],"curies":[{"name":"wp","href":"https:\/\/api.w.org\/{rel}","templated":true}]}}