{"id":1867,"date":"2021-12-29T10:56:06","date_gmt":"2021-12-29T10:56:06","guid":{"rendered":"http:\/\/scheideninfriesland.nl\/as-professional-stypje-by-in-skieding\/trainings-en-kursussen-runom-skiedingen\/"},"modified":"2022-01-03T12:39:10","modified_gmt":"2022-01-03T12:39:10","slug":"trainings-en-kursussen-runom-skiedingen","status":"publish","type":"page","link":"https:\/\/scheideninfriesland.nl\/fy-nl\/as-professional-stypje-by-in-skieding\/trainings-en-kursussen-runom-skiedingen\/","title":{"rendered":"Trainings en kursussen r\u00fbnom skiedingen"},"content":{"rendered":"\n<div class=\"wp-block-columns is-layout-flex wp-container-core-columns-is-layout-9d6595d7 wp-block-columns-is-layout-flex\">\n<div class=\"wp-block-column is-layout-flow wp-block-column-is-layout-flow\" style=\"flex-basis:25%\"><\/div>\n\n\n\n<div class=\"wp-block-column is-layout-flow wp-block-column-is-layout-flow\" style=\"flex-basis:50%\">\n<h2 class=\"wp-block-heading\">Help om it petear oan te gean<\/h2>\n\n\n\n<p>Kennisplatfoarm KEES hat twa ynstruminten \u00fbntwikkele dy&#8217;t helpferlieners helpe om ynskatting te meitsjen fan de skiedingsproblematyk. Mei dizze training leare je dizze ynstruminten op de goede wize yn te setten yn it petear mei je klient.<\/p>\n\n\n\n \n\n<div id=\"block_613a779f77002\" data-block-name=\"buttons\" class=\" align \">\n\n    <div class=\"wrap layout-row align-start\">\n         <a href=\"https:\/\/www.platformkees.nl\/training\/\" target=\"_blank\" class=\"btn  btn-secondary\">\n        Nei de training fan KEES        <i class=\"fas fa-external-link-alt\" aria-hidden=\"true\"><\/i>    <\/a>\n        <\/div>\n   \n<\/div> \n\n\n<\/div>\n\n\n\n<div class=\"wp-block-column is-layout-flow wp-block-column-is-layout-flow\" style=\"flex-basis:25%\"><\/div>\n<\/div>\n\n\n\n\n \n<div id=\"block_613a77d677004\"  data-block-name=\"kader\" class=\"alignfull blue\">\n\n    \n     \n\n<div class=\"wp-block-columns is-layout-flex wp-container-core-columns-is-layout-9d6595d7 wp-block-columns-is-layout-flex\">\n<div class=\"wp-block-column is-layout-flow wp-block-column-is-layout-flow\" style=\"flex-basis:66%\">\n<h2 class=\"wp-block-heading\">Alden better begeliede kinne <\/h2>\n\n\n\n<p>De trainingsmodule fan !JES helpt dy as professional om \u00e2lden te begelieden yn it feroarjend \u00e2lderskip, de \u00fbntwikkeling fan in fyzje op echtskieding en praktyske h\u00e2nfetten om mei \u00e2lden om te gean. <\/p>\n\n\n\n \n\n<div id=\"block_613a780077005\" data-block-name=\"buttons\" class=\" align \">\n\n    <div class=\"wrap layout-row align-start\">\n         <a href=\"https:\/\/www.samendoenindalfsen.nl\/is\/product\/80025\/145336\/invis2\/training-voor-professionals \" target=\"_blank\" class=\"btn  btn-secondary\">\n        Nei de training fan !JES        <i class=\"fas fa-external-link-alt\" aria-hidden=\"true\"><\/i>    <\/a>\n        <\/div>\n   \n<\/div> \n\n\n<\/div>\n\n\n\n<div class=\"wp-block-column is-vertically-aligned-center is-layout-flow wp-block-column-is-layout-flow\" style=\"flex-basis:33%\">\n<figure class=\"wp-block-image size-large\"><img decoding=\"async\" src=\"http:\/\/scheideninfriesland.nl\/wp-content\/uploads\/\/2021\/09\/scheiden-in-friesland-sociale-huur.svg\" alt=\"\" class=\"wp-image-1699\"\/><\/figure>\n<\/div>\n<\/div>\n\n\n\n   \n\n \n\n<\/div>\n\n\n\n\n\n<div class=\"wp-block-columns is-layout-flex wp-container-core-columns-is-layout-9d6595d7 wp-block-columns-is-layout-flex\">\n<div class=\"wp-block-column is-layout-flow wp-block-column-is-layout-flow\" style=\"flex-basis:25%\"><\/div>\n\n\n\n<div class=\"wp-block-column is-layout-flow wp-block-column-is-layout-flow\" style=\"flex-basis:50%\">\n<h2 class=\"wp-block-heading\">Wurkje oan duorsum \u00e2lderskip<\/h2>\n\n\n\n<p>Wat dogge je as in \u00e2lder \u00fbnger\u00east is en is bang foar geweld troch de oare \u00e2lder. Hoe rekkest sels as helpferliener net meis\u00fbge yn it konflikt. En wat hast nedich om \u00fbnpartidich te bliuwen? Yn de training \u2018Werken aan duurzaam ouderschap\u2019 learst hjirmei omgean. <\/p>\n\n\n\n \n\n<div id=\"block_613a788577007\" data-block-name=\"buttons\" class=\" align \">\n\n    <div class=\"wrap layout-row align-start\">\n         <a href=\"https:\/\/www.werkenaanduurzaamouderschap.com\/training\/\" target=\"_blank\" class=\"btn  btn-secondary\">\n        Nei de training        <i class=\"fas fa-external-link-alt\" aria-hidden=\"true\"><\/i>    <\/a>\n        <\/div>\n   \n<\/div> \n\n\n<\/div>\n\n\n\n<div class=\"wp-block-column is-layout-flow wp-block-column-is-layout-flow\" style=\"flex-basis:25%\"><\/div>\n<\/div>\n\n\n\n\n \n<div id=\"block_613a78a977009\"  data-block-name=\"kader\" class=\"alignfull green\">\n\n    \n     \n\n<div class=\"wp-block-columns is-layout-flex wp-container-core-columns-is-layout-9d6595d7 wp-block-columns-is-layout-flex\">\n<div class=\"wp-block-column is-layout-flow wp-block-column-is-layout-flow\" style=\"flex-basis:15%\"><\/div>\n\n\n\n<div class=\"wp-block-column is-layout-flow wp-block-column-is-layout-flow\" style=\"flex-basis:70%\">\n<h2 class=\"wp-block-heading\">By (foarkommen fan) konfliktskiedingen<\/h2>\n\n\n\n<p>Hoe giest as professional om mei komplekse skieding? Hoe bliuwst hjiryn \u00fbnpartidich en neutraal. En hoe h\u00e2lde je by de petearen de fokus op de bern? De trainingen fan Samen Veilig en SCHIP jouwe je d\u00earyn de goede h\u00e2nfetten, kennis en begelieding. D\u00earneist kin de metodyk fan ONS dy hjirby helpe.<\/p>\n\n\n\n \n\n<div id=\"block_613a79137700a\" data-block-name=\"buttons\" class=\" align \">\n\n    <div class=\"wrap layout-row align-start\">\n         <a href=\"https:\/\/www.samen-veilig.nl\/voor-professionals\/deskundigheidsbevordering\/training-complexe-scheidingen\/ \" target=\"_blank\" class=\"btn  btn-secondary\">\n        Besjoch de training Complexe Scheidingen        <i class=\"fas fa-external-link-alt\" aria-hidden=\"true\"><\/i>    <\/a>\n         <a href=\"https:\/\/www.schipaanpak.nl\/schip-training\/\" target=\"\" class=\"btn  btn-secondary\">\n        Besjoch de SCHIP-training        <i class=\"fas fa-external-link-alt\" aria-hidden=\"true\"><\/i>    <\/a>\n         <a href=\" https:\/\/www.elker.nl\/over-elker\/kenniscentrum-jeugdhulp\/training-voor-professionals-rondom-scheiding\/methodiektraining-ouderschap-na-scheiding-ons\/ \" target=\"_blank\" class=\"btn  btn-outline-secondary\">\n        Besjoch de metodyk        <i class=\"fas fa-external-link-alt\" aria-hidden=\"true\"><\/i>    <\/a>\n        <\/div>\n   \n<\/div> \n\n\n<\/div>\n\n\n\n<div class=\"wp-block-column is-layout-flow wp-block-column-is-layout-flow\" style=\"flex-basis:15%\"><\/div>\n<\/div>\n\n\n\n   \n\n \n\n<\/div>\n\n\n\n\n\n<div class=\"wp-block-columns is-layout-flex wp-container-core-columns-is-layout-9d6595d7 wp-block-columns-is-layout-flex\">\n<div class=\"wp-block-column is-layout-flow wp-block-column-is-layout-flow\" style=\"flex-basis:25%\"><\/div>\n\n\n\n<div class=\"wp-block-column is-layout-flow wp-block-column-is-layout-flow\" style=\"flex-basis:50%\">\n<h2 class=\"wp-block-heading\">Dokumint Scheiden zonder Schade <\/h2>\n\n\n\n<p>It programma Scheiden zonder Schade hat in dokumint skreaun foar gemeenten oer it bieden fan help oan \u00e2lden en bern yn in skieding. Dit dokumint jout ynsjoch yn w\u00earom&#8217;t gemeenten belied \u00fbntwikkelje moatte oangeande dit tema, it tagonklik h\u00e2lden fan de soarch en tips oer it sinjalearjen fan problematyk yn in betiid stadium. <\/p>\n\n\n\n<p>It is gjin training of kursus oer skieden, mar kin wol h\u00e2nfetten biede.<\/p>\n\n\n\n \n\n<div id=\"block_613a79807700d\" data-block-name=\"buttons\" class=\" align \">\n\n    <div class=\"wrap layout-row align-start\">\n         <a href=\"https:\/\/vng.nl\/sites\/default\/files\/2020-11\/scheiden-handreiking-06.pdf \" target=\"_blank\" class=\"btn  btn-secondary\">\n        Dokumint foar gemeenten        <i class=\"fas fa-external-link-alt\" aria-hidden=\"true\"><\/i>    <\/a>\n        <\/div>\n   \n<\/div> \n\n\n<\/div>\n\n\n\n<div class=\"wp-block-column is-layout-flow wp-block-column-is-layout-flow\" style=\"flex-basis:25%\"><\/div>\n<\/div>\n\n\n\n\n<div id=\"block_613a79a97700f\" data-block-name=\"doorverwijzingen\" class=\"alignfull \">\n    <div class=\"intro\">\n        <h2> Wurd sels in sertifisearre trainer<\/h2>\n        <div class=\"text\">\n            <p>Njonken it folgjen fan trainingen en kursussen, is it ek mooglik sels trainer te wurden. Foar ferskate trainingen is d\u00ear in programma foar beskikber.<\/p>\n        <\/div>\n    <\/div>\n\n    <div class=\"posts\">\n                <div class=\"post\">\n\n            <svg class=\"circles\" xmlns=\"http:\/\/www.w3.org\/2000\/svg\" viewBox=\"0 0 73.483 66.817\">\n                <g transform=\"translate(-8.569 -6.42)\" fill=\"red\">\n                    <circle r=\"20.58\" cy=\"52.657\" cx=\"29.148\" \/>\n                    <circle r=\"6.949\" cy=\"13.369\" cx=\"48.638\" \/>\n                    <circle r=\"11.76\" cy=\"32.874\" cx=\"70.292\" \/>\n                <\/g>\n            <\/svg>\n\n            <a href=\"https:\/\/kiesvoorhetkind.nl\/academie\" target=\"_blank\">\n                <div class=\"text\">\n                    <h6 class=\"title\">KIES trainer<\/h6>\n                    <div><p>Coach bern of wurd mediator foar \u00e2lden mei de KIES metodyk <\/p>\n<\/div>\n                    <span class=\"link\">\n                        <div class=\"inner\">\n                            <div class=\"meer\">L\u00eas mear<\/div>\n                            <i class=\"fa fa-arrow-right\"><\/i>\n                        <\/div>\n                    <\/span>\n                <\/div>\n            <\/a>\n\n        <\/div>\n                <div class=\"post\">\n\n            <svg class=\"circles\" xmlns=\"http:\/\/www.w3.org\/2000\/svg\" viewBox=\"0 0 73.483 66.817\">\n                <g transform=\"translate(-8.569 -6.42)\" fill=\"red\">\n                    <circle r=\"20.58\" cy=\"52.657\" cx=\"29.148\" \/>\n                    <circle r=\"6.949\" cy=\"13.369\" cx=\"48.638\" \/>\n                    <circle r=\"11.76\" cy=\"32.874\" cx=\"70.292\" \/>\n                <\/g>\n            <\/svg>\n\n            <a href=\"https:\/\/www.schipaanpak.nl\/ \" target=\"_blank\">\n                <div class=\"text\">\n                    <h6 class=\"title\">SCHIP trainer<\/h6>\n                    <div><p>Wurd sels in trainer yn de SCHIP-metoade <\/p>\n<\/div>\n                    <span class=\"link\">\n                        <div class=\"inner\">\n                            <div class=\"meer\">L\u00eas mear<\/div>\n                            <i class=\"fa fa-arrow-right\"><\/i>\n                        <\/div>\n                    <\/span>\n                <\/div>\n            <\/a>\n\n        <\/div>\n            <\/div>\n\n<\/div>","protected":false},"excerpt":{"rendered":"<p>Help om it petear oan te gean Kennisplatfoarm KEES hat twa ynstruminten \u00fbntwikkele dy&#8217;t helpferlieners helpe om ynskatting te meitsjen fan de skiedingsproblematyk. Mei dizze training leare je dizze ynstruminten op de goede wize yn te setten yn it petear mei je klient. Wurkje oan duorsum \u00e2lderskip Wat dogge je as in \u00e2lder \u00fbnger\u00east is en is bang foar geweld troch de oare \u00e2lder. Hoe rekkest sels as helpferliener net meis\u00fbge yn it konflikt. En wat hast nedich om \u00fbnpartidich te bliuwen? Yn de training \u2018Werken aan duurzaam ouderschap\u2019 learst hjirmei omgean. Dokumint Scheiden zonder Schade It programma Scheiden zonder Schade hat in dokumint skreaun foar gemeenten oer it bieden fan help oan \u00e2lden en bern yn in skieding. Dit dokumint jout ynsjoch yn w\u00earom&#8217;t gemeenten belied \u00fbntwikkelje moatte oangeande dit tema, it tagonklik h\u00e2lden fan de soarch en tips oer it sinjalearjen fan problematyk yn in betiid stadium. It is gjin training of kursus oer skieden, mar kin wol h\u00e2nfetten<\/p>\n","protected":false},"author":2,"featured_media":1920,"parent":1865,"menu_order":19,"comment_status":"closed","ping_status":"closed","template":"","meta":{"_acf_changed":false,"inline_featured_image":false,"footnotes":""},"class_list":["post-1867","page","type-page","status-publish","has-post-thumbnail","hentry"],"acf":[],"yoast_head":"<!-- This site is optimized with the Yoast SEO plugin v27.3 - https:\/\/yoast.com\/product\/yoast-seo-wordpress\/ -->\n<title>kursus en training oer skiede - Scheiden in Friesland<\/title>\n<meta name=\"description\" content=\"Fyn de kursus of training oer skieden dy&#039;t by dy as professional past. In oersjoch fan de mooglikheden yn Frysl\u00e2n.\" \/>\n<meta name=\"robots\" content=\"index, follow, max-snippet:-1, max-image-preview:large, max-video-preview:-1\" \/>\n<link rel=\"canonical\" href=\"https:\/\/scheideninfriesland.nl\/fy-nl\/as-professional-stypje-by-in-skieding\/trainings-en-kursussen-runom-skiedingen\/\" \/>\n<meta property=\"og:locale\" content=\"en_US\" \/>\n<meta property=\"og:type\" content=\"article\" \/>\n<meta property=\"og:title\" content=\"kursus en training oer skiede - Scheiden in Friesland\" \/>\n<meta property=\"og:description\" content=\"Fyn de kursus of training oer skieden dy&#039;t by dy as professional past. In oersjoch fan de mooglikheden yn Frysl\u00e2n.\" \/>\n<meta property=\"og:url\" content=\"https:\/\/scheideninfriesland.nl\/fy-nl\/as-professional-stypje-by-in-skieding\/trainings-en-kursussen-runom-skiedingen\/\" \/>\n<meta property=\"og:site_name\" content=\"Scheiden in Friesland\" \/>\n<meta property=\"article:modified_time\" content=\"2022-01-03T12:39:10+00:00\" \/>\n<meta name=\"twitter:card\" content=\"summary_large_image\" \/>\n<meta name=\"twitter:label1\" content=\"Est. reading time\" \/>\n\t<meta name=\"twitter:data1\" content=\"2 minutes\" \/>\n<script type=\"application\/ld+json\" class=\"yoast-schema-graph\">{\"@context\":\"https:\\\/\\\/schema.org\",\"@graph\":[{\"@type\":\"WebPage\",\"@id\":\"https:\\\/\\\/scheideninfriesland.nl\\\/fy-nl\\\/as-professional-stypje-by-in-skieding\\\/trainings-en-kursussen-runom-skiedingen\\\/\",\"url\":\"https:\\\/\\\/scheideninfriesland.nl\\\/fy-nl\\\/as-professional-stypje-by-in-skieding\\\/trainings-en-kursussen-runom-skiedingen\\\/\",\"name\":\"kursus en training oer skiede - Scheiden in Friesland\",\"isPartOf\":{\"@id\":\"https:\\\/\\\/scheideninfriesland.nl\\\/fy-nl\\\/#website\"},\"primaryImageOfPage\":{\"@id\":\"https:\\\/\\\/scheideninfriesland.nl\\\/fy-nl\\\/as-professional-stypje-by-in-skieding\\\/trainings-en-kursussen-runom-skiedingen\\\/#primaryimage\"},\"image\":{\"@id\":\"https:\\\/\\\/scheideninfriesland.nl\\\/fy-nl\\\/as-professional-stypje-by-in-skieding\\\/trainings-en-kursussen-runom-skiedingen\\\/#primaryimage\"},\"thumbnailUrl\":\"https:\\\/\\\/scheideninfriesland.nl\\\/wp-content\\\/uploads\\\/2022\\\/01\\\/trainingen_en_kursussen.svg\",\"datePublished\":\"2021-12-29T10:56:06+00:00\",\"dateModified\":\"2022-01-03T12:39:10+00:00\",\"description\":\"Fyn de kursus of training oer skieden dy't by dy as professional past. In oersjoch fan de mooglikheden yn Frysl\u00e2n.\",\"breadcrumb\":{\"@id\":\"https:\\\/\\\/scheideninfriesland.nl\\\/fy-nl\\\/as-professional-stypje-by-in-skieding\\\/trainings-en-kursussen-runom-skiedingen\\\/#breadcrumb\"},\"inLanguage\":\"fy\",\"potentialAction\":[{\"@type\":\"ReadAction\",\"target\":[\"https:\\\/\\\/scheideninfriesland.nl\\\/fy-nl\\\/as-professional-stypje-by-in-skieding\\\/trainings-en-kursussen-runom-skiedingen\\\/\"]}]},{\"@type\":\"ImageObject\",\"inLanguage\":\"fy\",\"@id\":\"https:\\\/\\\/scheideninfriesland.nl\\\/fy-nl\\\/as-professional-stypje-by-in-skieding\\\/trainings-en-kursussen-runom-skiedingen\\\/#primaryimage\",\"url\":\"https:\\\/\\\/scheideninfriesland.nl\\\/wp-content\\\/uploads\\\/2022\\\/01\\\/trainingen_en_kursussen.svg\",\"contentUrl\":\"https:\\\/\\\/scheideninfriesland.nl\\\/wp-content\\\/uploads\\\/2022\\\/01\\\/trainingen_en_kursussen.svg\"},{\"@type\":\"BreadcrumbList\",\"@id\":\"https:\\\/\\\/scheideninfriesland.nl\\\/fy-nl\\\/as-professional-stypje-by-in-skieding\\\/trainings-en-kursussen-runom-skiedingen\\\/#breadcrumb\",\"itemListElement\":[{\"@type\":\"ListItem\",\"position\":1,\"name\":\"Home\",\"item\":\"https:\\\/\\\/scheideninfriesland.nl\\\/fy-nl\\\/\"},{\"@type\":\"ListItem\",\"position\":2,\"name\":\"As professional stypje by in skieding\",\"item\":\"https:\\\/\\\/scheideninfriesland.nl\\\/fy-nl\\\/as-professional-stypje-by-in-skieding\\\/\"},{\"@type\":\"ListItem\",\"position\":3,\"name\":\"Trainings en kursussen r\u00fbnom skiedingen\"}]},{\"@type\":\"WebSite\",\"@id\":\"https:\\\/\\\/scheideninfriesland.nl\\\/fy-nl\\\/#website\",\"url\":\"https:\\\/\\\/scheideninfriesland.nl\\\/fy-nl\\\/\",\"name\":\"Scheiden in Friesland\",\"description\":\"\",\"publisher\":{\"@id\":\"https:\\\/\\\/scheideninfriesland.nl\\\/fy-nl\\\/#organization\"},\"potentialAction\":[{\"@type\":\"SearchAction\",\"target\":{\"@type\":\"EntryPoint\",\"urlTemplate\":\"https:\\\/\\\/scheideninfriesland.nl\\\/fy-nl\\\/?s={search_term_string}\"},\"query-input\":{\"@type\":\"PropertyValueSpecification\",\"valueRequired\":true,\"valueName\":\"search_term_string\"}}],\"inLanguage\":\"fy\"},{\"@type\":\"Organization\",\"@id\":\"https:\\\/\\\/scheideninfriesland.nl\\\/fy-nl\\\/#organization\",\"name\":\"scheideninfriesland.nl\",\"url\":\"https:\\\/\\\/scheideninfriesland.nl\\\/fy-nl\\\/\",\"logo\":{\"@type\":\"ImageObject\",\"inLanguage\":\"fy\",\"@id\":\"https:\\\/\\\/scheideninfriesland.nl\\\/fy-nl\\\/#\\\/schema\\\/logo\\\/image\\\/\",\"url\":\"http:\\\/\\\/scheideninfriesland.nl\\\/wp-content\\\/uploads\\\/2021\\\/09\\\/9c86687c-2e5d-bc5b-1e71-48e00398a394-e1632209763466.jpg\",\"contentUrl\":\"http:\\\/\\\/scheideninfriesland.nl\\\/wp-content\\\/uploads\\\/2021\\\/09\\\/9c86687c-2e5d-bc5b-1e71-48e00398a394-e1632209763466.jpg\",\"width\":894,\"height\":381,\"caption\":\"scheideninfriesland.nl\"},\"image\":{\"@id\":\"https:\\\/\\\/scheideninfriesland.nl\\\/fy-nl\\\/#\\\/schema\\\/logo\\\/image\\\/\"}}]}<\/script>\n<!-- \/ Yoast SEO plugin. -->","yoast_head_json":{"title":"kursus en training oer skiede - Scheiden in Friesland","description":"Fyn de kursus of training oer skieden dy't by dy as professional past. In oersjoch fan de mooglikheden yn Frysl\u00e2n.","robots":{"index":"index","follow":"follow","max-snippet":"max-snippet:-1","max-image-preview":"max-image-preview:large","max-video-preview":"max-video-preview:-1"},"canonical":"https:\/\/scheideninfriesland.nl\/fy-nl\/as-professional-stypje-by-in-skieding\/trainings-en-kursussen-runom-skiedingen\/","og_locale":"en_US","og_type":"article","og_title":"kursus en training oer skiede - Scheiden in Friesland","og_description":"Fyn de kursus of training oer skieden dy't by dy as professional past. In oersjoch fan de mooglikheden yn Frysl\u00e2n.","og_url":"https:\/\/scheideninfriesland.nl\/fy-nl\/as-professional-stypje-by-in-skieding\/trainings-en-kursussen-runom-skiedingen\/","og_site_name":"Scheiden in Friesland","article_modified_time":"2022-01-03T12:39:10+00:00","twitter_card":"summary_large_image","twitter_misc":{"Est. reading time":"2 minutes"},"schema":{"@context":"https:\/\/schema.org","@graph":[{"@type":"WebPage","@id":"https:\/\/scheideninfriesland.nl\/fy-nl\/as-professional-stypje-by-in-skieding\/trainings-en-kursussen-runom-skiedingen\/","url":"https:\/\/scheideninfriesland.nl\/fy-nl\/as-professional-stypje-by-in-skieding\/trainings-en-kursussen-runom-skiedingen\/","name":"kursus en training oer skiede - Scheiden in Friesland","isPartOf":{"@id":"https:\/\/scheideninfriesland.nl\/fy-nl\/#website"},"primaryImageOfPage":{"@id":"https:\/\/scheideninfriesland.nl\/fy-nl\/as-professional-stypje-by-in-skieding\/trainings-en-kursussen-runom-skiedingen\/#primaryimage"},"image":{"@id":"https:\/\/scheideninfriesland.nl\/fy-nl\/as-professional-stypje-by-in-skieding\/trainings-en-kursussen-runom-skiedingen\/#primaryimage"},"thumbnailUrl":"https:\/\/scheideninfriesland.nl\/wp-content\/uploads\/2022\/01\/trainingen_en_kursussen.svg","datePublished":"2021-12-29T10:56:06+00:00","dateModified":"2022-01-03T12:39:10+00:00","description":"Fyn de kursus of training oer skieden dy't by dy as professional past. In oersjoch fan de mooglikheden yn Frysl\u00e2n.","breadcrumb":{"@id":"https:\/\/scheideninfriesland.nl\/fy-nl\/as-professional-stypje-by-in-skieding\/trainings-en-kursussen-runom-skiedingen\/#breadcrumb"},"inLanguage":"fy","potentialAction":[{"@type":"ReadAction","target":["https:\/\/scheideninfriesland.nl\/fy-nl\/as-professional-stypje-by-in-skieding\/trainings-en-kursussen-runom-skiedingen\/"]}]},{"@type":"ImageObject","inLanguage":"fy","@id":"https:\/\/scheideninfriesland.nl\/fy-nl\/as-professional-stypje-by-in-skieding\/trainings-en-kursussen-runom-skiedingen\/#primaryimage","url":"https:\/\/scheideninfriesland.nl\/wp-content\/uploads\/2022\/01\/trainingen_en_kursussen.svg","contentUrl":"https:\/\/scheideninfriesland.nl\/wp-content\/uploads\/2022\/01\/trainingen_en_kursussen.svg"},{"@type":"BreadcrumbList","@id":"https:\/\/scheideninfriesland.nl\/fy-nl\/as-professional-stypje-by-in-skieding\/trainings-en-kursussen-runom-skiedingen\/#breadcrumb","itemListElement":[{"@type":"ListItem","position":1,"name":"Home","item":"https:\/\/scheideninfriesland.nl\/fy-nl\/"},{"@type":"ListItem","position":2,"name":"As professional stypje by in skieding","item":"https:\/\/scheideninfriesland.nl\/fy-nl\/as-professional-stypje-by-in-skieding\/"},{"@type":"ListItem","position":3,"name":"Trainings en kursussen r\u00fbnom skiedingen"}]},{"@type":"WebSite","@id":"https:\/\/scheideninfriesland.nl\/fy-nl\/#website","url":"https:\/\/scheideninfriesland.nl\/fy-nl\/","name":"Scheiden in Friesland","description":"","publisher":{"@id":"https:\/\/scheideninfriesland.nl\/fy-nl\/#organization"},"potentialAction":[{"@type":"SearchAction","target":{"@type":"EntryPoint","urlTemplate":"https:\/\/scheideninfriesland.nl\/fy-nl\/?s={search_term_string}"},"query-input":{"@type":"PropertyValueSpecification","valueRequired":true,"valueName":"search_term_string"}}],"inLanguage":"fy"},{"@type":"Organization","@id":"https:\/\/scheideninfriesland.nl\/fy-nl\/#organization","name":"scheideninfriesland.nl","url":"https:\/\/scheideninfriesland.nl\/fy-nl\/","logo":{"@type":"ImageObject","inLanguage":"fy","@id":"https:\/\/scheideninfriesland.nl\/fy-nl\/#\/schema\/logo\/image\/","url":"http:\/\/scheideninfriesland.nl\/wp-content\/uploads\/2021\/09\/9c86687c-2e5d-bc5b-1e71-48e00398a394-e1632209763466.jpg","contentUrl":"http:\/\/scheideninfriesland.nl\/wp-content\/uploads\/2021\/09\/9c86687c-2e5d-bc5b-1e71-48e00398a394-e1632209763466.jpg","width":894,"height":381,"caption":"scheideninfriesland.nl"},"image":{"@id":"https:\/\/scheideninfriesland.nl\/fy-nl\/#\/schema\/logo\/image\/"}}]}},"_links":{"self":[{"href":"https:\/\/scheideninfriesland.nl\/fy-nl\/wp-json\/wp\/v2\/pages\/1867","targetHints":{"allow":["GET"]}}],"collection":[{"href":"https:\/\/scheideninfriesland.nl\/fy-nl\/wp-json\/wp\/v2\/pages"}],"about":[{"href":"https:\/\/scheideninfriesland.nl\/fy-nl\/wp-json\/wp\/v2\/types\/page"}],"author":[{"embeddable":true,"href":"https:\/\/scheideninfriesland.nl\/fy-nl\/wp-json\/wp\/v2\/users\/2"}],"replies":[{"embeddable":true,"href":"https:\/\/scheideninfriesland.nl\/fy-nl\/wp-json\/wp\/v2\/comments?post=1867"}],"version-history":[{"count":2,"href":"https:\/\/scheideninfriesland.nl\/fy-nl\/wp-json\/wp\/v2\/pages\/1867\/revisions"}],"predecessor-version":[{"id":1922,"href":"https:\/\/scheideninfriesland.nl\/fy-nl\/wp-json\/wp\/v2\/pages\/1867\/revisions\/1922"}],"up":[{"embeddable":true,"href":"https:\/\/scheideninfriesland.nl\/fy-nl\/wp-json\/wp\/v2\/pages\/1865"}],"wp:featuredmedia":[{"embeddable":true,"href":"https:\/\/scheideninfriesland.nl\/fy-nl\/wp-json\/wp\/v2\/media\/1920"}],"wp:attachment":[{"href":"https:\/\/scheideninfriesland.nl\/fy-nl\/wp-json\/wp\/v2\/media?parent=1867"}],"curies":[{"name":"wp","href":"https:\/\/api.w.org\/{rel}","templated":true}]}}