{"id":1873,"date":"2021-12-29T13:18:07","date_gmt":"2021-12-29T13:18:07","guid":{"rendered":"http:\/\/scheideninfriesland.nl\/oer-scheideninfriesland-nl\/"},"modified":"2022-02-24T12:22:43","modified_gmt":"2022-02-24T12:22:43","slug":"oer-scheideninfriesland-nl","status":"publish","type":"page","link":"https:\/\/scheideninfriesland.nl\/fy-nl\/oer-scheideninfriesland-nl\/","title":{"rendered":"Oer scheideninfriesland.nl"},"content":{"rendered":"\n<div class=\"wp-block-columns is-layout-flex wp-container-core-columns-is-layout-9d6595d7 wp-block-columns-is-layout-flex\">\n<div class=\"wp-block-column is-layout-flow wp-block-column-is-layout-flow\" style=\"flex-basis:25%\"><\/div>\n\n\n\n<div class=\"wp-block-column is-layout-flow wp-block-column-is-layout-flow\" style=\"flex-basis:50%\">\n<h2 class=\"wp-block-heading\"><strong>Alles wat je regelje moatte oersichtlik op in rige<\/strong><\/h2>\n\n\n\n<p>In gesin yn skieding makket faak in \u00fbnr\u00eastige tiid troch w\u00earby&#8217;t de impact fan de skieding faak grut is. It doel fan dit platfoarm is om in helpende en stypjende h\u00e2n te bieden yn dizze perioade.<\/p>\n\n\n\n<p>Troch goede en \u00fbn\u00f4fhinklike ynformaasje te jaan, kinne karren better en miskien wol flugger makke wurde. Sa hoecht de skiedingsperioade net langer te duorjen as nedich. De eventuele negative impact kin d\u00eartroch beheind wurde. Der \u00fbntstiet rapper romte foar it gesin om r\u00east te finen en mear romte om omgean te learen mei de nije situaasje.<\/p>\n\n\n\n<div style=\"height:40px\" aria-hidden=\"true\" class=\"wp-block-spacer\"><\/div>\n\n\n\n<h2 class=\"wp-block-heading\"><strong>It b\u00easte foar de bern<\/strong><\/h2>\n\n\n\n<p>Op dizze webside steane de praktyske saken en it bern sintraal. Mei de checklist witte je seker dat je de skieding goed regelje en dat je keuzes meitsje yn it belang fan it bern. De ynformaasje op dizze webside jout je d\u00earneist mear ynsjoch yn hoe&#8217;t je by in skieding mei je emoasjes en de emoasjes fan je bern omgean kinne.<\/p>\n<\/div>\n\n\n\n<div class=\"wp-block-column is-layout-flow wp-block-column-is-layout-flow\" style=\"flex-basis:25%\"><\/div>\n<\/div>\n\n\n\n\n \n<div id=\"block_612f43d0c5faa\"  data-block-name=\"kader\" class=\"alignfull blue\">\n\n    \n     \n\n<div class=\"wp-block-columns is-layout-flex wp-container-core-columns-is-layout-9d6595d7 wp-block-columns-is-layout-flex\">\n<div class=\"wp-block-column is-layout-flow wp-block-column-is-layout-flow\" style=\"flex-basis:66%\">\n<h3 class=\"wp-block-heading\"><strong>Misto ynformaasje? Help it platfoarm oan te foljen<\/strong><\/h3>\n\n\n\n<p>Om dit platfoarm sa kompleet mooglik te meitsjen, wurde tips en suggestjes foar oanfoljende ynformaasje tige wurdearre.<\/p>\n\n\n\n \n\n<div id=\"block_612f44c6c5fab\" data-block-name=\"buttons\" class=\" align \">\n\n    <div class=\"wrap layout-row align-start\">\n         <a href=\"http:\/\/scheideninfriesland.nl\/fy-nl\/help-it-platfoarm-oanfoljen\/\" target=\"\" class=\"btn  btn-secondary\">\n        Help it platfoarm oanfoljen        <i class=\"fas fa-arrow-right\" aria-hidden=\"true\"><\/i>    <\/a>\n        <\/div>\n   \n<\/div> \n\n\n<\/div>\n\n\n\n<div class=\"wp-block-column is-layout-flow wp-block-column-is-layout-flow\" style=\"flex-basis:33%\">\n<figure class=\"wp-block-image size-full is-resized\"><img decoding=\"async\" src=\"http:\/\/scheideninfriesland.nl\/wp-content\/uploads\/\/2021\/09\/veelgestelde_vragen.svg\" alt=\"\" class=\"wp-image-1693\" width=\"500\"\/><\/figure>\n<\/div>\n<\/div>\n\n\n\n   \n\n \n\n<\/div>\n\n\n\n\n\n<div class=\"wp-block-columns is-layout-flex wp-container-core-columns-is-layout-9d6595d7 wp-block-columns-is-layout-flex\">\n<div class=\"wp-block-column is-layout-flow wp-block-column-is-layout-flow\" style=\"flex-basis:25%\"><\/div>\n\n\n\n<div class=\"wp-block-column is-layout-flow wp-block-column-is-layout-flow\" style=\"flex-basis:50%\">\n<h2 class=\"wp-block-heading\"><strong>Gearwurkingspartners platfoarm Scheiden in Friesland<\/strong><\/h2>\n\n\n\n<p>Scheideninfriesland.nl is in inisjatyf fan Foar Fryske Bern, Sociaal domein Frysl\u00e2n, Gemeente Achtkarspelen, Gemeente Amel\u00e2n, Gemeente Dantumadiel, Gemeente De Fryske Marren, Gemeente Harns, Gemeente it Hearrenfean, Gemeente Ljouwert, Gemeente Noardeast-Frysl\u00e2n, Gemeente Eaststellingwerf, Gemeente Opsterl\u00e2n, Gemeente Skierm\u00fbntseach, Gemeente Smellingerl\u00e2n, Gemeente S\u00fadwest-Frysl\u00e2n, Gemeente Skylge, Gemeente Tytsjerksteradiel, gemeente Waadhoeke, Gemeente Weststellingwerf. <\/p>\n\n\n\n<p><\/p>\n<\/div>\n\n\n\n<div class=\"wp-block-column is-layout-flow wp-block-column-is-layout-flow\" style=\"flex-basis:25%\"><\/div>\n<\/div>\n\n\n\n<p><\/p>\n","protected":false},"excerpt":{"rendered":"<p>Alles wat je regelje moatte oersichtlik op in rige In gesin yn skieding makket faak in \u00fbnr\u00eastige tiid troch w\u00earby&#8217;t de impact fan de skieding faak grut is. It doel fan dit platfoarm is om in helpende en stypjende h\u00e2n te bieden yn dizze perioade. Troch goede en \u00fbn\u00f4fhinklike ynformaasje te jaan, kinne karren better en miskien wol flugger makke wurde. Sa hoecht de skiedingsperioade net langer te duorjen as nedich. De eventuele negative impact kin d\u00eartroch beheind wurde. Der \u00fbntstiet rapper romte foar it gesin om r\u00east te finen en mear romte om omgean te learen mei de nije situaasje. It b\u00easte foar de bern Op dizze webside steane de praktyske saken en it bern sintraal. Mei de checklist witte je seker dat je de skieding goed regelje en dat je keuzes meitsje yn it belang fan it bern. De ynformaasje op dizze webside jout je d\u00earneist mear ynsjoch yn hoe&#8217;t je by in skieding mei je emoasjes en de emoasjes fan je bern omgean kinne. Gearwurkingspartners platfoarm Scheiden in Friesland Scheideninfriesland.nl is in inisjatyf fan Foar Fryske Bern, Sociaal domein Frysl\u00e2n, Gemeente Achtkarspelen, Gemeente Amel\u00e2n, Gemeente Dantumadiel, Gemeente De Fryske Marren, Gemeente Harns, Gemeente it Hearrenfean, Gemeente Ljouwert, Gemeente Noardeast-Frysl\u00e2n, Gemeente Eaststellingwerf, Gemeente Opsterl\u00e2n, Gemeente Skierm\u00fbntseach, Gemeente Smellingerl\u00e2n, Gemeente S\u00fadwest-Frysl\u00e2n, Gemeente Skylge, Gemeente Tytsjerksteradiel, gemeente Waadhoeke, Gemeente<\/p>\n","protected":false},"author":2,"featured_media":1690,"parent":0,"menu_order":0,"comment_status":"closed","ping_status":"closed","template":"","meta":{"_acf_changed":false,"inline_featured_image":false,"footnotes":""},"class_list":["post-1873","page","type-page","status-publish","has-post-thumbnail","hentry"],"acf":[],"yoast_head":"<!-- This site is optimized with the Yoast SEO plugin v27.3 - https:\/\/yoast.com\/product\/yoast-seo-wordpress\/ -->\n<title>Oer scheideninfriesland.nl - Scheiden in Friesland<\/title>\n<meta name=\"robots\" content=\"index, follow, max-snippet:-1, max-image-preview:large, max-video-preview:-1\" \/>\n<link rel=\"canonical\" href=\"https:\/\/scheideninfriesland.nl\/fy-nl\/oer-scheideninfriesland-nl\/\" \/>\n<meta property=\"og:locale\" content=\"en_US\" \/>\n<meta property=\"og:type\" content=\"article\" \/>\n<meta property=\"og:title\" content=\"Oer scheideninfriesland.nl - Scheiden in Friesland\" \/>\n<meta property=\"og:description\" content=\"Alles wat je regelje moatte oersichtlik op in rige In gesin yn skieding makket faak in \u00fbnr\u00eastige tiid troch w\u00earby&#8217;t de impact fan de skieding faak grut is. It doel fan dit platfoarm is om in helpende en stypjende h\u00e2n te bieden yn dizze perioade. Troch goede en \u00fbn\u00f4fhinklike ynformaasje te jaan, kinne karren better en miskien wol flugger makke wurde. Sa hoecht de skiedingsperioade net langer te duorjen as nedich. De eventuele negative impact kin d\u00eartroch beheind wurde. Der \u00fbntstiet rapper romte foar it gesin om r\u00east te finen en mear romte om omgean te learen mei de nije situaasje. It b\u00easte foar de bern Op dizze webside steane de praktyske saken en it bern sintraal. Mei de checklist witte je seker dat je de skieding goed regelje en dat je keuzes meitsje yn it belang fan it bern. De ynformaasje op dizze webside jout je d\u00earneist mear ynsjoch yn hoe&#8217;t je by in skieding mei je emoasjes en de emoasjes fan je bern omgean kinne. Gearwurkingspartners platfoarm Scheiden in Friesland Scheideninfriesland.nl is in inisjatyf fan Foar Fryske Bern, Sociaal domein Frysl\u00e2n, Gemeente Achtkarspelen, Gemeente Amel\u00e2n, Gemeente Dantumadiel, Gemeente De Fryske Marren, Gemeente Harns, Gemeente it Hearrenfean, Gemeente Ljouwert, Gemeente Noardeast-Frysl\u00e2n, Gemeente Eaststellingwerf, Gemeente Opsterl\u00e2n, Gemeente Skierm\u00fbntseach, Gemeente Smellingerl\u00e2n, Gemeente S\u00fadwest-Frysl\u00e2n, Gemeente Skylge, Gemeente Tytsjerksteradiel, gemeente Waadhoeke, Gemeente\" \/>\n<meta property=\"og:url\" content=\"https:\/\/scheideninfriesland.nl\/fy-nl\/oer-scheideninfriesland-nl\/\" \/>\n<meta property=\"og:site_name\" content=\"Scheiden in Friesland\" \/>\n<meta property=\"article:modified_time\" content=\"2022-02-24T12:22:43+00:00\" \/>\n<meta name=\"twitter:card\" content=\"summary_large_image\" \/>\n<meta name=\"twitter:label1\" content=\"Est. reading time\" \/>\n\t<meta name=\"twitter:data1\" content=\"2 minutes\" \/>\n<script type=\"application\/ld+json\" class=\"yoast-schema-graph\">{\"@context\":\"https:\\\/\\\/schema.org\",\"@graph\":[{\"@type\":\"WebPage\",\"@id\":\"https:\\\/\\\/scheideninfriesland.nl\\\/fy-nl\\\/oer-scheideninfriesland-nl\\\/\",\"url\":\"https:\\\/\\\/scheideninfriesland.nl\\\/fy-nl\\\/oer-scheideninfriesland-nl\\\/\",\"name\":\"Oer scheideninfriesland.nl - Scheiden in Friesland\",\"isPartOf\":{\"@id\":\"https:\\\/\\\/scheideninfriesland.nl\\\/fy-nl\\\/#website\"},\"primaryImageOfPage\":{\"@id\":\"https:\\\/\\\/scheideninfriesland.nl\\\/fy-nl\\\/oer-scheideninfriesland-nl\\\/#primaryimage\"},\"image\":{\"@id\":\"https:\\\/\\\/scheideninfriesland.nl\\\/fy-nl\\\/oer-scheideninfriesland-nl\\\/#primaryimage\"},\"thumbnailUrl\":\"https:\\\/\\\/scheideninfriesland.nl\\\/wp-content\\\/uploads\\\/2021\\\/09\\\/scheiding_regelen-1.svg\",\"datePublished\":\"2021-12-29T13:18:07+00:00\",\"dateModified\":\"2022-02-24T12:22:43+00:00\",\"breadcrumb\":{\"@id\":\"https:\\\/\\\/scheideninfriesland.nl\\\/fy-nl\\\/oer-scheideninfriesland-nl\\\/#breadcrumb\"},\"inLanguage\":\"fy\",\"potentialAction\":[{\"@type\":\"ReadAction\",\"target\":[\"https:\\\/\\\/scheideninfriesland.nl\\\/fy-nl\\\/oer-scheideninfriesland-nl\\\/\"]}]},{\"@type\":\"ImageObject\",\"inLanguage\":\"fy\",\"@id\":\"https:\\\/\\\/scheideninfriesland.nl\\\/fy-nl\\\/oer-scheideninfriesland-nl\\\/#primaryimage\",\"url\":\"https:\\\/\\\/scheideninfriesland.nl\\\/wp-content\\\/uploads\\\/2021\\\/09\\\/scheiding_regelen-1.svg\",\"contentUrl\":\"https:\\\/\\\/scheideninfriesland.nl\\\/wp-content\\\/uploads\\\/2021\\\/09\\\/scheiding_regelen-1.svg\",\"caption\":\"man die scheiding regelt op de bank\"},{\"@type\":\"BreadcrumbList\",\"@id\":\"https:\\\/\\\/scheideninfriesland.nl\\\/fy-nl\\\/oer-scheideninfriesland-nl\\\/#breadcrumb\",\"itemListElement\":[{\"@type\":\"ListItem\",\"position\":1,\"name\":\"Home\",\"item\":\"https:\\\/\\\/scheideninfriesland.nl\\\/fy-nl\\\/\"},{\"@type\":\"ListItem\",\"position\":2,\"name\":\"Oer scheideninfriesland.nl\"}]},{\"@type\":\"WebSite\",\"@id\":\"https:\\\/\\\/scheideninfriesland.nl\\\/fy-nl\\\/#website\",\"url\":\"https:\\\/\\\/scheideninfriesland.nl\\\/fy-nl\\\/\",\"name\":\"Scheiden in Friesland\",\"description\":\"\",\"publisher\":{\"@id\":\"https:\\\/\\\/scheideninfriesland.nl\\\/fy-nl\\\/#organization\"},\"potentialAction\":[{\"@type\":\"SearchAction\",\"target\":{\"@type\":\"EntryPoint\",\"urlTemplate\":\"https:\\\/\\\/scheideninfriesland.nl\\\/fy-nl\\\/?s={search_term_string}\"},\"query-input\":{\"@type\":\"PropertyValueSpecification\",\"valueRequired\":true,\"valueName\":\"search_term_string\"}}],\"inLanguage\":\"fy\"},{\"@type\":\"Organization\",\"@id\":\"https:\\\/\\\/scheideninfriesland.nl\\\/fy-nl\\\/#organization\",\"name\":\"scheideninfriesland.nl\",\"url\":\"https:\\\/\\\/scheideninfriesland.nl\\\/fy-nl\\\/\",\"logo\":{\"@type\":\"ImageObject\",\"inLanguage\":\"fy\",\"@id\":\"https:\\\/\\\/scheideninfriesland.nl\\\/fy-nl\\\/#\\\/schema\\\/logo\\\/image\\\/\",\"url\":\"http:\\\/\\\/scheideninfriesland.nl\\\/wp-content\\\/uploads\\\/2021\\\/09\\\/9c86687c-2e5d-bc5b-1e71-48e00398a394-e1632209763466.jpg\",\"contentUrl\":\"http:\\\/\\\/scheideninfriesland.nl\\\/wp-content\\\/uploads\\\/2021\\\/09\\\/9c86687c-2e5d-bc5b-1e71-48e00398a394-e1632209763466.jpg\",\"width\":894,\"height\":381,\"caption\":\"scheideninfriesland.nl\"},\"image\":{\"@id\":\"https:\\\/\\\/scheideninfriesland.nl\\\/fy-nl\\\/#\\\/schema\\\/logo\\\/image\\\/\"}}]}<\/script>\n<!-- \/ Yoast SEO plugin. -->","yoast_head_json":{"title":"Oer scheideninfriesland.nl - Scheiden in Friesland","robots":{"index":"index","follow":"follow","max-snippet":"max-snippet:-1","max-image-preview":"max-image-preview:large","max-video-preview":"max-video-preview:-1"},"canonical":"https:\/\/scheideninfriesland.nl\/fy-nl\/oer-scheideninfriesland-nl\/","og_locale":"en_US","og_type":"article","og_title":"Oer scheideninfriesland.nl - Scheiden in Friesland","og_description":"Alles wat je regelje moatte oersichtlik op in rige In gesin yn skieding makket faak in \u00fbnr\u00eastige tiid troch w\u00earby&#8217;t de impact fan de skieding faak grut is. It doel fan dit platfoarm is om in helpende en stypjende h\u00e2n te bieden yn dizze perioade. Troch goede en \u00fbn\u00f4fhinklike ynformaasje te jaan, kinne karren better en miskien wol flugger makke wurde. Sa hoecht de skiedingsperioade net langer te duorjen as nedich. De eventuele negative impact kin d\u00eartroch beheind wurde. Der \u00fbntstiet rapper romte foar it gesin om r\u00east te finen en mear romte om omgean te learen mei de nije situaasje. It b\u00easte foar de bern Op dizze webside steane de praktyske saken en it bern sintraal. Mei de checklist witte je seker dat je de skieding goed regelje en dat je keuzes meitsje yn it belang fan it bern. De ynformaasje op dizze webside jout je d\u00earneist mear ynsjoch yn hoe&#8217;t je by in skieding mei je emoasjes en de emoasjes fan je bern omgean kinne. Gearwurkingspartners platfoarm Scheiden in Friesland Scheideninfriesland.nl is in inisjatyf fan Foar Fryske Bern, Sociaal domein Frysl\u00e2n, Gemeente Achtkarspelen, Gemeente Amel\u00e2n, Gemeente Dantumadiel, Gemeente De Fryske Marren, Gemeente Harns, Gemeente it Hearrenfean, Gemeente Ljouwert, Gemeente Noardeast-Frysl\u00e2n, Gemeente Eaststellingwerf, Gemeente Opsterl\u00e2n, Gemeente Skierm\u00fbntseach, Gemeente Smellingerl\u00e2n, Gemeente S\u00fadwest-Frysl\u00e2n, Gemeente Skylge, Gemeente Tytsjerksteradiel, gemeente Waadhoeke, Gemeente","og_url":"https:\/\/scheideninfriesland.nl\/fy-nl\/oer-scheideninfriesland-nl\/","og_site_name":"Scheiden in Friesland","article_modified_time":"2022-02-24T12:22:43+00:00","twitter_card":"summary_large_image","twitter_misc":{"Est. reading time":"2 minutes"},"schema":{"@context":"https:\/\/schema.org","@graph":[{"@type":"WebPage","@id":"https:\/\/scheideninfriesland.nl\/fy-nl\/oer-scheideninfriesland-nl\/","url":"https:\/\/scheideninfriesland.nl\/fy-nl\/oer-scheideninfriesland-nl\/","name":"Oer scheideninfriesland.nl - Scheiden in Friesland","isPartOf":{"@id":"https:\/\/scheideninfriesland.nl\/fy-nl\/#website"},"primaryImageOfPage":{"@id":"https:\/\/scheideninfriesland.nl\/fy-nl\/oer-scheideninfriesland-nl\/#primaryimage"},"image":{"@id":"https:\/\/scheideninfriesland.nl\/fy-nl\/oer-scheideninfriesland-nl\/#primaryimage"},"thumbnailUrl":"https:\/\/scheideninfriesland.nl\/wp-content\/uploads\/2021\/09\/scheiding_regelen-1.svg","datePublished":"2021-12-29T13:18:07+00:00","dateModified":"2022-02-24T12:22:43+00:00","breadcrumb":{"@id":"https:\/\/scheideninfriesland.nl\/fy-nl\/oer-scheideninfriesland-nl\/#breadcrumb"},"inLanguage":"fy","potentialAction":[{"@type":"ReadAction","target":["https:\/\/scheideninfriesland.nl\/fy-nl\/oer-scheideninfriesland-nl\/"]}]},{"@type":"ImageObject","inLanguage":"fy","@id":"https:\/\/scheideninfriesland.nl\/fy-nl\/oer-scheideninfriesland-nl\/#primaryimage","url":"https:\/\/scheideninfriesland.nl\/wp-content\/uploads\/2021\/09\/scheiding_regelen-1.svg","contentUrl":"https:\/\/scheideninfriesland.nl\/wp-content\/uploads\/2021\/09\/scheiding_regelen-1.svg","caption":"man die scheiding regelt op de bank"},{"@type":"BreadcrumbList","@id":"https:\/\/scheideninfriesland.nl\/fy-nl\/oer-scheideninfriesland-nl\/#breadcrumb","itemListElement":[{"@type":"ListItem","position":1,"name":"Home","item":"https:\/\/scheideninfriesland.nl\/fy-nl\/"},{"@type":"ListItem","position":2,"name":"Oer scheideninfriesland.nl"}]},{"@type":"WebSite","@id":"https:\/\/scheideninfriesland.nl\/fy-nl\/#website","url":"https:\/\/scheideninfriesland.nl\/fy-nl\/","name":"Scheiden in Friesland","description":"","publisher":{"@id":"https:\/\/scheideninfriesland.nl\/fy-nl\/#organization"},"potentialAction":[{"@type":"SearchAction","target":{"@type":"EntryPoint","urlTemplate":"https:\/\/scheideninfriesland.nl\/fy-nl\/?s={search_term_string}"},"query-input":{"@type":"PropertyValueSpecification","valueRequired":true,"valueName":"search_term_string"}}],"inLanguage":"fy"},{"@type":"Organization","@id":"https:\/\/scheideninfriesland.nl\/fy-nl\/#organization","name":"scheideninfriesland.nl","url":"https:\/\/scheideninfriesland.nl\/fy-nl\/","logo":{"@type":"ImageObject","inLanguage":"fy","@id":"https:\/\/scheideninfriesland.nl\/fy-nl\/#\/schema\/logo\/image\/","url":"http:\/\/scheideninfriesland.nl\/wp-content\/uploads\/2021\/09\/9c86687c-2e5d-bc5b-1e71-48e00398a394-e1632209763466.jpg","contentUrl":"http:\/\/scheideninfriesland.nl\/wp-content\/uploads\/2021\/09\/9c86687c-2e5d-bc5b-1e71-48e00398a394-e1632209763466.jpg","width":894,"height":381,"caption":"scheideninfriesland.nl"},"image":{"@id":"https:\/\/scheideninfriesland.nl\/fy-nl\/#\/schema\/logo\/image\/"}}]}},"_links":{"self":[{"href":"https:\/\/scheideninfriesland.nl\/fy-nl\/wp-json\/wp\/v2\/pages\/1873","targetHints":{"allow":["GET"]}}],"collection":[{"href":"https:\/\/scheideninfriesland.nl\/fy-nl\/wp-json\/wp\/v2\/pages"}],"about":[{"href":"https:\/\/scheideninfriesland.nl\/fy-nl\/wp-json\/wp\/v2\/types\/page"}],"author":[{"embeddable":true,"href":"https:\/\/scheideninfriesland.nl\/fy-nl\/wp-json\/wp\/v2\/users\/2"}],"replies":[{"embeddable":true,"href":"https:\/\/scheideninfriesland.nl\/fy-nl\/wp-json\/wp\/v2\/comments?post=1873"}],"version-history":[{"count":5,"href":"https:\/\/scheideninfriesland.nl\/fy-nl\/wp-json\/wp\/v2\/pages\/1873\/revisions"}],"predecessor-version":[{"id":2082,"href":"https:\/\/scheideninfriesland.nl\/fy-nl\/wp-json\/wp\/v2\/pages\/1873\/revisions\/2082"}],"wp:featuredmedia":[{"embeddable":true,"href":"https:\/\/scheideninfriesland.nl\/fy-nl\/wp-json\/wp\/v2\/media\/1690"}],"wp:attachment":[{"href":"https:\/\/scheideninfriesland.nl\/fy-nl\/wp-json\/wp\/v2\/media?parent=1873"}],"curies":[{"name":"wp","href":"https:\/\/api.w.org\/{rel}","templated":true}]}}