{"id":1875,"date":"2021-12-29T15:30:05","date_gmt":"2021-12-29T15:30:05","guid":{"rendered":"http:\/\/scheideninfriesland.nl\/kolofon\/"},"modified":"2021-12-29T15:30:06","modified_gmt":"2021-12-29T15:30:06","slug":"kolofon","status":"publish","type":"page","link":"https:\/\/scheideninfriesland.nl\/fy-nl\/kolofon\/","title":{"rendered":"Kolofon"},"content":{"rendered":"\n<div class=\"wp-block-columns is-layout-flex wp-container-core-columns-is-layout-9d6595d7 wp-block-columns-is-layout-flex\">\n<div class=\"wp-block-column is-layout-flow wp-block-column-is-layout-flow\" style=\"flex-basis:66.66%\">\n<p>Scheideninfriesland.nl is ta st\u00e2n kaam \u00fbnder ferantwurdlikheid fan Foar Fryske Bern.<\/p>\n\n\n\n<p><strong>Auteursrjochten<\/strong><\/p>\n\n\n\n<p>It auteursrjocht en it databankerjocht op dizze webside lizze by Foar Fryske Bern. Dat jildt foar de ynh\u00e2ld fan de webside. Foar Fryske Bern jout elkenien in net-eksklusyf gebr\u00fbksrjocht op de ynh\u00e2ld. Dat betsjut dat jo de ynh\u00e2ld fan de webside fergees kopiearje kinne en op&#8217;e nij (ek kommersjeel) publisearje kinne. Dat jildt foar alle testuele ynh\u00e2ld. It op&#8217;e nij br\u00fbken fan yllustraasjes mei allinnich mei tastimming fan Foar Fryske Bern.<\/p>\n\n\n\n<p><strong>Realisaasje webside<\/strong>&#13;\nCompion, Ljouwert&#13;\n<a href=\"https:\/\/compion.nl\">compion.nl<\/a> | <a href=\"mailto:info@compion.nl\">info@compion.nl<\/a><\/p>\n<\/div>\n\n\n\n<div class=\"wp-block-column is-layout-flow wp-block-column-is-layout-flow\" style=\"flex-basis:33.33%\"><\/div>\n<\/div>\n","protected":false},"excerpt":{"rendered":"<p>Scheideninfriesland.nl is ta st\u00e2n kaam \u00fbnder ferantwurdlikheid fan Foar Fryske Bern. Auteursrjochten It auteursrjocht en it databankerjocht op dizze webside lizze by Foar Fryske Bern. Dat jildt foar de ynh\u00e2ld fan de webside. Foar Fryske Bern jout elkenien in net-eksklusyf gebr\u00fbksrjocht op de ynh\u00e2ld. Dat betsjut dat jo de ynh\u00e2ld fan de webside fergees kopiearje kinne en op&#8217;e nij (ek kommersjeel) publisearje kinne. Dat jildt foar alle testuele ynh\u00e2ld. It op&#8217;e nij br\u00fbken fan yllustraasjes mei allinnich mei tastimming fan Foar Fryske Bern. Realisaasje webside&#13; Compion, Ljouwert&#13; compion.nl |<\/p>\n","protected":false},"author":2,"featured_media":0,"parent":0,"menu_order":0,"comment_status":"closed","ping_status":"closed","template":"","meta":{"_acf_changed":false,"inline_featured_image":false,"footnotes":""},"class_list":["post-1875","page","type-page","status-publish","hentry"],"acf":[],"yoast_head":"<!-- This site is optimized with the Yoast SEO plugin v27.3 - https:\/\/yoast.com\/product\/yoast-seo-wordpress\/ -->\n<title>Kolofon - Scheiden in Friesland<\/title>\n<meta name=\"robots\" content=\"index, follow, max-snippet:-1, max-image-preview:large, max-video-preview:-1\" \/>\n<link rel=\"canonical\" href=\"https:\/\/scheideninfriesland.nl\/fy-nl\/kolofon\/\" \/>\n<meta property=\"og:locale\" content=\"en_US\" \/>\n<meta property=\"og:type\" content=\"article\" \/>\n<meta property=\"og:title\" content=\"Kolofon - Scheiden in Friesland\" \/>\n<meta property=\"og:description\" content=\"Scheideninfriesland.nl is ta st\u00e2n kaam \u00fbnder ferantwurdlikheid fan Foar Fryske Bern. Auteursrjochten It auteursrjocht en it databankerjocht op dizze webside lizze by Foar Fryske Bern. Dat jildt foar de ynh\u00e2ld fan de webside. Foar Fryske Bern jout elkenien in net-eksklusyf gebr\u00fbksrjocht op de ynh\u00e2ld. Dat betsjut dat jo de ynh\u00e2ld fan de webside fergees kopiearje kinne en op&#8217;e nij (ek kommersjeel) publisearje kinne. Dat jildt foar alle testuele ynh\u00e2ld. It op&#8217;e nij br\u00fbken fan yllustraasjes mei allinnich mei tastimming fan Foar Fryske Bern. Realisaasje webside&#013; Compion, Ljouwert&#013; compion.nl |\" \/>\n<meta property=\"og:url\" content=\"https:\/\/scheideninfriesland.nl\/fy-nl\/kolofon\/\" \/>\n<meta property=\"og:site_name\" content=\"Scheiden in Friesland\" \/>\n<meta property=\"article:modified_time\" content=\"2021-12-29T15:30:06+00:00\" \/>\n<meta name=\"twitter:card\" content=\"summary_large_image\" \/>\n<meta name=\"twitter:label1\" content=\"Est. reading time\" \/>\n\t<meta name=\"twitter:data1\" content=\"1 minute\" \/>\n<script type=\"application\/ld+json\" class=\"yoast-schema-graph\">{\"@context\":\"https:\\\/\\\/schema.org\",\"@graph\":[{\"@type\":\"WebPage\",\"@id\":\"https:\\\/\\\/scheideninfriesland.nl\\\/fy-nl\\\/kolofon\\\/\",\"url\":\"https:\\\/\\\/scheideninfriesland.nl\\\/fy-nl\\\/kolofon\\\/\",\"name\":\"Kolofon - Scheiden in Friesland\",\"isPartOf\":{\"@id\":\"https:\\\/\\\/scheideninfriesland.nl\\\/fy-nl\\\/#website\"},\"datePublished\":\"2021-12-29T15:30:05+00:00\",\"dateModified\":\"2021-12-29T15:30:06+00:00\",\"breadcrumb\":{\"@id\":\"https:\\\/\\\/scheideninfriesland.nl\\\/fy-nl\\\/kolofon\\\/#breadcrumb\"},\"inLanguage\":\"fy\",\"potentialAction\":[{\"@type\":\"ReadAction\",\"target\":[\"https:\\\/\\\/scheideninfriesland.nl\\\/fy-nl\\\/kolofon\\\/\"]}]},{\"@type\":\"BreadcrumbList\",\"@id\":\"https:\\\/\\\/scheideninfriesland.nl\\\/fy-nl\\\/kolofon\\\/#breadcrumb\",\"itemListElement\":[{\"@type\":\"ListItem\",\"position\":1,\"name\":\"Home\",\"item\":\"https:\\\/\\\/scheideninfriesland.nl\\\/fy-nl\\\/\"},{\"@type\":\"ListItem\",\"position\":2,\"name\":\"Kolofon\"}]},{\"@type\":\"WebSite\",\"@id\":\"https:\\\/\\\/scheideninfriesland.nl\\\/fy-nl\\\/#website\",\"url\":\"https:\\\/\\\/scheideninfriesland.nl\\\/fy-nl\\\/\",\"name\":\"Scheiden in Friesland\",\"description\":\"\",\"publisher\":{\"@id\":\"https:\\\/\\\/scheideninfriesland.nl\\\/fy-nl\\\/#organization\"},\"potentialAction\":[{\"@type\":\"SearchAction\",\"target\":{\"@type\":\"EntryPoint\",\"urlTemplate\":\"https:\\\/\\\/scheideninfriesland.nl\\\/fy-nl\\\/?s={search_term_string}\"},\"query-input\":{\"@type\":\"PropertyValueSpecification\",\"valueRequired\":true,\"valueName\":\"search_term_string\"}}],\"inLanguage\":\"fy\"},{\"@type\":\"Organization\",\"@id\":\"https:\\\/\\\/scheideninfriesland.nl\\\/fy-nl\\\/#organization\",\"name\":\"scheideninfriesland.nl\",\"url\":\"https:\\\/\\\/scheideninfriesland.nl\\\/fy-nl\\\/\",\"logo\":{\"@type\":\"ImageObject\",\"inLanguage\":\"fy\",\"@id\":\"https:\\\/\\\/scheideninfriesland.nl\\\/fy-nl\\\/#\\\/schema\\\/logo\\\/image\\\/\",\"url\":\"http:\\\/\\\/scheideninfriesland.nl\\\/wp-content\\\/uploads\\\/2021\\\/09\\\/9c86687c-2e5d-bc5b-1e71-48e00398a394-e1632209763466.jpg\",\"contentUrl\":\"http:\\\/\\\/scheideninfriesland.nl\\\/wp-content\\\/uploads\\\/2021\\\/09\\\/9c86687c-2e5d-bc5b-1e71-48e00398a394-e1632209763466.jpg\",\"width\":894,\"height\":381,\"caption\":\"scheideninfriesland.nl\"},\"image\":{\"@id\":\"https:\\\/\\\/scheideninfriesland.nl\\\/fy-nl\\\/#\\\/schema\\\/logo\\\/image\\\/\"}}]}<\/script>\n<!-- \/ Yoast SEO plugin. -->","yoast_head_json":{"title":"Kolofon - Scheiden in Friesland","robots":{"index":"index","follow":"follow","max-snippet":"max-snippet:-1","max-image-preview":"max-image-preview:large","max-video-preview":"max-video-preview:-1"},"canonical":"https:\/\/scheideninfriesland.nl\/fy-nl\/kolofon\/","og_locale":"en_US","og_type":"article","og_title":"Kolofon - Scheiden in Friesland","og_description":"Scheideninfriesland.nl is ta st\u00e2n kaam \u00fbnder ferantwurdlikheid fan Foar Fryske Bern. Auteursrjochten It auteursrjocht en it databankerjocht op dizze webside lizze by Foar Fryske Bern. Dat jildt foar de ynh\u00e2ld fan de webside. Foar Fryske Bern jout elkenien in net-eksklusyf gebr\u00fbksrjocht op de ynh\u00e2ld. Dat betsjut dat jo de ynh\u00e2ld fan de webside fergees kopiearje kinne en op&#8217;e nij (ek kommersjeel) publisearje kinne. Dat jildt foar alle testuele ynh\u00e2ld. It op&#8217;e nij br\u00fbken fan yllustraasjes mei allinnich mei tastimming fan Foar Fryske Bern. Realisaasje webside&#13; Compion, Ljouwert&#13; compion.nl |","og_url":"https:\/\/scheideninfriesland.nl\/fy-nl\/kolofon\/","og_site_name":"Scheiden in Friesland","article_modified_time":"2021-12-29T15:30:06+00:00","twitter_card":"summary_large_image","twitter_misc":{"Est. reading time":"1 minute"},"schema":{"@context":"https:\/\/schema.org","@graph":[{"@type":"WebPage","@id":"https:\/\/scheideninfriesland.nl\/fy-nl\/kolofon\/","url":"https:\/\/scheideninfriesland.nl\/fy-nl\/kolofon\/","name":"Kolofon - Scheiden in Friesland","isPartOf":{"@id":"https:\/\/scheideninfriesland.nl\/fy-nl\/#website"},"datePublished":"2021-12-29T15:30:05+00:00","dateModified":"2021-12-29T15:30:06+00:00","breadcrumb":{"@id":"https:\/\/scheideninfriesland.nl\/fy-nl\/kolofon\/#breadcrumb"},"inLanguage":"fy","potentialAction":[{"@type":"ReadAction","target":["https:\/\/scheideninfriesland.nl\/fy-nl\/kolofon\/"]}]},{"@type":"BreadcrumbList","@id":"https:\/\/scheideninfriesland.nl\/fy-nl\/kolofon\/#breadcrumb","itemListElement":[{"@type":"ListItem","position":1,"name":"Home","item":"https:\/\/scheideninfriesland.nl\/fy-nl\/"},{"@type":"ListItem","position":2,"name":"Kolofon"}]},{"@type":"WebSite","@id":"https:\/\/scheideninfriesland.nl\/fy-nl\/#website","url":"https:\/\/scheideninfriesland.nl\/fy-nl\/","name":"Scheiden in Friesland","description":"","publisher":{"@id":"https:\/\/scheideninfriesland.nl\/fy-nl\/#organization"},"potentialAction":[{"@type":"SearchAction","target":{"@type":"EntryPoint","urlTemplate":"https:\/\/scheideninfriesland.nl\/fy-nl\/?s={search_term_string}"},"query-input":{"@type":"PropertyValueSpecification","valueRequired":true,"valueName":"search_term_string"}}],"inLanguage":"fy"},{"@type":"Organization","@id":"https:\/\/scheideninfriesland.nl\/fy-nl\/#organization","name":"scheideninfriesland.nl","url":"https:\/\/scheideninfriesland.nl\/fy-nl\/","logo":{"@type":"ImageObject","inLanguage":"fy","@id":"https:\/\/scheideninfriesland.nl\/fy-nl\/#\/schema\/logo\/image\/","url":"http:\/\/scheideninfriesland.nl\/wp-content\/uploads\/2021\/09\/9c86687c-2e5d-bc5b-1e71-48e00398a394-e1632209763466.jpg","contentUrl":"http:\/\/scheideninfriesland.nl\/wp-content\/uploads\/2021\/09\/9c86687c-2e5d-bc5b-1e71-48e00398a394-e1632209763466.jpg","width":894,"height":381,"caption":"scheideninfriesland.nl"},"image":{"@id":"https:\/\/scheideninfriesland.nl\/fy-nl\/#\/schema\/logo\/image\/"}}]}},"_links":{"self":[{"href":"https:\/\/scheideninfriesland.nl\/fy-nl\/wp-json\/wp\/v2\/pages\/1875","targetHints":{"allow":["GET"]}}],"collection":[{"href":"https:\/\/scheideninfriesland.nl\/fy-nl\/wp-json\/wp\/v2\/pages"}],"about":[{"href":"https:\/\/scheideninfriesland.nl\/fy-nl\/wp-json\/wp\/v2\/types\/page"}],"author":[{"embeddable":true,"href":"https:\/\/scheideninfriesland.nl\/fy-nl\/wp-json\/wp\/v2\/users\/2"}],"replies":[{"embeddable":true,"href":"https:\/\/scheideninfriesland.nl\/fy-nl\/wp-json\/wp\/v2\/comments?post=1875"}],"version-history":[{"count":1,"href":"https:\/\/scheideninfriesland.nl\/fy-nl\/wp-json\/wp\/v2\/pages\/1875\/revisions"}],"predecessor-version":[{"id":1876,"href":"https:\/\/scheideninfriesland.nl\/fy-nl\/wp-json\/wp\/v2\/pages\/1875\/revisions\/1876"}],"wp:attachment":[{"href":"https:\/\/scheideninfriesland.nl\/fy-nl\/wp-json\/wp\/v2\/media?parent=1875"}],"curies":[{"name":"wp","href":"https:\/\/api.w.org\/{rel}","templated":true}]}}