{"id":1880,"date":"2021-12-30T13:01:37","date_gmt":"2021-12-30T13:01:37","guid":{"rendered":"http:\/\/scheideninfriesland.nl\/dyn-alden-gean-utinoar-wat-no\/sa-belibje-oare-bern-in-skieding\/"},"modified":"2022-02-24T11:07:05","modified_gmt":"2022-02-24T11:07:05","slug":"sa-belibje-oare-bern-in-skieding","status":"publish","type":"page","link":"https:\/\/scheideninfriesland.nl\/fy-nl\/dyn-alden-gean-utinoar-wat-no\/sa-belibje-oare-bern-in-skieding\/","title":{"rendered":"Sa belibje oare bern in skieding"},"content":{"rendered":"\n<div class=\"wp-block-columns is-layout-flex wp-container-core-columns-is-layout-9d6595d7 wp-block-columns-is-layout-flex\">\n<div class=\"wp-block-column is-layout-flow wp-block-column-is-layout-flow\" style=\"flex-basis:25%\"><\/div>\n\n\n\n<div class=\"wp-block-column is-layout-flow wp-block-column-is-layout-flow\" style=\"flex-basis:50%\">\n<h2 class=\"wp-block-heading\">Ferhalen fan oare bern dy&#8217;t in skieding meimeitsje<\/h2>\n\n\n\n<p>It platfoarm Villa Pinedo is in webside foar bern en jongerein dy&#8217;t te krijen hawwe mei in skieding fan harren \u00e2lden. Op dizze webside steane in hiel soad ferhalen en ek tips fan oare bern. Bygelyks oer it wenjen yn twa huzen, oer hoe &#8216;t je drege \u00fbnderwerpen mei je \u00e2lden beprate kinne en oer r\u00fbzje tusken \u00e2lden. En ek datst it gefoel hawwe kinst datst soms tusken dyn \u00e2lden yn stiest. Villa Pinedo is der hielendal foar dy.<\/p>\n\n\n\n \n\n<div id=\"block_612f87d713c97\" data-block-name=\"buttons\" class=\" align \">\n\n    <div class=\"wrap layout-row align-start\">\n         <a href=\"https:\/\/www.villapinedo.nl\/forum\/\" target=\"_blank\" class=\"btn  btn-secondary\">\n        Foarum fan Villa Pinedo        <i class=\"fas fa-external-link-alt\" aria-hidden=\"true\"><\/i>    <\/a>\n        <\/div>\n   \n<\/div> \n\n\n<\/div>\n\n\n\n<div class=\"wp-block-column is-layout-flow wp-block-column-is-layout-flow\" style=\"flex-basis:25%\"><\/div>\n<\/div>\n\n\n\n\n \n<div id=\"block_612f938f13c9e\"  data-block-name=\"kader\" class=\"alignfull blue\">\n\n    \n     \n\n<div class=\"wp-block-columns is-layout-flex wp-container-core-columns-is-layout-9d6595d7 wp-block-columns-is-layout-flex\">\n<div class=\"wp-block-column is-layout-flow wp-block-column-is-layout-flow\" style=\"flex-basis:33%\">\n<figure class=\"wp-block-image size-large\"><img decoding=\"async\" width=\"819\" height=\"1024\" src=\"http:\/\/scheideninfriesland.nl\/wp-content\/uploads\/2021\/09\/960x1200-819x1024.jpg\" alt=\"\" class=\"wp-image-1697\" srcset=\"https:\/\/scheideninfriesland.nl\/wp-content\/uploads\/2021\/09\/960x1200-819x1024.jpg 819w, https:\/\/scheideninfriesland.nl\/wp-content\/uploads\/2021\/09\/960x1200-240x300.jpg 240w, https:\/\/scheideninfriesland.nl\/wp-content\/uploads\/2021\/09\/960x1200-768x960.jpg 768w, https:\/\/scheideninfriesland.nl\/wp-content\/uploads\/2021\/09\/960x1200-720x900.jpg 720w, https:\/\/scheideninfriesland.nl\/wp-content\/uploads\/2021\/09\/960x1200-360x450.jpg 360w, https:\/\/scheideninfriesland.nl\/wp-content\/uploads\/2021\/09\/960x1200-160x200.jpg 160w, https:\/\/scheideninfriesland.nl\/wp-content\/uploads\/2021\/09\/960x1200-480x600.jpg 480w, https:\/\/scheideninfriesland.nl\/wp-content\/uploads\/2021\/09\/960x1200.jpg 960w\" sizes=\"(max-width: 819px) 100vw, 819px\" \/><\/figure>\n<\/div>\n\n\n\n<div class=\"wp-block-column is-layout-flow wp-block-column-is-layout-flow\" style=\"flex-basis:66%\">\n<h2 class=\"wp-block-heading\">Boek mei \u00fbnderfiningsferhalen<\/h2>\n\n\n\n<p>Villa Pinedo hat ek in boek as buddy dy&#8217;t dy de wei wiist. Yn it boek \u2018Je hoeft het niet alleen te doen\u2019 steane allegearre echte ferhalen fan oare bern mei skieden \u00e2lden. De ien moat ferh\u00fazje, by de oar prate de \u00e2lden (efkes) net mear of meitsje se in soad r\u00fbzje. It boek giet oer watsto fielst en meimakkest. <\/p>\n\n\n\n<p>Wolst it boek \u2018Je hoeft het niet alleen te doen\u2019 bestelle of wolst mear witte? <\/p>\n\n\n\n \n\n<div id=\"block_612f939013c9f\" data-block-name=\"buttons\" class=\" align \">\n\n    <div class=\"wrap layout-row align-start\">\n         <a href=\"https:\/\/www.villapinedo.nl\/boek-je-hoeft-het-niet-alleen-te-doen\/\" target=\"_blank\" class=\"btn  btn-secondary\">\n        L\u00eas mear oer dit boek        <i class=\"fas fa-external-link-alt\" aria-hidden=\"true\"><\/i>    <\/a>\n        <\/div>\n   \n<\/div> \n\n\n<\/div>\n<\/div>\n\n\n\n   \n\n \n\n<\/div>\n\n\n\n\n\n<div class=\"wp-block-columns is-layout-flex wp-container-core-columns-is-layout-9d6595d7 wp-block-columns-is-layout-flex\">\n<div class=\"wp-block-column is-layout-flow wp-block-column-is-layout-flow\" style=\"flex-basis:25%\"><\/div>\n\n\n\n<div class=\"wp-block-column is-layout-flow wp-block-column-is-layout-flow\" style=\"flex-basis:50%\">\n<h2 class=\"wp-block-heading\">Ynformaasje presys foar dyn leeftiid <\/h2>\n\n\n\n<p>Op de webside fan Ouders uit elkaar lizze se per leeftiidskategory hiel d\u00fadlik \u00fat wat in skieding foar dy betsjut. Dizze ynformaasje kinst sels l\u00eaze, mar miskien fynst it ek noflik om dit tegearre mei ien fan dyn \u00e2lden te dwaan. Se lizze op dizze website \u00fat: <\/p>\n\n\n\n<ul class=\"wp-block-list\"><li>Hoe&#8217;t it fielt dat dyn \u00e2lders skiede sille; <\/li><li>Wat der feroarje sil; <\/li><li>Wat der itselde bliuwt;  <\/li><li>En of skiede allinnich mar slim is.<\/li><\/ul>\n\n\n\n \n\n<div id=\"block_612f92c813c9c\" data-block-name=\"buttons\" class=\" align \">\n\n    <div class=\"wrap layout-row align-start\">\n         <a href=\"https:\/\/www.ouders-uit-elkaar.nl\/\" target=\"_blank\" class=\"btn  btn-secondary\">\n        Ouders uit elkaar        <i class=\"fas fa-external-link-alt\" aria-hidden=\"true\"><\/i>    <\/a>\n        <\/div>\n   \n<\/div> \n\n\n<\/div>\n\n\n\n<div class=\"wp-block-column is-layout-flow wp-block-column-is-layout-flow\" style=\"flex-basis:25%\"><\/div>\n<\/div>\n\n\n\n\n \n<div id=\"block_612f90ef13c99\"  data-block-name=\"kader\" class=\"alignfull green\">\n\n    \n     \n\n<div class=\"wp-block-columns is-layout-flex wp-container-core-columns-is-layout-9d6595d7 wp-block-columns-is-layout-flex\">\n<div class=\"wp-block-column is-layout-flow wp-block-column-is-layout-flow\" style=\"flex-basis:66%\">\n<h2 class=\"wp-block-heading\">W\u00ear kinst mei dyn ferhaal terjochte? <\/h2>\n\n\n\n<p>It kin helpe om te praten oer watst meimakkest. En de k\u00e2ns is grut datsto minsken yn dyn omjouwing hast dy&#8217;t ek in skieding meimakke hawwe.<\/p>\n\n\n\n<p>Miskien kinst terjochte by bern yn&#8217;e buert, of by in folwoeksene dy&#8217;tst fertroust. Hast leaver kontakt mei ien op \u00f4fst\u00e2n? Luchtsje dan dyn hert fia bygelyks de Kindertelefoon of op it foarum fan Villa Pinedo. Ek kinst by Villa Pinedo mei ien chatte fan dyn leeftyd, dy&#8217;t ek in skieding meimakke hat. Dizze buddy biedt dy in harkjend ear. Om dy oan te melden hoechst neat te beteljen en der is ek gjin tastimming fan dyn \u00e2lders nedich. <\/p>\n\n\n\n \n\n<div id=\"block_612f913c13c9a\" data-block-name=\"buttons\" class=\" align \">\n\n    <div class=\"wrap layout-row align-start\">\n         <a href=\"http:\/\/scheideninfriesland.nl\/fy-nl\/dyn-alden-gean-utinoar-wat-no\/hoe-kenst-deale-mei-de-skieding-fan-dyn-alders\/\" target=\"_blank\" class=\"btn  btn-secondary\">\n        Omgean mei de skieding fan dyn \u00e2lders        <i class=\"fas fa-arrow-right\" aria-hidden=\"true\"><\/i>    <\/a>\n        <\/div>\n   \n<\/div> \n\n\n<\/div>\n\n\n\n<div class=\"wp-block-column is-vertically-aligned-center is-layout-flow wp-block-column-is-layout-flow\" style=\"flex-basis:33%\">\n<figure class=\"wp-block-image size-large\"><img decoding=\"async\" width=\"1024\" height=\"491\" src=\"http:\/\/scheideninfriesland.nl\/wp-content\/uploads\/2021\/09\/Ocher-x-Marsha-Blue-1024x491.png\" alt=\"Logo Villa Pinedo\" class=\"wp-image-1696\" srcset=\"https:\/\/scheideninfriesland.nl\/wp-content\/uploads\/2021\/09\/Ocher-x-Marsha-Blue-1024x491.png 1024w, https:\/\/scheideninfriesland.nl\/wp-content\/uploads\/2021\/09\/Ocher-x-Marsha-Blue-300x144.png 300w, https:\/\/scheideninfriesland.nl\/wp-content\/uploads\/2021\/09\/Ocher-x-Marsha-Blue-768x369.png 768w, https:\/\/scheideninfriesland.nl\/wp-content\/uploads\/2021\/09\/Ocher-x-Marsha-Blue-1536x737.png 1536w, https:\/\/scheideninfriesland.nl\/wp-content\/uploads\/2021\/09\/Ocher-x-Marsha-Blue-2048x983.png 2048w, https:\/\/scheideninfriesland.nl\/wp-content\/uploads\/2021\/09\/Ocher-x-Marsha-Blue-1876x900.png 1876w, https:\/\/scheideninfriesland.nl\/wp-content\/uploads\/2021\/09\/Ocher-x-Marsha-Blue-938x450.png 938w, https:\/\/scheideninfriesland.nl\/wp-content\/uploads\/2021\/09\/Ocher-x-Marsha-Blue-200x96.png 200w, https:\/\/scheideninfriesland.nl\/wp-content\/uploads\/2021\/09\/Ocher-x-Marsha-Blue-1100x528.png 1100w\" sizes=\"(max-width: 1024px) 100vw, 1024px\" \/><\/figure>\n<\/div>\n<\/div>\n\n\n\n   \n\n \n\n<\/div>\n\n\n","protected":false},"excerpt":{"rendered":"<p>Ferhalen fan oare bern dy&#8217;t in skieding meimeitsje It platfoarm Villa Pinedo is in webside foar bern en jongerein dy&#8217;t te krijen hawwe mei in skieding fan harren \u00e2lden. Op dizze webside steane in hiel soad ferhalen en ek tips fan oare bern. Bygelyks oer it wenjen yn twa huzen, oer hoe &#8216;t je drege \u00fbnderwerpen mei je \u00e2lden beprate kinne en oer r\u00fbzje tusken \u00e2lden. En ek datst it gefoel hawwe kinst datst soms tusken dyn \u00e2lden yn stiest. Villa Pinedo is der hielendal foar dy. Ynformaasje presys foar dyn leeftiid Op de webside fan Ouders uit elkaar lizze se per leeftiidskategory hiel d\u00fadlik \u00fat wat in skieding foar dy betsjut. Dizze ynformaasje kinst sels l\u00eaze, mar miskien fynst it ek noflik om dit tegearre mei ien fan dyn \u00e2lden te dwaan. Se lizze op dizze website \u00fat: Hoe&#8217;t it fielt dat dyn \u00e2lders skiede sille; Wat der feroarje sil; Wat der itselde bliuwt; En of skiede allinnich mar slim<\/p>\n","protected":false},"author":2,"featured_media":1673,"parent":1825,"menu_order":13,"comment_status":"closed","ping_status":"closed","template":"","meta":{"_acf_changed":false,"inline_featured_image":false,"footnotes":""},"class_list":["post-1880","page","type-page","status-publish","has-post-thumbnail","hentry"],"acf":[],"yoast_head":"<!-- This site is optimized with the Yoast SEO plugin v27.3 - https:\/\/yoast.com\/product\/yoast-seo-wordpress\/ -->\n<title>Sa belibje oare bern in skieding<\/title>\n<meta name=\"description\" content=\"Ferhalen fan oare bern kinne stipe biede. Want hoe belibje sy in skieding? L\u00eas der mer oer op Scheiden in Friesland.\" \/>\n<meta name=\"robots\" content=\"index, follow, max-snippet:-1, max-image-preview:large, max-video-preview:-1\" \/>\n<link rel=\"canonical\" href=\"https:\/\/scheideninfriesland.nl\/fy-nl\/dyn-alden-gean-utinoar-wat-no\/sa-belibje-oare-bern-in-skieding\/\" \/>\n<meta property=\"og:locale\" content=\"en_US\" \/>\n<meta property=\"og:type\" content=\"article\" \/>\n<meta property=\"og:title\" content=\"Sa belibje oare bern in skieding\" \/>\n<meta property=\"og:description\" content=\"Ferhalen fan oare bern kinne stipe biede. Want hoe belibje sy in skieding? L\u00eas der mer oer op Scheiden in Friesland.\" \/>\n<meta property=\"og:url\" content=\"https:\/\/scheideninfriesland.nl\/fy-nl\/dyn-alden-gean-utinoar-wat-no\/sa-belibje-oare-bern-in-skieding\/\" \/>\n<meta property=\"og:site_name\" content=\"Scheiden in Friesland\" \/>\n<meta property=\"article:modified_time\" content=\"2022-02-24T11:07:05+00:00\" \/>\n<meta name=\"twitter:card\" content=\"summary_large_image\" \/>\n<meta name=\"twitter:label1\" content=\"Est. reading time\" \/>\n\t<meta name=\"twitter:data1\" content=\"3 minutes\" \/>\n<script type=\"application\/ld+json\" class=\"yoast-schema-graph\">{\"@context\":\"https:\\\/\\\/schema.org\",\"@graph\":[{\"@type\":\"WebPage\",\"@id\":\"https:\\\/\\\/scheideninfriesland.nl\\\/fy-nl\\\/dyn-alden-gean-utinoar-wat-no\\\/sa-belibje-oare-bern-in-skieding\\\/\",\"url\":\"https:\\\/\\\/scheideninfriesland.nl\\\/fy-nl\\\/dyn-alden-gean-utinoar-wat-no\\\/sa-belibje-oare-bern-in-skieding\\\/\",\"name\":\"Sa belibje oare bern in skieding\",\"isPartOf\":{\"@id\":\"https:\\\/\\\/scheideninfriesland.nl\\\/fy-nl\\\/#website\"},\"primaryImageOfPage\":{\"@id\":\"https:\\\/\\\/scheideninfriesland.nl\\\/fy-nl\\\/dyn-alden-gean-utinoar-wat-no\\\/sa-belibje-oare-bern-in-skieding\\\/#primaryimage\"},\"image\":{\"@id\":\"https:\\\/\\\/scheideninfriesland.nl\\\/fy-nl\\\/dyn-alden-gean-utinoar-wat-no\\\/sa-belibje-oare-bern-in-skieding\\\/#primaryimage\"},\"thumbnailUrl\":\"https:\\\/\\\/scheideninfriesland.nl\\\/wp-content\\\/uploads\\\/2021\\\/09\\\/ervaringsverhalen.svg\",\"datePublished\":\"2021-12-30T13:01:37+00:00\",\"dateModified\":\"2022-02-24T11:07:05+00:00\",\"description\":\"Ferhalen fan oare bern kinne stipe biede. Want hoe belibje sy in skieding? L\u00eas der mer oer op Scheiden in Friesland.\",\"breadcrumb\":{\"@id\":\"https:\\\/\\\/scheideninfriesland.nl\\\/fy-nl\\\/dyn-alden-gean-utinoar-wat-no\\\/sa-belibje-oare-bern-in-skieding\\\/#breadcrumb\"},\"inLanguage\":\"fy\",\"potentialAction\":[{\"@type\":\"ReadAction\",\"target\":[\"https:\\\/\\\/scheideninfriesland.nl\\\/fy-nl\\\/dyn-alden-gean-utinoar-wat-no\\\/sa-belibje-oare-bern-in-skieding\\\/\"]}]},{\"@type\":\"ImageObject\",\"inLanguage\":\"fy\",\"@id\":\"https:\\\/\\\/scheideninfriesland.nl\\\/fy-nl\\\/dyn-alden-gean-utinoar-wat-no\\\/sa-belibje-oare-bern-in-skieding\\\/#primaryimage\",\"url\":\"https:\\\/\\\/scheideninfriesland.nl\\\/wp-content\\\/uploads\\\/2021\\\/09\\\/ervaringsverhalen.svg\",\"contentUrl\":\"https:\\\/\\\/scheideninfriesland.nl\\\/wp-content\\\/uploads\\\/2021\\\/09\\\/ervaringsverhalen.svg\",\"caption\":\"Twa minsken l\u00eaze ferhalen\"},{\"@type\":\"BreadcrumbList\",\"@id\":\"https:\\\/\\\/scheideninfriesland.nl\\\/fy-nl\\\/dyn-alden-gean-utinoar-wat-no\\\/sa-belibje-oare-bern-in-skieding\\\/#breadcrumb\",\"itemListElement\":[{\"@type\":\"ListItem\",\"position\":1,\"name\":\"Home\",\"item\":\"https:\\\/\\\/scheideninfriesland.nl\\\/fy-nl\\\/\"},{\"@type\":\"ListItem\",\"position\":2,\"name\":\"Dyn \u00e2lden gean \u00fatinoar. Wat no?\",\"item\":\"https:\\\/\\\/scheideninfriesland.nl\\\/fy-nl\\\/dyn-alden-gean-utinoar-wat-no\\\/\"},{\"@type\":\"ListItem\",\"position\":3,\"name\":\"Sa belibje oare bern in skieding\"}]},{\"@type\":\"WebSite\",\"@id\":\"https:\\\/\\\/scheideninfriesland.nl\\\/fy-nl\\\/#website\",\"url\":\"https:\\\/\\\/scheideninfriesland.nl\\\/fy-nl\\\/\",\"name\":\"Scheiden in Friesland\",\"description\":\"\",\"publisher\":{\"@id\":\"https:\\\/\\\/scheideninfriesland.nl\\\/fy-nl\\\/#organization\"},\"potentialAction\":[{\"@type\":\"SearchAction\",\"target\":{\"@type\":\"EntryPoint\",\"urlTemplate\":\"https:\\\/\\\/scheideninfriesland.nl\\\/fy-nl\\\/?s={search_term_string}\"},\"query-input\":{\"@type\":\"PropertyValueSpecification\",\"valueRequired\":true,\"valueName\":\"search_term_string\"}}],\"inLanguage\":\"fy\"},{\"@type\":\"Organization\",\"@id\":\"https:\\\/\\\/scheideninfriesland.nl\\\/fy-nl\\\/#organization\",\"name\":\"scheideninfriesland.nl\",\"url\":\"https:\\\/\\\/scheideninfriesland.nl\\\/fy-nl\\\/\",\"logo\":{\"@type\":\"ImageObject\",\"inLanguage\":\"fy\",\"@id\":\"https:\\\/\\\/scheideninfriesland.nl\\\/fy-nl\\\/#\\\/schema\\\/logo\\\/image\\\/\",\"url\":\"http:\\\/\\\/scheideninfriesland.nl\\\/wp-content\\\/uploads\\\/2021\\\/09\\\/9c86687c-2e5d-bc5b-1e71-48e00398a394-e1632209763466.jpg\",\"contentUrl\":\"http:\\\/\\\/scheideninfriesland.nl\\\/wp-content\\\/uploads\\\/2021\\\/09\\\/9c86687c-2e5d-bc5b-1e71-48e00398a394-e1632209763466.jpg\",\"width\":894,\"height\":381,\"caption\":\"scheideninfriesland.nl\"},\"image\":{\"@id\":\"https:\\\/\\\/scheideninfriesland.nl\\\/fy-nl\\\/#\\\/schema\\\/logo\\\/image\\\/\"}}]}<\/script>\n<!-- \/ Yoast SEO plugin. -->","yoast_head_json":{"title":"Sa belibje oare bern in skieding","description":"Ferhalen fan oare bern kinne stipe biede. Want hoe belibje sy in skieding? L\u00eas der mer oer op Scheiden in Friesland.","robots":{"index":"index","follow":"follow","max-snippet":"max-snippet:-1","max-image-preview":"max-image-preview:large","max-video-preview":"max-video-preview:-1"},"canonical":"https:\/\/scheideninfriesland.nl\/fy-nl\/dyn-alden-gean-utinoar-wat-no\/sa-belibje-oare-bern-in-skieding\/","og_locale":"en_US","og_type":"article","og_title":"Sa belibje oare bern in skieding","og_description":"Ferhalen fan oare bern kinne stipe biede. Want hoe belibje sy in skieding? L\u00eas der mer oer op Scheiden in Friesland.","og_url":"https:\/\/scheideninfriesland.nl\/fy-nl\/dyn-alden-gean-utinoar-wat-no\/sa-belibje-oare-bern-in-skieding\/","og_site_name":"Scheiden in Friesland","article_modified_time":"2022-02-24T11:07:05+00:00","twitter_card":"summary_large_image","twitter_misc":{"Est. reading time":"3 minutes"},"schema":{"@context":"https:\/\/schema.org","@graph":[{"@type":"WebPage","@id":"https:\/\/scheideninfriesland.nl\/fy-nl\/dyn-alden-gean-utinoar-wat-no\/sa-belibje-oare-bern-in-skieding\/","url":"https:\/\/scheideninfriesland.nl\/fy-nl\/dyn-alden-gean-utinoar-wat-no\/sa-belibje-oare-bern-in-skieding\/","name":"Sa belibje oare bern in skieding","isPartOf":{"@id":"https:\/\/scheideninfriesland.nl\/fy-nl\/#website"},"primaryImageOfPage":{"@id":"https:\/\/scheideninfriesland.nl\/fy-nl\/dyn-alden-gean-utinoar-wat-no\/sa-belibje-oare-bern-in-skieding\/#primaryimage"},"image":{"@id":"https:\/\/scheideninfriesland.nl\/fy-nl\/dyn-alden-gean-utinoar-wat-no\/sa-belibje-oare-bern-in-skieding\/#primaryimage"},"thumbnailUrl":"https:\/\/scheideninfriesland.nl\/wp-content\/uploads\/2021\/09\/ervaringsverhalen.svg","datePublished":"2021-12-30T13:01:37+00:00","dateModified":"2022-02-24T11:07:05+00:00","description":"Ferhalen fan oare bern kinne stipe biede. Want hoe belibje sy in skieding? L\u00eas der mer oer op Scheiden in Friesland.","breadcrumb":{"@id":"https:\/\/scheideninfriesland.nl\/fy-nl\/dyn-alden-gean-utinoar-wat-no\/sa-belibje-oare-bern-in-skieding\/#breadcrumb"},"inLanguage":"fy","potentialAction":[{"@type":"ReadAction","target":["https:\/\/scheideninfriesland.nl\/fy-nl\/dyn-alden-gean-utinoar-wat-no\/sa-belibje-oare-bern-in-skieding\/"]}]},{"@type":"ImageObject","inLanguage":"fy","@id":"https:\/\/scheideninfriesland.nl\/fy-nl\/dyn-alden-gean-utinoar-wat-no\/sa-belibje-oare-bern-in-skieding\/#primaryimage","url":"https:\/\/scheideninfriesland.nl\/wp-content\/uploads\/2021\/09\/ervaringsverhalen.svg","contentUrl":"https:\/\/scheideninfriesland.nl\/wp-content\/uploads\/2021\/09\/ervaringsverhalen.svg","caption":"Twa minsken l\u00eaze ferhalen"},{"@type":"BreadcrumbList","@id":"https:\/\/scheideninfriesland.nl\/fy-nl\/dyn-alden-gean-utinoar-wat-no\/sa-belibje-oare-bern-in-skieding\/#breadcrumb","itemListElement":[{"@type":"ListItem","position":1,"name":"Home","item":"https:\/\/scheideninfriesland.nl\/fy-nl\/"},{"@type":"ListItem","position":2,"name":"Dyn \u00e2lden gean \u00fatinoar. Wat no?","item":"https:\/\/scheideninfriesland.nl\/fy-nl\/dyn-alden-gean-utinoar-wat-no\/"},{"@type":"ListItem","position":3,"name":"Sa belibje oare bern in skieding"}]},{"@type":"WebSite","@id":"https:\/\/scheideninfriesland.nl\/fy-nl\/#website","url":"https:\/\/scheideninfriesland.nl\/fy-nl\/","name":"Scheiden in Friesland","description":"","publisher":{"@id":"https:\/\/scheideninfriesland.nl\/fy-nl\/#organization"},"potentialAction":[{"@type":"SearchAction","target":{"@type":"EntryPoint","urlTemplate":"https:\/\/scheideninfriesland.nl\/fy-nl\/?s={search_term_string}"},"query-input":{"@type":"PropertyValueSpecification","valueRequired":true,"valueName":"search_term_string"}}],"inLanguage":"fy"},{"@type":"Organization","@id":"https:\/\/scheideninfriesland.nl\/fy-nl\/#organization","name":"scheideninfriesland.nl","url":"https:\/\/scheideninfriesland.nl\/fy-nl\/","logo":{"@type":"ImageObject","inLanguage":"fy","@id":"https:\/\/scheideninfriesland.nl\/fy-nl\/#\/schema\/logo\/image\/","url":"http:\/\/scheideninfriesland.nl\/wp-content\/uploads\/2021\/09\/9c86687c-2e5d-bc5b-1e71-48e00398a394-e1632209763466.jpg","contentUrl":"http:\/\/scheideninfriesland.nl\/wp-content\/uploads\/2021\/09\/9c86687c-2e5d-bc5b-1e71-48e00398a394-e1632209763466.jpg","width":894,"height":381,"caption":"scheideninfriesland.nl"},"image":{"@id":"https:\/\/scheideninfriesland.nl\/fy-nl\/#\/schema\/logo\/image\/"}}]}},"_links":{"self":[{"href":"https:\/\/scheideninfriesland.nl\/fy-nl\/wp-json\/wp\/v2\/pages\/1880","targetHints":{"allow":["GET"]}}],"collection":[{"href":"https:\/\/scheideninfriesland.nl\/fy-nl\/wp-json\/wp\/v2\/pages"}],"about":[{"href":"https:\/\/scheideninfriesland.nl\/fy-nl\/wp-json\/wp\/v2\/types\/page"}],"author":[{"embeddable":true,"href":"https:\/\/scheideninfriesland.nl\/fy-nl\/wp-json\/wp\/v2\/users\/2"}],"replies":[{"embeddable":true,"href":"https:\/\/scheideninfriesland.nl\/fy-nl\/wp-json\/wp\/v2\/comments?post=1880"}],"version-history":[{"count":3,"href":"https:\/\/scheideninfriesland.nl\/fy-nl\/wp-json\/wp\/v2\/pages\/1880\/revisions"}],"predecessor-version":[{"id":2041,"href":"https:\/\/scheideninfriesland.nl\/fy-nl\/wp-json\/wp\/v2\/pages\/1880\/revisions\/2041"}],"up":[{"embeddable":true,"href":"https:\/\/scheideninfriesland.nl\/fy-nl\/wp-json\/wp\/v2\/pages\/1825"}],"wp:featuredmedia":[{"embeddable":true,"href":"https:\/\/scheideninfriesland.nl\/fy-nl\/wp-json\/wp\/v2\/media\/1673"}],"wp:attachment":[{"href":"https:\/\/scheideninfriesland.nl\/fy-nl\/wp-json\/wp\/v2\/media?parent=1880"}],"curies":[{"name":"wp","href":"https:\/\/api.w.org\/{rel}","templated":true}]}}