{"id":1882,"date":"2021-12-30T13:27:35","date_gmt":"2021-12-30T13:27:35","guid":{"rendered":"http:\/\/scheideninfriesland.nl\/dyn-alden-gean-utinoar-wat-no\/help-foar-bern-en-jongerein-by-in-skieding\/"},"modified":"2021-12-30T13:27:37","modified_gmt":"2021-12-30T13:27:37","slug":"help-foar-bern-en-jongerein-by-in-skieding","status":"publish","type":"page","link":"https:\/\/scheideninfriesland.nl\/fy-nl\/dyn-alden-gean-utinoar-wat-no\/help-foar-bern-en-jongerein-by-in-skieding\/","title":{"rendered":"Help foar bern en jongerein by in skieding"},"content":{"rendered":"\n<div class=\"wp-block-columns is-layout-flex wp-container-core-columns-is-layout-9d6595d7 wp-block-columns-is-layout-flex\">\n<div class=\"wp-block-column is-layout-flow wp-block-column-is-layout-flow\" style=\"flex-basis:25%\"><\/div>\n\n\n\n<div class=\"wp-block-column is-layout-flow wp-block-column-is-layout-flow\" style=\"flex-basis:50%\">\n<h2 class=\"wp-block-heading\">Help foar alle bern by in skieding <\/h2>\n\n\n\n<p>Op de webside fan KIES fynst in soad help. Se kinne dy by KIES helpe mei persoanlike begelieding, begelieding yn lytse groepkes of helpe dy en dyn \u00e2lden tegearre om better om te gean mei de skieding. It makket net \u00fat oft dyn \u00e2lden noch mar krekt skieden binne, of al in skoftsje \u00fatinoar binne.<\/p>\n\n\n\n<p>Foar KIES moatst dy oanmelde fia skoalle of it gebietsteam<\/p>\n\n\n\n \n\n<div id=\"block_613236f160408\" data-block-name=\"buttons\" class=\" align \">\n\n    <div class=\"wrap layout-row align-start\">\n         <a href=\"https:\/\/kiesvoorhetkind.nl\/kies-voor-kinderen-en-jongeren\" target=\"_blank\" class=\"btn  btn-secondary\">\n        Gean nei KIES        <i class=\"fas fa-external-link-alt\" aria-hidden=\"true\"><\/i>    <\/a>\n        <\/div>\n   \n<\/div> \n\n\n\n\n\n<div style=\"height:40px\" aria-hidden=\"true\" class=\"wp-block-spacer\"><\/div>\n\n\n\n<p>Binne dyn \u00e2lders noch mar krekt \u00fatinoar, of geane se aanst \u00fatinoar? Dan kin de s\u00e2nkastelemetoade dy miskien wol helpe! Dit programma jout bern tusken 4 en 17 jier in steuntsje yn&#8217;e r\u00each. Se leare dy te begripen wat der allegearre bart by in skieding en hoe &#8216;t je d\u00earmei omgean kinne. <\/p>\n\n\n\n \n\n<div id=\"block_613237506040a\" data-block-name=\"buttons\" class=\" align \">\n\n    <div class=\"wrap layout-row align-start\">\n         <a href=\"https:\/\/www.scheidingswijze.nl\/het-zandkastelenprogramma\/\" target=\"_blank\" class=\"btn  btn-secondary\">\n        Mear oer de s\u00e2nkastelemetoade        <i class=\"fas fa-external-link-alt\" aria-hidden=\"true\"><\/i>    <\/a>\n        <\/div>\n   \n<\/div> \n\n\n<\/div>\n\n\n\n<div class=\"wp-block-column is-layout-flow wp-block-column-is-layout-flow\" style=\"flex-basis:25%\"><\/div>\n<\/div>\n\n\n \n<div id=\"block_613237916040c\"  data-block-name=\"kader\" class=\"alignfull blue\">\n\n    \n     \n\n<div class=\"wp-block-columns is-layout-flex wp-container-core-columns-is-layout-9d6595d7 wp-block-columns-is-layout-flex\">\n<div class=\"wp-block-column is-layout-flow wp-block-column-is-layout-flow\" style=\"flex-basis:50%\">\n<h2 class=\"wp-block-heading\"><strong>Foar jonge bern<\/strong><\/h2>\n\n\n\n<p>Foar bern fan 4 oant 6 jier kin de groepsskyldpod Sam helpe om mei de skieding om te gean. Sam fertelt bygelyks hoe&#8217;t er omgiet mei de skieding fan syn eigen \u00e2lden. Mei in gesellich en boartlik groepsprogramma heart it bern by de Stoere Skyldpoddegroep. <\/p>\n\n\n\n \n\n<div id=\"block_613237b96040d\" data-block-name=\"buttons\" class=\" align \">\n\n    <div class=\"wrap layout-row align-start\">\n         <a href=\"https:\/\/dapperedino.nl\/stoere-schildpadden\/\" target=\"_blank\" class=\"btn  btn-secondary\">\n        Nei COPID NL        <i class=\"fas fa-external-link-alt\" aria-hidden=\"true\"><\/i>    <\/a>\n        <\/div>\n   \n<\/div> \n\n\n\n\n\n<div style=\"height:40px\" aria-hidden=\"true\" class=\"wp-block-spacer\"><\/div>\n\n\n\n<p>Foar bern tusken 6 en 8 jier hat Jonge Helden it Dappere Dinoprogramma. Spesjaal foar bern dy&#8217;t te krijen hawwe mei in skieding. De Dappere Dino\u2019s helpe om op in goede wize de skieding troch te kommen. <\/p>\n\n\n\n \n\n<div id=\"block_61323b2d29de1\" data-block-name=\"buttons\" class=\" align \">\n\n    <div class=\"wrap layout-row align-start\">\n         <a href=\"https:\/\/jongehelden.nl\/jonge-heldenprogramma-s\" target=\"_blank\" class=\"btn  btn-secondary\">\n        Nei it Dappere Dinoprogramma        <i class=\"fas fa-external-link-alt\" aria-hidden=\"true\"><\/i>    <\/a>\n        <\/div>\n   \n<\/div> \n\n\n<\/div>\n\n\n\n<div class=\"wp-block-column is-vertically-aligned-bottom is-layout-flow wp-block-column-is-layout-flow\" style=\"flex-basis:50%\">\n<figure class=\"wp-block-image size-full is-resized\"><img decoding=\"async\" src=\"http:\/\/scheideninfriesland.nl\/wp-content\/uploads\/\/2021\/09\/scheiden-in-friesland-kind-op-doos.svg\" alt=\"\" class=\"wp-image-1698\" width=\"504\" height=\"438\"\/><\/figure>\n<\/div>\n<\/div>\n\n\n\n   \n\n \n\n<\/div>\n\n\n\n\n \n<div id=\"block_61323f0029de3\"  data-block-name=\"kader\" class=\"alignfull orange\">\n\n    \n     \n\n<div class=\"wp-block-columns is-layout-flex wp-container-core-columns-is-layout-9d6595d7 wp-block-columns-is-layout-flex\">\n<div class=\"wp-block-column is-layout-flow wp-block-column-is-layout-flow\" style=\"flex-basis:66%\">\n<h2 class=\"wp-block-heading\">Help op skoalle<\/h2>\n\n\n\n<p>Jonge helden kin dy en dyn klasgenoatsjes ek helpe op skoalle. Mei de kameleonprogramma\u2019s dogge se dat. Se hawwe ien foar de basisskoalle en ien foar fuortset \u00fbnderwiis. Sy helpe om de skieding better te begripen en der better mei om te gean. Sjoch op de webside foar mear ynformaasje, of oerlis ris mei dyn juf, master of dosint. <\/p>\n\n\n\n<p>Foar it Heldenprogramma moatte je je oanmelde fia skoalle of it gebietsteam.<\/p>\n\n\n\n \n\n<div id=\"block_61323f2829de4\" data-block-name=\"buttons\" class=\" align \">\n\n    <div class=\"wrap layout-row align-start\">\n         <a href=\"https:\/\/jongehelden.nl\/jonge-heldenprogramma-s\" target=\"_blank\" class=\"btn  btn-secondary\">\n        Nei it Heldenprogramma        <i class=\"fas fa-external-link-alt\" aria-hidden=\"true\"><\/i>    <\/a>\n        <\/div>\n   \n<\/div> \n\n\n<\/div>\n\n\n\n<div class=\"wp-block-column is-layout-flow wp-block-column-is-layout-flow\" style=\"flex-basis:33%\">\n\n \n<div id=\"block_61323f8129de6\"  data-block-name=\"quote\" class=\"alignfull pink   \">\n\n  <svg class=\"sideleft\" xmlns=\"http:\/\/www.w3.org\/2000\/svg\"  preserveAspectRatio=\"none\" viewBox=\"0 0 5.468 78.721\" >\n      <path d=\"M5.468 0v78.72S-.252 55.73.008 38.04C.18 26.447 5.469 0 5.469 0z\" fill=\"red\"\/>\n  <\/svg>\n\n\n      <div class=\"wrap\">\n        <div class=\"quote\">\n          <div class=\"mark-top\">\u275d<\/div>\n          Troch it Kameleonprogramma snappe myn freonen no better hoe &#8216;t it foar my is dat myn \u00e2lden \u00fatinoar binne.           <div class=\"mark-bottom\">\u275e<\/div>\n        <\/div>\n\n \n        <div class=\"naam\">\n          Joast        <\/div>\n\n        <div class=\"relatie\">\n                  <\/div>\n\n        <svg class=\"circles\" xmlns=\"http:\/\/www.w3.org\/2000\/svg\" viewBox=\"0 0 73.483 66.817\" >\n    <g transform=\"translate(-8.569 -6.42)\" fill=\"red\">\n        <circle r=\"20.58\" cy=\"52.657\" cx=\"29.148\"\/>\n        <circle r=\"6.949\" cy=\"13.369\" cx=\"48.638\"\/>\n        <circle r=\"11.76\" cy=\"32.874\" cx=\"70.292\"\/>\n    <\/g>\n<\/svg>\n\n\n      <\/div>\n\n      <svg class=\"sideright\" preserveAspectRatio=\"none\"  xmlns=\"http:\/\/www.w3.org\/2000\/svg\" viewBox=\"0 0 5.468 78.721\">\n    <path d=\"m-.088.088.176 78.545S5.751 49.269 5.46 34.429C5.232 22.836-.088.09-.088.09z\" fill=\"red\"\/>\n<\/svg>\n\n     \n\n\n<\/div>\n\n\n<\/div>\n<\/div>\n\n\n\n   \n\n \n\n<\/div>\n\n\n\n\n \n<div id=\"block_6132428529de8\"  data-block-name=\"kader\" class=\"alignfull white\">\n\n    \n     \n\n<h2 class=\"has-text-align-center wp-block-heading\">Leuke en behelpsume boeken foar jongerein <\/h2>\n\n\n\n<div style=\"height:40px\" aria-hidden=\"true\" class=\"wp-block-spacer\"><\/div>\n\n\n\n<div class=\"wp-block-columns is-layout-flex wp-container-core-columns-is-layout-9d6595d7 wp-block-columns-is-layout-flex\">\n<div class=\"wp-block-column is-layout-flow wp-block-column-is-layout-flow\" style=\"flex-basis:50%\">\n<p><strong>Bang Boos Blij <\/strong>fan Kathleen Amant<br\/>Bern 1 &#8211; 3 jier<\/p>\n\n\n\n<p><strong>Lewis woont in twee huizen <\/strong>fan Kathleen Amant<br\/>Bern fan 2,5 jier \u00f4f<\/p>\n\n\n\n<p><strong>Sloompje Slak &#8211; het gebroken huis<\/strong> fan Claudia Hass<br\/>Bern 3 &#8211; 8 jier<\/p>\n\n\n\n<p><strong>Kamil, de groene kameleon <\/strong>fan Danielle Steggink<br\/>Bern 4 &#8211; 6 jier<\/p>\n\n\n\n<p><strong>Heen en weer <\/strong>fan Marja Baseler&#13;\nBern fan 4 jier \u00f4f<\/p>\n\n\n\n<p><strong>Thuis bij allebei <\/strong>fan Mike van Dam<br\/>B&#13;\nern 4 &#8211; 7 jier<\/p>\n\n\n\n<p><strong>We zullen er altijd voor je zijn <\/strong>fan Harriet Grundmann<br\/>Bern fan 5 jier \u00f4f<\/p>\n\n\n\n<p><strong>Van alles twee <\/strong>fan Martine Delfos<br\/>Bern fan 4 &#8211; 8 jier<\/p>\n<\/div>\n\n\n\n<div class=\"wp-block-column is-layout-flow wp-block-column-is-layout-flow\" style=\"flex-basis:50%\">\n<p><strong>Tim ertussenin <\/strong>door Tim Douwsma<br\/>Bern fan 8 jier \u00f4f<\/p>\n\n\n\n<p><strong>Papa en mama wonen apart <\/strong>fan Annemiek van der Steen &amp; Jolanda van Dam<br\/>Bern 6 &#8211; 7 jier<\/p>\n\n\n\n<p><strong>Ik ben Noor &#8211; mijn papa en mama gaan scheiden<\/strong> fan Marjon Veldman<br\/>Bern 6 &#8211; 10 jier<\/p>\n\n\n\n<p><strong>Uit elkaar<\/strong> door Bette Westera &amp; Sylvia Weve<br\/>Bern fan 9 jier<\/p>\n\n\n\n<p><strong>Scheid!<\/strong> door Liesbeth Vijfvinkel, Jeanette Jonker en Claudia Lagerman<br\/>Berm fan 10 jier \u00f4f<\/p>\n\n\n\n<p><strong>Mijn vader woont in het tuinhuis <\/strong>door Jacques Vriens<br\/>Bern fan 10 jier \u00f4f<\/p>\n\n\n\n<p><strong>Allebei even lief<\/strong> door Jacques Vriens<br\/>Bern fan 4 jier<\/p>\n<\/div>\n<\/div>\n\n\n\n   \n\n \n\n<\/div>\n\n\n\n<div class=\"wp-block-columns is-layout-flex wp-container-core-columns-is-layout-9d6595d7 wp-block-columns-is-layout-flex\">\n<div class=\"wp-block-column is-layout-flow wp-block-column-is-layout-flow\" style=\"flex-basis:25%\"><\/div>\n\n\n\n<div class=\"wp-block-column is-layout-flow wp-block-column-is-layout-flow\" style=\"flex-basis:50%\">\n<p class=\"has-text-align-left\">Benijd nei mear boeken foar bern en jongerein as help by in skieding?<\/p>\n\n\n\n \n\n<div id=\"block_6132430e29de9\" data-block-name=\"buttons\" class=\" align \">\n\n    <div class=\"wrap layout-row align-start\">\n         <a href=\"https:\/\/www.kenniscentrumkindenscheiding.nl\/pagina\/boeken-over-scheiding\" target=\"_blank\" class=\"btn  btn-secondary\">\n        Boeken foar bern en jongerein        <i class=\"fas fa-external-link-alt\" aria-hidden=\"true\"><\/i>    <\/a>\n        <\/div>\n   \n<\/div> \n\n\n<\/div>\n\n\n\n<div class=\"wp-block-column is-layout-flow wp-block-column-is-layout-flow\" style=\"flex-basis:25%\"><\/div>\n<\/div>\n\n<p><\/p>\n","protected":false},"excerpt":{"rendered":"<p>Help foar alle bern by in skieding Op de webside fan KIES fynst in soad help. Se kinne dy by KIES helpe mei persoanlike begelieding, begelieding yn lytse groepkes of helpe dy en dyn \u00e2lden tegearre om better om te gean mei de skieding. It makket net \u00fat oft dyn \u00e2lden noch mar krekt skieden binne, of al in skoftsje \u00fatinoar binne. Foar KIES moatst dy oanmelde fia skoalle of it gebietsteam Binne dyn \u00e2lders noch mar krekt \u00fatinoar, of geane se aanst \u00fatinoar? Dan kin de s\u00e2nkastelemetoade dy miskien wol helpe! Dit programma jout bern tusken 4 en 17 jier in steuntsje yn&#8217;e r\u00each. Se leare dy te begripen wat der allegearre bart by in skieding en hoe &#8216;t je d\u00earmei omgean kinne. Benijd nei mear boeken foar bern en jongerein as help by in<\/p>\n","protected":false},"author":2,"featured_media":1681,"parent":1825,"menu_order":15,"comment_status":"closed","ping_status":"closed","template":"","meta":{"_acf_changed":false,"inline_featured_image":false,"footnotes":""},"class_list":["post-1882","page","type-page","status-publish","has-post-thumbnail","hentry"],"acf":[],"yoast_head":"<!-- This site is optimized with the Yoast SEO plugin v27.3 - https:\/\/yoast.com\/product\/yoast-seo-wordpress\/ -->\n<title>Help foar bern en jongerein by in skieding<\/title>\n<meta name=\"description\" content=\"Der is help foar dy as bern by in skieding. Hjir l\u00easto w\u00eartst terjochte kinst foar help th\u00fas, op skoalle en moaie boeken.\" \/>\n<meta name=\"robots\" content=\"index, follow, max-snippet:-1, max-image-preview:large, max-video-preview:-1\" \/>\n<link rel=\"canonical\" href=\"https:\/\/scheideninfriesland.nl\/fy-nl\/dyn-alden-gean-utinoar-wat-no\/help-foar-bern-en-jongerein-by-in-skieding\/\" \/>\n<meta property=\"og:locale\" content=\"en_US\" \/>\n<meta property=\"og:type\" content=\"article\" \/>\n<meta property=\"og:title\" content=\"Help foar bern en jongerein by in skieding\" \/>\n<meta property=\"og:description\" content=\"Der is help foar dy as bern by in skieding. Hjir l\u00easto w\u00eartst terjochte kinst foar help th\u00fas, op skoalle en moaie boeken.\" \/>\n<meta property=\"og:url\" content=\"https:\/\/scheideninfriesland.nl\/fy-nl\/dyn-alden-gean-utinoar-wat-no\/help-foar-bern-en-jongerein-by-in-skieding\/\" \/>\n<meta property=\"og:site_name\" content=\"Scheiden in Friesland\" \/>\n<meta property=\"article:modified_time\" content=\"2021-12-30T13:27:37+00:00\" \/>\n<meta name=\"twitter:card\" content=\"summary_large_image\" \/>\n<meta name=\"twitter:label1\" content=\"Est. reading time\" \/>\n\t<meta name=\"twitter:data1\" content=\"2 minutes\" \/>\n<script type=\"application\/ld+json\" class=\"yoast-schema-graph\">{\"@context\":\"https:\\\/\\\/schema.org\",\"@graph\":[{\"@type\":\"WebPage\",\"@id\":\"https:\\\/\\\/scheideninfriesland.nl\\\/fy-nl\\\/dyn-alden-gean-utinoar-wat-no\\\/help-foar-bern-en-jongerein-by-in-skieding\\\/\",\"url\":\"https:\\\/\\\/scheideninfriesland.nl\\\/fy-nl\\\/dyn-alden-gean-utinoar-wat-no\\\/help-foar-bern-en-jongerein-by-in-skieding\\\/\",\"name\":\"Help foar bern en jongerein by in skieding\",\"isPartOf\":{\"@id\":\"https:\\\/\\\/scheideninfriesland.nl\\\/fy-nl\\\/#website\"},\"primaryImageOfPage\":{\"@id\":\"https:\\\/\\\/scheideninfriesland.nl\\\/fy-nl\\\/dyn-alden-gean-utinoar-wat-no\\\/help-foar-bern-en-jongerein-by-in-skieding\\\/#primaryimage\"},\"image\":{\"@id\":\"https:\\\/\\\/scheideninfriesland.nl\\\/fy-nl\\\/dyn-alden-gean-utinoar-wat-no\\\/help-foar-bern-en-jongerein-by-in-skieding\\\/#primaryimage\"},\"thumbnailUrl\":\"https:\\\/\\\/scheideninfriesland.nl\\\/wp-content\\\/uploads\\\/2021\\\/09\\\/kinderen_en_jongeren.svg\",\"datePublished\":\"2021-12-30T13:27:35+00:00\",\"dateModified\":\"2021-12-30T13:27:37+00:00\",\"description\":\"Der is help foar dy as bern by in skieding. Hjir l\u00easto w\u00eartst terjochte kinst foar help th\u00fas, op skoalle en moaie boeken.\",\"breadcrumb\":{\"@id\":\"https:\\\/\\\/scheideninfriesland.nl\\\/fy-nl\\\/dyn-alden-gean-utinoar-wat-no\\\/help-foar-bern-en-jongerein-by-in-skieding\\\/#breadcrumb\"},\"inLanguage\":\"fy\",\"potentialAction\":[{\"@type\":\"ReadAction\",\"target\":[\"https:\\\/\\\/scheideninfriesland.nl\\\/fy-nl\\\/dyn-alden-gean-utinoar-wat-no\\\/help-foar-bern-en-jongerein-by-in-skieding\\\/\"]}]},{\"@type\":\"ImageObject\",\"inLanguage\":\"fy\",\"@id\":\"https:\\\/\\\/scheideninfriesland.nl\\\/fy-nl\\\/dyn-alden-gean-utinoar-wat-no\\\/help-foar-bern-en-jongerein-by-in-skieding\\\/#primaryimage\",\"url\":\"https:\\\/\\\/scheideninfriesland.nl\\\/wp-content\\\/uploads\\\/2021\\\/09\\\/kinderen_en_jongeren.svg\",\"contentUrl\":\"https:\\\/\\\/scheideninfriesland.nl\\\/wp-content\\\/uploads\\\/2021\\\/09\\\/kinderen_en_jongeren.svg\",\"caption\":\"kinderen rondom verhuisdoos\"},{\"@type\":\"BreadcrumbList\",\"@id\":\"https:\\\/\\\/scheideninfriesland.nl\\\/fy-nl\\\/dyn-alden-gean-utinoar-wat-no\\\/help-foar-bern-en-jongerein-by-in-skieding\\\/#breadcrumb\",\"itemListElement\":[{\"@type\":\"ListItem\",\"position\":1,\"name\":\"Home\",\"item\":\"https:\\\/\\\/scheideninfriesland.nl\\\/fy-nl\\\/\"},{\"@type\":\"ListItem\",\"position\":2,\"name\":\"Dyn \u00e2lden gean \u00fatinoar. Wat no?\",\"item\":\"https:\\\/\\\/scheideninfriesland.nl\\\/fy-nl\\\/dyn-alden-gean-utinoar-wat-no\\\/\"},{\"@type\":\"ListItem\",\"position\":3,\"name\":\"Help foar bern en jongerein by in skieding\"}]},{\"@type\":\"WebSite\",\"@id\":\"https:\\\/\\\/scheideninfriesland.nl\\\/fy-nl\\\/#website\",\"url\":\"https:\\\/\\\/scheideninfriesland.nl\\\/fy-nl\\\/\",\"name\":\"Scheiden in Friesland\",\"description\":\"\",\"publisher\":{\"@id\":\"https:\\\/\\\/scheideninfriesland.nl\\\/fy-nl\\\/#organization\"},\"potentialAction\":[{\"@type\":\"SearchAction\",\"target\":{\"@type\":\"EntryPoint\",\"urlTemplate\":\"https:\\\/\\\/scheideninfriesland.nl\\\/fy-nl\\\/?s={search_term_string}\"},\"query-input\":{\"@type\":\"PropertyValueSpecification\",\"valueRequired\":true,\"valueName\":\"search_term_string\"}}],\"inLanguage\":\"fy\"},{\"@type\":\"Organization\",\"@id\":\"https:\\\/\\\/scheideninfriesland.nl\\\/fy-nl\\\/#organization\",\"name\":\"scheideninfriesland.nl\",\"url\":\"https:\\\/\\\/scheideninfriesland.nl\\\/fy-nl\\\/\",\"logo\":{\"@type\":\"ImageObject\",\"inLanguage\":\"fy\",\"@id\":\"https:\\\/\\\/scheideninfriesland.nl\\\/fy-nl\\\/#\\\/schema\\\/logo\\\/image\\\/\",\"url\":\"http:\\\/\\\/scheideninfriesland.nl\\\/wp-content\\\/uploads\\\/2021\\\/09\\\/9c86687c-2e5d-bc5b-1e71-48e00398a394-e1632209763466.jpg\",\"contentUrl\":\"http:\\\/\\\/scheideninfriesland.nl\\\/wp-content\\\/uploads\\\/2021\\\/09\\\/9c86687c-2e5d-bc5b-1e71-48e00398a394-e1632209763466.jpg\",\"width\":894,\"height\":381,\"caption\":\"scheideninfriesland.nl\"},\"image\":{\"@id\":\"https:\\\/\\\/scheideninfriesland.nl\\\/fy-nl\\\/#\\\/schema\\\/logo\\\/image\\\/\"}}]}<\/script>\n<!-- \/ Yoast SEO plugin. -->","yoast_head_json":{"title":"Help foar bern en jongerein by in skieding","description":"Der is help foar dy as bern by in skieding. Hjir l\u00easto w\u00eartst terjochte kinst foar help th\u00fas, op skoalle en moaie boeken.","robots":{"index":"index","follow":"follow","max-snippet":"max-snippet:-1","max-image-preview":"max-image-preview:large","max-video-preview":"max-video-preview:-1"},"canonical":"https:\/\/scheideninfriesland.nl\/fy-nl\/dyn-alden-gean-utinoar-wat-no\/help-foar-bern-en-jongerein-by-in-skieding\/","og_locale":"en_US","og_type":"article","og_title":"Help foar bern en jongerein by in skieding","og_description":"Der is help foar dy as bern by in skieding. Hjir l\u00easto w\u00eartst terjochte kinst foar help th\u00fas, op skoalle en moaie boeken.","og_url":"https:\/\/scheideninfriesland.nl\/fy-nl\/dyn-alden-gean-utinoar-wat-no\/help-foar-bern-en-jongerein-by-in-skieding\/","og_site_name":"Scheiden in Friesland","article_modified_time":"2021-12-30T13:27:37+00:00","twitter_card":"summary_large_image","twitter_misc":{"Est. reading time":"2 minutes"},"schema":{"@context":"https:\/\/schema.org","@graph":[{"@type":"WebPage","@id":"https:\/\/scheideninfriesland.nl\/fy-nl\/dyn-alden-gean-utinoar-wat-no\/help-foar-bern-en-jongerein-by-in-skieding\/","url":"https:\/\/scheideninfriesland.nl\/fy-nl\/dyn-alden-gean-utinoar-wat-no\/help-foar-bern-en-jongerein-by-in-skieding\/","name":"Help foar bern en jongerein by in skieding","isPartOf":{"@id":"https:\/\/scheideninfriesland.nl\/fy-nl\/#website"},"primaryImageOfPage":{"@id":"https:\/\/scheideninfriesland.nl\/fy-nl\/dyn-alden-gean-utinoar-wat-no\/help-foar-bern-en-jongerein-by-in-skieding\/#primaryimage"},"image":{"@id":"https:\/\/scheideninfriesland.nl\/fy-nl\/dyn-alden-gean-utinoar-wat-no\/help-foar-bern-en-jongerein-by-in-skieding\/#primaryimage"},"thumbnailUrl":"https:\/\/scheideninfriesland.nl\/wp-content\/uploads\/2021\/09\/kinderen_en_jongeren.svg","datePublished":"2021-12-30T13:27:35+00:00","dateModified":"2021-12-30T13:27:37+00:00","description":"Der is help foar dy as bern by in skieding. Hjir l\u00easto w\u00eartst terjochte kinst foar help th\u00fas, op skoalle en moaie boeken.","breadcrumb":{"@id":"https:\/\/scheideninfriesland.nl\/fy-nl\/dyn-alden-gean-utinoar-wat-no\/help-foar-bern-en-jongerein-by-in-skieding\/#breadcrumb"},"inLanguage":"fy","potentialAction":[{"@type":"ReadAction","target":["https:\/\/scheideninfriesland.nl\/fy-nl\/dyn-alden-gean-utinoar-wat-no\/help-foar-bern-en-jongerein-by-in-skieding\/"]}]},{"@type":"ImageObject","inLanguage":"fy","@id":"https:\/\/scheideninfriesland.nl\/fy-nl\/dyn-alden-gean-utinoar-wat-no\/help-foar-bern-en-jongerein-by-in-skieding\/#primaryimage","url":"https:\/\/scheideninfriesland.nl\/wp-content\/uploads\/2021\/09\/kinderen_en_jongeren.svg","contentUrl":"https:\/\/scheideninfriesland.nl\/wp-content\/uploads\/2021\/09\/kinderen_en_jongeren.svg","caption":"kinderen rondom verhuisdoos"},{"@type":"BreadcrumbList","@id":"https:\/\/scheideninfriesland.nl\/fy-nl\/dyn-alden-gean-utinoar-wat-no\/help-foar-bern-en-jongerein-by-in-skieding\/#breadcrumb","itemListElement":[{"@type":"ListItem","position":1,"name":"Home","item":"https:\/\/scheideninfriesland.nl\/fy-nl\/"},{"@type":"ListItem","position":2,"name":"Dyn \u00e2lden gean \u00fatinoar. Wat no?","item":"https:\/\/scheideninfriesland.nl\/fy-nl\/dyn-alden-gean-utinoar-wat-no\/"},{"@type":"ListItem","position":3,"name":"Help foar bern en jongerein by in skieding"}]},{"@type":"WebSite","@id":"https:\/\/scheideninfriesland.nl\/fy-nl\/#website","url":"https:\/\/scheideninfriesland.nl\/fy-nl\/","name":"Scheiden in Friesland","description":"","publisher":{"@id":"https:\/\/scheideninfriesland.nl\/fy-nl\/#organization"},"potentialAction":[{"@type":"SearchAction","target":{"@type":"EntryPoint","urlTemplate":"https:\/\/scheideninfriesland.nl\/fy-nl\/?s={search_term_string}"},"query-input":{"@type":"PropertyValueSpecification","valueRequired":true,"valueName":"search_term_string"}}],"inLanguage":"fy"},{"@type":"Organization","@id":"https:\/\/scheideninfriesland.nl\/fy-nl\/#organization","name":"scheideninfriesland.nl","url":"https:\/\/scheideninfriesland.nl\/fy-nl\/","logo":{"@type":"ImageObject","inLanguage":"fy","@id":"https:\/\/scheideninfriesland.nl\/fy-nl\/#\/schema\/logo\/image\/","url":"http:\/\/scheideninfriesland.nl\/wp-content\/uploads\/2021\/09\/9c86687c-2e5d-bc5b-1e71-48e00398a394-e1632209763466.jpg","contentUrl":"http:\/\/scheideninfriesland.nl\/wp-content\/uploads\/2021\/09\/9c86687c-2e5d-bc5b-1e71-48e00398a394-e1632209763466.jpg","width":894,"height":381,"caption":"scheideninfriesland.nl"},"image":{"@id":"https:\/\/scheideninfriesland.nl\/fy-nl\/#\/schema\/logo\/image\/"}}]}},"_links":{"self":[{"href":"https:\/\/scheideninfriesland.nl\/fy-nl\/wp-json\/wp\/v2\/pages\/1882","targetHints":{"allow":["GET"]}}],"collection":[{"href":"https:\/\/scheideninfriesland.nl\/fy-nl\/wp-json\/wp\/v2\/pages"}],"about":[{"href":"https:\/\/scheideninfriesland.nl\/fy-nl\/wp-json\/wp\/v2\/types\/page"}],"author":[{"embeddable":true,"href":"https:\/\/scheideninfriesland.nl\/fy-nl\/wp-json\/wp\/v2\/users\/2"}],"replies":[{"embeddable":true,"href":"https:\/\/scheideninfriesland.nl\/fy-nl\/wp-json\/wp\/v2\/comments?post=1882"}],"version-history":[{"count":1,"href":"https:\/\/scheideninfriesland.nl\/fy-nl\/wp-json\/wp\/v2\/pages\/1882\/revisions"}],"predecessor-version":[{"id":1883,"href":"https:\/\/scheideninfriesland.nl\/fy-nl\/wp-json\/wp\/v2\/pages\/1882\/revisions\/1883"}],"up":[{"embeddable":true,"href":"https:\/\/scheideninfriesland.nl\/fy-nl\/wp-json\/wp\/v2\/pages\/1825"}],"wp:featuredmedia":[{"embeddable":true,"href":"https:\/\/scheideninfriesland.nl\/fy-nl\/wp-json\/wp\/v2\/media\/1681"}],"wp:attachment":[{"href":"https:\/\/scheideninfriesland.nl\/fy-nl\/wp-json\/wp\/v2\/media?parent=1882"}],"curies":[{"name":"wp","href":"https:\/\/api.w.org\/{rel}","templated":true}]}}