{"id":1965,"date":"2022-01-03T14:52:54","date_gmt":"2022-01-03T14:52:54","guid":{"rendered":"http:\/\/scheideninfriesland.nl\/fyn-de-goede-ynformaasje-en-help-by-in-skieding-yn-fryslan\/begjin-mei-it-regeljen-fan-dyn-skieding\/besittingen-ferdiele-by-in-skeiding\/"},"modified":"2022-02-24T12:44:38","modified_gmt":"2022-02-24T12:44:38","slug":"besittingen-ferdiele-by-in-skeiding","status":"publish","type":"page","link":"https:\/\/scheideninfriesland.nl\/fy-nl\/eks-partners\/skieding-regeljen\/besittingen-ferdiele-by-in-skeiding\/","title":{"rendered":"Besittingen ferdiele by in skeiding"},"content":{"rendered":"\n<div class=\"wp-block-columns is-layout-flex wp-container-core-columns-is-layout-9d6595d7 wp-block-columns-is-layout-flex\">\n<div class=\"wp-block-column is-layout-flow wp-block-column-is-layout-flow\" style=\"flex-basis:25%\"><\/div>\n\n\n\n<div class=\"wp-block-column is-layout-flow wp-block-column-is-layout-flow\" style=\"flex-basis:50%\">\n<h2 class=\"wp-block-heading\">Sa begjinst it ferdielen <\/h2>\n\n\n\n<p>Om saken te ferdielen is it goed om te witten wat de wearde fan it guod is. It is d\u00earom handich om te begjinnen mei it opstellen fan in list mei guod en oar te ferdielen saken. Ast ynsichtlik hast wat der allegear ferdield wurde moat, is it ferdielen in stik makliker. <\/p>\n\n\n\n<p><strong>Roerende saken<\/strong><br>Roerende saken binne saken dy&#8217;t net f\u00eastsitte oan de wenning. Dus d\u00ear falt bygelyks de ynboel \u00fbnder: meubels, laptops, keukenapparatuer en oar &#8216;los&#8217; guod yn en om dyn h\u00fbs. Auto\u2019s hearre ek by roerende saken. It is dus handich om d\u00ear in list fan te meitsjen en d\u00earnei per foarwerp de wearde by te setten. Op dy wize kinne jim it goed ferdiele en it eventuele ferskil yn wearde d\u00earnei ferrekkenje.<br><\/p>\n\n\n\n<p><strong>Finansjele saken<\/strong><br>Njonken de boppesteande saken binne der ek finansjele saken om te ferdielen. Tink oan jild, mar ek skulden, lieningen, fersekeringen en pensjoen. Meitsje in list fan de finansjele saken dy &#8216;t te ferdielen binne en gean foar elk \u00fbnderdiel te wurk. Omdat der b\u00east in soad banksaken en oare finansjele \u00fbnderdielen binne om \u00f4fspraken oer te meitsjen, hawwe wy it yn \u00fas tsjeklist oersichtlik foar dy makke.<\/p>\n\n\n\n \n\n<div id=\"block_6133c7e815794\" data-block-name=\"buttons\" class=\" align \">\n\n    <div class=\"wrap layout-row align-start\">\n         <a href=\"http:\/\/scheideninfriesland.nl\/fy-nl\/eks-partners\/skieding-regeljen\/regelje-dyn-skieding-goed-mei-us-tsjeklist\/\" target=\"\" class=\"btn  btn-secondary\">\n        Oan\u2019e gong mei de tsjeklist        <i class=\"fas fa-arrow-right\" aria-hidden=\"true\"><\/i>    <\/a>\n        <\/div>\n   \n<\/div> \n\n\n\n\n\n<div style=\"height:40px\" aria-hidden=\"true\" class=\"wp-block-spacer\"><\/div>\n\n\n\n<p><strong>De wenning<\/strong><br>Om de wenning te ferdielen hoechst gjin list op te stellen. Mar der moatte wol \u00f4fspraken oer makke wurde. By it ferdielen fan de wenning komt in soad te sjen. Geane jim it h\u00fbs ferkeapjen en beide earne oars wenje? Bliuwt ien fan jimme yn it h\u00fbs te wenjen? Wat bart der mei de hypoteek? It antwurd op al dy fragen kinst fine op \u00fas side oer keapwenten.<\/p>\n\n\n\n \n\n<div id=\"block_6133c83c15796\" data-block-name=\"buttons\" class=\" align \">\n\n    <div class=\"wrap layout-row align-start\">\n         <a href=\"http:\/\/scheideninfriesland.nl\/fy-nl\/eks-partners\/skieding-regeljen\/ofspraken-oer-de-wenning-by-in-skieding\/\" target=\"\" class=\"btn  btn-secondary\">\n        Wenning ferdiele         <i class=\"fas fa-arrow-right\" aria-hidden=\"true\"><\/i>    <\/a>\n        <\/div>\n   \n<\/div> \n\n\n<\/div>\n\n\n\n<div class=\"wp-block-column is-layout-flow wp-block-column-is-layout-flow\" style=\"flex-basis:25%\"><\/div>\n<\/div>\n\n\n\n\n<div id=\"block_6133c88d15798\" data-block-name=\"doorverwijzingen\" class=\"aligncenter \">\n    <div class=\"intro\">\n        <h2> Help by it ferdielen  <\/h2>\n        <div class=\"text\">\n            <p>Dizze sites jouwe mear ynsjoch yn hoe&#8217;tst omgean kinst mei de ferdieling fan dyn ynboel, skulden en besittingen: <\/p>\n        <\/div>\n    <\/div>\n\n    <div class=\"posts\">\n                <div class=\"post\">\n\n            <svg class=\"circles\" xmlns=\"http:\/\/www.w3.org\/2000\/svg\" viewBox=\"0 0 73.483 66.817\">\n                <g transform=\"translate(-8.569 -6.42)\" fill=\"red\">\n                    <circle r=\"20.58\" cy=\"52.657\" cx=\"29.148\" \/>\n                    <circle r=\"6.949\" cy=\"13.369\" cx=\"48.638\" \/>\n                    <circle r=\"11.76\" cy=\"32.874\" cx=\"70.292\" \/>\n                <\/g>\n            <\/svg>\n\n            <a href=\"https:\/\/www.nibud.nl\/consumenten\/uit-elkaar-de-inboedel-verdelen\/#:~:text=Onder%20inboedel%20vallen%20alle%20spullen,waarde%20van%20de%20totale%20inboedel\" target=\"_blank\">\n                <div class=\"text\">\n                    <h6 class=\"title\">NIBUD<\/h6>\n                    <div><\/div>\n                    <span class=\"link\">\n                        <div class=\"inner\">\n                            <div class=\"meer\">L\u00eas mear<\/div>\n                            <i class=\"fa fa-arrow-right\"><\/i>\n                        <\/div>\n                    <\/span>\n                <\/div>\n            <\/a>\n\n        <\/div>\n                <div class=\"post\">\n\n            <svg class=\"circles\" xmlns=\"http:\/\/www.w3.org\/2000\/svg\" viewBox=\"0 0 73.483 66.817\">\n                <g transform=\"translate(-8.569 -6.42)\" fill=\"red\">\n                    <circle r=\"20.58\" cy=\"52.657\" cx=\"29.148\" \/>\n                    <circle r=\"6.949\" cy=\"13.369\" cx=\"48.638\" \/>\n                    <circle r=\"11.76\" cy=\"32.874\" cx=\"70.292\" \/>\n                <\/g>\n            <\/svg>\n\n            <a href=\"https:\/\/www.nibud.nl\/consumenten\/uit-elkaar-de-inboedel-verdelen\/#:~:text=Onder%20inboedel%20vallen%20alle%20spullen,waarde%20van%20de%20totale%20inboedel\" target=\"_blank\">\n                <div class=\"text\">\n                    <h6 class=\"title\">Rechtwijzer<\/h6>\n                    <div><\/div>\n                    <span class=\"link\">\n                        <div class=\"inner\">\n                            <div class=\"meer\">L\u00eas mear<\/div>\n                            <i class=\"fa fa-arrow-right\"><\/i>\n                        <\/div>\n                    <\/span>\n                <\/div>\n            <\/a>\n\n        <\/div>\n                <div class=\"post\">\n\n            <svg class=\"circles\" xmlns=\"http:\/\/www.w3.org\/2000\/svg\" viewBox=\"0 0 73.483 66.817\">\n                <g transform=\"translate(-8.569 -6.42)\" fill=\"red\">\n                    <circle r=\"20.58\" cy=\"52.657\" cx=\"29.148\" \/>\n                    <circle r=\"6.949\" cy=\"13.369\" cx=\"48.638\" \/>\n                    <circle r=\"11.76\" cy=\"32.874\" cx=\"70.292\" \/>\n                <\/g>\n            <\/svg>\n\n            <a href=\"https:\/\/www.echtscheiding-wijzer.nl\/inboedel-inventarisatie-goederen.html\" target=\"_blank\">\n                <div class=\"text\">\n                    <h6 class=\"title\">De Nationale Adviesbalie<\/h6>\n                    <div><\/div>\n                    <span class=\"link\">\n                        <div class=\"inner\">\n                            <div class=\"meer\">L\u00eas mear<\/div>\n                            <i class=\"fa fa-arrow-right\"><\/i>\n                        <\/div>\n                    <\/span>\n                <\/div>\n            <\/a>\n\n        <\/div>\n            <\/div>\n\n<\/div>\n\n\n\n \n<div id=\"block_6133c9691579c\"  data-block-name=\"kader\" class=\"alignfull blue\">\n\n    \n     \n\n<div class=\"wp-block-columns is-layout-flex wp-container-core-columns-is-layout-9d6595d7 wp-block-columns-is-layout-flex\">\n<div class=\"wp-block-column is-layout-flow wp-block-column-is-layout-flow\" style=\"flex-basis:66%\">\n<h2 class=\"wp-block-heading\">H\u00e2ld rekken mei de houliksbetingsten<\/h2>\n\n\n\n<p>By it ferdielen fan besittingen moatst rekken h\u00e2lde mei hoe&#8217;tst troud bist. As je yn mienskip fan guod troud binne, dan ferdiele je alles yn prinsipe 50\/50. Bist troud \u00fbnder houliksbetingsten, dan sit dat oars. Yn de betingsten is dan faak opnommen hoe&#8217;t de ferdieling ferrint.<\/p>\n\n\n\n \n\n<div id=\"block_6133c99a1579d\" data-block-name=\"buttons\" class=\" align \">\n\n    <div class=\"wrap layout-row align-start\">\n         <a href=\"https:\/\/www.verder-online.nl\/geld-bezit\/ik-wil-scheiden-met-huwelijkse-voorwaarden\/\" target=\"\" class=\"btn  btn-secondary\">\n        L\u00eas mear oer skiede mei houliksbetingsten         <i class=\"fas fa-external-link-alt\" aria-hidden=\"true\"><\/i>    <\/a>\n        <\/div>\n   \n<\/div> \n\n\n<\/div>\n\n\n\n<div class=\"wp-block-column is-layout-flow wp-block-column-is-layout-flow\" style=\"flex-basis:33%\"><\/div>\n<\/div>\n\n\n\n   \n\n \n\n<\/div>\n\n\n\n\n\n<div class=\"wp-block-columns is-layout-flex wp-container-core-columns-is-layout-9d6595d7 wp-block-columns-is-layout-flex\">\n<div class=\"wp-block-column is-layout-flow wp-block-column-is-layout-flow\" style=\"flex-basis:25%\"><\/div>\n\n\n\n<div class=\"wp-block-column is-layout-flow wp-block-column-is-layout-flow\" style=\"flex-basis:50%\">\n<h2 class=\"wp-block-heading\">As \u00fbndernimmer kin dyn bedriuw ek \u00fbnder besit falle  <\/h2>\n\n\n\n<p>As ien fan jim in eigen \u00fbndernimming hat, kin dy ek \u00fbnder besit falle. Dit hat ek te krijen mei de wize w\u00earop jim troud binne. As jim yn mienskip fan guod troud binne, dan falt de wearde fan it bedriuw \u00fbnder it te ferdielen besit. Je partner hat dan rjocht op de helte fan de wearde fan it bedriuw. As it oars f\u00eastlein is yn houliksbetingsten. Hoe&#8217;t skieden mei in eigen \u00fbndernimming krekt sit, l\u00eaze je op de webside fan &#8216;e Keamer fan Keaphannel. <\/p>\n\n\n\n \n\n<div id=\"block_6133ca001579f\" data-block-name=\"buttons\" class=\" align \">\n\n    <div class=\"wrap layout-row align-start\">\n         <a href=\"https:\/\/www.kvk.nl\/advies-en-informatie\/wetten-en-regels\/hoe-krijg-ik-mijn-ex-uit-de-zaak\/ \" target=\"_blank\" class=\"btn  btn-secondary\">\n        Ferdieling fan in \u00fbndernimmig by it skieden         <i class=\"fas fa-external-link-alt\" aria-hidden=\"true\"><\/i>    <\/a>\n        <\/div>\n   \n<\/div> \n\n\n<\/div>\n\n\n\n<div class=\"wp-block-column is-layout-flow wp-block-column-is-layout-flow\" style=\"flex-basis:25%\"><\/div>\n<\/div>\n","protected":false},"excerpt":{"rendered":"<p>Sa begjinst it ferdielen Om saken te ferdielen is it goed om te witten wat de wearde fan it guod is. It is d\u00earom handich om te begjinnen mei it opstellen fan in list mei guod en oar te ferdielen saken. Ast ynsichtlik hast wat der allegear ferdield wurde moat, is it ferdielen in stik makliker. Roerende sakenRoerende saken binne saken dy&#8217;t net f\u00eastsitte oan de wenning. Dus d\u00ear falt bygelyks de ynboel \u00fbnder: meubels, laptops, keukenapparatuer en oar &#8216;los&#8217; guod yn en om dyn h\u00fbs. Auto\u2019s hearre ek by roerende saken. It is dus handich om d\u00ear in list fan te meitsjen en d\u00earnei per foarwerp de wearde by te setten. Op dy wize kinne jim it goed ferdiele en it eventuele ferskil yn wearde d\u00earnei ferrekkenje. Finansjele sakenNjonken de boppesteande saken binne der ek finansjele saken om te ferdielen. Tink oan jild, mar ek skulden, lieningen, fersekeringen en pensjoen. Meitsje in list fan de finansjele saken dy &#8216;t te ferdielen binne en gean foar elk \u00fbnderdiel te wurk. Omdat der b\u00east in soad banksaken en oare finansjele \u00fbnderdielen binne om \u00f4fspraken oer te meitsjen, hawwe wy it yn \u00fas tsjeklist oersichtlik foar dy makke.<\/p>\n","protected":false},"author":2,"featured_media":1671,"parent":1947,"menu_order":4,"comment_status":"closed","ping_status":"closed","template":"","meta":{"_acf_changed":false,"inline_featured_image":false,"footnotes":""},"class_list":["post-1965","page","type-page","status-publish","has-post-thumbnail","hentry"],"acf":[],"yoast_head":"<!-- This site is optimized with the Yoast SEO plugin v27.3 - https:\/\/yoast.com\/product\/yoast-seo-wordpress\/ -->\n<title>Besittingen ferdiele by in skeiding - Scheiden in Friesland<\/title>\n<meta name=\"description\" content=\"Om besittingen te ferdielen by de skieding is it goed om te witten watst hast. Kinst bygelyks begjinne mei it meitsjen fan in list fan al it guod.\" \/>\n<meta name=\"robots\" content=\"index, follow, max-snippet:-1, max-image-preview:large, max-video-preview:-1\" \/>\n<link rel=\"canonical\" href=\"https:\/\/scheideninfriesland.nl\/fy-nl\/eks-partners\/skieding-regeljen\/besittingen-ferdiele-by-in-skeiding\/\" \/>\n<meta property=\"og:locale\" content=\"en_US\" \/>\n<meta property=\"og:type\" content=\"article\" \/>\n<meta property=\"og:title\" content=\"Besittingen ferdiele by in skeiding - Scheiden in Friesland\" \/>\n<meta property=\"og:description\" content=\"Om besittingen te ferdielen by de skieding is it goed om te witten watst hast. Kinst bygelyks begjinne mei it meitsjen fan in list fan al it guod.\" \/>\n<meta property=\"og:url\" content=\"https:\/\/scheideninfriesland.nl\/fy-nl\/eks-partners\/skieding-regeljen\/besittingen-ferdiele-by-in-skeiding\/\" \/>\n<meta property=\"og:site_name\" content=\"Scheiden in Friesland\" \/>\n<meta property=\"article:modified_time\" content=\"2022-02-24T12:44:38+00:00\" \/>\n<meta name=\"twitter:card\" content=\"summary_large_image\" \/>\n<meta name=\"twitter:label1\" content=\"Est. reading time\" \/>\n\t<meta name=\"twitter:data1\" content=\"2 minutes\" \/>\n<script type=\"application\/ld+json\" class=\"yoast-schema-graph\">{\"@context\":\"https:\\\/\\\/schema.org\",\"@graph\":[{\"@type\":\"WebPage\",\"@id\":\"https:\\\/\\\/scheideninfriesland.nl\\\/fy-nl\\\/eks-partners\\\/skieding-regeljen\\\/besittingen-ferdiele-by-in-skeiding\\\/\",\"url\":\"https:\\\/\\\/scheideninfriesland.nl\\\/fy-nl\\\/eks-partners\\\/skieding-regeljen\\\/besittingen-ferdiele-by-in-skeiding\\\/\",\"name\":\"Besittingen ferdiele by in skeiding - Scheiden in Friesland\",\"isPartOf\":{\"@id\":\"https:\\\/\\\/scheideninfriesland.nl\\\/fy-nl\\\/#website\"},\"primaryImageOfPage\":{\"@id\":\"https:\\\/\\\/scheideninfriesland.nl\\\/fy-nl\\\/eks-partners\\\/skieding-regeljen\\\/besittingen-ferdiele-by-in-skeiding\\\/#primaryimage\"},\"image\":{\"@id\":\"https:\\\/\\\/scheideninfriesland.nl\\\/fy-nl\\\/eks-partners\\\/skieding-regeljen\\\/besittingen-ferdiele-by-in-skeiding\\\/#primaryimage\"},\"thumbnailUrl\":\"https:\\\/\\\/scheideninfriesland.nl\\\/wp-content\\\/uploads\\\/2021\\\/09\\\/bezittingen_verdelen.svg\",\"datePublished\":\"2022-01-03T14:52:54+00:00\",\"dateModified\":\"2022-02-24T12:44:38+00:00\",\"description\":\"Om besittingen te ferdielen by de skieding is it goed om te witten watst hast. Kinst bygelyks begjinne mei it meitsjen fan in list fan al it guod.\",\"breadcrumb\":{\"@id\":\"https:\\\/\\\/scheideninfriesland.nl\\\/fy-nl\\\/eks-partners\\\/skieding-regeljen\\\/besittingen-ferdiele-by-in-skeiding\\\/#breadcrumb\"},\"inLanguage\":\"fy\",\"potentialAction\":[{\"@type\":\"ReadAction\",\"target\":[\"https:\\\/\\\/scheideninfriesland.nl\\\/fy-nl\\\/eks-partners\\\/skieding-regeljen\\\/besittingen-ferdiele-by-in-skeiding\\\/\"]}]},{\"@type\":\"ImageObject\",\"inLanguage\":\"fy\",\"@id\":\"https:\\\/\\\/scheideninfriesland.nl\\\/fy-nl\\\/eks-partners\\\/skieding-regeljen\\\/besittingen-ferdiele-by-in-skeiding\\\/#primaryimage\",\"url\":\"https:\\\/\\\/scheideninfriesland.nl\\\/wp-content\\\/uploads\\\/2021\\\/09\\\/bezittingen_verdelen.svg\",\"contentUrl\":\"https:\\\/\\\/scheideninfriesland.nl\\\/wp-content\\\/uploads\\\/2021\\\/09\\\/bezittingen_verdelen.svg\",\"caption\":\"bezittingen verdelen\"},{\"@type\":\"BreadcrumbList\",\"@id\":\"https:\\\/\\\/scheideninfriesland.nl\\\/fy-nl\\\/eks-partners\\\/skieding-regeljen\\\/besittingen-ferdiele-by-in-skeiding\\\/#breadcrumb\",\"itemListElement\":[{\"@type\":\"ListItem\",\"position\":1,\"name\":\"Home\",\"item\":\"https:\\\/\\\/scheideninfriesland.nl\\\/fy-nl\\\/\"},{\"@type\":\"ListItem\",\"position\":2,\"name\":\"Fyn de goede ynformaasje \u00e9n help by in skieding yn Frysl\u00e2n\",\"item\":\"https:\\\/\\\/scheideninfriesland.nl\\\/fy-nl\\\/eks-partners\\\/\"},{\"@type\":\"ListItem\",\"position\":3,\"name\":\"Begjin mei it regeljen fan dyn skieding\",\"item\":\"https:\\\/\\\/scheideninfriesland.nl\\\/fy-nl\\\/eks-partners\\\/skieding-regeljen\\\/\"},{\"@type\":\"ListItem\",\"position\":4,\"name\":\"Besittingen ferdiele by in skeiding\"}]},{\"@type\":\"WebSite\",\"@id\":\"https:\\\/\\\/scheideninfriesland.nl\\\/fy-nl\\\/#website\",\"url\":\"https:\\\/\\\/scheideninfriesland.nl\\\/fy-nl\\\/\",\"name\":\"Scheiden in Friesland\",\"description\":\"\",\"publisher\":{\"@id\":\"https:\\\/\\\/scheideninfriesland.nl\\\/fy-nl\\\/#organization\"},\"potentialAction\":[{\"@type\":\"SearchAction\",\"target\":{\"@type\":\"EntryPoint\",\"urlTemplate\":\"https:\\\/\\\/scheideninfriesland.nl\\\/fy-nl\\\/?s={search_term_string}\"},\"query-input\":{\"@type\":\"PropertyValueSpecification\",\"valueRequired\":true,\"valueName\":\"search_term_string\"}}],\"inLanguage\":\"fy\"},{\"@type\":\"Organization\",\"@id\":\"https:\\\/\\\/scheideninfriesland.nl\\\/fy-nl\\\/#organization\",\"name\":\"scheideninfriesland.nl\",\"url\":\"https:\\\/\\\/scheideninfriesland.nl\\\/fy-nl\\\/\",\"logo\":{\"@type\":\"ImageObject\",\"inLanguage\":\"fy\",\"@id\":\"https:\\\/\\\/scheideninfriesland.nl\\\/fy-nl\\\/#\\\/schema\\\/logo\\\/image\\\/\",\"url\":\"http:\\\/\\\/scheideninfriesland.nl\\\/wp-content\\\/uploads\\\/2021\\\/09\\\/9c86687c-2e5d-bc5b-1e71-48e00398a394-e1632209763466.jpg\",\"contentUrl\":\"http:\\\/\\\/scheideninfriesland.nl\\\/wp-content\\\/uploads\\\/2021\\\/09\\\/9c86687c-2e5d-bc5b-1e71-48e00398a394-e1632209763466.jpg\",\"width\":894,\"height\":381,\"caption\":\"scheideninfriesland.nl\"},\"image\":{\"@id\":\"https:\\\/\\\/scheideninfriesland.nl\\\/fy-nl\\\/#\\\/schema\\\/logo\\\/image\\\/\"}}]}<\/script>\n<!-- \/ Yoast SEO plugin. -->","yoast_head_json":{"title":"Besittingen ferdiele by in skeiding - Scheiden in Friesland","description":"Om besittingen te ferdielen by de skieding is it goed om te witten watst hast. Kinst bygelyks begjinne mei it meitsjen fan in list fan al it guod.","robots":{"index":"index","follow":"follow","max-snippet":"max-snippet:-1","max-image-preview":"max-image-preview:large","max-video-preview":"max-video-preview:-1"},"canonical":"https:\/\/scheideninfriesland.nl\/fy-nl\/eks-partners\/skieding-regeljen\/besittingen-ferdiele-by-in-skeiding\/","og_locale":"en_US","og_type":"article","og_title":"Besittingen ferdiele by in skeiding - Scheiden in Friesland","og_description":"Om besittingen te ferdielen by de skieding is it goed om te witten watst hast. Kinst bygelyks begjinne mei it meitsjen fan in list fan al it guod.","og_url":"https:\/\/scheideninfriesland.nl\/fy-nl\/eks-partners\/skieding-regeljen\/besittingen-ferdiele-by-in-skeiding\/","og_site_name":"Scheiden in Friesland","article_modified_time":"2022-02-24T12:44:38+00:00","twitter_card":"summary_large_image","twitter_misc":{"Est. reading time":"2 minutes"},"schema":{"@context":"https:\/\/schema.org","@graph":[{"@type":"WebPage","@id":"https:\/\/scheideninfriesland.nl\/fy-nl\/eks-partners\/skieding-regeljen\/besittingen-ferdiele-by-in-skeiding\/","url":"https:\/\/scheideninfriesland.nl\/fy-nl\/eks-partners\/skieding-regeljen\/besittingen-ferdiele-by-in-skeiding\/","name":"Besittingen ferdiele by in skeiding - Scheiden in Friesland","isPartOf":{"@id":"https:\/\/scheideninfriesland.nl\/fy-nl\/#website"},"primaryImageOfPage":{"@id":"https:\/\/scheideninfriesland.nl\/fy-nl\/eks-partners\/skieding-regeljen\/besittingen-ferdiele-by-in-skeiding\/#primaryimage"},"image":{"@id":"https:\/\/scheideninfriesland.nl\/fy-nl\/eks-partners\/skieding-regeljen\/besittingen-ferdiele-by-in-skeiding\/#primaryimage"},"thumbnailUrl":"https:\/\/scheideninfriesland.nl\/wp-content\/uploads\/2021\/09\/bezittingen_verdelen.svg","datePublished":"2022-01-03T14:52:54+00:00","dateModified":"2022-02-24T12:44:38+00:00","description":"Om besittingen te ferdielen by de skieding is it goed om te witten watst hast. Kinst bygelyks begjinne mei it meitsjen fan in list fan al it guod.","breadcrumb":{"@id":"https:\/\/scheideninfriesland.nl\/fy-nl\/eks-partners\/skieding-regeljen\/besittingen-ferdiele-by-in-skeiding\/#breadcrumb"},"inLanguage":"fy","potentialAction":[{"@type":"ReadAction","target":["https:\/\/scheideninfriesland.nl\/fy-nl\/eks-partners\/skieding-regeljen\/besittingen-ferdiele-by-in-skeiding\/"]}]},{"@type":"ImageObject","inLanguage":"fy","@id":"https:\/\/scheideninfriesland.nl\/fy-nl\/eks-partners\/skieding-regeljen\/besittingen-ferdiele-by-in-skeiding\/#primaryimage","url":"https:\/\/scheideninfriesland.nl\/wp-content\/uploads\/2021\/09\/bezittingen_verdelen.svg","contentUrl":"https:\/\/scheideninfriesland.nl\/wp-content\/uploads\/2021\/09\/bezittingen_verdelen.svg","caption":"bezittingen verdelen"},{"@type":"BreadcrumbList","@id":"https:\/\/scheideninfriesland.nl\/fy-nl\/eks-partners\/skieding-regeljen\/besittingen-ferdiele-by-in-skeiding\/#breadcrumb","itemListElement":[{"@type":"ListItem","position":1,"name":"Home","item":"https:\/\/scheideninfriesland.nl\/fy-nl\/"},{"@type":"ListItem","position":2,"name":"Fyn de goede ynformaasje \u00e9n help by in skieding yn Frysl\u00e2n","item":"https:\/\/scheideninfriesland.nl\/fy-nl\/eks-partners\/"},{"@type":"ListItem","position":3,"name":"Begjin mei it regeljen fan dyn skieding","item":"https:\/\/scheideninfriesland.nl\/fy-nl\/eks-partners\/skieding-regeljen\/"},{"@type":"ListItem","position":4,"name":"Besittingen ferdiele by in skeiding"}]},{"@type":"WebSite","@id":"https:\/\/scheideninfriesland.nl\/fy-nl\/#website","url":"https:\/\/scheideninfriesland.nl\/fy-nl\/","name":"Scheiden in Friesland","description":"","publisher":{"@id":"https:\/\/scheideninfriesland.nl\/fy-nl\/#organization"},"potentialAction":[{"@type":"SearchAction","target":{"@type":"EntryPoint","urlTemplate":"https:\/\/scheideninfriesland.nl\/fy-nl\/?s={search_term_string}"},"query-input":{"@type":"PropertyValueSpecification","valueRequired":true,"valueName":"search_term_string"}}],"inLanguage":"fy"},{"@type":"Organization","@id":"https:\/\/scheideninfriesland.nl\/fy-nl\/#organization","name":"scheideninfriesland.nl","url":"https:\/\/scheideninfriesland.nl\/fy-nl\/","logo":{"@type":"ImageObject","inLanguage":"fy","@id":"https:\/\/scheideninfriesland.nl\/fy-nl\/#\/schema\/logo\/image\/","url":"http:\/\/scheideninfriesland.nl\/wp-content\/uploads\/2021\/09\/9c86687c-2e5d-bc5b-1e71-48e00398a394-e1632209763466.jpg","contentUrl":"http:\/\/scheideninfriesland.nl\/wp-content\/uploads\/2021\/09\/9c86687c-2e5d-bc5b-1e71-48e00398a394-e1632209763466.jpg","width":894,"height":381,"caption":"scheideninfriesland.nl"},"image":{"@id":"https:\/\/scheideninfriesland.nl\/fy-nl\/#\/schema\/logo\/image\/"}}]}},"_links":{"self":[{"href":"https:\/\/scheideninfriesland.nl\/fy-nl\/wp-json\/wp\/v2\/pages\/1965","targetHints":{"allow":["GET"]}}],"collection":[{"href":"https:\/\/scheideninfriesland.nl\/fy-nl\/wp-json\/wp\/v2\/pages"}],"about":[{"href":"https:\/\/scheideninfriesland.nl\/fy-nl\/wp-json\/wp\/v2\/types\/page"}],"author":[{"embeddable":true,"href":"https:\/\/scheideninfriesland.nl\/fy-nl\/wp-json\/wp\/v2\/users\/2"}],"replies":[{"embeddable":true,"href":"https:\/\/scheideninfriesland.nl\/fy-nl\/wp-json\/wp\/v2\/comments?post=1965"}],"version-history":[{"count":4,"href":"https:\/\/scheideninfriesland.nl\/fy-nl\/wp-json\/wp\/v2\/pages\/1965\/revisions"}],"predecessor-version":[{"id":2124,"href":"https:\/\/scheideninfriesland.nl\/fy-nl\/wp-json\/wp\/v2\/pages\/1965\/revisions\/2124"}],"up":[{"embeddable":true,"href":"https:\/\/scheideninfriesland.nl\/fy-nl\/wp-json\/wp\/v2\/pages\/1947"}],"wp:featuredmedia":[{"embeddable":true,"href":"https:\/\/scheideninfriesland.nl\/fy-nl\/wp-json\/wp\/v2\/media\/1671"}],"wp:attachment":[{"href":"https:\/\/scheideninfriesland.nl\/fy-nl\/wp-json\/wp\/v2\/media?parent=1965"}],"curies":[{"name":"wp","href":"https:\/\/api.w.org\/{rel}","templated":true}]}}