{"id":2017,"date":"2022-02-24T09:23:22","date_gmt":"2022-02-24T09:23:22","guid":{"rendered":"http:\/\/scheideninfriesland.nl\/disclaimer\/"},"modified":"2022-02-24T09:23:22","modified_gmt":"2022-02-24T09:23:22","slug":"disclaimer","status":"publish","type":"page","link":"https:\/\/scheideninfriesland.nl\/fy-nl\/disclaimer\/","title":{"rendered":"Disclaimer"},"content":{"rendered":"\n<div class=\"wp-block-columns is-layout-flex wp-container-core-columns-is-layout-9d6595d7 wp-block-columns-is-layout-flex\">\n<div class=\"wp-block-column is-layout-flow wp-block-column-is-layout-flow\" style=\"flex-basis:66.66%\">\n<p>Foar Fryske Bern is ferantwurdlik foar de ynh\u00e2ld fan dizze webside. Wy dogge alle war om de ynh\u00e2ld sa aktueel, tagonklik, korrekt en folslein mooglik te meitsjen en te h\u00e2lden.<\/p>\n\n\n\n<h2 class=\"wp-block-heading\">Ynformaasje net korrekt of fer\u00e2ldere?<\/h2>\n\n\n\n<p>Komst wat op de webside tsjin dat ferkeard of fer\u00e2ldere is? Dan wurdearje wy jo reaksje tige. Jo kinne d\u00earfoar it formulier op &#8216;e side &#8216;ynformaasje tafoegje&#8217; br\u00fbke.<\/p>\n\n\n\n \n\n<div id=\"block_61445e0da4a8c\" data-block-name=\"buttons\" class=\" align \">\n\n    <div class=\"wrap layout-row align-start\">\n         <a href=\"http:\/\/scheideninfriesland.nl\/ynformaasje-tafoegje\/\" target=\"\" class=\"btn  btn-secondary\">\n        Help it platfoarm oanfoljen        <i class=\"fas fa-arrow-right\" aria-hidden=\"true\"><\/i>    <\/a>\n        <\/div>\n   \n<\/div> \n\n\n\n\n\n<h2 class=\"wp-block-heading\">Fertroulik<\/h2>\n\n\n\n<p>Alle ynformaasje dy&#8217;t jo \u00fas jouwe sil fertroulik wurde behannele. Wy br\u00fbke allinich jo persoanlike of adresgegevens w\u00earfoar jo se hawwe levere.<\/p>\n<\/div>\n\n\n\n<div class=\"wp-block-column is-layout-flow wp-block-column-is-layout-flow\" style=\"flex-basis:33.33%\"><\/div>\n<\/div>\n","protected":false},"excerpt":{"rendered":"<p>Foar Fryske Bern is ferantwurdlik foar de ynh\u00e2ld fan dizze webside. Wy dogge alle war om de ynh\u00e2ld sa aktueel, tagonklik, korrekt en folslein mooglik te meitsjen en te h\u00e2lden. Ynformaasje net korrekt of fer\u00e2ldere? Komst wat op de webside tsjin dat ferkeard of fer\u00e2ldere is? Dan wurdearje wy jo reaksje tige. Jo kinne d\u00earfoar it formulier op &#8216;e side &#8216;ynformaasje tafoegje&#8217; br\u00fbke. Fertroulik Alle ynformaasje dy&#8217;t jo \u00fas jouwe sil fertroulik wurde behannele. Wy br\u00fbke allinich jo persoanlike of adresgegevens w\u00earfoar jo se hawwe<\/p>\n","protected":false},"author":2,"featured_media":0,"parent":0,"menu_order":0,"comment_status":"closed","ping_status":"closed","template":"","meta":{"_acf_changed":false,"inline_featured_image":false,"footnotes":""},"class_list":["post-2017","page","type-page","status-publish","hentry"],"acf":[],"yoast_head":"<!-- This site is optimized with the Yoast SEO plugin v27.3 - https:\/\/yoast.com\/product\/yoast-seo-wordpress\/ -->\n<title>Disclaimer - Scheiden in Friesland<\/title>\n<meta name=\"robots\" content=\"index, follow, max-snippet:-1, max-image-preview:large, max-video-preview:-1\" \/>\n<link rel=\"canonical\" href=\"https:\/\/scheideninfriesland.nl\/fy-nl\/disclaimer\/\" \/>\n<meta property=\"og:locale\" content=\"en_US\" \/>\n<meta property=\"og:type\" content=\"article\" \/>\n<meta property=\"og:title\" content=\"Disclaimer - Scheiden in Friesland\" \/>\n<meta property=\"og:description\" content=\"Foar Fryske Bern is ferantwurdlik foar de ynh\u00e2ld fan dizze webside. Wy dogge alle war om de ynh\u00e2ld sa aktueel, tagonklik, korrekt en folslein mooglik te meitsjen en te h\u00e2lden. Ynformaasje net korrekt of fer\u00e2ldere? Komst wat op de webside tsjin dat ferkeard of fer\u00e2ldere is? Dan wurdearje wy jo reaksje tige. Jo kinne d\u00earfoar it formulier op &#8216;e side &#8216;ynformaasje tafoegje&#8217; br\u00fbke. Fertroulik Alle ynformaasje dy&#8217;t jo \u00fas jouwe sil fertroulik wurde behannele. Wy br\u00fbke allinich jo persoanlike of adresgegevens w\u00earfoar jo se hawwe\" \/>\n<meta property=\"og:url\" content=\"https:\/\/scheideninfriesland.nl\/fy-nl\/disclaimer\/\" \/>\n<meta property=\"og:site_name\" content=\"Scheiden in Friesland\" \/>\n<meta name=\"twitter:card\" content=\"summary_large_image\" \/>\n<script type=\"application\/ld+json\" class=\"yoast-schema-graph\">{\"@context\":\"https:\\\/\\\/schema.org\",\"@graph\":[{\"@type\":\"WebPage\",\"@id\":\"https:\\\/\\\/scheideninfriesland.nl\\\/fy-nl\\\/disclaimer\\\/\",\"url\":\"https:\\\/\\\/scheideninfriesland.nl\\\/fy-nl\\\/disclaimer\\\/\",\"name\":\"Disclaimer - Scheiden in Friesland\",\"isPartOf\":{\"@id\":\"https:\\\/\\\/scheideninfriesland.nl\\\/fy-nl\\\/#website\"},\"datePublished\":\"2022-02-24T09:23:22+00:00\",\"breadcrumb\":{\"@id\":\"https:\\\/\\\/scheideninfriesland.nl\\\/fy-nl\\\/disclaimer\\\/#breadcrumb\"},\"inLanguage\":\"fy\",\"potentialAction\":[{\"@type\":\"ReadAction\",\"target\":[\"https:\\\/\\\/scheideninfriesland.nl\\\/fy-nl\\\/disclaimer\\\/\"]}]},{\"@type\":\"BreadcrumbList\",\"@id\":\"https:\\\/\\\/scheideninfriesland.nl\\\/fy-nl\\\/disclaimer\\\/#breadcrumb\",\"itemListElement\":[{\"@type\":\"ListItem\",\"position\":1,\"name\":\"Home\",\"item\":\"https:\\\/\\\/scheideninfriesland.nl\\\/fy-nl\\\/\"},{\"@type\":\"ListItem\",\"position\":2,\"name\":\"Disclaimer\"}]},{\"@type\":\"WebSite\",\"@id\":\"https:\\\/\\\/scheideninfriesland.nl\\\/fy-nl\\\/#website\",\"url\":\"https:\\\/\\\/scheideninfriesland.nl\\\/fy-nl\\\/\",\"name\":\"Scheiden in Friesland\",\"description\":\"\",\"publisher\":{\"@id\":\"https:\\\/\\\/scheideninfriesland.nl\\\/fy-nl\\\/#organization\"},\"potentialAction\":[{\"@type\":\"SearchAction\",\"target\":{\"@type\":\"EntryPoint\",\"urlTemplate\":\"https:\\\/\\\/scheideninfriesland.nl\\\/fy-nl\\\/?s={search_term_string}\"},\"query-input\":{\"@type\":\"PropertyValueSpecification\",\"valueRequired\":true,\"valueName\":\"search_term_string\"}}],\"inLanguage\":\"fy\"},{\"@type\":\"Organization\",\"@id\":\"https:\\\/\\\/scheideninfriesland.nl\\\/fy-nl\\\/#organization\",\"name\":\"scheideninfriesland.nl\",\"url\":\"https:\\\/\\\/scheideninfriesland.nl\\\/fy-nl\\\/\",\"logo\":{\"@type\":\"ImageObject\",\"inLanguage\":\"fy\",\"@id\":\"https:\\\/\\\/scheideninfriesland.nl\\\/fy-nl\\\/#\\\/schema\\\/logo\\\/image\\\/\",\"url\":\"http:\\\/\\\/scheideninfriesland.nl\\\/wp-content\\\/uploads\\\/2021\\\/09\\\/9c86687c-2e5d-bc5b-1e71-48e00398a394-e1632209763466.jpg\",\"contentUrl\":\"http:\\\/\\\/scheideninfriesland.nl\\\/wp-content\\\/uploads\\\/2021\\\/09\\\/9c86687c-2e5d-bc5b-1e71-48e00398a394-e1632209763466.jpg\",\"width\":894,\"height\":381,\"caption\":\"scheideninfriesland.nl\"},\"image\":{\"@id\":\"https:\\\/\\\/scheideninfriesland.nl\\\/fy-nl\\\/#\\\/schema\\\/logo\\\/image\\\/\"}}]}<\/script>\n<!-- \/ Yoast SEO plugin. -->","yoast_head_json":{"title":"Disclaimer - Scheiden in Friesland","robots":{"index":"index","follow":"follow","max-snippet":"max-snippet:-1","max-image-preview":"max-image-preview:large","max-video-preview":"max-video-preview:-1"},"canonical":"https:\/\/scheideninfriesland.nl\/fy-nl\/disclaimer\/","og_locale":"en_US","og_type":"article","og_title":"Disclaimer - Scheiden in Friesland","og_description":"Foar Fryske Bern is ferantwurdlik foar de ynh\u00e2ld fan dizze webside. Wy dogge alle war om de ynh\u00e2ld sa aktueel, tagonklik, korrekt en folslein mooglik te meitsjen en te h\u00e2lden. Ynformaasje net korrekt of fer\u00e2ldere? Komst wat op de webside tsjin dat ferkeard of fer\u00e2ldere is? Dan wurdearje wy jo reaksje tige. Jo kinne d\u00earfoar it formulier op &#8216;e side &#8216;ynformaasje tafoegje&#8217; br\u00fbke. Fertroulik Alle ynformaasje dy&#8217;t jo \u00fas jouwe sil fertroulik wurde behannele. Wy br\u00fbke allinich jo persoanlike of adresgegevens w\u00earfoar jo se hawwe","og_url":"https:\/\/scheideninfriesland.nl\/fy-nl\/disclaimer\/","og_site_name":"Scheiden in Friesland","twitter_card":"summary_large_image","schema":{"@context":"https:\/\/schema.org","@graph":[{"@type":"WebPage","@id":"https:\/\/scheideninfriesland.nl\/fy-nl\/disclaimer\/","url":"https:\/\/scheideninfriesland.nl\/fy-nl\/disclaimer\/","name":"Disclaimer - Scheiden in Friesland","isPartOf":{"@id":"https:\/\/scheideninfriesland.nl\/fy-nl\/#website"},"datePublished":"2022-02-24T09:23:22+00:00","breadcrumb":{"@id":"https:\/\/scheideninfriesland.nl\/fy-nl\/disclaimer\/#breadcrumb"},"inLanguage":"fy","potentialAction":[{"@type":"ReadAction","target":["https:\/\/scheideninfriesland.nl\/fy-nl\/disclaimer\/"]}]},{"@type":"BreadcrumbList","@id":"https:\/\/scheideninfriesland.nl\/fy-nl\/disclaimer\/#breadcrumb","itemListElement":[{"@type":"ListItem","position":1,"name":"Home","item":"https:\/\/scheideninfriesland.nl\/fy-nl\/"},{"@type":"ListItem","position":2,"name":"Disclaimer"}]},{"@type":"WebSite","@id":"https:\/\/scheideninfriesland.nl\/fy-nl\/#website","url":"https:\/\/scheideninfriesland.nl\/fy-nl\/","name":"Scheiden in Friesland","description":"","publisher":{"@id":"https:\/\/scheideninfriesland.nl\/fy-nl\/#organization"},"potentialAction":[{"@type":"SearchAction","target":{"@type":"EntryPoint","urlTemplate":"https:\/\/scheideninfriesland.nl\/fy-nl\/?s={search_term_string}"},"query-input":{"@type":"PropertyValueSpecification","valueRequired":true,"valueName":"search_term_string"}}],"inLanguage":"fy"},{"@type":"Organization","@id":"https:\/\/scheideninfriesland.nl\/fy-nl\/#organization","name":"scheideninfriesland.nl","url":"https:\/\/scheideninfriesland.nl\/fy-nl\/","logo":{"@type":"ImageObject","inLanguage":"fy","@id":"https:\/\/scheideninfriesland.nl\/fy-nl\/#\/schema\/logo\/image\/","url":"http:\/\/scheideninfriesland.nl\/wp-content\/uploads\/2021\/09\/9c86687c-2e5d-bc5b-1e71-48e00398a394-e1632209763466.jpg","contentUrl":"http:\/\/scheideninfriesland.nl\/wp-content\/uploads\/2021\/09\/9c86687c-2e5d-bc5b-1e71-48e00398a394-e1632209763466.jpg","width":894,"height":381,"caption":"scheideninfriesland.nl"},"image":{"@id":"https:\/\/scheideninfriesland.nl\/fy-nl\/#\/schema\/logo\/image\/"}}]}},"_links":{"self":[{"href":"https:\/\/scheideninfriesland.nl\/fy-nl\/wp-json\/wp\/v2\/pages\/2017","targetHints":{"allow":["GET"]}}],"collection":[{"href":"https:\/\/scheideninfriesland.nl\/fy-nl\/wp-json\/wp\/v2\/pages"}],"about":[{"href":"https:\/\/scheideninfriesland.nl\/fy-nl\/wp-json\/wp\/v2\/types\/page"}],"author":[{"embeddable":true,"href":"https:\/\/scheideninfriesland.nl\/fy-nl\/wp-json\/wp\/v2\/users\/2"}],"replies":[{"embeddable":true,"href":"https:\/\/scheideninfriesland.nl\/fy-nl\/wp-json\/wp\/v2\/comments?post=2017"}],"version-history":[{"count":1,"href":"https:\/\/scheideninfriesland.nl\/fy-nl\/wp-json\/wp\/v2\/pages\/2017\/revisions"}],"predecessor-version":[{"id":2018,"href":"https:\/\/scheideninfriesland.nl\/fy-nl\/wp-json\/wp\/v2\/pages\/2017\/revisions\/2018"}],"wp:attachment":[{"href":"https:\/\/scheideninfriesland.nl\/fy-nl\/wp-json\/wp\/v2\/media?parent=2017"}],"curies":[{"name":"wp","href":"https:\/\/api.w.org\/{rel}","templated":true}]}}